{"id":999,"date":"2024-06-26T21:03:31","date_gmt":"2024-06-26T21:03:31","guid":{"rendered":"https:\/\/hp.nutricionalfarma.com.br\/?post_type=product&#038;p=999"},"modified":"2024-06-26T21:03:31","modified_gmt":"2024-06-26T21:03:31","slug":"kit-instrumental-para-extracao-de-baloes-intragastricos","status":"publish","type":"product","link":"https:\/\/hp.nutricionalfarma.com.br\/?product=kit-instrumental-para-extracao-de-baloes-intragastricos","title":{"rendered":"Kit instrumental para extra\u00e7\u00e3o de Bal\u00f5es Intrag\u00e1stricos"},"content":{"rendered":"<div class=\"elementor-element elementor-element-8dba6d5 elementor-widget elementor-widget-heading\" data-id=\"8dba6d5\" data-element_type=\"widget\" data-widget_type=\"heading.default\">\n<div class=\"elementor-widget-container\">\n<h2 class=\"elementor-heading-title elementor-size-default\" style=\"text-align: center;\">Especifica\u00e7\u00f5es<\/h2>\n<\/div>\n<\/div>\n<div class=\"elementor-element elementor-element-9099545 elementor-widget-divider--view-line elementor-widget elementor-widget-divider\" data-id=\"9099545\" data-element_type=\"widget\" data-widget_type=\"divider.default\">\n<div class=\"elementor-widget-container\">\n<div class=\"elementor-divider\"><\/div>\n<\/div>\n<\/div>\n<div class=\"elementor-element elementor-element-c032407 elementor-widget elementor-widget-shortcode\" data-id=\"c032407\" data-element_type=\"widget\" data-widget_type=\"shortcode.default\">\n<div class=\"elementor-widget-container\">\n<div class=\"elementor-shortcode\">\n<div id=\"footable_parent_4174\" class=\"footable_parent ninja_table_wrapper wp_table_data_press_parent semantic_ui colored_table\">\n<table id=\"footable_4174\" class=\"foo-table ninja_footable foo_table_4174 ninja_table_unique_id_1640183365_4174 ui table nt_type_legacy_table selectable celled vertical_centered ninja_custom_color inverted footable-paging-right ninja_table_search_disabled ninja_table_pro footable footable-1 footable-paging breakpoint-lg\" align=\"center\" data-ninja_table_instance=\"ninja_table_instance_0\" data-footable_id=\"4174\" data-filter-delay=\"1000\" data-unique_identifier=\"ninja_table_unique_id_1640183365_4174\">\n<caption>.<\/caption>\n<colgroup>\n<col class=\"ninja_column_0 \" \/>\n<col class=\"ninja_column_1 \" \/>\n<col class=\"ninja_column_2 \" \/>\n<col class=\"ninja_column_3 \" \/><\/colgroup>\n<thead>\n<tr class=\"footable-header\">\n<th class=\"ninja_column_0 ninja_clmn_nm_referencia footable-first-visible\" scope=\"col\">REFER\u00caNCIA<\/th>\n<th class=\"ninja_column_1 ninja_clmn_nm_descricao\" scope=\"col\">DESCRI\u00c7\u00c3O<\/th>\n<th class=\"ninja_column_2 ninja_clmn_nm_diametro_mm\" scope=\"col\">DI\u00c2METRO (MM)<\/th>\n<th class=\"ninja_column_3 ninja_clmn_nm_comprimento_cm footable-last-visible\" scope=\"col\">COMPRIMENTO (CM)<\/th>\n<\/tr>\n<\/thead>\n<tbody>\n<tr class=\"ninja_table_row_0 nt_row_id_316\" data-row_id=\"316\">\n<td class=\"ninja_column_0 ninja_clmn_nm_referencia footable-first-visible\">Killerflex -NU<\/td>\n<td class=\"ninja_column_1 ninja_clmn_nm_descricao\">Agulha<\/td>\n<td class=\"ninja_column_2 ninja_clmn_nm_diametro_mm\">3,0<\/td>\n<td class=\"ninja_column_3 ninja_clmn_nm_comprimento_cm footable-last-visible\">160<\/td>\n<\/tr>\n<tr class=\"ninja_table_row_1 nt_row_id_317\" data-row_id=\"317\">\n<td class=\"ninja_column_0 ninja_clmn_nm_referencia footable-first-visible\">U870-180<\/td>\n<td class=\"ninja_column_1 ninja_clmn_nm_descricao\">Pin\u00e7a jacar\u00e9 com dente de rato<\/td>\n<td class=\"ninja_column_2 ninja_clmn_nm_diametro_mm\">2,3<\/td>\n<td class=\"ninja_column_3 ninja_clmn_nm_comprimento_cm footable-last-visible\">180<\/td>\n<\/tr>\n<\/tbody>\n<\/table>\n<\/div>\n<\/div>\n<\/div>\n<\/div>\n","protected":false},"excerpt":{"rendered":"<p>O kit instrumental para extra\u00e7\u00e3o de bal\u00f5es intrag\u00e1stricos destina-se \u00e0 retirada de bal\u00e3o intrag\u00e1strico via endoc\u00f3pio.<\/p>\n<p>Killerflex -NU<br \/>\nA Agulha de Pun\u00e7\u00e3o destina-se \u00e0 perfurar o bal\u00e3o intrag\u00e1strico (preenchido por ar ou l\u00edquido) e, se necess\u00e1rio, aspirar o conte\u00fado do bal\u00e3o.<\/p>\n<p>U870-180<br \/>\nA Pin\u00e7a Jacar\u00e9 com Dente de Rato \u00e9 destinada \u00e0 retirada de corpos estranhos do corpo humano atrav\u00e9s de endosc\u00f3pios.<\/p>\n","protected":false},"featured_media":1000,"template":"","meta":[],"product_brand":[],"product_cat":[126],"product_tag":[],"class_list":{"0":"post-999","1":"product","2":"type-product","3":"status-publish","4":"has-post-thumbnail","6":"product_cat-endoscopia","8":"first","9":"instock","10":"sold-individually","11":"shipping-taxable","12":"product-type-simple","13":"czr-hentry"},"_links":{"self":[{"href":"https:\/\/hp.nutricionalfarma.com.br\/index.php?rest_route=\/wp\/v2\/product\/999","targetHints":{"allow":["GET"]}}],"collection":[{"href":"https:\/\/hp.nutricionalfarma.com.br\/index.php?rest_route=\/wp\/v2\/product"}],"about":[{"href":"https:\/\/hp.nutricionalfarma.com.br\/index.php?rest_route=\/wp\/v2\/types\/product"}],"wp:featuredmedia":[{"embeddable":true,"href":"https:\/\/hp.nutricionalfarma.com.br\/index.php?rest_route=\/wp\/v2\/media\/1000"}],"wp:attachment":[{"href":"https:\/\/hp.nutricionalfarma.com.br\/index.php?rest_route=%2Fwp%2Fv2%2Fmedia&parent=999"}],"wp:term":[{"taxonomy":"product_brand","embeddable":true,"href":"https:\/\/hp.nutricionalfarma.com.br\/index.php?rest_route=%2Fwp%2Fv2%2Fproduct_brand&post=999"},{"taxonomy":"product_cat","embeddable":true,"href":"https:\/\/hp.nutricionalfarma.com.br\/index.php?rest_route=%2Fwp%2Fv2%2Fproduct_cat&post=999"},{"taxonomy":"product_tag","embeddable":true,"href":"https:\/\/hp.nutricionalfarma.com.br\/index.php?rest_route=%2Fwp%2Fv2%2Fproduct_tag&post=999"}],"curies":[{"name":"wp","href":"https:\/\/api.w.org\/{rel}","templated":true}]}}