{"id":997,"date":"2024-06-26T18:23:44","date_gmt":"2024-06-26T18:23:44","guid":{"rendered":"https:\/\/hp.nutricionalfarma.com.br\/?post_type=product&#038;p=997"},"modified":"2024-06-26T20:59:59","modified_gmt":"2024-06-26T20:59:59","slug":"pinca-de-biopsia-descartavel","status":"publish","type":"product","link":"https:\/\/hp.nutricionalfarma.com.br\/?product=pinca-de-biopsia-descartavel","title":{"rendered":"Pin\u00e7a de Bi\u00f3psia Descart\u00e1vel"},"content":{"rendered":"<div class=\"elementor-element elementor-element-8dba6d5 elementor-widget elementor-widget-heading\" data-id=\"8dba6d5\" data-element_type=\"widget\" data-widget_type=\"heading.default\">\n<div class=\"elementor-widget-container\">\n<h2 class=\"elementor-heading-title elementor-size-default\" style=\"text-align: center;\">Especifica\u00e7\u00f5es<\/h2>\n<\/div>\n<\/div>\n<div class=\"elementor-element elementor-element-9099545 elementor-widget-divider--view-line elementor-widget elementor-widget-divider\" data-id=\"9099545\" data-element_type=\"widget\" data-widget_type=\"divider.default\">\n<div class=\"elementor-widget-container\">\n<div class=\"elementor-divider\"><\/div>\n<\/div>\n<\/div>\n<div class=\"elementor-element elementor-element-c032407 elementor-widget elementor-widget-shortcode\" data-id=\"c032407\" data-element_type=\"widget\" data-widget_type=\"shortcode.default\">\n<div class=\"elementor-widget-container\">\n<div class=\"elementor-shortcode\">\n<div id=\"footable_parent_3101\" class=\"footable_parent ninja_table_wrapper wp_table_data_press_parent semantic_ui colored_table\">\n<table id=\"footable_3101\" class=\"foo-table ninja_footable foo_table_3101 ninja_table_unique_id_162736324_3101 ui table nt_type_legacy_table selectable celled vertical_centered ninja_custom_color inverted footable-paging-right ninja_table_search_disabled ninja_table_pro footable footable-1 footable-paging breakpoint-lg\" data-ninja_table_instance=\"ninja_table_instance_0\" data-footable_id=\"3101\" data-filter-delay=\"1000\" aria-label=\"Pin\u00e7a de Bi\u00f3psia Descart\u00e1vel\" data-unique_identifier=\"ninja_table_unique_id_162736324_3101\">\n<colgroup>\n<col class=\"ninja_column_0 \" \/>\n<col class=\"ninja_column_1 \" \/>\n<col class=\"ninja_column_2 \" \/>\n<col class=\"ninja_column_3 \" \/>\n<col class=\"ninja_column_4 \" \/>\n<col class=\"ninja_column_5 \" \/>\n<col class=\"ninja_column_6 \" \/><\/colgroup>\n<thead>\n<tr class=\"footable-header\">\n<th class=\"ninja_column_0 ninja_clmn_nm_referencia footable-first-visible\" scope=\"col\">REFER\u00caNCIA<\/th>\n<th class=\"ninja_column_1 ninja_clmn_nm_comprimento\" scope=\"col\">COMPRIMENTO<\/th>\n<th class=\"ninja_column_2 ninja_clmn_nm_diametro\" scope=\"col\">DIA\u0302METRO<\/th>\n<th class=\"ninja_column_3 ninja_clmn_nm_comprimento_da_concha\" scope=\"col\">COMPRIMENTO DA CONCHA<\/th>\n<th class=\"ninja_column_4 ninja_clmn_nm_abertura_da_concha\" scope=\"col\">ABERTURA DA CONCHA<\/th>\n<th class=\"ninja_column_5 ninja_clmn_nm_descricao\" scope=\"col\">DESCRIC\u0327A\u0303O<\/th>\n<th class=\"ninja_column_6 ninja_clmn_nm_imagem footable-last-visible\" scope=\"col\"><\/th>\n<\/tr>\n<\/thead>\n<tbody>\n<tr class=\"ninja_table_row_0 nt_row_id_168\" data-row_id=\"168\">\n<td class=\"ninja_column_0 ninja_clmn_nm_referencia footable-first-visible\">NE1618-A<\/td>\n<td class=\"ninja_column_1 ninja_clmn_nm_comprimento\">120 cm<\/td>\n<td class=\"ninja_column_2 ninja_clmn_nm_diametro\">1.8 mm<\/td>\n<td class=\"ninja_column_3 ninja_clmn_nm_comprimento_da_concha\">2 mm<\/td>\n<td class=\"ninja_column_4 ninja_clmn_nm_abertura_da_concha\">4.5 mm<\/td>\n<td class=\"ninja_column_5 ninja_clmn_nm_descricao\">Oval fenestrada<\/td>\n<td class=\"ninja_column_6 ninja_clmn_nm_imagem footable-last-visible\" data-json_values=\"{&quot;permalink&quot;:&quot;&quot;,&quot;image_thumb&quot;:&quot;https:\\\/\\\/gfedobrasil.com.br\\\/wp-content\\\/uploads\\\/2022\\\/10\\\/Captura-de-Tela-2018-05-17-a\\u0300s-16.06.06.png&quot;,&quot;image_full&quot;:&quot;https:\\\/\\\/gfedobrasil.com.br\\\/wp-content\\\/uploads\\\/2022\\\/10\\\/Captura-de-Tela-2018-05-17-a\\u0300s-16.06.06.png&quot;,&quot;alt_text&quot;:&quot;Captura-de-Tela-2018-05-17-a\\u0300s-16.06.06&quot;}\"><\/td>\n<\/tr>\n<tr class=\"ninja_table_row_1 nt_row_id_169\" data-row_id=\"169\">\n<td class=\"ninja_column_0 ninja_clmn_nm_referencia footable-first-visible\">NE0222-C<\/td>\n<td class=\"ninja_column_1 ninja_clmn_nm_comprimento\">180 cm<\/td>\n<td class=\"ninja_column_2 ninja_clmn_nm_diametro\">2.3 mm<\/td>\n<td class=\"ninja_column_3 ninja_clmn_nm_comprimento_da_concha\">3 mm<\/td>\n<td class=\"ninja_column_4 ninja_clmn_nm_abertura_da_concha\">6.7 mm<\/td>\n<td class=\"ninja_column_5 ninja_clmn_nm_descricao\">Oval fenestrada<\/td>\n<td class=\"ninja_column_6 ninja_clmn_nm_imagem footable-last-visible\" data-json_values=\"{&quot;permalink&quot;:&quot;&quot;,&quot;image_thumb&quot;:&quot;https:\\\/\\\/gfedobrasil.com.br\\\/wp-content\\\/uploads\\\/2022\\\/10\\\/Captura-de-Tela-2018-05-17-a\\u0300s-16.06.06.png&quot;,&quot;image_full&quot;:&quot;https:\\\/\\\/gfedobrasil.com.br\\\/wp-content\\\/uploads\\\/2022\\\/10\\\/Captura-de-Tela-2018-05-17-a\\u0300s-16.06.06.png&quot;,&quot;alt_text&quot;:&quot;Captura-de-Tela-2018-05-17-a\\u0300s-16.06.06&quot;}\"><\/td>\n<\/tr>\n<tr class=\"ninja_table_row_2 nt_row_id_170\" data-row_id=\"170\">\n<td class=\"ninja_column_0 ninja_clmn_nm_referencia footable-first-visible\">NE0222-G<\/td>\n<td class=\"ninja_column_1 ninja_clmn_nm_comprimento\">230 cm<\/td>\n<td class=\"ninja_column_2 ninja_clmn_nm_diametro\">2.3 mm<\/td>\n<td class=\"ninja_column_3 ninja_clmn_nm_comprimento_da_concha\">3 mm<\/td>\n<td class=\"ninja_column_4 ninja_clmn_nm_abertura_da_concha\">6.7 mm<\/td>\n<td class=\"ninja_column_5 ninja_clmn_nm_descricao\">Oval fenestrada<\/td>\n<td class=\"ninja_column_6 ninja_clmn_nm_imagem footable-last-visible\" data-json_values=\"{&quot;permalink&quot;:&quot;&quot;,&quot;image_thumb&quot;:&quot;https:\\\/\\\/gfedobrasil.com.br\\\/wp-content\\\/uploads\\\/2022\\\/10\\\/Captura-de-Tela-2018-05-17-a\\u0300s-16.06.06.png&quot;,&quot;image_full&quot;:&quot;https:\\\/\\\/gfedobrasil.com.br\\\/wp-content\\\/uploads\\\/2022\\\/10\\\/Captura-de-Tela-2018-05-17-a\\u0300s-16.06.06.png&quot;,&quot;alt_text&quot;:&quot;Captura-de-Tela-2018-05-17-a\\u0300s-16.06.06&quot;}\"><\/td>\n<\/tr>\n<\/tbody>\n<tfoot><\/tfoot>\n<\/table>\n<p>&nbsp;<\/p>\n<\/div>\n<div id=\"footable_parent_3102\" class=\"footable_parent ninja_table_wrapper wp_table_data_press_parent semantic_ui colored_table\">\n<table id=\"footable_3102\" class=\"foo-table ninja_footable foo_table_3102 ninja_table_unique_id_1234352474_3102 ui table nt_type_legacy_table selectable celled vertical_centered ninja_custom_color inverted footable-paging-right ninja_table_search_disabled ninja_table_pro footable footable-2 footable-paging breakpoint-lg\" data-ninja_table_instance=\"ninja_table_instance_1\" data-footable_id=\"3102\" data-filter-delay=\"1000\" aria-label=\"Pin\u00e7a de Bi\u00f3psia Descart\u00e1vel 2\" data-unique_identifier=\"ninja_table_unique_id_1234352474_3102\">\n<colgroup>\n<col class=\"ninja_column_0 \" \/>\n<col class=\"ninja_column_1 \" \/>\n<col class=\"ninja_column_2 \" \/>\n<col class=\"ninja_column_3 \" \/>\n<col class=\"ninja_column_4 \" \/>\n<col class=\"ninja_column_5 \" \/>\n<col class=\"ninja_column_6 \" \/><\/colgroup>\n<thead>\n<tr class=\"footable-header\">\n<th class=\"ninja_column_0 ninja_clmn_nm_referencia footable-first-visible\" scope=\"col\">REFER\u00caNCIA<\/th>\n<th class=\"ninja_column_1 ninja_clmn_nm_comprimento\" scope=\"col\">COMPRIMENTO<\/th>\n<th class=\"ninja_column_2 ninja_clmn_nm_diametro\" scope=\"col\">DIA\u0302METRO<\/th>\n<th class=\"ninja_column_3 ninja_clmn_nm_comprimento_da_concha\" scope=\"col\">COMPRIMENTO DA CONCHA<\/th>\n<th class=\"ninja_column_4 ninja_clmn_nm_abertura_da_concha\" scope=\"col\">ABERTURA DA CONCHA<\/th>\n<th class=\"ninja_column_5 ninja_clmn_nm_descricao\" scope=\"col\">DESCRIC\u0327A\u0303O<\/th>\n<th class=\"ninja_column_6 ninja_clmn_nm_imagem footable-last-visible\" scope=\"col\"><\/th>\n<\/tr>\n<\/thead>\n<tbody>\n<tr class=\"ninja_table_row_0 nt_row_id_172\" data-row_id=\"172\">\n<td class=\"ninja_column_0 ninja_clmn_nm_referencia footable-first-visible\">U120C<\/td>\n<td class=\"ninja_column_1 ninja_clmn_nm_comprimento\">120 cm<\/td>\n<td class=\"ninja_column_2 ninja_clmn_nm_diametro\">1.8 mm<\/td>\n<td class=\"ninja_column_3 ninja_clmn_nm_comprimento_da_concha\">5 mm<\/td>\n<td class=\"ninja_column_4 ninja_clmn_nm_abertura_da_concha\">5 mm<\/td>\n<td class=\"ninja_column_5 ninja_clmn_nm_descricao\">Oval fenestrada<\/td>\n<td class=\"ninja_column_6 ninja_clmn_nm_imagem footable-last-visible\" data-json_values=\"{&quot;permalink&quot;:&quot;&quot;,&quot;image_thumb&quot;:&quot;https:\\\/\\\/gfedobrasil.com.br\\\/wp-content\\\/uploads\\\/2022\\\/10\\\/Captura-de-Tela-2018-05-17-a\\u0300s-16.06.06.png&quot;,&quot;image_full&quot;:&quot;https:\\\/\\\/gfedobrasil.com.br\\\/wp-content\\\/uploads\\\/2022\\\/10\\\/Captura-de-Tela-2018-05-17-a\\u0300s-16.06.06.png&quot;,&quot;alt_text&quot;:&quot;Captura-de-Tela-2018-05-17-a\\u0300s-16.06.06&quot;}\"><\/td>\n<\/tr>\n<tr class=\"ninja_table_row_1 nt_row_id_171\" data-row_id=\"171\">\n<td class=\"ninja_column_0 ninja_clmn_nm_referencia footable-first-visible\">U160PC<\/td>\n<td class=\"ninja_column_1 ninja_clmn_nm_comprimento\">160 cm<\/td>\n<td class=\"ninja_column_2 ninja_clmn_nm_diametro\">1.8 mm<\/td>\n<td class=\"ninja_column_3 ninja_clmn_nm_comprimento_da_concha\">1.8 mm<\/td>\n<td class=\"ninja_column_4 ninja_clmn_nm_abertura_da_concha\">5 mm<\/td>\n<td class=\"ninja_column_5 ninja_clmn_nm_descricao\">Oval fenestrada (pedia\u0301trica)<\/td>\n<td class=\"ninja_column_6 ninja_clmn_nm_imagem footable-last-visible\" data-json_values=\"{&quot;permalink&quot;:&quot;&quot;,&quot;image_thumb&quot;:&quot;https:\\\/\\\/gfedobrasil.com.br\\\/wp-content\\\/uploads\\\/2022\\\/10\\\/Captura-de-Tela-2018-05-17-a\\u0300s-16.06.06.png&quot;,&quot;image_full&quot;:&quot;https:\\\/\\\/gfedobrasil.com.br\\\/wp-content\\\/uploads\\\/2022\\\/10\\\/Captura-de-Tela-2018-05-17-a\\u0300s-16.06.06.png&quot;,&quot;alt_text&quot;:&quot;Captura-de-Tela-2018-05-17-a\\u0300s-16.06.06&quot;}\"><\/td>\n<\/tr>\n<tr class=\"ninja_table_row_2 nt_row_id_173\" data-row_id=\"173\">\n<td class=\"ninja_column_0 ninja_clmn_nm_referencia footable-first-visible\">U160<\/td>\n<td class=\"ninja_column_1 ninja_clmn_nm_comprimento\">180 cm<\/td>\n<td class=\"ninja_column_2 ninja_clmn_nm_diametro\">2.4 mm<\/td>\n<td class=\"ninja_column_3 ninja_clmn_nm_comprimento_da_concha\">2.7 mm<\/td>\n<td class=\"ninja_column_4 ninja_clmn_nm_abertura_da_concha\">7 mm<\/td>\n<td class=\"ninja_column_5 ninja_clmn_nm_descricao\">Oval fenestrada<\/td>\n<td class=\"ninja_column_6 ninja_clmn_nm_imagem footable-last-visible\" data-json_values=\"{&quot;permalink&quot;:&quot;&quot;,&quot;image_thumb&quot;:&quot;https:\\\/\\\/gfedobrasil.com.br\\\/wp-content\\\/uploads\\\/2022\\\/10\\\/Captura-de-Tela-2018-05-17-a\\u0300s-16.06.06.png&quot;,&quot;image_full&quot;:&quot;https:\\\/\\\/gfedobrasil.com.br\\\/wp-content\\\/uploads\\\/2022\\\/10\\\/Captura-de-Tela-2018-05-17-a\\u0300s-16.06.06.png&quot;,&quot;alt_text&quot;:&quot;Captura-de-Tela-2018-05-17-a\\u0300s-16.06.06&quot;}\"><\/td>\n<\/tr>\n<tr class=\"ninja_table_row_3 nt_row_id_174\" data-row_id=\"174\">\n<td class=\"ninja_column_0 ninja_clmn_nm_referencia footable-first-visible\">U230<\/td>\n<td class=\"ninja_column_1 ninja_clmn_nm_comprimento\">230 cm<\/td>\n<td class=\"ninja_column_2 ninja_clmn_nm_diametro\">2.4 mm<\/td>\n<td class=\"ninja_column_3 ninja_clmn_nm_comprimento_da_concha\">2.7 mm<\/td>\n<td class=\"ninja_column_4 ninja_clmn_nm_abertura_da_concha\">7 mm<\/td>\n<td class=\"ninja_column_5 ninja_clmn_nm_descricao\">Oval fenestrada<\/td>\n<td class=\"ninja_column_6 ninja_clmn_nm_imagem footable-last-visible\" data-json_values=\"{&quot;permalink&quot;:&quot;&quot;,&quot;image_thumb&quot;:&quot;https:\\\/\\\/gfedobrasil.com.br\\\/wp-content\\\/uploads\\\/2022\\\/10\\\/Captura-de-Tela-2018-05-17-a\\u0300s-16.06.06.png&quot;,&quot;image_full&quot;:&quot;https:\\\/\\\/gfedobrasil.com.br\\\/wp-content\\\/uploads\\\/2022\\\/10\\\/Captura-de-Tela-2018-05-17-a\\u0300s-16.06.06.png&quot;,&quot;alt_text&quot;:&quot;Captura-de-Tela-2018-05-17-a\\u0300s-16.06.06&quot;}\"><\/td>\n<\/tr>\n<\/tbody>\n<\/table>\n<\/div>\n<\/div>\n<\/div>\n<\/div>\n","protected":false},"excerpt":{"rendered":"<p>Especifica\u00e7\u00f5es REFER\u00caNCIA COMPRIMENTO DIA\u0302METRO COMPRIMENTO DA CONCHA ABERTURA DA CONCHA DESCRIC\u0327A\u0303O NE1618-A 120 cm 1.8 mm 2 mm 4.5 mm Oval fenestrada NE0222-C 180 cm 2.3 mm 3 mm 6.7 mm Oval fenestrada NE0222-G 230 cm 2.3 mm 3 mm 6.7 mm Oval fenestrada &nbsp; REFER\u00caNCIA COMPRIMENTO DIA\u0302METRO COMPRIMENTO DA CONCHA ABERTURA DA CONCHA DESCRIC\u0327A\u0303O [&hellip;]<\/p>\n","protected":false},"featured_media":998,"template":"","meta":[],"product_brand":[],"product_cat":[126],"product_tag":[],"class_list":{"0":"post-997","1":"product","2":"type-product","3":"status-publish","4":"has-post-thumbnail","6":"product_cat-endoscopia","8":"first","9":"instock","10":"sold-individually","11":"shipping-taxable","12":"product-type-simple","13":"czr-hentry"},"_links":{"self":[{"href":"https:\/\/hp.nutricionalfarma.com.br\/index.php?rest_route=\/wp\/v2\/product\/997","targetHints":{"allow":["GET"]}}],"collection":[{"href":"https:\/\/hp.nutricionalfarma.com.br\/index.php?rest_route=\/wp\/v2\/product"}],"about":[{"href":"https:\/\/hp.nutricionalfarma.com.br\/index.php?rest_route=\/wp\/v2\/types\/product"}],"wp:featuredmedia":[{"embeddable":true,"href":"https:\/\/hp.nutricionalfarma.com.br\/index.php?rest_route=\/wp\/v2\/media\/998"}],"wp:attachment":[{"href":"https:\/\/hp.nutricionalfarma.com.br\/index.php?rest_route=%2Fwp%2Fv2%2Fmedia&parent=997"}],"wp:term":[{"taxonomy":"product_brand","embeddable":true,"href":"https:\/\/hp.nutricionalfarma.com.br\/index.php?rest_route=%2Fwp%2Fv2%2Fproduct_brand&post=997"},{"taxonomy":"product_cat","embeddable":true,"href":"https:\/\/hp.nutricionalfarma.com.br\/index.php?rest_route=%2Fwp%2Fv2%2Fproduct_cat&post=997"},{"taxonomy":"product_tag","embeddable":true,"href":"https:\/\/hp.nutricionalfarma.com.br\/index.php?rest_route=%2Fwp%2Fv2%2Fproduct_tag&post=997"}],"curies":[{"name":"wp","href":"https:\/\/api.w.org\/{rel}","templated":true}]}}