{"id":986,"date":"2024-06-12T17:25:26","date_gmt":"2024-06-12T17:25:26","guid":{"rendered":"https:\/\/hp.nutricionalfarma.com.br\/?post_type=product&#038;p=986"},"modified":"2024-06-12T17:34:04","modified_gmt":"2024-06-12T17:34:04","slug":"pinca-de-biopsia-autoclavavel","status":"publish","type":"product","link":"https:\/\/hp.nutricionalfarma.com.br\/?product=pinca-de-biopsia-autoclavavel","title":{"rendered":"Pin\u00e7a de Bi\u00f3psia Autoclav\u00e1vel"},"content":{"rendered":"<div class=\"elementor-element elementor-element-8dba6d5 elementor-widget elementor-widget-heading\" data-id=\"8dba6d5\" data-element_type=\"widget\" data-widget_type=\"heading.default\">\n<div class=\"elementor-widget-container\">\n<h2 class=\"elementor-heading-title elementor-size-default\" style=\"text-align: center;\">Especifica\u00e7\u00f5es<\/h2>\n<\/div>\n<\/div>\n<div class=\"elementor-element elementor-element-9099545 elementor-widget-divider--view-line elementor-widget elementor-widget-divider\" style=\"text-align: center;\" data-id=\"9099545\" data-element_type=\"widget\" data-widget_type=\"divider.default\">\n<div class=\"elementor-widget-container\">\n<div class=\"elementor-divider\"><\/div>\n<\/div>\n<\/div>\n<div class=\"elementor-element elementor-element-c032407 elementor-widget elementor-widget-shortcode\" data-id=\"c032407\" data-element_type=\"widget\" data-widget_type=\"shortcode.default\">\n<div class=\"elementor-widget-container\">\n<div class=\"elementor-shortcode\">\n<div id=\"footable_parent_3098\" class=\"footable_parent ninja_table_wrapper wp_table_data_press_parent semantic_ui colored_table\" style=\"text-align: center;\">\n<table id=\"footable_3098\" class=\"foo-table ninja_footable foo_table_3098 ninja_table_unique_id_329650213_3098 ui table nt_type_legacy_table selectable celled vertical_centered ninja_custom_color inverted footable-paging-right ninja_table_search_disabled ninja_table_pro footable footable-1 footable-paging breakpoint-lg\" align=\"center\" data-ninja_table_instance=\"ninja_table_instance_0\" data-footable_id=\"3098\" data-filter-delay=\"1000\" aria-label=\"Pin\u00e7a de Bi\u00f3psia Autoclav\u00e1vel\" data-unique_identifier=\"ninja_table_unique_id_329650213_3098\">\n<colgroup>\n<col class=\"ninja_column_0 \" \/>\n<col class=\"ninja_column_1 \" \/>\n<col class=\"ninja_column_2 \" \/>\n<col class=\"ninja_column_3 \" \/>\n<col class=\"ninja_column_4 \" \/>\n<col class=\"ninja_column_5 \" \/>\n<col class=\"ninja_column_6 \" \/><\/colgroup>\n<thead>\n<tr class=\"footable-header\" align=\"center\">\n<th class=\"ninja_column_0 ninja_clmn_nm_referencia footable-first-visible\" scope=\"col\">REFER\u00caNCIA<\/th>\n<th class=\"ninja_column_1 ninja_clmn_nm_comprimento\" scope=\"col\">COMPRIMENTO<\/th>\n<th class=\"ninja_column_2 ninja_clmn_nm_diametro\" scope=\"col\">DIA\u0302METRO<\/th>\n<th class=\"ninja_column_3 ninja_clmn_nm_comprimento_da_concha\" scope=\"col\">COMPRIMENTO DA CONCHA<\/th>\n<th class=\"ninja_column_4 ninja_clmn_nm_abertura_da_concha\" scope=\"col\">ABERTURA DA CONCHA<\/th>\n<th class=\"ninja_column_5 ninja_clmn_nm_descricao\" scope=\"col\">DESCRIC\u0327A\u0303O<\/th>\n<th class=\"ninja_column_6 ninja_clmn_nm_imagem footable-last-visible\" scope=\"col\">IMAGEM<\/th>\n<\/tr>\n<\/thead>\n<tbody>\n<tr class=\"ninja_table_row_0 nt_row_id_154\" align=\"center\" data-row_id=\"154\">\n<td class=\"ninja_column_0 ninja_clmn_nm_referencia footable-first-visible\">GF160S<\/td>\n<td class=\"ninja_column_1 ninja_clmn_nm_comprimento\">160 cm<\/td>\n<td class=\"ninja_column_2 ninja_clmn_nm_diametro\">2.3 mm<\/td>\n<td class=\"ninja_column_3 ninja_clmn_nm_comprimento_da_concha\">3.4 mm<\/td>\n<td class=\"ninja_column_4 ninja_clmn_nm_abertura_da_concha\">7.1 mm<\/td>\n<td class=\"ninja_column_5 ninja_clmn_nm_descricao\">Oval fenestrada com esp\u00edcula<\/td>\n<td class=\"ninja_column_6 ninja_clmn_nm_imagem footable-last-visible\" data-json_values=\"{&quot;permalink&quot;:&quot;&quot;,&quot;image_thumb&quot;:&quot;https:\\\/\\\/gfedobrasil.com.br\\\/wp-content\\\/uploads\\\/2022\\\/10\\\/Captura-de-Tela-2018-05-17-a\\u0300s-09.59.41-1.png&quot;,&quot;image_full&quot;:&quot;https:\\\/\\\/gfedobrasil.com.br\\\/wp-content\\\/uploads\\\/2022\\\/10\\\/Captura-de-Tela-2018-05-17-a\\u0300s-09.59.41-1.png&quot;,&quot;alt_text&quot;:&quot;Captura-de-Tela-2018-05-17-a\\u0300s-09.59.41-1&quot;}\"><img decoding=\"async\" class=\"alignnone size-full wp-image-973\" src=\"https:\/\/hp.nutricionalfarma.com.br\/wp-content\/uploads\/2024\/06\/Captura-de-Tela-2018-05-17-as-09.59.41-1.png\" alt=\"\" width=\"44\" height=\"41\" \/><\/td>\n<\/tr>\n<tr class=\"ninja_table_row_1 nt_row_id_155\" align=\"center\" data-row_id=\"155\">\n<td class=\"ninja_column_0 ninja_clmn_nm_referencia footable-first-visible\">GF230S<\/td>\n<td class=\"ninja_column_1 ninja_clmn_nm_comprimento\">230 cm<\/td>\n<td class=\"ninja_column_2 ninja_clmn_nm_diametro\">2.3 mm<\/td>\n<td class=\"ninja_column_3 ninja_clmn_nm_comprimento_da_concha\">3.4 mm<\/td>\n<td class=\"ninja_column_4 ninja_clmn_nm_abertura_da_concha\">7.1 mm<\/td>\n<td class=\"ninja_column_5 ninja_clmn_nm_descricao\">Oval fenestrada com esp\u00edcula<\/td>\n<td class=\"ninja_column_6 ninja_clmn_nm_imagem footable-last-visible\" data-json_values=\"{&quot;permalink&quot;:&quot;&quot;,&quot;image_thumb&quot;:&quot;https:\\\/\\\/gfedobrasil.com.br\\\/wp-content\\\/uploads\\\/2022\\\/10\\\/Captura-de-Tela-2018-05-17-a\\u0300s-09.59.41-1.png&quot;,&quot;image_full&quot;:&quot;https:\\\/\\\/gfedobrasil.com.br\\\/wp-content\\\/uploads\\\/2022\\\/10\\\/Captura-de-Tela-2018-05-17-a\\u0300s-09.59.41-1.png&quot;,&quot;alt_text&quot;:&quot;Captura-de-Tela-2018-05-17-a\\u0300s-09.59.41-1&quot;}\"><img decoding=\"async\" class=\"alignnone size-full wp-image-973\" src=\"https:\/\/hp.nutricionalfarma.com.br\/wp-content\/uploads\/2024\/06\/Captura-de-Tela-2018-05-17-as-09.59.41-1.png\" alt=\"\" width=\"44\" height=\"41\" \/><\/td>\n<\/tr>\n<\/tbody>\n<tfoot><\/tfoot>\n<\/table>\n<table id=\"footable_3099\" class=\"foo-table ninja_footable foo_table_3099 ninja_table_unique_id_1613873688_3099 ui table nt_type_legacy_table selectable celled vertical_centered ninja_custom_color inverted footable-paging-right ninja_table_search_disabled ninja_table_pro footable footable-2 footable-paging breakpoint-lg\" align=\"center\" data-ninja_table_instance=\"ninja_table_instance_1\" data-footable_id=\"3099\" data-filter-delay=\"1000\" aria-label=\"Pin\u00e7a de Bi\u00f3psia Autoclav\u00e1vel 2\" data-unique_identifier=\"ninja_table_unique_id_1613873688_3099\">\n<colgroup>\n<col class=\"ninja_column_0 \" \/>\n<col class=\"ninja_column_1 \" \/>\n<col class=\"ninja_column_2 \" \/>\n<col class=\"ninja_column_3 \" \/>\n<col class=\"ninja_column_4 \" \/>\n<col class=\"ninja_column_5 \" \/>\n<col class=\"ninja_column_6 \" \/><\/colgroup>\n<thead>\n<tr class=\"footable-header\">\n<th class=\"ninja_column_0 ninja_clmn_nm_referencia footable-first-visible\" scope=\"col\">REFER\u00caNCIA<\/th>\n<th class=\"ninja_column_1 ninja_clmn_nm_comprimento\" scope=\"col\">COMPRIMENTO<\/th>\n<th class=\"ninja_column_2 ninja_clmn_nm_diametro\" scope=\"col\">DIA\u0302METRO<\/th>\n<th class=\"ninja_column_3 ninja_clmn_nm_comprimento_da_concha\" scope=\"col\">COMPRIMENTO DA CONCHA<\/th>\n<th class=\"ninja_column_4 ninja_clmn_nm_abertura_da_concha\" scope=\"col\">ABERTURA DA CONCHA<\/th>\n<th class=\"ninja_column_5 ninja_clmn_nm_descricao\" scope=\"col\">DESCRIC\u0327A\u0303O<\/th>\n<th class=\"ninja_column_6 ninja_clmn_nm_imagem footable-last-visible\" scope=\"col\">IMAGEM<\/th>\n<\/tr>\n<\/thead>\n<tbody>\n<tr class=\"ninja_table_row_0 nt_row_id_157\" data-row_id=\"157\">\n<td class=\"ninja_column_0 ninja_clmn_nm_referencia footable-first-visible\">GF120<\/td>\n<td class=\"ninja_column_1 ninja_clmn_nm_comprimento\">120 cm<\/td>\n<td class=\"ninja_column_2 ninja_clmn_nm_diametro\">1.8 mm<\/td>\n<td class=\"ninja_column_3 ninja_clmn_nm_comprimento_da_concha\">2.8 mm<\/td>\n<td class=\"ninja_column_4 ninja_clmn_nm_abertura_da_concha\">5.9 mm<\/td>\n<td class=\"ninja_column_5 ninja_clmn_nm_descricao\">Oval fenestrada<\/td>\n<td class=\"ninja_column_6 ninja_clmn_nm_imagem footable-last-visible\" data-json_values=\"{&quot;permalink&quot;:&quot;&quot;,&quot;image_thumb&quot;:&quot;https:\\\/\\\/gfedobrasil.com.br\\\/wp-content\\\/uploads\\\/2022\\\/10\\\/Captura-de-Tela-2018-05-17-a\\u0300s-09.59.41-1.png&quot;,&quot;image_full&quot;:&quot;https:\\\/\\\/gfedobrasil.com.br\\\/wp-content\\\/uploads\\\/2022\\\/10\\\/Captura-de-Tela-2018-05-17-a\\u0300s-09.59.41-1.png&quot;,&quot;alt_text&quot;:&quot;Captura-de-Tela-2018-05-17-a\\u0300s-09.59.41-1&quot;}\"><img decoding=\"async\" class=\"alignnone size-full wp-image-973\" src=\"https:\/\/hp.nutricionalfarma.com.br\/wp-content\/uploads\/2024\/06\/Captura-de-Tela-2018-05-17-as-09.59.41-1.png\" alt=\"\" width=\"44\" height=\"41\" \/><\/td>\n<\/tr>\n<tr class=\"ninja_table_row_1 nt_row_id_158\" data-row_id=\"158\">\n<td class=\"ninja_column_0 ninja_clmn_nm_referencia footable-first-visible\">GF160<\/td>\n<td class=\"ninja_column_1 ninja_clmn_nm_comprimento\">160 cm<\/td>\n<td class=\"ninja_column_2 ninja_clmn_nm_diametro\">2.3 mm<\/td>\n<td class=\"ninja_column_3 ninja_clmn_nm_comprimento_da_concha\">3.4 mm<\/td>\n<td class=\"ninja_column_4 ninja_clmn_nm_abertura_da_concha\">7.4 mm<\/td>\n<td class=\"ninja_column_5 ninja_clmn_nm_descricao\">Oval fenestrada<\/td>\n<td class=\"ninja_column_6 ninja_clmn_nm_imagem footable-last-visible\" data-json_values=\"{&quot;permalink&quot;:&quot;&quot;,&quot;image_thumb&quot;:&quot;https:\\\/\\\/gfedobrasil.com.br\\\/wp-content\\\/uploads\\\/2022\\\/10\\\/Captura-de-Tela-2018-05-17-a\\u0300s-09.59.41-1.png&quot;,&quot;image_full&quot;:&quot;https:\\\/\\\/gfedobrasil.com.br\\\/wp-content\\\/uploads\\\/2022\\\/10\\\/Captura-de-Tela-2018-05-17-a\\u0300s-09.59.41-1.png&quot;,&quot;alt_text&quot;:&quot;Captura-de-Tela-2018-05-17-a\\u0300s-09.59.41-1&quot;}\"><img decoding=\"async\" class=\"alignnone size-full wp-image-973\" src=\"https:\/\/hp.nutricionalfarma.com.br\/wp-content\/uploads\/2024\/06\/Captura-de-Tela-2018-05-17-as-09.59.41-1.png\" alt=\"\" width=\"44\" height=\"41\" \/><\/td>\n<\/tr>\n<tr class=\"ninja_table_row_2 nt_row_id_159\" data-row_id=\"159\">\n<td class=\"ninja_column_0 ninja_clmn_nm_referencia footable-first-visible\">GF160P<\/td>\n<td class=\"ninja_column_1 ninja_clmn_nm_comprimento\">160 cm<\/td>\n<td class=\"ninja_column_2 ninja_clmn_nm_diametro\">1.8 mm<\/td>\n<td class=\"ninja_column_3 ninja_clmn_nm_comprimento_da_concha\">2.8 mm<\/td>\n<td class=\"ninja_column_4 ninja_clmn_nm_abertura_da_concha\">5.9 mm<\/td>\n<td class=\"ninja_column_5 ninja_clmn_nm_descricao\">Oval fenestrada (pedi\u00e1trica)<\/td>\n<td class=\"ninja_column_6 ninja_clmn_nm_imagem footable-last-visible\" data-json_values=\"{&quot;permalink&quot;:&quot;&quot;,&quot;image_thumb&quot;:&quot;https:\\\/\\\/gfedobrasil.com.br\\\/wp-content\\\/uploads\\\/2022\\\/10\\\/Captura-de-Tela-2018-05-17-a\\u0300s-09.59.41-1.png&quot;,&quot;image_full&quot;:&quot;https:\\\/\\\/gfedobrasil.com.br\\\/wp-content\\\/uploads\\\/2022\\\/10\\\/Captura-de-Tela-2018-05-17-a\\u0300s-09.59.41-1.png&quot;,&quot;alt_text&quot;:&quot;Captura-de-Tela-2018-05-17-a\\u0300s-09.59.41-1&quot;}\"><img decoding=\"async\" class=\"alignnone size-full wp-image-973\" src=\"https:\/\/hp.nutricionalfarma.com.br\/wp-content\/uploads\/2024\/06\/Captura-de-Tela-2018-05-17-as-09.59.41-1.png\" alt=\"\" width=\"44\" height=\"41\" \/><\/td>\n<\/tr>\n<tr class=\"ninja_table_row_3 nt_row_id_160\" data-row_id=\"160\">\n<td class=\"ninja_column_0 ninja_clmn_nm_referencia footable-first-visible\">GF23034<\/td>\n<td class=\"ninja_column_1 ninja_clmn_nm_comprimento\">230 cm<\/td>\n<td class=\"ninja_column_2 ninja_clmn_nm_diametro\">3.4 mm<\/td>\n<td class=\"ninja_column_3 ninja_clmn_nm_comprimento_da_concha\">4.6 mm<\/td>\n<td class=\"ninja_column_4 ninja_clmn_nm_abertura_da_concha\">8.3 mm<\/td>\n<td class=\"ninja_column_5 ninja_clmn_nm_descricao\">Oval Fenestrada (Jumbo)<\/td>\n<td class=\"ninja_column_6 ninja_clmn_nm_imagem footable-last-visible\" data-json_values=\"{&quot;permalink&quot;:&quot;&quot;,&quot;image_thumb&quot;:&quot;https:\\\/\\\/gfedobrasil.com.br\\\/wp-content\\\/uploads\\\/2022\\\/10\\\/Captura-de-Tela-2018-05-17-a\\u0300s-09.59.41-1.png&quot;,&quot;image_full&quot;:&quot;https:\\\/\\\/gfedobrasil.com.br\\\/wp-content\\\/uploads\\\/2022\\\/10\\\/Captura-de-Tela-2018-05-17-a\\u0300s-09.59.41-1.png&quot;,&quot;alt_text&quot;:&quot;Captura-de-Tela-2018-05-17-a\\u0300s-09.59.41-1&quot;}\"><img decoding=\"async\" class=\"alignnone size-full wp-image-973\" src=\"https:\/\/hp.nutricionalfarma.com.br\/wp-content\/uploads\/2024\/06\/Captura-de-Tela-2018-05-17-as-09.59.41-1.png\" alt=\"\" width=\"44\" height=\"41\" \/><\/td>\n<\/tr>\n<tr class=\"ninja_table_row_4 nt_row_id_161\" data-row_id=\"161\">\n<td class=\"ninja_column_0 ninja_clmn_nm_referencia footable-first-visible\">GF230<\/td>\n<td class=\"ninja_column_1 ninja_clmn_nm_comprimento\">230 cm<\/td>\n<td class=\"ninja_column_2 ninja_clmn_nm_diametro\">2.3 mm<\/td>\n<td class=\"ninja_column_3 ninja_clmn_nm_comprimento_da_concha\">3.4 mm<\/td>\n<td class=\"ninja_column_4 ninja_clmn_nm_abertura_da_concha\">7.4 mm<\/td>\n<td class=\"ninja_column_5 ninja_clmn_nm_descricao\">Oval fenestrada<\/td>\n<td class=\"ninja_column_6 ninja_clmn_nm_imagem footable-last-visible\" data-json_values=\"{&quot;permalink&quot;:&quot;&quot;,&quot;image_thumb&quot;:&quot;https:\\\/\\\/gfedobrasil.com.br\\\/wp-content\\\/uploads\\\/2022\\\/10\\\/Captura-de-Tela-2018-05-17-a\\u0300s-09.59.41-1.png&quot;,&quot;image_full&quot;:&quot;https:\\\/\\\/gfedobrasil.com.br\\\/wp-content\\\/uploads\\\/2022\\\/10\\\/Captura-de-Tela-2018-05-17-a\\u0300s-09.59.41-1.png&quot;,&quot;alt_text&quot;:&quot;Captura-de-Tela-2018-05-17-a\\u0300s-09.59.41-1&quot;}\"><img decoding=\"async\" class=\"alignnone size-full wp-image-973\" src=\"https:\/\/hp.nutricionalfarma.com.br\/wp-content\/uploads\/2024\/06\/Captura-de-Tela-2018-05-17-as-09.59.41-1.png\" alt=\"\" width=\"44\" height=\"41\" \/><\/td>\n<\/tr>\n<\/tbody>\n<\/table>\n<\/div>\n<div id=\"footable_parent_3100\" class=\"footable_parent ninja_table_wrapper wp_table_data_press_parent semantic_ui colored_table\">\n<table id=\"footable_3100\" class=\"foo-table ninja_footable foo_table_3100 ninja_table_unique_id_1798501951_3100 ui table nt_type_legacy_table selectable celled vertical_centered ninja_custom_color inverted footable-paging-right ninja_table_search_disabled ninja_table_pro footable footable-3 footable-paging breakpoint-lg aligncenter\" style=\"height: 141px;\" width=\"1038\" align=\"center\" data-ninja_table_instance=\"ninja_table_instance_2\" data-footable_id=\"3100\" data-filter-delay=\"1000\" aria-label=\"Pin\u00e7a de Bi\u00f3psia Autoclav\u00e1vel 3\" data-unique_identifier=\"ninja_table_unique_id_1798501951_3100\">\n<colgroup>\n<col class=\"ninja_column_0 \" \/>\n<col class=\"ninja_column_1 \" \/>\n<col class=\"ninja_column_2 \" \/>\n<col class=\"ninja_column_3 \" \/>\n<col class=\"ninja_column_4 \" \/>\n<col class=\"ninja_column_5 \" \/>\n<col class=\"ninja_column_6 \" \/><\/colgroup>\n<thead>\n<tr class=\"footable-header\">\n<th class=\"ninja_column_0 ninja_clmn_nm_referencia footable-first-visible\" scope=\"col\">REFER\u00caNCIA<\/th>\n<th class=\"ninja_column_1 ninja_clmn_nm_comprimento\" scope=\"col\">COMPRIMENTO<\/th>\n<th class=\"ninja_column_2 ninja_clmn_nm_diametro\" scope=\"col\">DIA\u0302METRO<\/th>\n<th class=\"ninja_column_3 ninja_clmn_nm_comprimento_da_concha\" scope=\"col\">COMPRIMENTO DA CONCHA<\/th>\n<th class=\"ninja_column_4 ninja_clmn_nm_abertura_da_concha\" scope=\"col\">ABERTURA DA CONCHA<\/th>\n<th class=\"ninja_column_5 ninja_clmn_nm_descricao\" scope=\"col\">DESCRIC\u0327A\u0303O<\/th>\n<th class=\"ninja_column_6 ninja_clmn_nm_imagem footable-last-visible\" scope=\"col\">IMAGEM<\/th>\n<\/tr>\n<\/thead>\n<tbody>\n<tr class=\"ninja_table_row_0 nt_row_id_162\" data-row_id=\"162\">\n<td class=\"ninja_column_0 ninja_clmn_nm_referencia footable-first-visible\">GF160-E<\/td>\n<td class=\"ninja_column_1 ninja_clmn_nm_comprimento\">160 cm<\/td>\n<td class=\"ninja_column_2 ninja_clmn_nm_diametro\">2.3 mm<\/td>\n<td class=\"ninja_column_3 ninja_clmn_nm_comprimento_da_concha\">3.4 mm<\/td>\n<td class=\"ninja_column_4 ninja_clmn_nm_abertura_da_concha\">7.1 mm<\/td>\n<td class=\"ninja_column_5 ninja_clmn_nm_descricao\">Oval fenestrada<\/td>\n<td class=\"ninja_column_6 ninja_clmn_nm_imagem footable-last-visible\" data-json_values=\"{&quot;permalink&quot;:&quot;&quot;,&quot;image_thumb&quot;:&quot;https:\\\/\\\/gfedobrasil.com.br\\\/wp-content\\\/uploads\\\/2022\\\/10\\\/Captura-de-Tela-2018-05-17-a\\u0300s-09.59.41-1.png&quot;,&quot;image_full&quot;:&quot;https:\\\/\\\/gfedobrasil.com.br\\\/wp-content\\\/uploads\\\/2022\\\/10\\\/Captura-de-Tela-2018-05-17-a\\u0300s-09.59.41-1.png&quot;,&quot;alt_text&quot;:&quot;Captura-de-Tela-2018-05-17-a\\u0300s-09.59.41-1&quot;}\"><img decoding=\"async\" class=\"alignnone size-full wp-image-973\" src=\"https:\/\/hp.nutricionalfarma.com.br\/wp-content\/uploads\/2024\/06\/Captura-de-Tela-2018-05-17-as-09.59.41-1.png\" alt=\"\" width=\"44\" height=\"41\" \/><\/td>\n<\/tr>\n<tr class=\"ninja_table_row_1 nt_row_id_166\" data-row_id=\"166\">\n<td class=\"ninja_column_0 ninja_clmn_nm_referencia footable-first-visible\">GF230-E<\/td>\n<td class=\"ninja_column_1 ninja_clmn_nm_comprimento\">230 cm<\/td>\n<td class=\"ninja_column_2 ninja_clmn_nm_diametro\">2.3 mm<\/td>\n<td class=\"ninja_column_3 ninja_clmn_nm_comprimento_da_concha\">3.4 mm<\/td>\n<td class=\"ninja_column_4 ninja_clmn_nm_abertura_da_concha\">7.1 mm<\/td>\n<td class=\"ninja_column_5 ninja_clmn_nm_descricao\">Oval fenestrada<\/td>\n<td class=\"ninja_column_6 ninja_clmn_nm_imagem footable-last-visible\" data-json_values=\"{&quot;permalink&quot;:&quot;&quot;,&quot;image_thumb&quot;:&quot;https:\\\/\\\/gfedobrasil.com.br\\\/wp-content\\\/uploads\\\/2022\\\/10\\\/Captura-de-Tela-2018-05-17-a\\u0300s-09.59.41-1.png&quot;,&quot;image_full&quot;:&quot;https:\\\/\\\/gfedobrasil.com.br\\\/wp-content\\\/uploads\\\/2022\\\/10\\\/Captura-de-Tela-2018-05-17-a\\u0300s-09.59.41-1.png&quot;,&quot;alt_text&quot;:&quot;Captura-de-Tela-2018-05-17-a\\u0300s-09.59.41-1&quot;}\"><img decoding=\"async\" class=\"alignnone size-full wp-image-973\" src=\"https:\/\/hp.nutricionalfarma.com.br\/wp-content\/uploads\/2024\/06\/Captura-de-Tela-2018-05-17-as-09.59.41-1.png\" alt=\"\" width=\"44\" height=\"41\" \/><\/td>\n<\/tr>\n<\/tbody>\n<\/table>\n<\/div>\n<\/div>\n<\/div>\n<\/div>\n","protected":false},"excerpt":{"rendered":"<div class=\"elementor-element elementor-element-4068e20 ha-advanced-tooltip-top ha-gb-stripe ha-gb-row ha-gb-right ha-gb-top elementor-widget elementor-widget-jet-listing-dynamic-field\" data-id=\"4068e20\" data-element_type=\"widget\" data-widget_type=\"jet-listing-dynamic-field.default\">\n<div class=\"elementor-widget-container\">\n<div class=\"jet-listing jet-listing-dynamic-field display-inline\">\n<div class=\"jet-listing-dynamic-field__inline-wrap\">\n<div class=\"jet-listing-dynamic-field__content\">\n<p>Descri\u00e7\u00e3o<br \/>\n\u2022\u2009espiral totalmente polida<br \/>\n\u2022\u2009n\u00famero de s\u00e9rie para melhor rastreabilidade de uso das pin\u00e7as<br \/>\n\u2022 concha larga para maior biopsia<br \/>\n\u2022 mecanismo de abertura de alta seguran\u00e7a<\/p>\n<p>&nbsp;<\/p>\n<\/div>\n<\/div>\n<\/div>\n<\/div>\n<\/div>\n<div class=\"elementor-element elementor-element-d9fbc62 elementor-widget elementor-widget-video\" data-id=\"d9fbc62\" data-element_type=\"widget\" data-settings=\"{&quot;youtube_url&quot;:&quot;https:\\\/\\\/www.youtube.com\\\/embed\\\/kuqp3YSMtPw&quot;,&quot;video_type&quot;:&quot;youtube&quot;,&quot;controls&quot;:&quot;yes&quot;}\" data-widget_type=\"video.default\">\n<div class=\"elementor-widget-container\">\n<div class=\"elementor-wrapper elementor-open-inline\"><iframe id=\"widget2\" class=\"elementor-video\" title=\"Pin\u00e7as de Bi\u00f3psia - GFE do Brasil\" src=\"https:\/\/www.youtube.com\/embed\/kuqp3YSMtPw?controls=1&amp;rel=0&amp;playsinline=0&amp;modestbranding=0&amp;autoplay=0&amp;enablejsapi=1&amp;origin=https%3A%2F%2Fgfedobrasil.com.br&amp;widgetid=1\" width=\"640\" height=\"360\" frameborder=\"0\" allowfullscreen=\"allowfullscreen\" data-mce-fragment=\"1\"><\/iframe><\/div>\n<\/div>\n<\/div>\n","protected":false},"featured_media":987,"template":"","meta":[],"product_brand":[],"product_cat":[126],"product_tag":[],"class_list":{"0":"post-986","1":"product","2":"type-product","3":"status-publish","4":"has-post-thumbnail","6":"product_cat-endoscopia","8":"first","9":"instock","10":"sold-individually","11":"shipping-taxable","12":"product-type-simple","13":"czr-hentry"},"_links":{"self":[{"href":"https:\/\/hp.nutricionalfarma.com.br\/index.php?rest_route=\/wp\/v2\/product\/986","targetHints":{"allow":["GET"]}}],"collection":[{"href":"https:\/\/hp.nutricionalfarma.com.br\/index.php?rest_route=\/wp\/v2\/product"}],"about":[{"href":"https:\/\/hp.nutricionalfarma.com.br\/index.php?rest_route=\/wp\/v2\/types\/product"}],"wp:featuredmedia":[{"embeddable":true,"href":"https:\/\/hp.nutricionalfarma.com.br\/index.php?rest_route=\/wp\/v2\/media\/987"}],"wp:attachment":[{"href":"https:\/\/hp.nutricionalfarma.com.br\/index.php?rest_route=%2Fwp%2Fv2%2Fmedia&parent=986"}],"wp:term":[{"taxonomy":"product_brand","embeddable":true,"href":"https:\/\/hp.nutricionalfarma.com.br\/index.php?rest_route=%2Fwp%2Fv2%2Fproduct_brand&post=986"},{"taxonomy":"product_cat","embeddable":true,"href":"https:\/\/hp.nutricionalfarma.com.br\/index.php?rest_route=%2Fwp%2Fv2%2Fproduct_cat&post=986"},{"taxonomy":"product_tag","embeddable":true,"href":"https:\/\/hp.nutricionalfarma.com.br\/index.php?rest_route=%2Fwp%2Fv2%2Fproduct_tag&post=986"}],"curies":[{"name":"wp","href":"https:\/\/api.w.org\/{rel}","templated":true}]}}