{"id":980,"date":"2024-06-12T13:27:41","date_gmt":"2024-06-12T13:27:41","guid":{"rendered":"https:\/\/hp.nutricionalfarma.com.br\/?post_type=product&#038;p=980"},"modified":"2024-06-12T13:30:59","modified_gmt":"2024-06-12T13:30:59","slug":"papilotomo-pre-corte","status":"publish","type":"product","link":"https:\/\/hp.nutricionalfarma.com.br\/?product=papilotomo-pre-corte","title":{"rendered":"Papil\u00f3tomo Pr\u00e9 Corte"},"content":{"rendered":"<div class=\"elementor-element elementor-element-8dba6d5 elementor-widget elementor-widget-heading\" data-id=\"8dba6d5\" data-element_type=\"widget\" data-widget_type=\"heading.default\">\n<div class=\"elementor-element elementor-element-8dba6d5 elementor-widget elementor-widget-heading\" data-id=\"8dba6d5\" data-element_type=\"widget\" data-widget_type=\"heading.default\">\n<div class=\"elementor-widget-container\">\n<h2 class=\"elementor-heading-title elementor-size-default\" style=\"text-align: center;\">Especifica\u00e7\u00f5es<\/h2>\n<\/div>\n<\/div>\n<div class=\"elementor-element elementor-element-9099545 elementor-widget-divider--view-line elementor-widget elementor-widget-divider\" data-id=\"9099545\" data-element_type=\"widget\" data-widget_type=\"divider.default\">\n<div class=\"elementor-widget-container\">\n<div class=\"elementor-divider\"><\/div>\n<\/div>\n<\/div>\n<div class=\"elementor-element elementor-element-c032407 elementor-widget elementor-widget-shortcode\" data-id=\"c032407\" data-element_type=\"widget\" data-widget_type=\"shortcode.default\">\n<div class=\"elementor-widget-container\">\n<div class=\"elementor-shortcode\">\n<div id=\"footable_parent_3095\" class=\"footable_parent ninja_table_wrapper wp_table_data_press_parent semantic_ui colored_table\" align=\"center\">\n<table id=\"footable_3095\" class=\"foo-table ninja_footable foo_table_3095 ninja_table_unique_id_112305903_3095 ui table nt_type_legacy_table selectable celled vertical_centered ninja_custom_color inverted footable-paging-right ninja_table_search_disabled ninja_table_pro footable footable-1 footable-paging breakpoint-lg\" data-ninja_table_instance=\"ninja_table_instance_0\" data-footable_id=\"3095\" data-filter-delay=\"1000\" aria-label=\"Papil\u00f3tomo Pr\u00e9 Corte\" data-unique_identifier=\"ninja_table_unique_id_112305903_3095\">\n<colgroup>\n<col class=\"ninja_column_0 \" \/>\n<col class=\"ninja_column_1 \" \/>\n<col class=\"ninja_column_2 \" \/>\n<col class=\"ninja_column_3 \" \/>\n<col class=\"ninja_column_4 \" \/>\n<col class=\"ninja_column_5 \" \/>\n<col class=\"ninja_column_6 \" \/>\n<col class=\"ninja_column_7 \" \/><\/colgroup>\n<thead>\n<tr class=\"footable-header\">\n<th class=\"ninja_column_0 ninja_clmn_nm_referencia footable-first-visible\" scope=\"col\">REFER\u00caNCIA<\/th>\n<th class=\"ninja_column_1 ninja_clmn_nm_comprimento\" scope=\"col\">COMPRIMENTO<\/th>\n<th class=\"ninja_column_2 ninja_clmn_nm_diametro\" style=\"text-align: center;\" scope=\"col\">DIA\u0302METRO<\/th>\n<th class=\"ninja_column_3 ninja_clmn_nm_ponta\" scope=\"col\">PONTA<\/th>\n<th class=\"ninja_column_4 ninja_clmn_nm_guia\" scope=\"col\">GUIA<\/th>\n<th class=\"ninja_column_5 ninja_clmn_nm_corte\" scope=\"col\">CORTE<\/th>\n<th class=\"ninja_column_6 ninja_clmn_nm_descricao\" scope=\"col\">DESCRIC\u0327A\u0303O<\/th>\n<th class=\"ninja_column_7 ninja_clmn_nm_imagem footable-last-visible\" scope=\"col\"><\/th>\n<\/tr>\n<\/thead>\n<tbody>\n<tr class=\"ninja_table_row_0 nt_row_id_152\" data-row_id=\"152\">\n<td class=\"ninja_column_0 ninja_clmn_nm_referencia footable-first-visible\">K18NTL<\/td>\n<td class=\"ninja_column_1 ninja_clmn_nm_comprimento\">195 cm<\/td>\n<td class=\"ninja_column_2 ninja_clmn_nm_diametro\">1.5 \/ 2.0 mm<\/td>\n<td class=\"ninja_column_3 ninja_clmn_nm_ponta\">Agulha<\/td>\n<td class=\"ninja_column_4 ninja_clmn_nm_guia\">0.035\u2019\u2019<\/td>\n<td class=\"ninja_column_5 ninja_clmn_nm_corte\">6 mm<\/td>\n<td class=\"ninja_column_6 ninja_clmn_nm_descricao\">Papilo\u0301tomo triplo lu\u0301men<\/td>\n<td class=\"ninja_column_7 ninja_clmn_nm_imagem footable-last-visible\" data-json_values=\"{&quot;permalink&quot;:&quot;&quot;,&quot;image_thumb&quot;:&quot;https:\\\/\\\/gfedobrasil.com.br\\\/wp-content\\\/uploads\\\/2022\\\/10\\\/Captura-de-Tela-2018-05-17-a\\u0300s-16.06.06.png&quot;,&quot;image_full&quot;:&quot;https:\\\/\\\/gfedobrasil.com.br\\\/wp-content\\\/uploads\\\/2022\\\/10\\\/Captura-de-Tela-2018-05-17-a\\u0300s-16.06.06.png&quot;,&quot;alt_text&quot;:&quot;Captura-de-Tela-2018-05-17-a\\u0300s-16.06.06&quot;}\"><\/td>\n<\/tr>\n<\/tbody>\n<tfoot><\/tfoot>\n<\/table>\n<p>&nbsp;<\/p>\n<\/div>\n<div id=\"footable_parent_3096\" class=\"footable_parent ninja_table_wrapper wp_table_data_press_parent semantic_ui colored_table\">\n<table id=\"footable_3096\" class=\"foo-table ninja_footable foo_table_3096 ninja_table_unique_id_335424249_3096 ui table nt_type_legacy_table selectable celled vertical_centered ninja_custom_color inverted footable-paging-right ninja_table_search_disabled ninja_table_pro footable footable-2 footable-paging breakpoint-lg\" align=\"center\" data-ninja_table_instance=\"ninja_table_instance_1\" data-footable_id=\"3096\" data-filter-delay=\"1000\" aria-label=\"Papil\u00f3tomo Pr\u00e9 Corte 2\" data-unique_identifier=\"ninja_table_unique_id_335424249_3096\">\n<colgroup>\n<col class=\"ninja_column_0 \" \/>\n<col class=\"ninja_column_1 \" \/>\n<col class=\"ninja_column_2 \" \/>\n<col class=\"ninja_column_3 \" \/><\/colgroup>\n<thead>\n<tr class=\"footable-header\">\n<th class=\"ninja_column_0 ninja_clmn_nm_referencia footable-first-visible\" scope=\"col\">REFER\u00caNCIA<\/th>\n<th class=\"ninja_column_1 ninja_clmn_nm_comprimento\" scope=\"col\">COMPRIMENTO<\/th>\n<th class=\"ninja_column_2 ninja_clmn_nm_diametro\" style=\"text-align: center;\" scope=\"col\">DIA\u0302METRO<\/th>\n<th class=\"ninja_column_3 ninja_clmn_nm_descricao footable-last-visible\" scope=\"col\">DESCRIC\u0327A\u0303O<\/th>\n<\/tr>\n<\/thead>\n<tbody>\n<tr class=\"ninja_table_row_0 nt_row_id_153\" data-row_id=\"153\">\n<td class=\"ninja_column_0 ninja_clmn_nm_referencia footable-first-visible\">GW08-000HF<\/td>\n<td class=\"ninja_column_1 ninja_clmn_nm_comprimento\">260 cm<\/td>\n<td class=\"ninja_column_2 ninja_clmn_nm_diametro\">0.032&#8243;<\/td>\n<td class=\"ninja_column_3 ninja_clmn_nm_descricao footable-last-visible\">Fio de pr\u00e9-corte de alta frequ\u00eancia<\/td>\n<\/tr>\n<\/tbody>\n<\/table>\n<\/div>\n<\/div>\n<\/div>\n<\/div>\n<p>&nbsp;<\/p>\n<\/div>\n<div class=\"elementor-element elementor-element-c032407 elementor-widget elementor-widget-shortcode\" data-id=\"c032407\" data-element_type=\"widget\" data-widget_type=\"shortcode.default\">\n<div class=\"elementor-widget-container\">\n<div class=\"elementor-shortcode\"><\/div>\n<\/div>\n<\/div>\n","protected":false},"excerpt":{"rendered":"<div class=\"elementor-element elementor-element-4068e20 ha-advanced-tooltip-top ha-gb-stripe ha-gb-row ha-gb-right ha-gb-top elementor-widget elementor-widget-jet-listing-dynamic-field\" data-id=\"4068e20\" data-element_type=\"widget\" data-widget_type=\"jet-listing-dynamic-field.default\">\n<div class=\"elementor-widget-container\">\n<div class=\"jet-listing jet-listing-dynamic-field display-inline\">\n<div class=\"jet-listing-dynamic-field__inline-wrap\">\n<div class=\"jet-listing-dynamic-field__content\">\n<p>Papil\u00f3tomo Pr\u00e9-Corte exclusivo da GFE do Brasil, ideal para facilitar o acesso ao canal biliar com seguran\u00e7a, possibilitando um tratamento ainda mais preciso.<\/p>\n<\/div>\n<\/div>\n<\/div>\n<\/div>\n<\/div>\n<div class=\"elementor-element elementor-element-d9fbc62 elementor-widget elementor-widget-video\" data-id=\"d9fbc62\" data-element_type=\"widget\" data-settings=\"{&quot;youtube_url&quot;:&quot;https:\\\/\\\/www.youtube.com\\\/embed\\\/FSWk6urb2Y0&quot;,&quot;video_type&quot;:&quot;youtube&quot;,&quot;controls&quot;:&quot;yes&quot;}\" data-widget_type=\"video.default\">\n<div class=\"elementor-widget-container\">\n<div class=\"elementor-wrapper elementor-open-inline\"><iframe id=\"widget2\" class=\"elementor-video\" title=\"Papil\u00f3tomo KnifeSnake\u00ae G-Flex | GFE do Brasil\" src=\"https:\/\/www.youtube.com\/embed\/FSWk6urb2Y0?controls=1&amp;rel=0&amp;playsinline=0&amp;modestbranding=0&amp;autoplay=0&amp;enablejsapi=1&amp;origin=https%3A%2F%2Fgfedobrasil.com.br&amp;widgetid=1\" width=\"640\" height=\"360\" frameborder=\"0\" allowfullscreen=\"allowfullscreen\" data-mce-fragment=\"1\"><\/iframe><\/div>\n<\/div>\n<\/div>\n","protected":false},"featured_media":981,"template":"","meta":[],"product_brand":[],"product_cat":[126],"product_tag":[],"class_list":{"0":"post-980","1":"product","2":"type-product","3":"status-publish","4":"has-post-thumbnail","6":"product_cat-endoscopia","8":"first","9":"instock","10":"sold-individually","11":"shipping-taxable","12":"product-type-simple","13":"czr-hentry"},"_links":{"self":[{"href":"https:\/\/hp.nutricionalfarma.com.br\/index.php?rest_route=\/wp\/v2\/product\/980","targetHints":{"allow":["GET"]}}],"collection":[{"href":"https:\/\/hp.nutricionalfarma.com.br\/index.php?rest_route=\/wp\/v2\/product"}],"about":[{"href":"https:\/\/hp.nutricionalfarma.com.br\/index.php?rest_route=\/wp\/v2\/types\/product"}],"wp:featuredmedia":[{"embeddable":true,"href":"https:\/\/hp.nutricionalfarma.com.br\/index.php?rest_route=\/wp\/v2\/media\/981"}],"wp:attachment":[{"href":"https:\/\/hp.nutricionalfarma.com.br\/index.php?rest_route=%2Fwp%2Fv2%2Fmedia&parent=980"}],"wp:term":[{"taxonomy":"product_brand","embeddable":true,"href":"https:\/\/hp.nutricionalfarma.com.br\/index.php?rest_route=%2Fwp%2Fv2%2Fproduct_brand&post=980"},{"taxonomy":"product_cat","embeddable":true,"href":"https:\/\/hp.nutricionalfarma.com.br\/index.php?rest_route=%2Fwp%2Fv2%2Fproduct_cat&post=980"},{"taxonomy":"product_tag","embeddable":true,"href":"https:\/\/hp.nutricionalfarma.com.br\/index.php?rest_route=%2Fwp%2Fv2%2Fproduct_tag&post=980"}],"curies":[{"name":"wp","href":"https:\/\/api.w.org\/{rel}","templated":true}]}}