{"id":967,"date":"2024-06-12T13:01:13","date_gmt":"2024-06-12T13:01:13","guid":{"rendered":"https:\/\/hp.nutricionalfarma.com.br\/?post_type=product&#038;p=967"},"modified":"2024-06-12T13:01:13","modified_gmt":"2024-06-12T13:01:13","slug":"hot-biopsy","status":"publish","type":"product","link":"https:\/\/hp.nutricionalfarma.com.br\/?product=hot-biopsy","title":{"rendered":"Hot Biopsy"},"content":{"rendered":"<h2 class=\"elementor-heading-title elementor-size-default\" style=\"text-align: center;\">Especifica\u00e7\u00f5es<\/h2>\n<table id=\"footable_3084\" class=\"foo-table ninja_footable foo_table_3084 ninja_table_unique_id_1733003913_3084 ui table nt_type_legacy_table selectable celled vertical_centered ninja_custom_color inverted footable-paging-right ninja_table_search_disabled ninja_table_pro footable footable-1 footable-paging breakpoint-lg\" data-ninja_table_instance=\"ninja_table_instance_0\" data-footable_id=\"3084\" data-filter-delay=\"1000\" aria-label=\"Hot Biopsy\" data-unique_identifier=\"ninja_table_unique_id_1733003913_3084\">\n<thead>\n<tr class=\"footable-header\">\n<th class=\"ninja_column_0 ninja_clmn_nm_referencia footable-first-visible\" scope=\"col\">REFER\u00caNCIA<\/th>\n<th class=\"ninja_column_1 ninja_clmn_nm_comprimento\" scope=\"col\">COMPRIMENTO<\/th>\n<th class=\"ninja_column_2 ninja_clmn_nm_diametro\" scope=\"col\">DI\u00c2METRO<\/th>\n<th class=\"ninja_column_3 ninja_clmn_nm_comprimento_da_concha\" scope=\"col\">COMPRIMENTO DA CONCHA<\/th>\n<th class=\"ninja_column_4 ninja_clmn_nm_abertura_da_concha\" scope=\"col\">ABERTURA DA CONCHA<\/th>\n<th class=\"ninja_column_5 ninja_clmn_nm_descricao\" scope=\"col\">DESCRIC\u0327A\u0303O<\/th>\n<th class=\"ninja_column_6 ninja_clmn_nm_imagem footable-last-visible\" style=\"text-align: center;\" scope=\"col\">IMAGEM<\/th>\n<\/tr>\n<\/thead>\n<tbody>\n<tr class=\"ninja_table_row_0 nt_row_id_125\" data-row_id=\"125\">\n<td class=\"ninja_column_0 ninja_clmn_nm_referencia footable-first-visible\">NE6122-G<\/td>\n<td class=\"ninja_column_1 ninja_clmn_nm_comprimento\">230 cm<\/td>\n<td class=\"ninja_column_2 ninja_clmn_nm_diametro\">2.4 mm<\/td>\n<td class=\"ninja_column_3 ninja_clmn_nm_comprimento_da_concha\">2.5 mm<\/td>\n<td class=\"ninja_column_4 ninja_clmn_nm_abertura_da_concha\">7.3 mm<\/td>\n<td class=\"ninja_column_5 ninja_clmn_nm_descricao\">Oval fenestrada<\/td>\n<td class=\"ninja_column_6 ninja_clmn_nm_imagem footable-last-visible\" data-json_values=\"{&quot;permalink&quot;:&quot;&quot;,&quot;image_thumb&quot;:&quot;https:\\\/\\\/gfedobrasil.com.br\\\/wp-content\\\/uploads\\\/2022\\\/10\\\/Captura-de-Tela-2018-05-17-a\\u0300s-16.06.06.png&quot;,&quot;image_full&quot;:&quot;https:\\\/\\\/gfedobrasil.com.br\\\/wp-content\\\/uploads\\\/2022\\\/10\\\/Captura-de-Tela-2018-05-17-a\\u0300s-16.06.06.png&quot;,&quot;alt_text&quot;:&quot;Captura-de-Tela-2018-05-17-a\\u0300s-16.06.06&quot;}\">\n<h2 class=\"elementor-heading-title elementor-size-default\" style=\"text-align: center;\"><img decoding=\"async\" class=\"alignnone  wp-image-968\" src=\"https:\/\/hp.nutricionalfarma.com.br\/wp-content\/uploads\/2024\/06\/U612222-300x300.png\" alt=\"\" width=\"129\" height=\"129\" srcset=\"https:\/\/hp.nutricionalfarma.com.br\/wp-content\/uploads\/2024\/06\/U612222-300x300.png 300w, https:\/\/hp.nutricionalfarma.com.br\/wp-content\/uploads\/2024\/06\/U612222-600x600.png 600w, https:\/\/hp.nutricionalfarma.com.br\/wp-content\/uploads\/2024\/06\/U612222-100x100.png 100w, https:\/\/hp.nutricionalfarma.com.br\/wp-content\/uploads\/2024\/06\/U612222-150x150.png 150w, https:\/\/hp.nutricionalfarma.com.br\/wp-content\/uploads\/2024\/06\/U612222-768x768.png 768w, https:\/\/hp.nutricionalfarma.com.br\/wp-content\/uploads\/2024\/06\/U612222-510x510.png 510w, https:\/\/hp.nutricionalfarma.com.br\/wp-content\/uploads\/2024\/06\/U612222.png 800w\" sizes=\"(max-width: 129px) 100vw, 129px\" \/><\/h2>\n<\/td>\n<\/tr>\n<\/tbody>\n<\/table>\n","protected":false},"excerpt":{"rendered":"<p>Especifica\u00e7\u00f5es REFER\u00caNCIA COMPRIMENTO DI\u00c2METRO COMPRIMENTO DA CONCHA ABERTURA DA CONCHA DESCRIC\u0327A\u0303O IMAGEM NE6122-G 230 cm 2.4 mm 2.5 mm 7.3 mm Oval fenestrada<\/p>\n","protected":false},"featured_media":968,"template":"","meta":[],"product_brand":[],"product_cat":[126],"product_tag":[],"class_list":{"0":"post-967","1":"product","2":"type-product","3":"status-publish","4":"has-post-thumbnail","6":"product_cat-endoscopia","8":"first","9":"instock","10":"sold-individually","11":"shipping-taxable","12":"product-type-simple","13":"czr-hentry"},"_links":{"self":[{"href":"https:\/\/hp.nutricionalfarma.com.br\/index.php?rest_route=\/wp\/v2\/product\/967","targetHints":{"allow":["GET"]}}],"collection":[{"href":"https:\/\/hp.nutricionalfarma.com.br\/index.php?rest_route=\/wp\/v2\/product"}],"about":[{"href":"https:\/\/hp.nutricionalfarma.com.br\/index.php?rest_route=\/wp\/v2\/types\/product"}],"wp:featuredmedia":[{"embeddable":true,"href":"https:\/\/hp.nutricionalfarma.com.br\/index.php?rest_route=\/wp\/v2\/media\/968"}],"wp:attachment":[{"href":"https:\/\/hp.nutricionalfarma.com.br\/index.php?rest_route=%2Fwp%2Fv2%2Fmedia&parent=967"}],"wp:term":[{"taxonomy":"product_brand","embeddable":true,"href":"https:\/\/hp.nutricionalfarma.com.br\/index.php?rest_route=%2Fwp%2Fv2%2Fproduct_brand&post=967"},{"taxonomy":"product_cat","embeddable":true,"href":"https:\/\/hp.nutricionalfarma.com.br\/index.php?rest_route=%2Fwp%2Fv2%2Fproduct_cat&post=967"},{"taxonomy":"product_tag","embeddable":true,"href":"https:\/\/hp.nutricionalfarma.com.br\/index.php?rest_route=%2Fwp%2Fv2%2Fproduct_tag&post=967"}],"curies":[{"name":"wp","href":"https:\/\/api.w.org\/{rel}","templated":true}]}}