{"id":95,"date":"2023-03-10T15:44:00","date_gmt":"2023-03-10T15:44:00","guid":{"rendered":"https:\/\/hp.nutricionalfarma.com.br\/?product=equipo-rth-prodiet-medical-nutrition"},"modified":"2023-03-30T17:36:58","modified_gmt":"2023-03-30T17:36:58","slug":"equipo-rth-prodiet-medical-nutrition","status":"publish","type":"product","link":"https:\/\/hp.nutricionalfarma.com.br\/?product=equipo-rth-prodiet-medical-nutrition","title":{"rendered":"Equipo RTH &#8211; Prodiet Medical Nutrition"},"content":{"rendered":"<p><\/p>\n<div id=\"tab-nutricional\">\n<p>Ideal para Trophic 1.5, Trophic Fiber e Trophic Soya 250 ml.<\/p>\n<h5><strong>Mobilidade<\/strong><\/h5>\n<ul>\n<li>As embalagens de 250ml s\u00e3o perfeitas para te acompanhar onde voc\u00ea for.<\/li>\n<\/ul>\n<h5><strong>Praticidade e Facilidade<\/strong><\/h5>\n<ul>\n<li>Mais autonomia e independ\u00eancia na alimenta\u00e7\u00e3o. Pronto para pendurar a dieta onde quiser.<\/li>\n<\/ul>\n<h5><strong>+ Sustent\u00e1vel<\/strong><\/h5>\n<ul>\n<li>N\u00e3o precisa de frasco, o equipo se encaixa direto na caixinha!<\/li>\n<\/ul>\n<p><small><br \/>Equipo de uso exclusivo para embalagens Tetra Pak 250 ml (modelo Tetra Brik Edge). 1 unidade por embalagem.Equipo com conector enteral para embalagens Tetra Pak\u00ae com entrada de ar lateral, tubo na colora\u00e7\u00e3o roxo\/lil\u00e1s, c\u00e2mara gotejadora intermedi\u00e1ria flex\u00edvel sem filtro, pin\u00e7a rolete, conector escalonado para alimenta\u00e7\u00e3o enteral com protetor. Em ambiente hospitalar, siga os protolocos de higiene da institui\u00e7\u00e3o.<\/small><\/p>\n<p>DISTRIBU\u00cdDO POR: A.P. TORTELLI COM PRODUTOS MEDICOS HOSPITALARES LTDA. Reg. MS.: 10188530071<\/p>\n<\/p><\/div>\n<p><script type=\"text\/javascript\">\n!function(f,b,e,v,n,t,s){if(f.fbq)return;n=f.fbq=function(){n.callMethod?\nn.callMethod.apply(n,arguments):n.queue.push(arguments)};if(!f._fbq)f._fbq=n;\nn.push=n;n.loaded=!0;n.version='2.0';n.queue=[];t=b.createElement(e);t.async=!0;\nt.src=v;s=b.getElementsByTagName(e)[0];s.parentNode.insertBefore(t,s)}(window,\ndocument,'script','https:\/\/connect.facebook.net\/en_US\/fbevents.js');\n<\/script><script>\n\t\t!function(f,b,e,v,n,t,s){if(f.fbq)return;n=f.fbq=function(){n.callMethod?\n\t\tn.callMethod.apply(n,arguments):n.queue.push(arguments)};if(!f._fbq)f._fbq=n;\n\t\tn.push=n;n.loaded=!0;n.version='2.0';n.queue=[];t=b.createElement(e);t.async=!0;\n\t\tt.src=v;s=b.getElementsByTagName(e)[0];s.parentNode.insertBefore(t,s)}(window,\n\t\tdocument,'script','\/\/connect.facebook.net\/en_US\/fbevents.js');<\/p>\n<p>\t\tfbq('init', '1646710888920897');\n\t\tfbq('track', \"PageView\");\n\t<\/script><script>\n\t(function(d, s, id) {\n\t\tvar js, fjs = d.getElementsByTagName(s)[0];\n\t\tif (d.getElementById(id)) return;\n\t\tjs = d.createElement(s); js.id = id;\n\t\tjs.src = \"\/\/connect.facebook.net\/en_US\/sdk.js#xfbml=1&version=v2.4\";\n\t\tfjs.parentNode.insertBefore(js, fjs);\n\t}(document, 'script', 'facebook-jssdk'));\n<\/script><\/p>\n","protected":false},"excerpt":{"rendered":"<p>Ideal para Trophic 1.5, Trophic Fiber e Trophic Soya 250 ml. Mobilidade As embalagens de 250ml s\u00e3o perfeitas para te acompanhar onde voc\u00ea for. Praticidade e Facilidade Mais autonomia e independ\u00eancia na alimenta\u00e7\u00e3o. Pronto para pendurar a dieta onde quiser. + Sustent\u00e1vel N\u00e3o precisa de frasco, o equipo se encaixa direto na caixinha! Equipo de [&hellip;]<\/p>\n","protected":false},"featured_media":96,"template":"","meta":[],"product_brand":[],"product_cat":[16],"product_tag":[],"class_list":{"0":"post-95","1":"product","2":"type-product","3":"status-publish","4":"has-post-thumbnail","6":"product_cat-nutricao","8":"first","9":"instock","10":"sold-individually","11":"shipping-taxable","12":"purchasable","13":"product-type-simple","14":"czr-hentry"},"_links":{"self":[{"href":"https:\/\/hp.nutricionalfarma.com.br\/index.php?rest_route=\/wp\/v2\/product\/95","targetHints":{"allow":["GET"]}}],"collection":[{"href":"https:\/\/hp.nutricionalfarma.com.br\/index.php?rest_route=\/wp\/v2\/product"}],"about":[{"href":"https:\/\/hp.nutricionalfarma.com.br\/index.php?rest_route=\/wp\/v2\/types\/product"}],"wp:featuredmedia":[{"embeddable":true,"href":"https:\/\/hp.nutricionalfarma.com.br\/index.php?rest_route=\/wp\/v2\/media\/96"}],"wp:attachment":[{"href":"https:\/\/hp.nutricionalfarma.com.br\/index.php?rest_route=%2Fwp%2Fv2%2Fmedia&parent=95"}],"wp:term":[{"taxonomy":"product_brand","embeddable":true,"href":"https:\/\/hp.nutricionalfarma.com.br\/index.php?rest_route=%2Fwp%2Fv2%2Fproduct_brand&post=95"},{"taxonomy":"product_cat","embeddable":true,"href":"https:\/\/hp.nutricionalfarma.com.br\/index.php?rest_route=%2Fwp%2Fv2%2Fproduct_cat&post=95"},{"taxonomy":"product_tag","embeddable":true,"href":"https:\/\/hp.nutricionalfarma.com.br\/index.php?rest_route=%2Fwp%2Fv2%2Fproduct_tag&post=95"}],"curies":[{"name":"wp","href":"https:\/\/api.w.org\/{rel}","templated":true}]}}