{"id":937,"date":"2024-05-06T20:36:15","date_gmt":"2024-05-06T20:36:15","guid":{"rendered":"https:\/\/hp.nutricionalfarma.com.br\/?post_type=product&#038;p=937"},"modified":"2024-05-06T20:37:07","modified_gmt":"2024-05-06T20:37:07","slug":"balao-extrator","status":"publish","type":"product","link":"https:\/\/hp.nutricionalfarma.com.br\/?product=balao-extrator","title":{"rendered":"Bal\u00e3o Extrator"},"content":{"rendered":"<div class=\"elementor-element elementor-element-8dba6d5 elementor-widget elementor-widget-heading\" data-id=\"8dba6d5\" data-element_type=\"widget\" data-widget_type=\"heading.default\">\n<div class=\"elementor-widget-container\">\n<h2 class=\"elementor-heading-title elementor-size-default\">Especifica\u00e7\u00f5es<\/h2>\n<\/div>\n<\/div>\n<div class=\"elementor-element elementor-element-9099545 elementor-widget-divider--view-line elementor-widget elementor-widget-divider\" data-id=\"9099545\" data-element_type=\"widget\" data-widget_type=\"divider.default\">\n<div class=\"elementor-widget-container\">\n<div class=\"elementor-divider\"><\/div>\n<\/div>\n<\/div>\n<div class=\"elementor-element elementor-element-c032407 elementor-widget elementor-widget-shortcode\" data-id=\"c032407\" data-element_type=\"widget\" data-widget_type=\"shortcode.default\">\n<div class=\"elementor-widget-container\">\n<div class=\"elementor-shortcode\">\n<div id=\"footable_parent_3074\" class=\"footable_parent ninja_table_wrapper wp_table_data_press_parent semantic_ui colored_table\">\n<table id=\"footable_3074\" class=\"foo-table ninja_footable foo_table_3074 ninja_table_unique_id_168944148_3074 ui table nt_type_legacy_table selectable celled vertical_centered ninja_custom_color inverted footable-paging-right ninja_table_search_disabled ninja_table_pro footable footable-1 footable-paging breakpoint-lg\" data-ninja_table_instance=\"ninja_table_instance_0\" data-footable_id=\"3074\" data-filter-delay=\"1000\" aria-label=\"Bal\u00e3o Extrator\" data-unique_identifier=\"ninja_table_unique_id_168944148_3074\">\n<colgroup>\n<col class=\"ninja_column_0 \" \/>\n<col class=\"ninja_column_1 \" \/>\n<col class=\"ninja_column_2 \" \/>\n<col class=\"ninja_column_3 \" \/>\n<col class=\"ninja_column_4 \" \/>\n<col class=\"ninja_column_5 \" \/>\n<col class=\"ninja_column_6 \" \/><\/colgroup>\n<thead>\n<tr class=\"footable-header\">\n<th class=\"ninja_column_0 ninja_clmn_nm_referencia footable-first-visible\" scope=\"col\">REFER\u00caNCIA<\/th>\n<th class=\"ninja_column_1 ninja_clmn_nm_comprimento\" scope=\"col\">COMPRIMENTO<\/th>\n<th class=\"ninja_column_2 ninja_clmn_nm_diametro_da_escova\" scope=\"col\">DIA\u0302METRO<\/th>\n<th class=\"ninja_column_3 ninja_clmn_nm_lumen\" scope=\"col\">LUMEN<\/th>\n<th class=\"ninja_column_4 ninja_clmn_nm_diametro_do_balao\" scope=\"col\">DIA\u0302METRO DO BALA\u0303O<\/th>\n<th class=\"ninja_column_5 ninja_clmn_nm_descricao\" scope=\"col\">DESCRI\u00c7\u00c3O<\/th>\n<th class=\"ninja_column_6 ninja_clmn_nm_imagem footable-last-visible\" scope=\"col\"><\/th>\n<\/tr>\n<\/thead>\n<tbody>\n<tr class=\"ninja_table_row_0 nt_row_id_102\" data-row_id=\"102\">\n<td class=\"ninja_column_0 ninja_clmn_nm_referencia footable-first-visible\">N135030PRO<\/td>\n<td class=\"ninja_column_1 ninja_clmn_nm_comprimento\">200 cm<\/td>\n<td class=\"ninja_column_2 ninja_clmn_nm_diametro_da_escova\">7 Fr<\/td>\n<td class=\"ninja_column_3 ninja_clmn_nm_lumen\">Triplo Lumen<\/td>\n<td class=\"ninja_column_4 ninja_clmn_nm_diametro_do_balao\">9 &#8211; 13 &#8211; 16 mm<\/td>\n<td class=\"ninja_column_5 ninja_clmn_nm_descricao\">Bala\u0303o extrator progressivo<\/td>\n<td class=\"ninja_column_6 ninja_clmn_nm_imagem footable-last-visible\" data-json_values=\"{&quot;permalink&quot;:&quot;&quot;,&quot;image_thumb&quot;:&quot;https:\\\/\\\/gfedobrasil.com.br\\\/wp-content\\\/uploads\\\/2022\\\/10\\\/Captura-de-Tela-2018-05-17-a\\u0300s-16.06.06.png&quot;,&quot;image_full&quot;:&quot;https:\\\/\\\/gfedobrasil.com.br\\\/wp-content\\\/uploads\\\/2022\\\/10\\\/Captura-de-Tela-2018-05-17-a\\u0300s-16.06.06.png&quot;,&quot;alt_text&quot;:&quot;Captura-de-Tela-2018-05-17-a\\u0300s-16.06.06&quot;}\"><\/td>\n<\/tr>\n<\/tbody>\n<tfoot><\/tfoot>\n<\/table>\n<\/div>\n<div id=\"footable_parent_3076\" class=\"footable_parent ninja_table_wrapper wp_table_data_press_parent semantic_ui colored_table\">\n<table id=\"footable_3076\" class=\"foo-table ninja_footable foo_table_3076 ninja_table_unique_id_419974805_3076 ui table nt_type_legacy_table selectable celled vertical_centered ninja_custom_color inverted footable-paging-right ninja_table_search_disabled ninja_table_pro footable footable-2 footable-paging breakpoint-lg\" data-ninja_table_instance=\"ninja_table_instance_1\" data-footable_id=\"3076\" data-filter-delay=\"1000\" aria-label=\"Bal\u00e3o Extrator 2\" data-unique_identifier=\"ninja_table_unique_id_419974805_3076\">\n<colgroup>\n<col class=\"ninja_column_0 \" \/>\n<col class=\"ninja_column_1 \" \/>\n<col class=\"ninja_column_2 \" \/>\n<col class=\"ninja_column_3 \" \/>\n<col class=\"ninja_column_4 \" \/>\n<col class=\"ninja_column_5 \" \/>\n<col class=\"ninja_column_6 \" \/><\/colgroup>\n<thead>\n<tr class=\"footable-header\">\n<th class=\"ninja_column_0 ninja_clmn_nm_referencia footable-first-visible\" scope=\"col\">REFER\u00caNCIA<\/th>\n<th class=\"ninja_column_1 ninja_clmn_nm_comprimento\" scope=\"col\">COMPRIMENTO<\/th>\n<th class=\"ninja_column_2 ninja_clmn_nm_diametro_da_escova\" scope=\"col\">DIA\u0302METRO<\/th>\n<th class=\"ninja_column_3 ninja_clmn_nm_fio_guia\" scope=\"col\">FIO GUIA<\/th>\n<th class=\"ninja_column_4 ninja_clmn_nm_diametro_do_balao\" scope=\"col\">DIA\u0302METRO DO BALA\u0303O<\/th>\n<th class=\"ninja_column_5 ninja_clmn_nm_volume\" scope=\"col\">VOLUME<\/th>\n<th class=\"ninja_column_6 ninja_clmn_nm_descricao footable-last-visible\" scope=\"col\">DESCRI\u00c7\u00c3O<\/th>\n<\/tr>\n<\/thead>\n<tbody>\n<tr class=\"ninja_table_row_0 nt_row_id_103\" data-row_id=\"103\">\n<td class=\"ninja_column_0 ninja_clmn_nm_referencia footable-first-visible\">GF135716<\/td>\n<td class=\"ninja_column_1 ninja_clmn_nm_comprimento\">200 cm<\/td>\n<td class=\"ninja_column_2 ninja_clmn_nm_diametro_da_escova\">7<\/td>\n<td class=\"ninja_column_3 ninja_clmn_nm_fio_guia\">0.035&#8243;<\/td>\n<td class=\"ninja_column_4 ninja_clmn_nm_diametro_do_balao\">8.5-12-15mm<\/td>\n<td class=\"ninja_column_5 ninja_clmn_nm_volume\">1.5-2.2-3,8<\/td>\n<td class=\"ninja_column_6 ninja_clmn_nm_descricao footable-last-visible\">Triplo l\u00famen na parte superior<\/td>\n<\/tr>\n<tr class=\"ninja_table_row_1 nt_row_id_104\" data-row_id=\"104\">\n<td class=\"ninja_column_0 ninja_clmn_nm_referencia footable-first-visible\">GF135716T<\/td>\n<td class=\"ninja_column_1 ninja_clmn_nm_comprimento\">200 cm<\/td>\n<td class=\"ninja_column_2 ninja_clmn_nm_diametro_da_escova\">7<\/td>\n<td class=\"ninja_column_3 ninja_clmn_nm_fio_guia\">0.035&#8243;<\/td>\n<td class=\"ninja_column_4 ninja_clmn_nm_diametro_do_balao\">12-15-18mm<\/td>\n<td class=\"ninja_column_5 ninja_clmn_nm_volume\">1.8-3.0-5.0<\/td>\n<td class=\"ninja_column_6 ninja_clmn_nm_descricao footable-last-visible\">Triplo l\u00famen na parte superior<\/td>\n<\/tr>\n<\/tbody>\n<\/table>\n<\/div>\n<\/div>\n<\/div>\n<\/div>\n","protected":false},"excerpt":{"rendered":"<p>Bal\u00e3o extrator da G-Flex e Endo-Flex\u00ae, \u00fanico a permitir di\u00e2metros de 9mm, 13mm e 16mm em um s\u00f3 produto.<\/p>\n<p style=\"text-align: center;\"><iframe title=\"Bal\u00e3o Extrator Stonetrigger\u00ae G-Flex | GFE do Brasil\" src=\"https:\/\/www.youtube.com\/embed\/ne0GALcEi1Q\" width=\"584\" height=\"329\" frameborder=\"0\" allowfullscreen=\"allowfullscreen\"><\/iframe><\/p>\n","protected":false},"featured_media":938,"template":"","meta":[],"product_brand":[],"product_cat":[126],"product_tag":[],"class_list":{"0":"post-937","1":"product","2":"type-product","3":"status-publish","4":"has-post-thumbnail","6":"product_cat-endoscopia","8":"first","9":"instock","10":"sold-individually","11":"shipping-taxable","12":"product-type-simple","13":"czr-hentry"},"_links":{"self":[{"href":"https:\/\/hp.nutricionalfarma.com.br\/index.php?rest_route=\/wp\/v2\/product\/937","targetHints":{"allow":["GET"]}}],"collection":[{"href":"https:\/\/hp.nutricionalfarma.com.br\/index.php?rest_route=\/wp\/v2\/product"}],"about":[{"href":"https:\/\/hp.nutricionalfarma.com.br\/index.php?rest_route=\/wp\/v2\/types\/product"}],"wp:featuredmedia":[{"embeddable":true,"href":"https:\/\/hp.nutricionalfarma.com.br\/index.php?rest_route=\/wp\/v2\/media\/938"}],"wp:attachment":[{"href":"https:\/\/hp.nutricionalfarma.com.br\/index.php?rest_route=%2Fwp%2Fv2%2Fmedia&parent=937"}],"wp:term":[{"taxonomy":"product_brand","embeddable":true,"href":"https:\/\/hp.nutricionalfarma.com.br\/index.php?rest_route=%2Fwp%2Fv2%2Fproduct_brand&post=937"},{"taxonomy":"product_cat","embeddable":true,"href":"https:\/\/hp.nutricionalfarma.com.br\/index.php?rest_route=%2Fwp%2Fv2%2Fproduct_cat&post=937"},{"taxonomy":"product_tag","embeddable":true,"href":"https:\/\/hp.nutricionalfarma.com.br\/index.php?rest_route=%2Fwp%2Fv2%2Fproduct_tag&post=937"}],"curies":[{"name":"wp","href":"https:\/\/api.w.org\/{rel}","templated":true}]}}