{"id":932,"date":"2024-05-06T17:29:42","date_gmt":"2024-05-06T17:29:42","guid":{"rendered":"https:\/\/hp.nutricionalfarma.com.br\/?post_type=product&#038;p=932"},"modified":"2024-05-06T17:29:42","modified_gmt":"2024-05-06T17:29:42","slug":"balao-para-acalasia","status":"publish","type":"product","link":"https:\/\/hp.nutricionalfarma.com.br\/?product=balao-para-acalasia","title":{"rendered":"Bal\u00e3o para Acal\u00e1sia"},"content":{"rendered":"<div class=\"elementor-element elementor-element-8dba6d5 elementor-widget elementor-widget-heading\" data-id=\"8dba6d5\" data-element_type=\"widget\" data-widget_type=\"heading.default\">\n<div class=\"elementor-widget-container\">\n<h2 class=\"elementor-heading-title elementor-size-default\">Especifica\u00e7\u00f5es<\/h2>\n<\/div>\n<\/div>\n<div class=\"elementor-element elementor-element-9099545 elementor-widget-divider--view-line elementor-widget elementor-widget-divider\" data-id=\"9099545\" data-element_type=\"widget\" data-widget_type=\"divider.default\">\n<div class=\"elementor-widget-container\">\n<div class=\"elementor-divider\"><\/div>\n<\/div>\n<\/div>\n<div class=\"elementor-element elementor-element-c032407 elementor-widget elementor-widget-shortcode\" data-id=\"c032407\" data-element_type=\"widget\" data-widget_type=\"shortcode.default\">\n<div class=\"elementor-widget-container\">\n<div class=\"elementor-shortcode\">\n<div id=\"footable_parent_3225\" class=\"footable_parent ninja_table_wrapper wp_table_data_press_parent semantic_ui colored_table\">\n<h3 class=\"table_title footable_title\">Bal\u00e3o para Acal\u00e1sia<\/h3>\n<table id=\"footable_3225\" class=\"foo-table ninja_footable foo_table_3225 ninja_table_unique_id_1361139886_3225 ui table nt_type_legacy_table selectable celled vertical_centered ninja_custom_color inverted footable-paging-right ninja_table_search_disabled ninja_table_pro footable footable-1 footable-paging breakpoint-lg\" data-ninja_table_instance=\"ninja_table_instance_0\" data-footable_id=\"3225\" data-filter-delay=\"1000\" aria-label=\"Bal\u00e3o para Acal\u00e1sia\" data-unique_identifier=\"ninja_table_unique_id_1361139886_3225\">\n<colgroup>\n<col class=\"ninja_column_0 \" \/>\n<col class=\"ninja_column_1 \" \/>\n<col class=\"ninja_column_2 \" \/>\n<col class=\"ninja_column_3 \" \/>\n<col class=\"ninja_column_4 \" \/>\n<col class=\"ninja_column_5 \" \/><\/colgroup>\n<thead>\n<tr class=\"footable-header\">\n<th class=\"ninja_column_0 ninja_clmn_nm_referencia footable-first-visible\" scope=\"col\">REFERE\u0302NCIA<\/th>\n<th class=\"ninja_column_1 ninja_clmn_nm_diametro\" scope=\"col\">COMPRIMENTO DO BAL\u00c3O<\/th>\n<th class=\"ninja_column_2 ninja_clmn_nm_comprimento\" scope=\"col\">DIA\u0302METRO DO BAL\u00c3O<\/th>\n<th class=\"ninja_column_3 ninja_clmn_nm_volume_do_balao\" scope=\"col\">PRESS\u00c3O M\u00c1XIMA (PSI\/ATM)<\/th>\n<th class=\"ninja_column_4 ninja_clmn_nm_diametro_externo_do_cateter\" scope=\"col\">DI\u00c2METRO EXTERNO DO CATETER<\/th>\n<th class=\"ninja_column_5 ninja_clmn_nm_imagem footable-last-visible\" scope=\"col\"><\/th>\n<\/tr>\n<\/thead>\n<tbody>\n<tr class=\"ninja_table_row_0 nt_row_id_303\" data-row_id=\"303\">\n<td class=\"ninja_column_0 ninja_clmn_nm_referencia footable-first-visible\">3413080<\/td>\n<td class=\"ninja_column_1 ninja_clmn_nm_diametro\">100 cm<\/td>\n<td class=\"ninja_column_2 ninja_clmn_nm_comprimento\">30 mm<\/td>\n<td class=\"ninja_column_3 ninja_clmn_nm_volume_do_balao\">25\/1.8<\/td>\n<td class=\"ninja_column_4 ninja_clmn_nm_diametro_externo_do_cateter\">14fr<\/td>\n<td class=\"ninja_column_5 ninja_clmn_nm_imagem footable-last-visible\" data-json_values=\"{&quot;permalink&quot;:&quot;&quot;,&quot;image_thumb&quot;:&quot;https:\\\/\\\/gfedobrasil.com.br\\\/wp-content\\\/uploads\\\/2022\\\/10\\\/Captura-de-Tela-2018-05-17-a\\u0300s-16.06.06.png&quot;,&quot;image_full&quot;:&quot;https:\\\/\\\/gfedobrasil.com.br\\\/wp-content\\\/uploads\\\/2022\\\/10\\\/Captura-de-Tela-2018-05-17-a\\u0300s-16.06.06.png&quot;,&quot;alt_text&quot;:&quot;Captura-de-Tela-2018-05-17-a\\u0300s-16.06.06&quot;}\"><\/td>\n<\/tr>\n<tr class=\"ninja_table_row_1 nt_row_id_304\" data-row_id=\"304\">\n<td class=\"ninja_column_0 ninja_clmn_nm_referencia footable-first-visible\">3413580<\/td>\n<td class=\"ninja_column_1 ninja_clmn_nm_diametro\">100 cm<\/td>\n<td class=\"ninja_column_2 ninja_clmn_nm_comprimento\">35 mm<\/td>\n<td class=\"ninja_column_3 ninja_clmn_nm_volume_do_balao\">25\/1.8<\/td>\n<td class=\"ninja_column_4 ninja_clmn_nm_diametro_externo_do_cateter\">14fr<\/td>\n<td class=\"ninja_column_5 ninja_clmn_nm_imagem footable-last-visible\" data-json_values=\"{&quot;permalink&quot;:&quot;&quot;,&quot;image_thumb&quot;:&quot;https:\\\/\\\/gfedobrasil.com.br\\\/wp-content\\\/uploads\\\/2022\\\/10\\\/Captura-de-Tela-2018-05-17-a\\u0300s-16.06.06.png&quot;,&quot;image_full&quot;:&quot;https:\\\/\\\/gfedobrasil.com.br\\\/wp-content\\\/uploads\\\/2022\\\/10\\\/Captura-de-Tela-2018-05-17-a\\u0300s-16.06.06.png&quot;,&quot;alt_text&quot;:&quot;Captura-de-Tela-2018-05-17-a\\u0300s-16.06.06&quot;}\"><\/td>\n<\/tr>\n<tr class=\"ninja_table_row_2 nt_row_id_315\" data-row_id=\"315\">\n<td class=\"ninja_column_0 ninja_clmn_nm_referencia footable-first-visible\">3414080<\/td>\n<td class=\"ninja_column_1 ninja_clmn_nm_diametro\">100 cm<\/td>\n<td class=\"ninja_column_2 ninja_clmn_nm_comprimento\">40 mm<\/td>\n<td class=\"ninja_column_3 ninja_clmn_nm_volume_do_balao\">25\/1.8<\/td>\n<td class=\"ninja_column_4 ninja_clmn_nm_diametro_externo_do_cateter\">14fr<\/td>\n<td class=\"ninja_column_5 ninja_clmn_nm_imagem footable-last-visible\" data-json_values=\"{&quot;permalink&quot;:&quot;&quot;,&quot;image_thumb&quot;:&quot;https:\\\/\\\/gfedobrasil.com.br\\\/wp-content\\\/uploads\\\/2022\\\/10\\\/Captura-de-Tela-2018-05-17-a\\u0300s-16.06.06.png&quot;,&quot;image_full&quot;:&quot;https:\\\/\\\/gfedobrasil.com.br\\\/wp-content\\\/uploads\\\/2022\\\/10\\\/Captura-de-Tela-2018-05-17-a\\u0300s-16.06.06.png&quot;,&quot;alt_text&quot;:&quot;Captura-de-Tela-2018-05-17-a\\u0300s-16.06.06&quot;}\"><\/td>\n<\/tr>\n<\/tbody>\n<\/table>\n<\/div>\n<\/div>\n<\/div>\n<\/div>\n","protected":false},"excerpt":{"rendered":"<p>Especifica\u00e7\u00f5es Bal\u00e3o para Acal\u00e1sia REFERE\u0302NCIA COMPRIMENTO DO BAL\u00c3O DIA\u0302METRO DO BAL\u00c3O PRESS\u00c3O M\u00c1XIMA (PSI\/ATM) DI\u00c2METRO EXTERNO DO CATETER 3413080 100 cm 30 mm 25\/1.8 14fr 3413580 100 cm 35 mm 25\/1.8 14fr 3414080 100 cm 40 mm 25\/1.8 14fr<\/p>\n","protected":false},"featured_media":933,"template":"","meta":[],"product_brand":[],"product_cat":[126],"product_tag":[],"class_list":{"0":"post-932","1":"product","2":"type-product","3":"status-publish","4":"has-post-thumbnail","6":"product_cat-endoscopia","8":"first","9":"instock","10":"sold-individually","11":"shipping-taxable","12":"product-type-simple","13":"czr-hentry"},"_links":{"self":[{"href":"https:\/\/hp.nutricionalfarma.com.br\/index.php?rest_route=\/wp\/v2\/product\/932","targetHints":{"allow":["GET"]}}],"collection":[{"href":"https:\/\/hp.nutricionalfarma.com.br\/index.php?rest_route=\/wp\/v2\/product"}],"about":[{"href":"https:\/\/hp.nutricionalfarma.com.br\/index.php?rest_route=\/wp\/v2\/types\/product"}],"wp:featuredmedia":[{"embeddable":true,"href":"https:\/\/hp.nutricionalfarma.com.br\/index.php?rest_route=\/wp\/v2\/media\/933"}],"wp:attachment":[{"href":"https:\/\/hp.nutricionalfarma.com.br\/index.php?rest_route=%2Fwp%2Fv2%2Fmedia&parent=932"}],"wp:term":[{"taxonomy":"product_brand","embeddable":true,"href":"https:\/\/hp.nutricionalfarma.com.br\/index.php?rest_route=%2Fwp%2Fv2%2Fproduct_brand&post=932"},{"taxonomy":"product_cat","embeddable":true,"href":"https:\/\/hp.nutricionalfarma.com.br\/index.php?rest_route=%2Fwp%2Fv2%2Fproduct_cat&post=932"},{"taxonomy":"product_tag","embeddable":true,"href":"https:\/\/hp.nutricionalfarma.com.br\/index.php?rest_route=%2Fwp%2Fv2%2Fproduct_tag&post=932"}],"curies":[{"name":"wp","href":"https:\/\/api.w.org\/{rel}","templated":true}]}}