{"id":930,"date":"2024-05-06T17:14:56","date_gmt":"2024-05-06T17:14:56","guid":{"rendered":"https:\/\/hp.nutricionalfarma.com.br\/?post_type=product&#038;p=930"},"modified":"2024-05-06T17:15:50","modified_gmt":"2024-05-06T17:15:50","slug":"precision-balao-dilatador","status":"publish","type":"product","link":"https:\/\/hp.nutricionalfarma.com.br\/?product=precision-balao-dilatador","title":{"rendered":"Precision\u00ae &#8211; Bal\u00e3o dilatador"},"content":{"rendered":"<div class=\"elementor-element elementor-element-8dba6d5 elementor-widget elementor-widget-heading\" data-id=\"8dba6d5\" data-element_type=\"widget\" data-widget_type=\"heading.default\">\n<div class=\"elementor-widget-container\">\n<h2 class=\"elementor-heading-title elementor-size-default\">Especifica\u00e7\u00f5es<\/h2>\n<\/div>\n<\/div>\n<div class=\"elementor-element elementor-element-9099545 elementor-widget-divider--view-line elementor-widget elementor-widget-divider\" data-id=\"9099545\" data-element_type=\"widget\" data-widget_type=\"divider.default\">\n<div class=\"elementor-widget-container\">\n<div class=\"elementor-divider\"><\/div>\n<\/div>\n<\/div>\n<div class=\"elementor-element elementor-element-c032407 elementor-widget elementor-widget-shortcode\" data-id=\"c032407\" data-element_type=\"widget\" data-widget_type=\"shortcode.default\">\n<div class=\"elementor-widget-container\">\n<div class=\"elementor-shortcode\">\n<div id=\"footable_parent_3066\" class=\"footable_parent ninja_table_wrapper wp_table_data_press_parent semantic_ui colored_table\">\n<table id=\"footable_3066\" class=\"foo-table ninja_footable foo_table_3066 ninja_table_unique_id_249685017_3066 ui table nt_type_legacy_table selectable celled vertical_centered ninja_custom_color inverted footable-paging-right ninja_table_search_disabled ninja_table_pro footable footable-1 footable-paging breakpoint-lg\" data-ninja_table_instance=\"ninja_table_instance_0\" data-footable_id=\"3066\" data-filter-delay=\"1000\" aria-label=\"Precision\u00ae \u2013 Bal\u00e3o dilatador\" data-unique_identifier=\"ninja_table_unique_id_249685017_3066\">\n<colgroup>\n<col class=\"ninja_column_0 \" \/>\n<col class=\"ninja_column_1 \" \/>\n<col class=\"ninja_column_2 \" \/>\n<col class=\"ninja_column_3 \" \/>\n<col class=\"ninja_column_4 \" \/>\n<col class=\"ninja_column_5 \" \/>\n<col class=\"ninja_column_6 \" \/><\/colgroup>\n<thead>\n<tr class=\"footable-header\">\n<th class=\"ninja_column_0 ninja_clmn_nm_referencia footable-first-visible\" scope=\"col\">REFER\u00caNCIA<\/th>\n<th class=\"ninja_column_1 ninja_clmn_nm_comprimento\" scope=\"col\">COMPRIMENTO<\/th>\n<th class=\"ninja_column_2 ninja_clmn_nm_diametro_da_escova\" scope=\"col\">DIA\u0302METRO<\/th>\n<th class=\"ninja_column_3 ninja_clmn_nm_pressao\" scope=\"col\">PRESSA\u0303O<\/th>\n<th class=\"ninja_column_4 ninja_clmn_nm_comprimento_da_agulha\" scope=\"col\">COMPRIMENTO DO BALA\u0303O<\/th>\n<th class=\"ninja_column_5 ninja_clmn_nm_diametro_do_balao\" scope=\"col\">DIA\u0302METRO DO BALA\u0303O<\/th>\n<th class=\"ninja_column_6 ninja_clmn_nm_imagem footable-last-visible\" scope=\"col\"><\/th>\n<\/tr>\n<\/thead>\n<tbody>\n<tr class=\"ninja_table_row_0 nt_row_id_75\" data-row_id=\"75\">\n<td class=\"ninja_column_0 ninja_clmn_nm_referencia footable-first-visible\">EZM0855<\/td>\n<td class=\"ninja_column_1 ninja_clmn_nm_comprimento\">240 cm<\/td>\n<td class=\"ninja_column_2 ninja_clmn_nm_diametro_da_escova\">2.3 mm<\/td>\n<td class=\"ninja_column_3 ninja_clmn_nm_pressao\">atm 3 &#8211; 5.5 &#8211; 8 psi 45 &#8211; 82.5 &#8211; 120<\/td>\n<td class=\"ninja_column_4 ninja_clmn_nm_comprimento_da_agulha\">55 mm<\/td>\n<td class=\"ninja_column_5 ninja_clmn_nm_diametro_do_balao\">8 &#8211; 9 -10 mm 24 &#8211; 27 &#8211; 30 Fr<\/td>\n<td class=\"ninja_column_6 ninja_clmn_nm_imagem footable-last-visible\" data-json_values=\"{&quot;permalink&quot;:&quot;&quot;,&quot;image_thumb&quot;:&quot;https:\\\/\\\/gfedobrasil.com.br\\\/wp-content\\\/uploads\\\/2022\\\/10\\\/Captura-de-Tela-2018-05-17-a\\u0300s-16.06.06.png&quot;,&quot;image_full&quot;:&quot;https:\\\/\\\/gfedobrasil.com.br\\\/wp-content\\\/uploads\\\/2022\\\/10\\\/Captura-de-Tela-2018-05-17-a\\u0300s-16.06.06.png&quot;,&quot;alt_text&quot;:&quot;Captura-de-Tela-2018-05-17-a\\u0300s-16.06.06&quot;}\"><\/td>\n<\/tr>\n<tr class=\"ninja_table_row_1 nt_row_id_76\" data-row_id=\"76\">\n<td class=\"ninja_column_0 ninja_clmn_nm_referencia footable-first-visible\">EZM1055<\/td>\n<td class=\"ninja_column_1 ninja_clmn_nm_comprimento\">240 cm<\/td>\n<td class=\"ninja_column_2 ninja_clmn_nm_diametro_da_escova\">2.3 mm<\/td>\n<td class=\"ninja_column_3 ninja_clmn_nm_pressao\">atm 3 &#8211; 5 &#8211; 7 psi 45 &#8211; 75 &#8211; 105<\/td>\n<td class=\"ninja_column_4 ninja_clmn_nm_comprimento_da_agulha\">55 mm<\/td>\n<td class=\"ninja_column_5 ninja_clmn_nm_diametro_do_balao\">10 &#8211; 11 &#8211; 12 mm 30 &#8211; 33 &#8211; 36 Fr<\/td>\n<td class=\"ninja_column_6 ninja_clmn_nm_imagem footable-last-visible\" data-json_values=\"{&quot;permalink&quot;:&quot;&quot;,&quot;image_thumb&quot;:&quot;https:\\\/\\\/gfedobrasil.com.br\\\/wp-content\\\/uploads\\\/2022\\\/10\\\/Captura-de-Tela-2018-05-17-a\\u0300s-16.06.06.png&quot;,&quot;image_full&quot;:&quot;https:\\\/\\\/gfedobrasil.com.br\\\/wp-content\\\/uploads\\\/2022\\\/10\\\/Captura-de-Tela-2018-05-17-a\\u0300s-16.06.06.png&quot;,&quot;alt_text&quot;:&quot;Captura-de-Tela-2018-05-17-a\\u0300s-16.06.06&quot;}\"><\/td>\n<\/tr>\n<tr class=\"ninja_table_row_2 nt_row_id_77\" data-row_id=\"77\">\n<td class=\"ninja_column_0 ninja_clmn_nm_referencia footable-first-visible\">EZM1255<\/td>\n<td class=\"ninja_column_1 ninja_clmn_nm_comprimento\">240 cm<\/td>\n<td class=\"ninja_column_2 ninja_clmn_nm_diametro_da_escova\">2.3 mm<\/td>\n<td class=\"ninja_column_3 ninja_clmn_nm_pressao\">atm 3 &#8211; 4.5 &#8211; 7.5 psi 45 &#8211; 67.5 &#8211; 112.5<\/td>\n<td class=\"ninja_column_4 ninja_clmn_nm_comprimento_da_agulha\">55 mm<\/td>\n<td class=\"ninja_column_5 ninja_clmn_nm_diametro_do_balao\">12 &#8211; 13.5 &#8211; 15 mm 36 &#8211; 40.5 &#8211; 45 Fr<\/td>\n<td class=\"ninja_column_6 ninja_clmn_nm_imagem footable-last-visible\" data-json_values=\"{&quot;permalink&quot;:&quot;&quot;,&quot;image_thumb&quot;:&quot;https:\\\/\\\/gfedobrasil.com.br\\\/wp-content\\\/uploads\\\/2022\\\/10\\\/Captura-de-Tela-2018-05-17-a\\u0300s-16.06.06.png&quot;,&quot;image_full&quot;:&quot;https:\\\/\\\/gfedobrasil.com.br\\\/wp-content\\\/uploads\\\/2022\\\/10\\\/Captura-de-Tela-2018-05-17-a\\u0300s-16.06.06.png&quot;,&quot;alt_text&quot;:&quot;Captura-de-Tela-2018-05-17-a\\u0300s-16.06.06&quot;}\"><\/td>\n<\/tr>\n<tr class=\"ninja_table_row_3 nt_row_id_78\" data-row_id=\"78\">\n<td class=\"ninja_column_0 ninja_clmn_nm_referencia footable-first-visible\">EZM1555<\/td>\n<td class=\"ninja_column_1 ninja_clmn_nm_comprimento\">240 cm<\/td>\n<td class=\"ninja_column_2 ninja_clmn_nm_diametro_da_escova\">2.3 mm<\/td>\n<td class=\"ninja_column_3 ninja_clmn_nm_pressao\">atm 3 &#8211; 4.5 &#8211; 6.5 psi 45 &#8211; 67.5 &#8211; 97.5<\/td>\n<td class=\"ninja_column_4 ninja_clmn_nm_comprimento_da_agulha\">55 mm<\/td>\n<td class=\"ninja_column_5 ninja_clmn_nm_diametro_do_balao\">15 &#8211; 16.5 &#8211; 18 mm 45 &#8211; 49.5 &#8211; 54 Fr<\/td>\n<td class=\"ninja_column_6 ninja_clmn_nm_imagem footable-last-visible\" data-json_values=\"{&quot;permalink&quot;:&quot;&quot;,&quot;image_thumb&quot;:&quot;https:\\\/\\\/gfedobrasil.com.br\\\/wp-content\\\/uploads\\\/2022\\\/10\\\/Captura-de-Tela-2018-05-17-a\\u0300s-16.06.06.png&quot;,&quot;image_full&quot;:&quot;https:\\\/\\\/gfedobrasil.com.br\\\/wp-content\\\/uploads\\\/2022\\\/10\\\/Captura-de-Tela-2018-05-17-a\\u0300s-16.06.06.png&quot;,&quot;alt_text&quot;:&quot;Captura-de-Tela-2018-05-17-a\\u0300s-16.06.06&quot;}\"><\/td>\n<\/tr>\n<tr class=\"ninja_table_row_4 nt_row_id_79\" data-row_id=\"79\">\n<td class=\"ninja_column_0 ninja_clmn_nm_referencia footable-first-visible\">EZM1855<\/td>\n<td class=\"ninja_column_1 ninja_clmn_nm_comprimento\">240 cm<\/td>\n<td class=\"ninja_column_2 ninja_clmn_nm_diametro_da_escova\">2.3 mm<\/td>\n<td class=\"ninja_column_3 ninja_clmn_nm_pressao\">atm 3 &#8211; 4.5 &#8211; 5.5 psi 45 &#8211; 67.5 &#8211; 82.5<\/td>\n<td class=\"ninja_column_4 ninja_clmn_nm_comprimento_da_agulha\">55 mm<\/td>\n<td class=\"ninja_column_5 ninja_clmn_nm_diametro_do_balao\">18 &#8211; 19 &#8211; 20 mm 54 &#8211; 57 &#8211; 60 Fr<\/td>\n<td class=\"ninja_column_6 ninja_clmn_nm_imagem footable-last-visible\" data-json_values=\"{&quot;permalink&quot;:&quot;&quot;,&quot;image_thumb&quot;:&quot;https:\\\/\\\/gfedobrasil.com.br\\\/wp-content\\\/uploads\\\/2022\\\/10\\\/Captura-de-Tela-2018-05-17-a\\u0300s-16.06.06.png&quot;,&quot;image_full&quot;:&quot;https:\\\/\\\/gfedobrasil.com.br\\\/wp-content\\\/uploads\\\/2022\\\/10\\\/Captura-de-Tela-2018-05-17-a\\u0300s-16.06.06.png&quot;,&quot;alt_text&quot;:&quot;Captura-de-Tela-2018-05-17-a\\u0300s-16.06.06&quot;}\"><\/td>\n<\/tr>\n<\/tbody>\n<\/table>\n<\/div>\n<\/div>\n<\/div>\n<\/div>\n","protected":false},"excerpt":{"rendered":"<p>Precision\u00ae e\u0301 uma linha de bal\u00e3o da G-Flex com tecnologia pr\u00f3pria. Estes modelos possuem um comprimento \u00fanico para atender dilata\u00e7\u00e3o de es\u00f4fago, pil\u00f3rico ou c\u00f3lico. Todos com tr\u00eas marcadores radiopacos para facilitar seu posicionamento e s\u00e3o, tamb\u00e9m, hidrost\u00e1ticos.<\/p>\n","protected":false},"featured_media":931,"template":"","meta":[],"product_brand":[],"product_cat":[126],"product_tag":[],"class_list":{"0":"post-930","1":"product","2":"type-product","3":"status-publish","4":"has-post-thumbnail","6":"product_cat-endoscopia","8":"first","9":"instock","10":"sold-individually","11":"shipping-taxable","12":"product-type-simple","13":"czr-hentry"},"_links":{"self":[{"href":"https:\/\/hp.nutricionalfarma.com.br\/index.php?rest_route=\/wp\/v2\/product\/930","targetHints":{"allow":["GET"]}}],"collection":[{"href":"https:\/\/hp.nutricionalfarma.com.br\/index.php?rest_route=\/wp\/v2\/product"}],"about":[{"href":"https:\/\/hp.nutricionalfarma.com.br\/index.php?rest_route=\/wp\/v2\/types\/product"}],"wp:featuredmedia":[{"embeddable":true,"href":"https:\/\/hp.nutricionalfarma.com.br\/index.php?rest_route=\/wp\/v2\/media\/931"}],"wp:attachment":[{"href":"https:\/\/hp.nutricionalfarma.com.br\/index.php?rest_route=%2Fwp%2Fv2%2Fmedia&parent=930"}],"wp:term":[{"taxonomy":"product_brand","embeddable":true,"href":"https:\/\/hp.nutricionalfarma.com.br\/index.php?rest_route=%2Fwp%2Fv2%2Fproduct_brand&post=930"},{"taxonomy":"product_cat","embeddable":true,"href":"https:\/\/hp.nutricionalfarma.com.br\/index.php?rest_route=%2Fwp%2Fv2%2Fproduct_cat&post=930"},{"taxonomy":"product_tag","embeddable":true,"href":"https:\/\/hp.nutricionalfarma.com.br\/index.php?rest_route=%2Fwp%2Fv2%2Fproduct_tag&post=930"}],"curies":[{"name":"wp","href":"https:\/\/api.w.org\/{rel}","templated":true}]}}