{"id":927,"date":"2024-05-06T16:51:50","date_gmt":"2024-05-06T16:51:50","guid":{"rendered":"https:\/\/hp.nutricionalfarma.com.br\/?post_type=product&#038;p=927"},"modified":"2024-05-06T20:25:41","modified_gmt":"2024-05-06T20:25:41","slug":"empurradores-cystotomos","status":"publish","type":"product","link":"https:\/\/hp.nutricionalfarma.com.br\/?product=empurradores-cystotomos","title":{"rendered":"Empurradores &#8211; Cyst\u00f3tomos"},"content":{"rendered":"<div class=\"elementor-element elementor-element-8dba6d5 elementor-widget elementor-widget-heading\" data-id=\"8dba6d5\" data-element_type=\"widget\" data-widget_type=\"heading.default\">\n<div class=\"elementor-widget-container\" style=\"text-align: center;\"><iframe title=\"Cist\u00f3tomo e Drenagem de Pseudocisto - GFE do Brasil\" src=\"https:\/\/www.youtube.com\/embed\/RD1MXBhCQg0\" width=\"584\" height=\"329\" frameborder=\"0\" allowfullscreen=\"allowfullscreen\"><\/iframe><\/div>\n<div class=\"elementor-widget-container\" style=\"text-align: center;\">\n<h2 class=\"elementor-heading-title elementor-size-default\" style=\"text-align: left;\">Especifica\u00e7\u00f5es<\/h2>\n<\/div>\n<\/div>\n<div class=\"elementor-element elementor-element-9099545 elementor-widget-divider--view-line elementor-widget elementor-widget-divider\" data-id=\"9099545\" data-element_type=\"widget\" data-widget_type=\"divider.default\">\n<div class=\"elementor-widget-container\">\n<div class=\"elementor-divider\"><\/div>\n<\/div>\n<\/div>\n<div class=\"elementor-element elementor-element-c032407 elementor-widget elementor-widget-shortcode\" data-id=\"c032407\" data-element_type=\"widget\" data-widget_type=\"shortcode.default\">\n<div class=\"elementor-widget-container\">\n<div class=\"elementor-shortcode\">\n<div id=\"footable_parent_3071\" class=\"footable_parent ninja_table_wrapper wp_table_data_press_parent semantic_ui colored_table\">\n<table id=\"footable_3071\" class=\"foo-table ninja_footable foo_table_3071 ninja_table_unique_id_578066206_3071 ui table nt_type_legacy_table selectable celled vertical_centered ninja_custom_color inverted footable-paging-right ninja_table_search_disabled ninja_table_pro footable footable-1 footable-paging breakpoint-lg\" data-ninja_table_instance=\"ninja_table_instance_0\" data-footable_id=\"3071\" data-filter-delay=\"1000\" aria-label=\"Empurradores \u2013 Cyst\u00f3tomos\" data-unique_identifier=\"ninja_table_unique_id_578066206_3071\">\n<colgroup>\n<col class=\"ninja_column_0 \" \/>\n<col class=\"ninja_column_1 \" \/>\n<col class=\"ninja_column_2 \" \/>\n<col class=\"ninja_column_3 \" \/>\n<col class=\"ninja_column_4 \" \/><\/colgroup>\n<thead>\n<tr class=\"footable-header\">\n<th class=\"ninja_column_0 ninja_clmn_nm_referencia footable-first-visible\" scope=\"col\">REFER\u00caNCIA<\/th>\n<th class=\"ninja_column_1 ninja_clmn_nm_comprimento\" scope=\"col\">COMPRIMENTO<\/th>\n<th class=\"ninja_column_2 ninja_clmn_nm_diametro_da_escova\" scope=\"col\">DIA\u0302METRO<\/th>\n<th class=\"ninja_column_3 ninja_clmn_nm_descricao\" scope=\"col\">DESCRI\u00c7\u00c3O<\/th>\n<th class=\"ninja_column_4 ninja_clmn_nm_imagem footable-last-visible\" scope=\"col\"><\/th>\n<\/tr>\n<\/thead>\n<tbody>\n<tr class=\"ninja_table_row_0 nt_row_id_93\" data-row_id=\"93\">\n<td class=\"ninja_column_0 ninja_clmn_nm_referencia footable-first-visible\">CYSTO06U<\/td>\n<td class=\"ninja_column_1 ninja_clmn_nm_comprimento\">180 cm<\/td>\n<td class=\"ninja_column_2 ninja_clmn_nm_diametro_da_escova\">6 Fr<\/td>\n<td class=\"ninja_column_3 ninja_clmn_nm_descricao\">Cystogastrostome uso \u00fanico sem agulha diat\u00e9rmica<\/td>\n<td class=\"ninja_column_4 ninja_clmn_nm_imagem footable-last-visible\" data-json_values=\"{&quot;permalink&quot;:&quot;&quot;,&quot;image_thumb&quot;:&quot;https:\\\/\\\/gfedobrasil.com.br\\\/wp-content\\\/uploads\\\/2022\\\/10\\\/Captura-de-Tela-2018-05-17-a\\u0300s-16.06.06.png&quot;,&quot;image_full&quot;:&quot;https:\\\/\\\/gfedobrasil.com.br\\\/wp-content\\\/uploads\\\/2022\\\/10\\\/Captura-de-Tela-2018-05-17-a\\u0300s-16.06.06.png&quot;,&quot;alt_text&quot;:&quot;Captura-de-Tela-2018-05-17-a\\u0300s-16.06.06&quot;}\"><\/td>\n<\/tr>\n<\/tbody>\n<tfoot><\/tfoot>\n<\/table>\n<\/div>\n<div id=\"footable_parent_3073\" class=\"footable_parent ninja_table_wrapper wp_table_data_press_parent semantic_ui colored_table\">\n<table id=\"footable_3073\" class=\"foo-table ninja_footable foo_table_3073 ninja_table_unique_id_2066216614_3073 ui table nt_type_legacy_table selectable celled vertical_centered ninja_custom_color inverted footable-paging-right ninja_table_search_disabled ninja_table_pro footable footable-2 footable-paging breakpoint-lg\" style=\"height: 154px;\" width=\"815\" data-ninja_table_instance=\"ninja_table_instance_1\" data-footable_id=\"3073\" data-filter-delay=\"1000\" aria-label=\"Empurradores \u2013 Cyst\u00f3tomos 2\" data-unique_identifier=\"ninja_table_unique_id_2066216614_3073\">\n<colgroup>\n<col class=\"ninja_column_0 \" \/>\n<col class=\"ninja_column_1 \" \/>\n<col class=\"ninja_column_2 \" \/>\n<col class=\"ninja_column_3 \" \/>\n<col class=\"ninja_column_4 \" \/>\n<col class=\"ninja_column_5 \" \/><\/colgroup>\n<thead>\n<tr class=\"footable-header\">\n<th class=\"ninja_column_0 ninja_clmn_nm_referencia footable-first-visible\" scope=\"col\">REFER\u00caNCIA<\/th>\n<th class=\"ninja_column_1 ninja_clmn_nm_comprimento\" scope=\"col\">COMPRIMENTO<\/th>\n<th class=\"ninja_column_2 ninja_clmn_nm_diametro_da_escova\" scope=\"col\">DIA\u0302METRO<\/th>\n<th class=\"ninja_column_3 ninja_clmn_nm_cor\" scope=\"col\">COR<\/th>\n<th class=\"ninja_column_4 ninja_clmn_nm_descricao\" scope=\"col\">DESCRI\u00c7\u00c3O<\/th>\n<th class=\"ninja_column_5 ninja_clmn_nm_imagem footable-last-visible\" scope=\"col\"><\/th>\n<\/tr>\n<\/thead>\n<tbody>\n<tr class=\"ninja_table_row_0 nt_row_id_94\" data-row_id=\"94\">\n<td class=\"ninja_column_0 ninja_clmn_nm_referencia footable-first-visible\">DISS05U<\/td>\n<td class=\"ninja_column_1 ninja_clmn_nm_comprimento\">180 cm<\/td>\n<td class=\"ninja_column_2 ninja_clmn_nm_diametro_da_escova\">5 Fr<\/td>\n<td class=\"ninja_column_3 ninja_clmn_nm_cor\"><\/td>\n<td class=\"ninja_column_4 ninja_clmn_nm_descricao\">Introdutor de Pr\u00f3tese em Teflon<\/td>\n<td class=\"ninja_column_5 ninja_clmn_nm_imagem footable-last-visible\" data-json_values=\"{&quot;permalink&quot;:&quot;&quot;,&quot;image_thumb&quot;:&quot;https:\\\/\\\/gfedobrasil.com.br\\\/wp-content\\\/uploads\\\/2022\\\/10\\\/Captura-de-Tela-2018-05-17-a\\u0300s-16.06.06.png&quot;,&quot;image_full&quot;:&quot;https:\\\/\\\/gfedobrasil.com.br\\\/wp-content\\\/uploads\\\/2022\\\/10\\\/Captura-de-Tela-2018-05-17-a\\u0300s-16.06.06.png&quot;,&quot;alt_text&quot;:&quot;Captura-de-Tela-2018-05-17-a\\u0300s-16.06.06&quot;}\"><\/td>\n<\/tr>\n<tr class=\"ninja_table_row_1 nt_row_id_95\" data-row_id=\"95\">\n<td class=\"ninja_column_0 ninja_clmn_nm_referencia footable-first-visible\">DISS07U<\/td>\n<td class=\"ninja_column_1 ninja_clmn_nm_comprimento\">180 cm<\/td>\n<td class=\"ninja_column_2 ninja_clmn_nm_diametro_da_escova\">7 Fr<\/td>\n<td class=\"ninja_column_3 ninja_clmn_nm_cor\">Amarelo<\/td>\n<td class=\"ninja_column_4 ninja_clmn_nm_descricao\">Empurrador<\/td>\n<td class=\"ninja_column_5 ninja_clmn_nm_imagem footable-last-visible\" data-json_values=\"{&quot;permalink&quot;:&quot;&quot;,&quot;image_thumb&quot;:&quot;https:\\\/\\\/gfedobrasil.com.br\\\/wp-content\\\/uploads\\\/2022\\\/10\\\/Captura-de-Tela-2018-05-17-a\\u0300s-16.06.06.png&quot;,&quot;image_full&quot;:&quot;https:\\\/\\\/gfedobrasil.com.br\\\/wp-content\\\/uploads\\\/2022\\\/10\\\/Captura-de-Tela-2018-05-17-a\\u0300s-16.06.06.png&quot;,&quot;alt_text&quot;:&quot;Captura-de-Tela-2018-05-17-a\\u0300s-16.06.06&quot;}\"><\/td>\n<\/tr>\n<tr class=\"ninja_table_row_2 nt_row_id_96\" data-row_id=\"96\">\n<td class=\"ninja_column_0 ninja_clmn_nm_referencia footable-first-visible\">DISS08U<\/td>\n<td class=\"ninja_column_1 ninja_clmn_nm_comprimento\">220 cm<\/td>\n<td class=\"ninja_column_2 ninja_clmn_nm_diametro_da_escova\">8.5 Fr<\/td>\n<td class=\"ninja_column_3 ninja_clmn_nm_cor\">Laranja<\/td>\n<td class=\"ninja_column_4 ninja_clmn_nm_descricao\">Empurrador + Cateter Guia<\/td>\n<td class=\"ninja_column_5 ninja_clmn_nm_imagem footable-last-visible\" data-json_values=\"{&quot;permalink&quot;:&quot;&quot;,&quot;image_thumb&quot;:&quot;https:\\\/\\\/gfedobrasil.com.br\\\/wp-content\\\/uploads\\\/2022\\\/10\\\/Captura-de-Tela-2018-05-17-a\\u0300s-16.06.06.png&quot;,&quot;image_full&quot;:&quot;https:\\\/\\\/gfedobrasil.com.br\\\/wp-content\\\/uploads\\\/2022\\\/10\\\/Captura-de-Tela-2018-05-17-a\\u0300s-16.06.06.png&quot;,&quot;alt_text&quot;:&quot;Captura-de-Tela-2018-05-17-a\\u0300s-16.06.06&quot;}\"><\/td>\n<\/tr>\n<tr class=\"ninja_table_row_3 nt_row_id_97\" data-row_id=\"97\">\n<td class=\"ninja_column_0 ninja_clmn_nm_referencia footable-first-visible\">DISS10U<\/td>\n<td class=\"ninja_column_1 ninja_clmn_nm_comprimento\">220 cm<\/td>\n<td class=\"ninja_column_2 ninja_clmn_nm_diametro_da_escova\">10 Fr<\/td>\n<td class=\"ninja_column_3 ninja_clmn_nm_cor\">Vermelho<\/td>\n<td class=\"ninja_column_4 ninja_clmn_nm_descricao\">Empurrador + Cateter Guia<\/td>\n<td class=\"ninja_column_5 ninja_clmn_nm_imagem footable-last-visible\" data-json_values=\"{&quot;permalink&quot;:&quot;&quot;,&quot;image_thumb&quot;:&quot;https:\\\/\\\/gfedobrasil.com.br\\\/wp-content\\\/uploads\\\/2022\\\/10\\\/Captura-de-Tela-2018-05-17-a\\u0300s-16.06.06.png&quot;,&quot;image_full&quot;:&quot;https:\\\/\\\/gfedobrasil.com.br\\\/wp-content\\\/uploads\\\/2022\\\/10\\\/Captura-de-Tela-2018-05-17-a\\u0300s-16.06.06.png&quot;,&quot;alt_text&quot;:&quot;Captura-de-Tela-2018-05-17-a\\u0300s-16.06.06&quot;}\"><\/td>\n<\/tr>\n<\/tbody>\n<\/table>\n<\/div>\n<\/div>\n<\/div>\n<\/div>\n","protected":false},"excerpt":{"rendered":"<p>Especifica\u00e7\u00f5es REFER\u00caNCIA COMPRIMENTO DIA\u0302METRO DESCRI\u00c7\u00c3O CYSTO06U 180 cm 6 Fr Cystogastrostome uso \u00fanico sem agulha diat\u00e9rmica REFER\u00caNCIA COMPRIMENTO DIA\u0302METRO COR DESCRI\u00c7\u00c3O DISS05U 180 cm 5 Fr Introdutor de Pr\u00f3tese em Teflon DISS07U 180 cm 7 Fr Amarelo Empurrador DISS08U 220 cm 8.5 Fr Laranja Empurrador + Cateter Guia DISS10U 220 cm 10 Fr Vermelho Empurrador [&hellip;]<\/p>\n","protected":false},"featured_media":928,"template":"","meta":[],"product_brand":[],"product_cat":[126],"product_tag":[],"class_list":{"0":"post-927","1":"product","2":"type-product","3":"status-publish","4":"has-post-thumbnail","6":"product_cat-endoscopia","8":"first","9":"instock","10":"sold-individually","11":"shipping-taxable","12":"product-type-simple","13":"czr-hentry"},"_links":{"self":[{"href":"https:\/\/hp.nutricionalfarma.com.br\/index.php?rest_route=\/wp\/v2\/product\/927","targetHints":{"allow":["GET"]}}],"collection":[{"href":"https:\/\/hp.nutricionalfarma.com.br\/index.php?rest_route=\/wp\/v2\/product"}],"about":[{"href":"https:\/\/hp.nutricionalfarma.com.br\/index.php?rest_route=\/wp\/v2\/types\/product"}],"wp:featuredmedia":[{"embeddable":true,"href":"https:\/\/hp.nutricionalfarma.com.br\/index.php?rest_route=\/wp\/v2\/media\/928"}],"wp:attachment":[{"href":"https:\/\/hp.nutricionalfarma.com.br\/index.php?rest_route=%2Fwp%2Fv2%2Fmedia&parent=927"}],"wp:term":[{"taxonomy":"product_brand","embeddable":true,"href":"https:\/\/hp.nutricionalfarma.com.br\/index.php?rest_route=%2Fwp%2Fv2%2Fproduct_brand&post=927"},{"taxonomy":"product_cat","embeddable":true,"href":"https:\/\/hp.nutricionalfarma.com.br\/index.php?rest_route=%2Fwp%2Fv2%2Fproduct_cat&post=927"},{"taxonomy":"product_tag","embeddable":true,"href":"https:\/\/hp.nutricionalfarma.com.br\/index.php?rest_route=%2Fwp%2Fv2%2Fproduct_tag&post=927"}],"curies":[{"name":"wp","href":"https:\/\/api.w.org\/{rel}","templated":true}]}}