{"id":89,"date":"2023-03-10T13:31:49","date_gmt":"2023-03-10T13:31:49","guid":{"rendered":"https:\/\/hp.nutricionalfarma.com.br\/?product=trophic-soya-1-5-1-l"},"modified":"2023-03-30T17:36:58","modified_gmt":"2023-03-30T17:36:58","slug":"trophic-soya-1-5-1-l","status":"publish","type":"product","link":"https:\/\/hp.nutricionalfarma.com.br\/?product=trophic-soya-1-5-1-l","title":{"rendered":"Trophic Soya 1.5 &#8211; 1 L"},"content":{"rendered":"<p>&nbsp;<\/p>\n<div>\n<p>O MELHOR DA PROTE\u00cdNA DE SOJA AGORA EM 1.5 Kcal\/ml.<br \/>\nCom sua f\u00f3rmula com 100% prote\u00edna isolada de soja e baixo teor de gorduras saturadas, Trophic Soya 1.5 agora oferece tamb\u00e9m mais calorias para sua alimenta\u00e7\u00e3o, com 1.500 kcal por litro.<\/p>\n<h2>INDICA\u00c7\u00c3O<\/h2>\n<p>Risco nutricional ou situa\u00e7\u00f5es de nutri\u00e7\u00e3o enteral prolongada.\n<\/p><\/div>\n<h2>INFORMA\u00c7\u00c3O NUTRICIONAL<\/h2>\n<ul>\n<li>\n<h6><strong>Distribui\u00e7\u00e3o cal\u00f3rica<\/strong><\/h6>\n<p>CH 27% &#8211; 27 g\/100 g<br \/>\nLIP 21% &#8211; 9 g\/100 g<br \/>\nPT 51% &#8211; 50 g\/100 g<\/li>\n<li>\n<h6><strong>Prote\u00edna por dose*<\/strong><\/h6>\n<p>26 g<\/li>\n<li>\n<h6><strong>Vitamina B12 por dose*<\/strong><\/h6>\n<\/li>\n<li>\n<h6><\/h6>\n<p>2,3 mcg<\/li>\n<li>\n<h6><strong>Vitamina D por dose*<\/strong><\/h6>\n<p>5,2 mcg<\/li>\n<li>\n<h6><strong>Vitamina C por dose*<\/strong><\/h6>\n<p>30 mg<\/li>\n<li>\n<h6><strong>C\u00e1lcio por dose*<\/strong><\/h6>\n<p>272 mg<\/li>\n<li>\n<h6><strong>Sel\u00eanio por dose*<\/strong><\/h6>\n<p>26 mcg<\/li>\n<li>\n<h6><strong>Zinco por dose*<\/strong><\/h6>\n<p>3,2 mg<\/li>\n<li>\n<h6><strong>Fibras por dose*<\/strong><\/h6>\n<p>3,2 g<br \/>\n100% FOS<\/li>\n<li>\n<h6><strong>Preparo<\/strong><\/h6>\n<p>Misture com \u00e1gua ou outros alimentos, como sucos, iogurte, leite e sopas at\u00e9 completa homogeneiza\u00e7\u00e3o.<\/li>\n<li>\n<h6><strong>Sabor<\/strong><\/h6>\n<p>Neutro<\/li>\n<li>\n<h6><strong>Dilui\u00e7\u00e3o (Preparo 200 ml)<\/strong><\/h6>\n<p>7 colheres de sopa + 160 ml de \u00e1gua<\/li>\n<li>\n<h6><strong>Apresenta\u00e7\u00e3o | Kcal por embalagem<\/strong><\/h6>\n<p>350 g | 1346 kcal<\/li>\n<li>\n<h6> N\u00e3o cont\u00e9m gl\u00faten e sacarose<\/h6>\n<\/li>\n<li>\n<h6>Cont\u00e9m lactose<\/h6>\n<\/li>\n<li>\n<h6>*<em>Dose de 52 g<\/em><\/h6>\n<\/li>\n<li>\n<h6>PRODUTO CERTIFICADO HALAL<\/h6>\n<\/li>\n<li><\/li>\n<\/ul>\n<\/div>\n<h2>TABELA NUTRICIONAL<\/h2>\n<table class=\"t1\" cellspacing=\"0\" cellpadding=\"0\">\n<tbody>\n<tr>\n<td class=\"td1\" valign=\"top\">\n<p class=\"p2\">Valor energ\u00e9tico<br \/>\nPor 52 g (7 colheres de sopa)<\/p>\n<\/td>\n<td class=\"td1\" valign=\"top\">\n<p class=\"p3\">200kcal<\/p>\n<p class=\"p3\">= 840kJ<\/p>\n<\/td>\n<\/tr>\n<tr>\n<td class=\"td1\" valign=\"top\">\n<p class=\"p2\">Carboidratos, dos quais:<\/p>\n<\/td>\n<td class=\"td1\" valign=\"top\">\n<p class=\"p3\">14 g<\/p>\n<\/td>\n<\/tr>\n<tr>\n<td class=\"td1\" valign=\"top\">\n<p class=\"p2\">Prote\u00ednas<\/p>\n<\/td>\n<td class=\"td1\" valign=\"top\">\n<p class=\"p3\">26 g<\/p>\n<\/td>\n<\/tr>\n<tr>\n<td class=\"td1\" valign=\"top\">\n<p class=\"p2\">Gorduras totais,<\/p>\n<p class=\"p2\">dos quais:<\/p>\n<\/td>\n<td class=\"td1\" valign=\"top\">\n<p class=\"p3\">4,8 g<\/p>\n<\/td>\n<\/tr>\n<tr>\n<td class=\"td1\" valign=\"top\">\n<p class=\"p2\">     gorduras saturadas<\/p>\n<\/td>\n<td class=\"td1\" valign=\"top\">\n<p class=\"p3\">1,7 g<\/p>\n<\/td>\n<\/tr>\n<tr>\n<td class=\"td1\" valign=\"top\">\n<p class=\"p2\">     gorduras trans<\/p>\n<\/td>\n<td class=\"td1\" valign=\"top\">\n<p class=\"p3\">0<\/p>\n<\/td>\n<\/tr>\n<tr>\n<td class=\"td1\" valign=\"top\">\n<p class=\"p2\">Fibra Alimentar<\/p>\n<\/td>\n<td class=\"td1\" valign=\"top\">\n<p class=\"p3\">3,2 g<\/p>\n<\/td>\n<\/tr>\n<tr>\n<td class=\"td1\" style=\"text-align: center; vertical-align: middle;\" colspan=\"2\" valign=\"top\">\n<p class=\"p3\"><strong>MINERAIS<\/strong><\/p>\n<\/td>\n<\/tr>\n<tr>\n<td class=\"td1\" valign=\"top\">\n<p class=\"p2\">S\u00f3dio<\/p>\n<\/td>\n<td class=\"td1\" valign=\"top\">\n<p class=\"p3\">164 mg<\/p>\n<\/td>\n<\/tr>\n<tr>\n<td class=\"td1\" valign=\"top\">\n<p class=\"p2\">C\u00e1lcio<\/p>\n<\/td>\n<td class=\"td1\" valign=\"top\">\n<p class=\"p3\">272 mg<\/p>\n<\/td>\n<\/tr>\n<tr>\n<td class=\"td1\" valign=\"top\">\n<p class=\"p2\">Ferro<\/p>\n<\/td>\n<td class=\"td1\" valign=\"top\">\n<p class=\"p3\">2,8 mg<\/p>\n<\/td>\n<\/tr>\n<tr>\n<td class=\"td1\" valign=\"top\">\n<p class=\"p2\">Pot\u00e1ssio<\/p>\n<\/td>\n<td class=\"td1\" valign=\"top\">\n<p class=\"p3\">498 mg<\/p>\n<\/td>\n<\/tr>\n<tr>\n<td class=\"td1\" valign=\"top\">\n<p class=\"p2\">Cloro<\/p>\n<\/td>\n<td class=\"td1\" valign=\"top\">\n<p class=\"p3\">247 mg<\/p>\n<\/td>\n<\/tr>\n<tr>\n<td class=\"td1\" valign=\"top\">\n<p class=\"p2\">F\u00f3sforo<\/p>\n<\/td>\n<td class=\"td1\" valign=\"top\">\n<p class=\"p3\">117 mg<\/p>\n<\/td>\n<\/tr>\n<tr>\n<td class=\"td1\" valign=\"top\">\n<p class=\"p2\">Magn\u00e9sio<\/p>\n<\/td>\n<td class=\"td1\" valign=\"top\">\n<p class=\"p3\">74 mg<\/p>\n<\/td>\n<\/tr>\n<tr>\n<td class=\"td1\" valign=\"top\">\n<p class=\"p2\">Zinco<\/p>\n<\/td>\n<td class=\"td1\" valign=\"top\">\n<p class=\"p3\">3,2 mg<\/p>\n<\/td>\n<\/tr>\n<tr>\n<td class=\"td1\" valign=\"top\">\n<p class=\"p2\">Cobre<\/p>\n<\/td>\n<td class=\"td1\" valign=\"top\">\n<p class=\"p3\">208 mcg<\/p>\n<\/td>\n<\/tr>\n<tr>\n<td class=\"td1\" valign=\"top\">\n<p class=\"p2\">Iodo<\/p>\n<\/td>\n<td class=\"td1\" valign=\"top\">\n<p class=\"p3\">124 mcg<\/p>\n<\/td>\n<\/tr>\n<tr>\n<td class=\"td1\" valign=\"top\">\n<p class=\"p2\">Sel\u00eanio<\/p>\n<\/td>\n<td class=\"td1\" valign=\"top\">\n<p class=\"p3\">26 mcg<\/p>\n<\/td>\n<\/tr>\n<tr>\n<td class=\"td1\" valign=\"top\">\n<p class=\"p2\">Molibd\u00eanio<\/p>\n<\/td>\n<td class=\"td1\" valign=\"top\">\n<p class=\"p3\">4,7 mcg<\/p>\n<\/td>\n<\/tr>\n<tr>\n<td class=\"td1\" valign=\"top\">\n<p class=\"p2\">Cromo<\/p>\n<\/td>\n<td class=\"td1\" valign=\"top\">\n<p class=\"p3\">7,2 mcg<\/p>\n<\/td>\n<\/tr>\n<tr>\n<td class=\"td1\" valign=\"top\">\n<p class=\"p2\">Mangan\u00eas<\/p>\n<\/td>\n<td class=\"td1\" valign=\"top\">\n<p class=\"p3\">0,63 mg<\/p>\n<\/td>\n<\/tr>\n<tr>\n<td class=\"td1\" style=\"text-align: center; vertical-align: middle;\" colspan=\"2\" valign=\"top\">\n<p class=\"p3\"><strong>VITAMINAS<\/strong><\/p>\n<\/td>\n<\/tr>\n<tr>\n<td class=\"td1\" valign=\"top\">\n<p class=\"p2\">Vitamina A<\/p>\n<\/td>\n<td class=\"td1\" valign=\"top\">\n<p class=\"p3\">189 mcgRE<\/p>\n<\/td>\n<\/tr>\n<tr>\n<td class=\"td1\" valign=\"top\">\n<p class=\"p2\">Vitamina D<\/p>\n<\/td>\n<td class=\"td1\" valign=\"top\">\n<p class=\"p3\">5,2 mcg<\/p>\n<\/td>\n<\/tr>\n<tr>\n<td class=\"td1\" valign=\"top\">\n<p class=\"p2\">Vitamina E<\/p>\n<\/td>\n<td class=\"td1\" valign=\"top\">\n<p class=\"p3\">3,7 mg<\/p>\n<\/td>\n<\/tr>\n<tr>\n<td class=\"td1\" valign=\"top\">\n<p class=\"p2\">Vitamina K<\/p>\n<\/td>\n<td class=\"td1\" valign=\"top\">\n<p class=\"p3\">29 mg<\/p>\n<\/td>\n<\/tr>\n<tr>\n<td class=\"td1\" valign=\"top\">\n<p class=\"p2\">Vitamina B1<\/p>\n<\/td>\n<td class=\"td1\" valign=\"top\">\n<p class=\"p3\">0,34 mg<\/p>\n<\/td>\n<\/tr>\n<tr>\n<td class=\"td1\" valign=\"top\">\n<p class=\"p2\">Vitamina B2<\/p>\n<\/td>\n<td class=\"td1\" valign=\"top\">\n<p class=\"p3\">0,47 mg<\/p>\n<\/td>\n<\/tr>\n<tr>\n<td class=\"td1\" valign=\"top\">\n<p class=\"p2\">Niacina<\/p>\n<\/td>\n<td class=\"td1\" valign=\"top\">\n<p class=\"p3\">3,2 mg<\/p>\n<\/td>\n<\/tr>\n<tr>\n<td class=\"td1\" valign=\"top\">\n<p class=\"p2\">\u00c1cido Pantot\u00eanico<\/p>\n<\/td>\n<td class=\"td1\" valign=\"top\">\n<p class=\"p3\">1,5 mcg<\/p>\n<\/td>\n<\/tr>\n<tr>\n<td class=\"td1\" valign=\"top\">\n<p class=\"p2\">Vitamina B6<\/p>\n<\/td>\n<td class=\"td1\" valign=\"top\">\n<p class=\"p3\">0,52 mg<\/p>\n<\/td>\n<\/tr>\n<tr>\n<td class=\"td1\" valign=\"top\">\n<p class=\"p2\">\u00c1cido F\u00f3lico<\/p>\n<\/td>\n<td class=\"td1\" valign=\"top\">\n<p class=\"p3\">63 mg<\/p>\n<\/td>\n<\/tr>\n<tr>\n<td class=\"td1\" valign=\"top\">\n<p class=\"p2\">Vitamina B12<\/p>\n<\/td>\n<td class=\"td1\" valign=\"top\">\n<p class=\"p3\">2,3 mcg<\/p>\n<\/td>\n<\/tr>\n<tr>\n<td class=\"td1\" valign=\"top\">\n<p class=\"p2\">Biotina<\/p>\n<\/td>\n<td class=\"td1\" valign=\"top\">\n<p class=\"p3\">5,8 mcg<\/p>\n<\/td>\n<\/tr>\n<tr>\n<td class=\"td1\" valign=\"top\">\n<p class=\"p2\">Vitamina C<\/p>\n<\/td>\n<td class=\"td1\" valign=\"top\">\n<p class=\"p3\">30 mg<\/p>\n<\/td>\n<\/tr>\n<tr>\n<td class=\"td1\" valign=\"top\">\n<p class=\"p2\">Colina<\/p>\n<\/td>\n<td class=\"td1\" valign=\"top\">\n<p class=\"p3\">65 mg<\/p>\n<\/td>\n<\/tr>\n<\/tbody>\n<\/table>\n","protected":false},"excerpt":{"rendered":"<p>O MELHOR DA PROTE\u00cdNA DE SOJA AGORA EM 1.5 Kcal\/ml.<br \/>\nCom sua f\u00f3rmula com 100% prote\u00edna isolada de soja e baixo teor de gorduras saturadas, Trophic Soya 1.5 agora oferece tamb\u00e9m mais calorias para sua alimenta\u00e7\u00e3o, com 1.500 kcal por litro.<\/p>\n","protected":false},"featured_media":90,"template":"","meta":[],"product_brand":[],"product_cat":[16],"product_tag":[],"class_list":{"0":"post-89","1":"product","2":"type-product","3":"status-publish","4":"has-post-thumbnail","6":"product_cat-nutricao","8":"first","9":"instock","10":"sold-individually","11":"shipping-taxable","12":"purchasable","13":"product-type-simple","14":"czr-hentry"},"_links":{"self":[{"href":"https:\/\/hp.nutricionalfarma.com.br\/index.php?rest_route=\/wp\/v2\/product\/89","targetHints":{"allow":["GET"]}}],"collection":[{"href":"https:\/\/hp.nutricionalfarma.com.br\/index.php?rest_route=\/wp\/v2\/product"}],"about":[{"href":"https:\/\/hp.nutricionalfarma.com.br\/index.php?rest_route=\/wp\/v2\/types\/product"}],"wp:featuredmedia":[{"embeddable":true,"href":"https:\/\/hp.nutricionalfarma.com.br\/index.php?rest_route=\/wp\/v2\/media\/90"}],"wp:attachment":[{"href":"https:\/\/hp.nutricionalfarma.com.br\/index.php?rest_route=%2Fwp%2Fv2%2Fmedia&parent=89"}],"wp:term":[{"taxonomy":"product_brand","embeddable":true,"href":"https:\/\/hp.nutricionalfarma.com.br\/index.php?rest_route=%2Fwp%2Fv2%2Fproduct_brand&post=89"},{"taxonomy":"product_cat","embeddable":true,"href":"https:\/\/hp.nutricionalfarma.com.br\/index.php?rest_route=%2Fwp%2Fv2%2Fproduct_cat&post=89"},{"taxonomy":"product_tag","embeddable":true,"href":"https:\/\/hp.nutricionalfarma.com.br\/index.php?rest_route=%2Fwp%2Fv2%2Fproduct_tag&post=89"}],"curies":[{"name":"wp","href":"https:\/\/api.w.org\/{rel}","templated":true}]}}