{"id":87,"date":"2023-03-10T13:31:29","date_gmt":"2023-03-10T13:31:29","guid":{"rendered":"https:\/\/hp.nutricionalfarma.com.br\/?product=mobitube-prodiet-medical-nutrition"},"modified":"2023-03-30T17:36:58","modified_gmt":"2023-03-30T17:36:58","slug":"mobitube-prodiet-medical-nutrition","status":"publish","type":"product","link":"https:\/\/hp.nutricionalfarma.com.br\/?product=mobitube-prodiet-medical-nutrition","title":{"rendered":"Mobitube &#8211; Prodiet Medical Nutrition"},"content":{"rendered":"<p><\/p>\n<div id=\"tab-nutricional\">\n<p>O MobiTube surgiu do desejo de aliar nutri\u00e7\u00e3o e bem-estar para trilhar novos caminhos para quem sabe que pode chegar mais longe. Com design compacto e flex\u00edvel, o MobiTube proporciona o poder de escolha de fazer sua alimenta\u00e7\u00e3o como e onde quiser.<br \/>Se a vida \u00e9 movimento, escolha seu ritmo.<\/p>\n<p>Mais praticidade, liberdade e autonomia para aproveitar o m\u00e1ximo de cada dia. Conhe\u00e7a esse novo conceito na administra\u00e7\u00e3o da alimenta\u00e7\u00e3o enteral!<br \/>O MobiTube traz um conceito mais humanizado, seguro e port\u00e1til, para voc\u00ea se alimentar de onde quiser. Seja na praia, no almo\u00e7o com os amigos ou dentro de casa.<br \/>Com design exclusivo, se encaixa perfeitamente em qualquer superf\u00edcie se estende e \u00e9 flex\u00edvel para aumentar ainda mais suas possibilidades.<br \/>O suporte \u00e9 ideal para administra\u00e7\u00e3o de at\u00e9 600ml para cada refei\u00e7\u00e3o e pode ser utilizado de diferentes formas:<\/p>\n<p>\u2013 Gancho com frasco;<br \/>\u2013 Gancho com dose \u00fanica;<br \/>\u2013 Clipe com frasco.<\/p>\n<p><strong>Informa\u00e7\u00f5es t\u00e9cnicas:<\/strong><\/p>\n<p>\u2013 Comprimento da haste: 94cm<br \/>\u2013 Encaixa em mesas de at\u00e9 6,5cm<br \/>\u2013 Suporta at\u00e9 600ml<br \/>\u2013 Peso: 530g<\/p>\n<p>Visite o site oficial do produto <a href=\"https:\/\/mobitube.com.br\/\">clicando aqui<\/a>.<\/p>\n<\/p><\/div>\n<p><script type=\"text\/javascript\">\n!function(f,b,e,v,n,t,s){if(f.fbq)return;n=f.fbq=function(){n.callMethod?\nn.callMethod.apply(n,arguments):n.queue.push(arguments)};if(!f._fbq)f._fbq=n;\nn.push=n;n.loaded=!0;n.version='2.0';n.queue=[];t=b.createElement(e);t.async=!0;\nt.src=v;s=b.getElementsByTagName(e)[0];s.parentNode.insertBefore(t,s)}(window,\ndocument,'script','https:\/\/connect.facebook.net\/en_US\/fbevents.js');\n<\/script><script>\n\t\t!function(f,b,e,v,n,t,s){if(f.fbq)return;n=f.fbq=function(){n.callMethod?\n\t\tn.callMethod.apply(n,arguments):n.queue.push(arguments)};if(!f._fbq)f._fbq=n;\n\t\tn.push=n;n.loaded=!0;n.version='2.0';n.queue=[];t=b.createElement(e);t.async=!0;\n\t\tt.src=v;s=b.getElementsByTagName(e)[0];s.parentNode.insertBefore(t,s)}(window,\n\t\tdocument,'script','\/\/connect.facebook.net\/en_US\/fbevents.js');<\/p>\n<p>\t\tfbq('init', '1646710888920897');\n\t\tfbq('track', \"PageView\");\n\t<\/script><script>\n\t(function(d, s, id) {\n\t\tvar js, fjs = d.getElementsByTagName(s)[0];\n\t\tif (d.getElementById(id)) return;\n\t\tjs = d.createElement(s); js.id = id;\n\t\tjs.src = \"\/\/connect.facebook.net\/en_US\/sdk.js#xfbml=1&version=v2.4\";\n\t\tfjs.parentNode.insertBefore(js, fjs);\n\t}(document, 'script', 'facebook-jssdk'));\n<\/script><\/p>\n","protected":false},"excerpt":{"rendered":"<p>O MobiTube surgiu do desejo de aliar nutri\u00e7\u00e3o e bem-estar para trilhar novos caminhos para quem sabe que pode chegar mais longe. Com design compacto e flex\u00edvel, o MobiTube proporciona o poder de escolha de fazer sua alimenta\u00e7\u00e3o como e onde quiser.Se a vida \u00e9 movimento, escolha seu ritmo. Mais praticidade, liberdade e autonomia para [&hellip;]<\/p>\n","protected":false},"featured_media":88,"template":"","meta":[],"product_brand":[],"product_cat":[16],"product_tag":[],"class_list":{"0":"post-87","1":"product","2":"type-product","3":"status-publish","4":"has-post-thumbnail","6":"product_cat-nutricao","8":"first","9":"instock","10":"sold-individually","11":"shipping-taxable","12":"purchasable","13":"product-type-simple","14":"czr-hentry"},"_links":{"self":[{"href":"https:\/\/hp.nutricionalfarma.com.br\/index.php?rest_route=\/wp\/v2\/product\/87","targetHints":{"allow":["GET"]}}],"collection":[{"href":"https:\/\/hp.nutricionalfarma.com.br\/index.php?rest_route=\/wp\/v2\/product"}],"about":[{"href":"https:\/\/hp.nutricionalfarma.com.br\/index.php?rest_route=\/wp\/v2\/types\/product"}],"wp:featuredmedia":[{"embeddable":true,"href":"https:\/\/hp.nutricionalfarma.com.br\/index.php?rest_route=\/wp\/v2\/media\/88"}],"wp:attachment":[{"href":"https:\/\/hp.nutricionalfarma.com.br\/index.php?rest_route=%2Fwp%2Fv2%2Fmedia&parent=87"}],"wp:term":[{"taxonomy":"product_brand","embeddable":true,"href":"https:\/\/hp.nutricionalfarma.com.br\/index.php?rest_route=%2Fwp%2Fv2%2Fproduct_brand&post=87"},{"taxonomy":"product_cat","embeddable":true,"href":"https:\/\/hp.nutricionalfarma.com.br\/index.php?rest_route=%2Fwp%2Fv2%2Fproduct_cat&post=87"},{"taxonomy":"product_tag","embeddable":true,"href":"https:\/\/hp.nutricionalfarma.com.br\/index.php?rest_route=%2Fwp%2Fv2%2Fproduct_tag&post=87"}],"curies":[{"name":"wp","href":"https:\/\/api.w.org\/{rel}","templated":true}]}}