{"id":422,"date":"2023-04-11T15:12:57","date_gmt":"2023-04-11T15:12:57","guid":{"rendered":"https:\/\/hp.nutricionalfarma.com.br\/?post_type=product&#038;p=422"},"modified":"2023-04-11T15:15:35","modified_gmt":"2023-04-11T15:15:35","slug":"equipo-gravitacional-dupla-via-easybag-mp","status":"publish","type":"product","link":"https:\/\/hp.nutricionalfarma.com.br\/?product=equipo-gravitacional-dupla-via-easybag-mp","title":{"rendered":"EQUIPO GRAVITACIONAL DUPLA VIA EASYBAG MP"},"content":{"rendered":"<p>Este equipo permite a conex\u00e3o da dieta enteral em sistema fechado e do frasco de \u00e1gua, facilitando muito o trabalho do cuidador, pois basta interromper a infus\u00e3o da dieta (atrav\u00e9s dos clamps) e iniciar a hidrata\u00e7\u00e3o.<\/p>\n","protected":false},"excerpt":{"rendered":"<h4 style=\"text-align: center;\">Entre em contato com nosso televendas : (32) 3212-7735<\/h4>\n<p style=\"text-align: center;\">[whatsappsupport number=&#8221;911234567890&#8243; text=&#8221;Consulte-nos pelo WhatsApp!\u00a0 Clique aqui!&#8221; text-color=&#8221;#fff&#8221; bg-color=&#8221;#22c15e&#8221; message=&#8221;Ol\u00e1&#8230;&#8221; ]<br \/>\n<strong><span style=\"font-size: 11px; margin-top: -50px;\">Segunda \u00e0 sexta de 8 \u00e0 18:00h.<\/span><\/strong><\/p>\n","protected":false},"featured_media":442,"template":"","meta":[],"product_brand":[],"product_cat":[16],"product_tag":[65],"class_list":{"0":"post-422","1":"product","2":"type-product","3":"status-publish","4":"has-post-thumbnail","6":"product_cat-nutricao","7":"product_tag-complemento-alimentarespessante-de-alimentosnutricao-em-po","9":"first","10":"instock","11":"sold-individually","12":"purchasable","13":"product-type-simple","14":"czr-hentry"},"_links":{"self":[{"href":"https:\/\/hp.nutricionalfarma.com.br\/index.php?rest_route=\/wp\/v2\/product\/422","targetHints":{"allow":["GET"]}}],"collection":[{"href":"https:\/\/hp.nutricionalfarma.com.br\/index.php?rest_route=\/wp\/v2\/product"}],"about":[{"href":"https:\/\/hp.nutricionalfarma.com.br\/index.php?rest_route=\/wp\/v2\/types\/product"}],"wp:featuredmedia":[{"embeddable":true,"href":"https:\/\/hp.nutricionalfarma.com.br\/index.php?rest_route=\/wp\/v2\/media\/442"}],"wp:attachment":[{"href":"https:\/\/hp.nutricionalfarma.com.br\/index.php?rest_route=%2Fwp%2Fv2%2Fmedia&parent=422"}],"wp:term":[{"taxonomy":"product_brand","embeddable":true,"href":"https:\/\/hp.nutricionalfarma.com.br\/index.php?rest_route=%2Fwp%2Fv2%2Fproduct_brand&post=422"},{"taxonomy":"product_cat","embeddable":true,"href":"https:\/\/hp.nutricionalfarma.com.br\/index.php?rest_route=%2Fwp%2Fv2%2Fproduct_cat&post=422"},{"taxonomy":"product_tag","embeddable":true,"href":"https:\/\/hp.nutricionalfarma.com.br\/index.php?rest_route=%2Fwp%2Fv2%2Fproduct_tag&post=422"}],"curies":[{"name":"wp","href":"https:\/\/api.w.org\/{rel}","templated":true}]}}