{"id":403,"date":"2023-04-11T15:12:34","date_gmt":"2023-04-11T15:12:34","guid":{"rendered":"https:\/\/hp.nutricionalfarma.com.br\/?post_type=product&#038;p=403"},"modified":"2023-04-11T15:15:35","modified_gmt":"2023-04-11T15:15:35","slug":"frebini-energy-fibre-drink-chocolate-ou-baunilha-200ml","status":"publish","type":"product","link":"https:\/\/hp.nutricionalfarma.com.br\/?product=frebini-energy-fibre-drink-chocolate-ou-baunilha-200ml","title":{"rendered":"FREBINI ENERGY FIBRE DRINK CHOCOLATE  OU BAUNILHA 200ML"},"content":{"rendered":"<p><strong>Frebini Energy Fibre Drink Chocolate u Baunilha 200 ml &#8211; Fresenius<\/strong><\/p>\n<p>Caracter\u00edsticas:\u00a0Suplemento Nutricional Oral L\u00edquido pronto para uso, Nutricionalmente Completo, Pedi\u00e1trico Hipercal\u00f3rico (1,5 Kcal\/ml) e Normoproteico, com adi\u00e7\u00e3o de Fibras Sol\u00faveis e Insol\u00faveis. Apresenta distribui\u00e7\u00e3o cal\u00f3rica de 10,2% de prote\u00edna (Case\u00edna e Prote\u00edna do Soro de Leite), 49,8% de carboidrato (Maltodextrina e Sacarose) e 40% de lip\u00eddeo (\u00d3leo de Canola e Triglicerideo de Cadeia M\u00e9dia). N\u00e3o cont\u00e9m gl\u00faten.<\/p>\n<p><strong>Indica\u00e7\u00f5es:<\/strong>\u00a0Situa\u00e7\u00f5es de necessidades nuticionais elevadas em crian\u00e7as e regulariza\u00e7\u00e3o do tr\u00e2nsito intestinal.<\/p>\n<p><strong>Apresenta\u00e7\u00e3o:<\/strong>\u00a0Acondicionado em frasco Easy Bottle de 200ml no sabor Chocolate.<\/p>\n<table border=\"002\">\n<tbody>\n<tr>\n<td colspan=\"2\"><strong>Informa\u00e7\u00e3o Nutricional (100 ml)<\/strong><\/td>\n<\/tr>\n<tr>\n<td>Densidade Cal\u00f3rica(Kcal\/ml)<\/td>\n<td>1,5\/Kcal<\/td>\n<\/tr>\n<tr>\n<td>Distribui\u00e7\u00e3o Cal. (P\/CHO\/L)<\/td>\n<td>10,2% \/ 49,8% \/40%<\/td>\n<\/tr>\n<tr>\n<td>Prote\u00edna (g \/ 100ml)<\/td>\n<td>3,8 g<\/td>\n<\/tr>\n<tr>\n<td>Carboidrato (g \/ 100ml)<\/td>\n<td>18,1 g<\/td>\n<\/tr>\n<tr>\n<td>Lip\u00eddeo (g\/100ml)<\/td>\n<td>6,7 g<\/td>\n<\/tr>\n<tr>\n<td rowspan=\"2\">Fonte de Prote\u00edna<\/td>\n<td>Case\u00edna (80%)<\/td>\n<\/tr>\n<tr>\n<td>\u00a0Prote\u00edna do Soro do Leite (20%)<\/td>\n<\/tr>\n<tr>\n<td rowspan=\"2\">Fonte de Carboidrato<\/td>\n<td>Maltodextrina ( 83%)<\/td>\n<\/tr>\n<tr>\n<td>Sacarose (17%)<\/td>\n<\/tr>\n<tr>\n<td rowspan=\"2\">Fonte de Lip\u00eddio<\/td>\n<td>\u00d3leo de Canola (92%)<\/td>\n<\/tr>\n<tr>\n<td>TCM ( 8%)<\/td>\n<\/tr>\n<tr>\n<td>Fibras ( g \/100ml \/ Sol: Insol)<\/td>\n<td>1,1g\/66:34<\/td>\n<\/tr>\n<tr>\n<td>Rela\u00e7\u00e3o w6:w3<\/td>\n<td>2,3:1.<\/td>\n<\/tr>\n<tr>\n<td>S\u00f3dio (mg\/100ml)<\/td>\n<td>81 mg<\/td>\n<\/tr>\n<tr>\n<td>Pot\u00e1ssio<\/td>\n<td>150 mg<\/td>\n<\/tr>\n<tr>\n<td>Cloreto<\/td>\n<td>123 mg<\/td>\n<\/tr>\n<tr>\n<td>C\u00e1lcio<\/td>\n<td>105 mg<\/td>\n<\/tr>\n<tr>\n<td>F\u00f3sforo<\/td>\n<td>92 mg<\/td>\n<\/tr>\n<tr>\n<td>Magn\u00e9sio<\/td>\n<td>19 mg<\/td>\n<\/tr>\n<tr>\n<td>Fl\u00faor<\/td>\n<td>0,12 mg<\/td>\n<\/tr>\n<tr>\n<td>Ferro<\/td>\n<td>1,5 mg<\/td>\n<\/tr>\n<tr>\n<td>Zinco<\/td>\n<td>1,5 mg<\/td>\n<\/tr>\n<tr>\n<td>Cobre<\/td>\n<td>150\u00a0\u00b5g<\/td>\n<\/tr>\n<tr>\n<td>Mangan\u00eas<\/td>\n<td>0,18\u00a0\u00b5g<\/td>\n<\/tr>\n<tr>\n<td>Iodo<\/td>\n<td>15\u00a0\u00b5g<\/td>\n<\/tr>\n<tr>\n<td>Cromo<\/td>\n<td>6\u00a0\u00b5g<\/td>\n<\/tr>\n<tr>\n<td>Molibid\u00eanio<\/td>\n<td>6 \u00b5g<\/td>\n<\/tr>\n<tr>\n<td>Fl\u00faor<\/td>\n<td>0,12\u00a0\u00b5g<\/td>\n<\/tr>\n<tr>\n<td>Ferro<\/td>\n<td>1,5 mg<\/td>\n<\/tr>\n<tr>\n<td>Zinco<\/td>\n<td>1,5 mg<\/td>\n<\/tr>\n<tr>\n<td>Cobre<\/td>\n<td>150\u00a0\u00b5g<\/td>\n<\/tr>\n<tr>\n<td>Mangan\u00eas<\/td>\n<td>0,18\u00a0\u00b5g<\/td>\n<\/tr>\n<tr>\n<td>Iodo<\/td>\n<td>15\u00a0\u00b5g<\/td>\n<\/tr>\n<tr>\n<td>Cromo<\/td>\n<td>6\u00a0\u00b5g<\/td>\n<\/tr>\n<tr>\n<td>Molibid\u00eanio<\/td>\n<td>6\u00a0\u00b5g<\/td>\n<\/tr>\n<tr>\n<td>Sel\u00eanio<\/td>\n<td>4,5\u00a0\u00b5g<\/td>\n<\/tr>\n<tr>\n<td>Vitamina A<\/td>\n<td>68\u00a0\u00b5g RE<\/td>\n<\/tr>\n<tr>\n<td>Vitamina D3<\/td>\n<td>150\u00a0\u00b5g<\/td>\n<\/tr>\n<tr>\n<td>Vitamina E<\/td>\n<td>1,3\u00a0\u00b5g<\/td>\n<\/tr>\n<tr>\n<td>Vitamina K<\/td>\n<td>6\u00a0\u00b5g<\/td>\n<\/tr>\n<tr>\n<td>Vitamina B1<\/td>\n<td>0,3 mg<\/td>\n<\/tr>\n<tr>\n<td>Vitamina B2<\/td>\n<td>0,3 mg<\/td>\n<\/tr>\n<tr>\n<td>Niacina<\/td>\n<td>1,8 mg<\/td>\n<\/tr>\n<tr>\n<td>Vitamina B6<\/td>\n<td>0,17 mg<\/td>\n<\/tr>\n<tr>\n<td>Vitamina B12<\/td>\n<td>0,3\u00a0\u00b5g<\/td>\n<\/tr>\n<tr>\n<td>Biotina<\/td>\n<td>7,5\u00a0\u00b5g<\/td>\n<\/tr>\n<tr>\n<td>\u00c1cido F\u00f3lico<\/td>\n<td>33\u00a0\u00b5g<\/td>\n<\/tr>\n<tr>\n<td>Vitamina C<\/td>\n<td>12 mg<\/td>\n<\/tr>\n<tr>\n<td>Colina<\/td>\n<td>30 mg<\/td>\n<\/tr>\n<tr>\n<td>Carnitina<\/td>\n<td>4,5 mg<\/td>\n<\/tr>\n<tr>\n<td>Taurina<\/td>\n<td>12 mg<\/td>\n<\/tr>\n<tr>\n<td>Rel.Kcal n\u00e3o proteicas\/gN<\/td>\n<td>223:1<\/td>\n<\/tr>\n<tr>\n<td>Nutrientes Especiais<\/td>\n<td>\u00a0 \u00df &#8211; Caroteno Taurina, Carnitina e Mio-inositol<\/td>\n<\/tr>\n<tr>\n<td>Osmolaridade (mOsm\/l)<\/td>\n<td>400<\/td>\n<\/tr>\n<tr>\n<td>Sabor<\/td>\n<td>Chocolate<\/td>\n<\/tr>\n<tr>\n<td>Apresenta\u00e7\u00e3o<\/td>\n<td>EasyBottle 200 ml<\/td>\n<\/tr>\n<\/tbody>\n<\/table>\n","protected":false},"excerpt":{"rendered":"<p style=\"text-align: center;\">Para comprar caixa Fechada, favor consultar.<br \/>\nEntre em contato com televendas<\/p>\n<h3 style=\"text-align: center;\">Entre em contato com nosso televendas : (32) 3212-7735<br \/>\n<span style=\"font-size: 11px; margin-top: -50px;\">Segunda \u00e0 sexta de 8 at\u00e9 18:00h.<\/span><\/h3>\n","protected":false},"featured_media":435,"template":"","meta":[],"product_brand":[],"product_cat":[16],"product_tag":[],"class_list":{"0":"post-403","1":"product","2":"type-product","3":"status-publish","4":"has-post-thumbnail","6":"product_cat-nutricao","8":"first","9":"instock","10":"sold-individually","11":"shipping-taxable","12":"product-type-simple","13":"czr-hentry"},"_links":{"self":[{"href":"https:\/\/hp.nutricionalfarma.com.br\/index.php?rest_route=\/wp\/v2\/product\/403","targetHints":{"allow":["GET"]}}],"collection":[{"href":"https:\/\/hp.nutricionalfarma.com.br\/index.php?rest_route=\/wp\/v2\/product"}],"about":[{"href":"https:\/\/hp.nutricionalfarma.com.br\/index.php?rest_route=\/wp\/v2\/types\/product"}],"wp:featuredmedia":[{"embeddable":true,"href":"https:\/\/hp.nutricionalfarma.com.br\/index.php?rest_route=\/wp\/v2\/media\/435"}],"wp:attachment":[{"href":"https:\/\/hp.nutricionalfarma.com.br\/index.php?rest_route=%2Fwp%2Fv2%2Fmedia&parent=403"}],"wp:term":[{"taxonomy":"product_brand","embeddable":true,"href":"https:\/\/hp.nutricionalfarma.com.br\/index.php?rest_route=%2Fwp%2Fv2%2Fproduct_brand&post=403"},{"taxonomy":"product_cat","embeddable":true,"href":"https:\/\/hp.nutricionalfarma.com.br\/index.php?rest_route=%2Fwp%2Fv2%2Fproduct_cat&post=403"},{"taxonomy":"product_tag","embeddable":true,"href":"https:\/\/hp.nutricionalfarma.com.br\/index.php?rest_route=%2Fwp%2Fv2%2Fproduct_tag&post=403"}],"curies":[{"name":"wp","href":"https:\/\/api.w.org\/{rel}","templated":true}]}}