{"id":378,"date":"2023-04-11T15:11:49","date_gmt":"2023-04-11T15:11:49","guid":{"rendered":"https:\/\/hp.nutricionalfarma.com.br\/?post_type=product&#038;p=378"},"modified":"2023-04-11T15:15:36","modified_gmt":"2023-04-11T15:15:36","slug":"fresubin-3-2kcal-baunilha-ou-avela-125ml","status":"publish","type":"product","link":"https:\/\/hp.nutricionalfarma.com.br\/?product=fresubin-3-2kcal-baunilha-ou-avela-125ml","title":{"rendered":"Fresubin 3.2kcal Baunilha Ou Avel\u00e3 125ml"},"content":{"rendered":"<div>\n<p><strong>Fresubin 3.2Kcal Baunilha-Caramelo 125ml &#8211; Fresenius<\/strong><\/p>\n<p>Suplemento nutricional oral hipercal\u00f3rico e Hiperproteico para manejo diet\u00e9tico de pacientes em risco de desnutri\u00e7\u00e3o, com o aumento das necessidades de energia e prote\u00edna, como pacientes com c\u00e2ncer e pessoas fr\u00e1geis.<br \/>\nBlend proteico \u00fanico e inovador, com col\u00e1geno hidrolisado e prote\u00ednas do leite.<br \/>\nGarante o suprimento de todos os amino\u00e1cidos indispens\u00e1veis em uma dieta completa.<\/p>\n<p><strong>Benef\u00edcios do Fresubin 3.2kcal:<\/strong><\/p>\n<p>3,2kcal\/ml<br \/>\n400kcal\/unid<br \/>\nDose m\u00ednima efetiva para reduzir a mortalidade, em at\u00e9 35% em pacientes desnutridos.<\/p>\n<p>20g prote\u00edna\/unid<br \/>\nProte\u00edna suficiente \u00e9 essencial para reduzir a perda de massa muscular causada pelo envelhecimento ou doen\u00e7a hipercatab\u00f3lica.<\/p>\n<p>125ml<br \/>\nPronto para uso em baixo volume para otimizar a ades\u00e3o ao paciente.<\/p>\n<p>Vitamina D &#8211; 10mcg\/unid<br \/>\nAtinge 50% das recomenda\u00e7\u00f5es di\u00e1rias. Defici\u00eancia de vitamina D \u00e9 muito prevalente em pacientes desnutridos e idosos.<\/p>\n<p>Indica\u00e7\u00e3o: pacientes idosos, oncol\u00f3gicos, desnutridos ou em risco de desnutri\u00e7\u00e3o.<\/p>\n<p>Cont\u00e9m lactose.<\/p>\n<table style=\"width: 338px;\" border=\"002\">\n<tbody>\n<tr style=\"height: 18px;\">\n<td style=\"width: 320px; text-align: center; height: 18px;\" colspan=\"2\"><span style=\"font-size: 10pt;\"><strong>Informa\u00e7\u00e3o Nutricional (125ml)<\/strong><\/span><\/td>\n<\/tr>\n<tr style=\"height: 18px;\">\n<td style=\"width: 198px; height: 18px;\"><span style=\"font-size: 10pt;\">Calorias (Kcal)<\/span><\/td>\n<td style=\"width: 122px; text-align: center; height: 18px;\"><span style=\"font-size: 10pt;\">400kcal\/un<\/span><\/td>\n<\/tr>\n<tr style=\"height: 18px;\">\n<td style=\"width: 198px; height: 18px;\"><span style=\"font-size: 10pt;\">Prote\u00ednas (g)<\/span><\/td>\n<td style=\"width: 122px; text-align: center; height: 18px;\"><span style=\"font-size: 10pt;\">20g<\/span><\/td>\n<\/tr>\n<tr style=\"height: 18px;\">\n<td style=\"width: 198px; height: 18px;\"><span style=\"font-size: 10pt;\">Carboidratos (g)<\/span><\/td>\n<td style=\"width: 122px; text-align: center; height: 18px;\"><span style=\"font-size: 10pt;\">35g<\/span><\/td>\n<\/tr>\n<tr style=\"height: 18px;\">\n<td style=\"width: 198px; height: 18px;\"><span style=\"font-size: 10pt;\">L\u00edpideos (g)<\/span><\/td>\n<td style=\"width: 122px; text-align: center; height: 18px;\"><span style=\"font-size: 10pt;\">20g<\/span><\/td>\n<\/tr>\n<tr style=\"height: 18px;\">\n<td style=\"width: 198px; height: 18px;\"><span style=\"font-size: 10pt;\">Apresenta\u00e7\u00e3o<\/span><\/td>\n<td style=\"width: 122px; height: 18px;\"><span style=\"font-size: 10pt;\"> EasyBottle 125ml<\/span><\/td>\n<\/tr>\n<tr style=\"height: 18px;\">\n<td style=\"width: 198px; height: 41px;\" rowspan=\"2\"><span style=\"font-size: 10pt;\">Sabores<\/span><\/td>\n<td style=\"width: 122px; text-align: center; height: 18px;\"><span style=\"font-size: 10pt;\">Avel\u00e3<\/span><\/td>\n<\/tr>\n<tr style=\"height: 23px;\">\n<td style=\"width: 122px; text-align: center; height: 23px;\"><span style=\"font-size: 10pt;\">Baunilha-Caramelo<\/span><\/td>\n<\/tr>\n<\/tbody>\n<\/table>\n<\/div>\n","protected":false},"excerpt":{"rendered":"<p style=\"text-align: center;\">Comprando caixa Fechada, o pre\u00e7o da unidade \u00e9 de\u00a0 R$20,35<br \/>\nCaixa fechada contem 24 unidades.<\/p>\n<h3 style=\"text-align: center;\">Entre em contato com nosso televendas :<br \/>\n(32) 3212-7735<br \/>\n<span style=\"font-size: 11px; margin-top: -50px;\">Segunda \u00e0 sexta de 8 at\u00e9 18:00h.<\/span><\/h3>\n","protected":false},"featured_media":432,"template":"","meta":[],"product_brand":[],"product_cat":[16],"product_tag":[],"class_list":{"0":"post-378","1":"product","2":"type-product","3":"status-publish","4":"has-post-thumbnail","6":"product_cat-nutricao","8":"first","9":"instock","10":"sold-individually","11":"shipping-taxable","12":"product-type-simple","13":"czr-hentry"},"_links":{"self":[{"href":"https:\/\/hp.nutricionalfarma.com.br\/index.php?rest_route=\/wp\/v2\/product\/378","targetHints":{"allow":["GET"]}}],"collection":[{"href":"https:\/\/hp.nutricionalfarma.com.br\/index.php?rest_route=\/wp\/v2\/product"}],"about":[{"href":"https:\/\/hp.nutricionalfarma.com.br\/index.php?rest_route=\/wp\/v2\/types\/product"}],"wp:featuredmedia":[{"embeddable":true,"href":"https:\/\/hp.nutricionalfarma.com.br\/index.php?rest_route=\/wp\/v2\/media\/432"}],"wp:attachment":[{"href":"https:\/\/hp.nutricionalfarma.com.br\/index.php?rest_route=%2Fwp%2Fv2%2Fmedia&parent=378"}],"wp:term":[{"taxonomy":"product_brand","embeddable":true,"href":"https:\/\/hp.nutricionalfarma.com.br\/index.php?rest_route=%2Fwp%2Fv2%2Fproduct_brand&post=378"},{"taxonomy":"product_cat","embeddable":true,"href":"https:\/\/hp.nutricionalfarma.com.br\/index.php?rest_route=%2Fwp%2Fv2%2Fproduct_cat&post=378"},{"taxonomy":"product_tag","embeddable":true,"href":"https:\/\/hp.nutricionalfarma.com.br\/index.php?rest_route=%2Fwp%2Fv2%2Fproduct_tag&post=378"}],"curies":[{"name":"wp","href":"https:\/\/api.w.org\/{rel}","templated":true}]}}