{"id":361,"date":"2023-04-11T15:11:25","date_gmt":"2023-04-11T15:11:25","guid":{"rendered":"https:\/\/hp.nutricionalfarma.com.br\/?post_type=product&#038;p=361"},"modified":"2023-04-11T15:15:36","modified_gmt":"2023-04-11T15:15:36","slug":"fresubin-2kcal-hp-fibre-500ml","status":"publish","type":"product","link":"https:\/\/hp.nutricionalfarma.com.br\/?product=fresubin-2kcal-hp-fibre-500ml","title":{"rendered":"Fresubin 2Kcal HP Fibre 500ml"},"content":{"rendered":"<h4>Detalhes do Produto<\/h4>\n<header>\n<h1>Fresubin\u00ae 2 Kcal HP Fibre<\/h1>\n<h3>Hipercal\u00f3rica e Hiperproteica com adi\u00e7\u00e3o de fibras.<\/h3>\n<\/header>\n<article id=\"tab1\" class=\"mod-tab-box-open open-mobile\">\n<h2 class=\"hideSizeXS hideSizeS\"><\/h2>\n<div class=\"mod-text table mod-text-alt fixedfirstcol\">\n<div class=\"table-wrapper-m-l-xl\">\n<table border=\"1\" cellspacing=\"1\" cellpadding=\"1\">\n<tbody>\n<tr>\n<td>\u00a0 Sugest\u00e3o de Uso<\/td>\n<td>Pacientes graves com necessidades elevadas de prote\u00edna associado a restri\u00e7\u00e3o h\u00eddrica severa (Ex.: DPOC, Cardiopatias, obesidade) e regulariza\u00e7\u00e3o do tr\u00e2nsito intestinal.<\/td>\n<\/tr>\n<tr>\n<td>\u00a0 Densidade Cal\u00f3rica (Kcal\/ml)<\/td>\n<td>\u00a0 2,0<\/td>\n<\/tr>\n<tr>\n<td>\u00a0 Distribui\u00e7\u00e3o Cal\u00f3rica (P \/ CHO \/ L)<\/td>\n<td>\u00a0 20% \/ 35% \/ 45%<\/td>\n<\/tr>\n<tr>\n<td>\u00a0 Prote\u00edna (g\/100ml)<\/td>\n<td>\u00a0 10g<\/td>\n<\/tr>\n<tr>\n<td>\u00a0 Carboidrato (g\/100ml)<\/td>\n<td>\u00a0 16,7g<\/td>\n<\/tr>\n<tr>\n<td>\u00a0 Fibras (g\/100ml \/ Sol:Insol)<\/td>\n<td>\u00a0 1,5g \/ 63:37<\/td>\n<\/tr>\n<tr>\n<td>\u00a0 Lip\u00eddio (g\/100ml)<\/td>\n<td>\u00a0 10g<\/td>\n<\/tr>\n<tr>\n<td>\u00a0 Fontes de Prote\u00edna<\/td>\n<td>\u00a0 Caseinato (92%)<\/p>\n<p>Prote\u00edna do Soro do Leite (8%)<\/td>\n<\/tr>\n<tr>\n<td>\u00a0 Fontes de Carboidrato<\/td>\n<td>\u00a0 Xarope de Glicose (97%)<\/p>\n<p>Maltodextrina (3%)<\/td>\n<\/tr>\n<tr>\n<td>\u00a0 Fontes de Fibra<\/td>\n<td>\u00a0 Inulina (45%)<\/p>\n<p>Celulose Microcristalina (36%)<\/p>\n<p>Fibra de Trigo (19%)<\/td>\n<\/tr>\n<tr>\n<td>\u00a0 Fontes de Lip\u00eddio<\/td>\n<td>\u00a0 \u00d3leo de Canola (42,5%)<\/p>\n<p>\u00d3leo de Girassol de alto teor ol\u00e9ico (30%)<\/p>\n<p>TCM (25%)<\/p>\n<p>\u00d3leo de Peixe (2,5%)<\/td>\n<\/tr>\n<tr>\n<td>PERFIL LIP\u00cdDICO -SFA (g\/100ml e %VCT)<\/td>\n<td>\u00a0 0,39g \/ 1,75%<\/td>\n<\/tr>\n<tr>\n<td>PERFIL LIP\u00cdDICO -TCM (g\/100ml e %VCT)<\/td>\n<td>\u00a0 2,6g \/ 11,7%<\/td>\n<\/tr>\n<tr>\n<td>PERFIL LIP\u00cdDICO -MUFA (g\/100ml e %VCT)<\/td>\n<td>\u00a0 5,23g \/ 23,5%<\/td>\n<\/tr>\n<tr>\n<td>PERFIL LIP\u00cdDICO -PUFA (g\/100ml e %VCT)<\/td>\n<td>\u00a0 1,62g \/ 7,3%<\/td>\n<\/tr>\n<tr>\n<td>PERFIL LIP\u00cdDICO &#8211; EPA + DHA (g\/l \/ %)<\/td>\n<td>\u00a0 0,07g \/ 0,3%<\/td>\n<\/tr>\n<tr>\n<td>PERFIL LIP\u00cdDICO &#8211; Rela\u00e7\u00e3o \u03c96:\u03c93<\/td>\n<td>\u00a0 2,3:1<\/td>\n<\/tr>\n<tr>\n<td>\u00a0 S\u00f3dio (mg\/100ml)<\/td>\n<td>\u00a0 60<\/td>\n<\/tr>\n<tr>\n<td>\u00a0 Pot\u00e1ssio (mg\/100ml)<\/td>\n<td>\u00a0 170<\/td>\n<\/tr>\n<tr>\n<td>\u00a0 Rel. Kcal n\u00e3o proteicas\/gN<\/td>\n<td>\u00a0 100:1<\/td>\n<\/tr>\n<tr>\n<td>\u00a0 Nutrientes Especiais<\/td>\n<td>\u00a0 EPA &amp; DHA, \u00df-Caroteno.<\/td>\n<\/tr>\n<tr>\n<td>\u00a0 Osmolaridade (mOsm\/l)<\/td>\n<td>\u00a0 395<\/td>\n<\/tr>\n<tr>\n<td>\u00a0 Apresenta\u00e7\u00e3o<\/td>\n<td>\u00a0 EasyBag 500 ml<\/td>\n<\/tr>\n<\/tbody>\n<\/table>\n<\/div>\n<\/div>\n<\/article>\n","protected":false},"excerpt":{"rendered":"<blockquote>\n<p style=\"text-align: center;\">Consulte pre\u00e7o por caixa fechada.<\/p>\n<p style=\"text-align: center;\">Com a adi\u00e7\u00e3o de \u00f3leo de peixe em nossas dietas enterais, fornecemos o melhor perfil lip\u00eddico e garantimos o fornecimento de EPA &amp; DHA de forma mais eficiente.<\/p>\n<\/blockquote>\n<h3 style=\"text-align: center;\">Entre em contato com nosso televendas : (32) 3212-7735 <span style=\"font-size: 11px; margin-top: -50px;\">Segunda \u00e0 sexta de 8 \u00e0 12h. e de 13:15 at\u00e9 18:00h.<\/span><\/h3>\n","protected":false},"featured_media":426,"template":"","meta":[],"product_brand":[],"product_cat":[16],"product_tag":[49],"class_list":{"0":"post-361","1":"product","2":"type-product","3":"status-publish","4":"has-post-thumbnail","6":"product_cat-nutricao","7":"product_tag-dieta-enteraldieta-enteral-especializadafresubin-hepa","9":"first","10":"instock","11":"sold-individually","12":"product-type-simple","13":"czr-hentry"},"_links":{"self":[{"href":"https:\/\/hp.nutricionalfarma.com.br\/index.php?rest_route=\/wp\/v2\/product\/361","targetHints":{"allow":["GET"]}}],"collection":[{"href":"https:\/\/hp.nutricionalfarma.com.br\/index.php?rest_route=\/wp\/v2\/product"}],"about":[{"href":"https:\/\/hp.nutricionalfarma.com.br\/index.php?rest_route=\/wp\/v2\/types\/product"}],"wp:featuredmedia":[{"embeddable":true,"href":"https:\/\/hp.nutricionalfarma.com.br\/index.php?rest_route=\/wp\/v2\/media\/426"}],"wp:attachment":[{"href":"https:\/\/hp.nutricionalfarma.com.br\/index.php?rest_route=%2Fwp%2Fv2%2Fmedia&parent=361"}],"wp:term":[{"taxonomy":"product_brand","embeddable":true,"href":"https:\/\/hp.nutricionalfarma.com.br\/index.php?rest_route=%2Fwp%2Fv2%2Fproduct_brand&post=361"},{"taxonomy":"product_cat","embeddable":true,"href":"https:\/\/hp.nutricionalfarma.com.br\/index.php?rest_route=%2Fwp%2Fv2%2Fproduct_cat&post=361"},{"taxonomy":"product_tag","embeddable":true,"href":"https:\/\/hp.nutricionalfarma.com.br\/index.php?rest_route=%2Fwp%2Fv2%2Fproduct_tag&post=361"}],"curies":[{"name":"wp","href":"https:\/\/api.w.org\/{rel}","templated":true}]}}