{"id":341,"date":"2023-04-11T15:11:02","date_gmt":"2023-04-11T15:11:02","guid":{"rendered":"https:\/\/hp.nutricionalfarma.com.br\/?post_type=product&#038;p=341"},"modified":"2023-04-11T15:15:36","modified_gmt":"2023-04-11T15:15:36","slug":"frebini-energy-fibre-500ml","status":"publish","type":"product","link":"https:\/\/hp.nutricionalfarma.com.br\/?product=frebini-energy-fibre-500ml","title":{"rendered":"Frebini Energy Fibre 500ml"},"content":{"rendered":"<header>\n<h1>Frebini\u00ae Energy Fibre<\/h1>\n<h3>Hipercal\u00f3rica e Normoprot\u00e9ica com adi\u00e7\u00e3o de fibras.<\/h3>\n<\/header>\n<article id=\"tab1\" class=\"mod-tab-box-open open-mobile\">\n<h2 class=\"hideSizeXS hideSizeS\"><\/h2>\n<div class=\"mod-text table mod-text-alt fixedfirstcol\">\n<div class=\"table-wrapper-m-l-xl\">\n<table border=\"1\" cellspacing=\"1\" cellpadding=\"1\">\n<tbody>\n<tr>\n<td>\u00a0 Sugest\u00e3o de Uso<\/td>\n<td>\u00a0 Indicada para crian\u00e7as com desnutri\u00e7\u00e3o moderada a grave com necessidade cal\u00f3rica elevada, associada \u00e0 restri\u00e7\u00e3o h\u00eddrica e necessidade de regulariza\u00e7\u00e3o do tr\u00e2nsito intestinal.<\/td>\n<\/tr>\n<tr>\n<td>\u00a0 Densidade Cal\u00f3rica (Kcal\/ml)<\/td>\n<td>\u00a0 1,5<\/td>\n<\/tr>\n<tr>\n<td>\u00a0 Distribui\u00e7\u00e3o Cal\u00f3rica (P \/ CHO \/ L)<\/td>\n<td>\u00a0 10,2% \/ 49,8% \/ 40%<\/td>\n<\/tr>\n<tr>\n<td>\u00a0 Prote\u00edna (g\/100ml)<\/td>\n<td>\u00a0 3,8g<\/td>\n<\/tr>\n<tr>\n<td>\u00a0 Carboidrato (g\/100ml)<\/td>\n<td>\u00a0 18,1g<\/td>\n<\/tr>\n<tr>\n<td>\u00a0 Fibras (g\/100ml \/ Sol:Insol)<\/td>\n<td>\u00a0 1,1g \/ 66:34<\/td>\n<\/tr>\n<tr>\n<td>\u00a0 Lip\u00eddio (g\/100ml)<\/td>\n<td>\u00a0 6,7g<\/td>\n<\/tr>\n<tr>\n<td>\u00a0 Fontes de Prote\u00edna<\/td>\n<td>\u00a0 Case\u00edna (80%)<\/p>\n<p>Prote\u00edna do Soro do Leite (20%)<\/td>\n<\/tr>\n<tr>\n<td>\u00a0 Fontes de Carboidrato<\/td>\n<td>\u00a0 Maltodextrina (94,3%)<\/p>\n<p>Sacarose (5,7%)<\/td>\n<\/tr>\n<tr>\n<td>\u00a0 Fontes de Fibra<\/td>\n<td>\u00a0 Inulina (60%)<\/p>\n<p>Celulose Microcristalina (34%)<\/p>\n<p>Fibra de Trigo (6%)<\/td>\n<\/tr>\n<tr>\n<td>\u00a0 Fontes de Lip\u00eddio<\/td>\n<td>\u00a0 \u00d3leo de Canola (74%)<\/p>\n<p>TCM (20%)<\/p>\n<p>\u00d3leo de Peixe (6%)<\/td>\n<\/tr>\n<tr>\n<td>PERFIL LIP\u00cdDICO -SFA (g\/100ml e %VCT)<\/td>\n<td>\u00a0 0,3g \/ 1,8%<\/td>\n<\/tr>\n<tr>\n<td>PERFIL LIP\u00cdDICO -TCM (g\/100ml e %VCT)<\/td>\n<td>\u00a0 1,34g \/ 8%<\/td>\n<\/tr>\n<tr>\n<td>PERFIL LIP\u00cdDICO -MUFA (g\/100ml e %VCT)<\/td>\n<td>\u00a0 3,18g \/ 19,1%<\/td>\n<\/tr>\n<tr>\n<td>PERFIL LIP\u00cdDICO -PUFA (g\/100ml e %VCT)<\/td>\n<td>\u00a0 1,72g \/ 10,3%<\/td>\n<\/tr>\n<tr>\n<td>PERFIL LIP\u00cdDICO &#8211; EPA + DHA (g\/l \/ %)<\/td>\n<td>\u00a0 0,12g \/ 0,7%<\/td>\n<\/tr>\n<tr>\n<td>PERFIL LIP\u00cdDICO &#8211; Rela\u00e7\u00e3o \u03c96:\u03c93<\/td>\n<td>\u00a0 1,8:1<\/td>\n<\/tr>\n<tr>\n<td>\u00a0 S\u00f3dio (mg\/100ml)<\/td>\n<td>\u00a0 86<\/td>\n<\/tr>\n<tr>\n<td>\u00a0 Pot\u00e1ssio (mg\/100ml)<\/td>\n<td>\u00a0150<\/td>\n<\/tr>\n<tr>\n<td>\u00a0 Rel. Kcal n\u00e3o proteicas\/gN<\/td>\n<td>\u00a0223:1<\/td>\n<\/tr>\n<tr>\n<td>\u00a0 Nutrientes Especiais<\/td>\n<td>\u00a0 EPA &amp; DHA, \u00df-Caroteno, Taurina, Carnitina e Mio-inositol.<\/td>\n<\/tr>\n<tr>\n<td>\u00a0 Osmolaridade (mOsm\/l)<\/td>\n<td>\u00a0 345<\/td>\n<\/tr>\n<tr>\n<td>\u00a0 Apresenta\u00e7\u00e3o<\/td>\n<td>\u00a0 EasyBag 500 ml<\/td>\n<\/tr>\n<\/tbody>\n<\/table>\n<\/div>\n<p>Fonte: https:\/\/www.fresenius-kabi.com\/br\/produtos\/frebini-energy-fibre<\/p>\n<\/div>\n<\/article>\n","protected":false},"excerpt":{"rendered":"<p>Consultar pre\u00e7o caixa fechada<\/p>\n<blockquote>\n<p style=\"text-align: left;\">Entre em contato com nosso televendas : (32) 3212-7735<br \/>\n<span style=\"font-size: 11px; margin-top: -50px;\">Segunda \u00e0 sexta de 8 \u00e0 12h. e de 13:15 at\u00e9 18:00h.<\/span><\/p>\n<\/blockquote>\n","protected":false},"featured_media":410,"template":"","meta":[],"product_brand":[],"product_cat":[16],"product_tag":[52],"class_list":{"0":"post-341","1":"product","2":"type-product","3":"status-publish","4":"has-post-thumbnail","6":"product_cat-nutricao","7":"product_tag-dieta-enteraldieta-enteral-pediatricafrebini-original-fibre","9":"first","10":"instock","11":"sold-individually","12":"product-type-simple","13":"czr-hentry"},"_links":{"self":[{"href":"https:\/\/hp.nutricionalfarma.com.br\/index.php?rest_route=\/wp\/v2\/product\/341","targetHints":{"allow":["GET"]}}],"collection":[{"href":"https:\/\/hp.nutricionalfarma.com.br\/index.php?rest_route=\/wp\/v2\/product"}],"about":[{"href":"https:\/\/hp.nutricionalfarma.com.br\/index.php?rest_route=\/wp\/v2\/types\/product"}],"wp:featuredmedia":[{"embeddable":true,"href":"https:\/\/hp.nutricionalfarma.com.br\/index.php?rest_route=\/wp\/v2\/media\/410"}],"wp:attachment":[{"href":"https:\/\/hp.nutricionalfarma.com.br\/index.php?rest_route=%2Fwp%2Fv2%2Fmedia&parent=341"}],"wp:term":[{"taxonomy":"product_brand","embeddable":true,"href":"https:\/\/hp.nutricionalfarma.com.br\/index.php?rest_route=%2Fwp%2Fv2%2Fproduct_brand&post=341"},{"taxonomy":"product_cat","embeddable":true,"href":"https:\/\/hp.nutricionalfarma.com.br\/index.php?rest_route=%2Fwp%2Fv2%2Fproduct_cat&post=341"},{"taxonomy":"product_tag","embeddable":true,"href":"https:\/\/hp.nutricionalfarma.com.br\/index.php?rest_route=%2Fwp%2Fv2%2Fproduct_tag&post=341"}],"curies":[{"name":"wp","href":"https:\/\/api.w.org\/{rel}","templated":true}]}}