{"id":340,"date":"2023-04-11T15:11:02","date_gmt":"2023-04-11T15:11:02","guid":{"rendered":"https:\/\/hp.nutricionalfarma.com.br\/?post_type=product&#038;p=340"},"modified":"2023-04-11T15:15:37","modified_gmt":"2023-04-11T15:15:37","slug":"fresubin-5-kcal-shot-neutral","status":"publish","type":"product","link":"https:\/\/hp.nutricionalfarma.com.br\/?product=fresubin-5-kcal-shot-neutral","title":{"rendered":"Fresubin\u00ae 5 Kcal Shot Neutral"},"content":{"rendered":"<h3>Suplemento hipercal\u00f3rico \u00e0 base de emuls\u00e3o de lip\u00eddios com blend exclusivo de TCL e TCM<\/h3>\n<article id=\"tab1\" class=\"mod-tab-box-open open-mobile\">\n<div class=\"mod-text table mod-text-alt fixedfirstcol\">\n<div class=\"table-wrapper-m-l-xl\">\n<table border=\"1\" cellspacing=\"1\" cellpadding=\"1\">\n<tbody>\n<tr>\n<td>\u00a0 Sugest\u00e3o de uso<\/td>\n<td>Pacientes com d\u00e9ficit energ\u00e9tico como os pacientes renais, pacientes com c\u00e2ncer, idosos entre outras situa\u00e7\u00f5es cl\u00ednicas<\/td>\n<\/tr>\n<tr>\n<td>\u00a0 Densidade Cal\u00f3rica (Kcal\/ml)<br \/>\n&amp;\u00a0 Kcal\/unid<\/td>\n<td>\u00a0 5,0 \/ 600 Kcal<\/td>\n<\/tr>\n<tr>\n<td>\u00a0 Distribui\u00e7\u00e3o cal\u00f3rica (P\/ CHO \/ L)<\/td>\n<td>\u00a0 0% \/ 3,2% \/ 96,8%<\/td>\n<\/tr>\n<tr>\n<td>\u00a0 Prote\u00edna (g\/unid.)<\/td>\n<td>\u00a0 0g<\/td>\n<\/tr>\n<tr>\n<td>\u00a0 Carboidrato (g\/unid.)<\/td>\n<td>\u00a0 4g<\/td>\n<\/tr>\n<tr>\n<td>\u00a0 Fibras (g\/100ml \/ Sol:Insol)<\/td>\n<td>\u00a0 &#8211;<\/td>\n<\/tr>\n<tr>\n<td>\u00a0 Lip\u00eddio (g\/unid.)<\/td>\n<td>\u00a0 64,4g<\/td>\n<\/tr>\n<tr>\n<td>\u00a0 Fontes de Prote\u00edna<\/td>\n<td>\u00a0 isento<\/td>\n<\/tr>\n<tr>\n<td>\u00a0 Fontes de Carboidrato<\/td>\n<td>\u00a0 Sacarose (100%)<\/td>\n<\/tr>\n<tr>\n<td>\u00a0 Fontes de Fibra<\/td>\n<td>\u00a0 &#8211;<\/td>\n<\/tr>\n<tr>\n<td>\u00a0 Fontes de Lip\u00eddio<\/td>\n<td>\u00a0 \u00a0\u00f3leo de canola (75%) e TCM (25%)<\/td>\n<\/tr>\n<tr>\n<td>\u00a0 SFA (g\/unid. e % VCT)<\/td>\n<td>\u00a0 0,56g \/ 3,4%<\/td>\n<\/tr>\n<tr>\n<td>\u00a0 MUFA (g\/unid. e %VCT)<\/td>\n<td>\u00a0 29,48g \/ 44,2%<\/td>\n<\/tr>\n<tr>\n<td>\u00a0 PUFA (g\/100ml e % VCT)<\/td>\n<td>\u00a0 15,08g \/ 22,6%<\/td>\n<\/tr>\n<tr>\n<td>\u00a0 EPA + DHA (g\/400ml \/ %)<\/td>\n<td>\u00a0 &#8211;<\/td>\n<\/tr>\n<tr>\n<td>\u00a0 Rela\u00e7\u00e3o w3:w6<\/td>\n<td>\u00a0 2,3:1<\/td>\n<\/tr>\n<tr>\n<td>\u00a0 S\u00f3dio (mg\/unid.)<\/td>\n<td>\u00a0 &#8211;<\/td>\n<\/tr>\n<tr>\n<td>\u00a0 Pot\u00e1ssio (mg\/unid.)<\/td>\n<td>\u00a0 &#8211;<\/td>\n<\/tr>\n<tr>\n<td>\u00a0 Rel. Kcal n\u00e3o prot\u00e9icas\/gN<\/td>\n<td>\u00a0 &#8211;<\/td>\n<\/tr>\n<tr>\n<td>\u00a0 Nutrientes especiais<\/td>\n<td>\u00a0 &#8211;<\/td>\n<\/tr>\n<tr>\n<td>\u00a0 Osmolaridade<\/td>\n<td>\u00a0 &#8211;<\/td>\n<\/tr>\n<tr>\n<td>\u00a0 Apresenta\u00e7\u00e3o<\/td>\n<td>\u00a0 Easy Bottle 120ml<\/td>\n<\/tr>\n<tr>\n<td>\u00a0 Sabor<\/td>\n<td>\u00a0 Creme<\/td>\n<\/tr>\n<\/tbody>\n<\/table>\n<\/div>\n<\/div>\n<\/article>\n","protected":false},"excerpt":{"rendered":"<h3 style=\"text-align: center\">Entre em contato com nosso televendas :(32) 3212-7735<br \/>\nSegunda \u00e0 sexta de 8 \u00e0 12h. e de 13:15 at\u00e9 18:00h.<\/h3>\n","protected":false},"featured_media":409,"template":"","meta":[],"product_brand":[],"product_cat":[16],"product_tag":[],"class_list":{"0":"post-340","1":"product","2":"type-product","3":"status-publish","4":"has-post-thumbnail","6":"product_cat-nutricao","8":"first","9":"instock","10":"sold-individually","11":"shipping-taxable","12":"product-type-simple","13":"czr-hentry"},"_links":{"self":[{"href":"https:\/\/hp.nutricionalfarma.com.br\/index.php?rest_route=\/wp\/v2\/product\/340","targetHints":{"allow":["GET"]}}],"collection":[{"href":"https:\/\/hp.nutricionalfarma.com.br\/index.php?rest_route=\/wp\/v2\/product"}],"about":[{"href":"https:\/\/hp.nutricionalfarma.com.br\/index.php?rest_route=\/wp\/v2\/types\/product"}],"wp:featuredmedia":[{"embeddable":true,"href":"https:\/\/hp.nutricionalfarma.com.br\/index.php?rest_route=\/wp\/v2\/media\/409"}],"wp:attachment":[{"href":"https:\/\/hp.nutricionalfarma.com.br\/index.php?rest_route=%2Fwp%2Fv2%2Fmedia&parent=340"}],"wp:term":[{"taxonomy":"product_brand","embeddable":true,"href":"https:\/\/hp.nutricionalfarma.com.br\/index.php?rest_route=%2Fwp%2Fv2%2Fproduct_brand&post=340"},{"taxonomy":"product_cat","embeddable":true,"href":"https:\/\/hp.nutricionalfarma.com.br\/index.php?rest_route=%2Fwp%2Fv2%2Fproduct_cat&post=340"},{"taxonomy":"product_tag","embeddable":true,"href":"https:\/\/hp.nutricionalfarma.com.br\/index.php?rest_route=%2Fwp%2Fv2%2Fproduct_tag&post=340"}],"curies":[{"name":"wp","href":"https:\/\/api.w.org\/{rel}","templated":true}]}}