{"id":329,"date":"2023-04-11T15:10:41","date_gmt":"2023-04-11T15:10:41","guid":{"rendered":"https:\/\/hp.nutricionalfarma.com.br\/?post_type=product&#038;p=329"},"modified":"2023-04-11T15:15:37","modified_gmt":"2023-04-11T15:15:37","slug":"survimed-opd-drink","status":"publish","type":"product","link":"https:\/\/hp.nutricionalfarma.com.br\/?product=survimed-opd-drink","title":{"rendered":"Survimed OPD Drink"},"content":{"rendered":"<header>\n<h1>Survimed\u00ae OPD Drink<\/h1>\n<h3>Suplemento normocal\u00f3rico, hiperproteico e oligom\u00e9rico.<\/h3>\n<\/header>\n<article id=\"tab1\" class=\"mod-tab-box-open open-mobile\">\n<h2 class=\"hideSizeXS hideSizeS\"><\/h2>\n<div class=\"mod-text table mod-text-alt fixedfirstcol\">\n<div class=\"table-wrapper-m-l-xl\">\n<table border=\"1\" cellspacing=\"1\" cellpadding=\"1\">\n<tbody>\n<tr>\n<td>\u00a0 Sugest\u00e3o de Uso<\/td>\n<td>Dist\u00farbios disabsortivos (Doen\u00e7a de Crohn, Enterocolite,S\u00edndrome do Intestino Curto e Pancreatite Cr\u00f4nica).<\/td>\n<\/tr>\n<tr>\n<td>\u00a0 Densidade Cal\u00f3rica (Kcal\/ml) &amp; Kcal\/unid.<\/td>\n<td>\u00a0 1,0 \/ 200 Kcal<\/td>\n<\/tr>\n<tr>\n<td>\u00a0 Distribui\u00e7\u00e3o Cal\u00f3rica (P \/ CHO \/ L)<\/td>\n<td>\u00a0 18,6% \/ 56,4% \/ 25%<\/td>\n<\/tr>\n<tr>\n<td>\u00a0 Prote\u00edna (g\/unid.)<\/td>\n<td>\u00a0 9,3g<\/td>\n<\/tr>\n<tr>\n<td>\u00a0 Carboidrato (g\/unid.)<\/td>\n<td>\u00a0 28,2g<\/td>\n<\/tr>\n<tr>\n<td>\u00a0 Fibras (g\/unid. \/ Sol:Insol)<\/td>\n<td>\u00a0 &#8212;<\/td>\n<\/tr>\n<tr>\n<td>\u00a0 Lip\u00eddio (g\/unid.)<\/td>\n<td>\u00a0 5,6g<\/td>\n<\/tr>\n<tr>\n<td>\u00a0 Fontes de Prote\u00edna<\/td>\n<td>\u00a0 Prote\u00edna do Soro do Leite Hidrolisada (100%)<\/td>\n<\/tr>\n<tr>\n<td>\u00a0 Fontes de Carboidrato<\/td>\n<td>\u00a0 Maltodextrina (70%)<\/p>\n<p>Sacarose (30%)<\/td>\n<\/tr>\n<tr>\n<td>\u00a0 Fontes de Fibra<\/td>\n<td>\u00a0 &#8212;<\/td>\n<\/tr>\n<tr>\n<td>\u00a0 Fontes de Lip\u00eddio<\/td>\n<td>\u00a0 TCM (48%)<\/p>\n<p>\u00d3leo Canola (45%)<\/p>\n<p>\u00d3leo de A\u00e7afr\u00e3o (7%)<\/td>\n<\/tr>\n<tr>\n<td>PERFIL LIP\u00cdDICO -SFA (g\/unid. \/ %VCT)<\/td>\n<td>\u00a0 0,16g \/ 0,72%<\/td>\n<\/tr>\n<tr>\n<td>PERFIL LIP\u00cdDICO -TCM (g\/unid. \/ %VCT)<\/td>\n<td>\u00a0 2,66g \/ 12%<\/td>\n<\/tr>\n<tr>\n<td>PERFIL LIP\u00cdDICO -MUFA (g\/unid. \/ %VCT)<\/td>\n<td>\u00a0 1,58g \/ 7,1%<\/td>\n<\/tr>\n<tr>\n<td>PERFIL LIP\u00cdDICO -PUFA (g\/unid. \/ %VCT)<\/td>\n<td>\u00a0 1,1g \/ 5%<\/td>\n<\/tr>\n<tr>\n<td>PERFIL LIP\u00cdDICO &#8211; EPA + DHA (g\/400ml)<\/td>\n<td>\u00a0 &#8212;<\/td>\n<\/tr>\n<tr>\n<td>PERFIL LIP\u00cdDICO &#8211; Rela\u00e7\u00e3o \u03c96:\u03c93<\/td>\n<td>\u00a0 3,6:1<\/td>\n<\/tr>\n<tr>\n<td>\u00a0 S\u00f3dio (mg\/unid.)<\/td>\n<td>\u00a0 160<\/td>\n<\/tr>\n<tr>\n<td>\u00a0 Pot\u00e1ssio (mg\/unid.)<\/td>\n<td>\u00a0 400<\/td>\n<\/tr>\n<tr>\n<td>\u00a0 Rel. Kcal n\u00e3o proteicas\/gN<\/td>\n<td>\u00a0 112:1<\/td>\n<\/tr>\n<tr>\n<td>\u00a0 Nutrientes Especiais<\/td>\n<td>\u00a0 \u00df-Caroteno<\/td>\n<\/tr>\n<tr>\n<td>\u00a0 Osmolaridade (mOsm\/l)<\/td>\n<td>\u00a0 410<\/td>\n<\/tr>\n<tr>\n<td>\u00a0 Apresenta\u00e7\u00e3o<\/td>\n<td>\u00a0 EasyBottle 200 ml<\/td>\n<\/tr>\n<tr>\n<td>\u00a0 Sabores<\/td>\n<td>\u00a0 Baunilha<\/td>\n<\/tr>\n<\/tbody>\n<\/table>\n<\/div>\n<p>Informa\u00e7\u00f5es https:\/\/www.fresenius-kabi.com\/br\/produtos\/survimed-opd-drink<\/p>\n<\/div>\n<\/article>\n<div class=\"mod-text mod-text-alt group\">\n<p>MS: 6.2047.9987<\/p>\n<\/div>\n","protected":false},"excerpt":{"rendered":"<p style=\"text-align: center;\"><a href=\"https:\/\/alugclin.com.br\/produto\/survimed-opd-drink-caixa-fechada-24-unidades\/\">Para Comprar caixa fechada com 24 unidades clique aqui.<\/a><br \/>\nA caixa tem 24 unidades.<\/p>\n<h3 style=\"text-align: center;\">Entre em contato com nosso televendas :<br \/>\n(32) 3212-7735<br \/>\n<span style=\"font-size: 11px; margin-top: -50px;\">Segunda \u00e0 sexta de 8 \u00e0 12h. e de 13:15 at\u00e9 18:00h.<\/span><\/h3>\n","protected":false},"featured_media":408,"template":"","meta":[],"product_brand":[],"product_cat":[16],"product_tag":[],"class_list":{"0":"post-329","1":"product","2":"type-product","3":"status-publish","4":"has-post-thumbnail","6":"product_cat-nutricao","8":"first","9":"instock","10":"sold-individually","11":"shipping-taxable","12":"product-type-simple","13":"czr-hentry"},"_links":{"self":[{"href":"https:\/\/hp.nutricionalfarma.com.br\/index.php?rest_route=\/wp\/v2\/product\/329","targetHints":{"allow":["GET"]}}],"collection":[{"href":"https:\/\/hp.nutricionalfarma.com.br\/index.php?rest_route=\/wp\/v2\/product"}],"about":[{"href":"https:\/\/hp.nutricionalfarma.com.br\/index.php?rest_route=\/wp\/v2\/types\/product"}],"wp:featuredmedia":[{"embeddable":true,"href":"https:\/\/hp.nutricionalfarma.com.br\/index.php?rest_route=\/wp\/v2\/media\/408"}],"wp:attachment":[{"href":"https:\/\/hp.nutricionalfarma.com.br\/index.php?rest_route=%2Fwp%2Fv2%2Fmedia&parent=329"}],"wp:term":[{"taxonomy":"product_brand","embeddable":true,"href":"https:\/\/hp.nutricionalfarma.com.br\/index.php?rest_route=%2Fwp%2Fv2%2Fproduct_brand&post=329"},{"taxonomy":"product_cat","embeddable":true,"href":"https:\/\/hp.nutricionalfarma.com.br\/index.php?rest_route=%2Fwp%2Fv2%2Fproduct_cat&post=329"},{"taxonomy":"product_tag","embeddable":true,"href":"https:\/\/hp.nutricionalfarma.com.br\/index.php?rest_route=%2Fwp%2Fv2%2Fproduct_tag&post=329"}],"curies":[{"name":"wp","href":"https:\/\/api.w.org\/{rel}","templated":true}]}}