{"id":326,"date":"2023-04-11T15:10:41","date_gmt":"2023-04-11T15:10:41","guid":{"rendered":"https:\/\/hp.nutricionalfarma.com.br\/?post_type=product&#038;p=326"},"modified":"2023-04-11T15:15:38","modified_gmt":"2023-04-11T15:15:38","slug":"diben-1-0-fresenius-kabi","status":"publish","type":"product","link":"https:\/\/hp.nutricionalfarma.com.br\/?product=diben-1-0-fresenius-kabi","title":{"rendered":"Diben 1.0 Fresenius Kabi"},"content":{"rendered":"<h4>Detalhes do Produto:<\/h4>\n<header>\n<h1>Diben 1.0<\/h1>\n<h3>Normocal\u00f3rica e Hiperproteica<\/h3>\n<\/header>\n<article id=\"tab1\" class=\"mod-tab-box-open open-mobile\">\n<h2 class=\"hideSizeXS hideSizeS\"><\/h2>\n<div class=\"mod-text table mod-text-alt fixedfirstcol\">\n<div class=\"table-wrapper-m-l-xl\">\n<table border=\"1\" cellspacing=\"1\" cellpadding=\"1\">\n<tbody>\n<tr>\n<td>\u00a0\u00a0Sugest\u00e3o de uso<\/td>\n<td>\u00a0 Pacientes diab\u00e9ticos ou com hiperglicemia<\/td>\n<\/tr>\n<tr>\n<td>\u00a0 Densidade Cal\u00f3rica (Kcal\/ml)<\/td>\n<td>\u00a0\u00a0 1,0<\/td>\n<\/tr>\n<tr>\n<td>\u00a0 Distribui\u00e7\u00e3o cal\u00f3rica (P\/ CHO \/ L)<\/td>\n<td>\u00a0\u00a0 18,6% \/ 40% \/ 41,4%<\/td>\n<\/tr>\n<tr>\n<td>\u00a0 Prote\u00edna (g\/100ml)<\/td>\n<td>\u00a0\u00a0 4,65g<\/td>\n<\/tr>\n<tr>\n<td>\u00a0 Carboidrato (g\/100ml)<\/td>\n<td>\u00a0\u00a0 9,25g<\/td>\n<\/tr>\n<tr>\n<td>\u00a0 Fibras (g\/100ml \/ Sol:Insol)<\/td>\n<td>\u00a0\u00a0 1,5g \/ 74:26<\/td>\n<\/tr>\n<tr>\n<td>\u00a0 Lip\u00eddio (g\/100ml)<\/td>\n<td>\u00a0\u00a0 4,6g<\/td>\n<\/tr>\n<tr>\n<td>\u00a0 Fontes de Prote\u00edna<\/td>\n<td>\u00a0\u00a0 Caseinato (92%)<\/p>\n<p>Prote\u00edna do soro do leite (8%)<\/td>\n<\/tr>\n<tr>\n<td>\u00a0 Fontes de Carboidrato<\/td>\n<td>\u00a0 \u00a0Maltodextrina (41%)<\/p>\n<p>Amido de Tapioca (34%)<\/p>\n<p>Frutose (25%)<\/td>\n<\/tr>\n<tr>\n<td>\u00a0 Fontes de Fibra<\/td>\n<td>\u00a0\u00a0 Fibra de Tapioca (76%)<\/p>\n<p>Celulose microcristalina (24%)<\/td>\n<\/tr>\n<tr>\n<td>\u00a0 Fontes de Lip\u00eddio<\/td>\n<td>\u00a0\u00a0 \u00d3leo de girassol de alto teor ol\u00e9ico (54%)<\/p>\n<p>\u00d3leo de canola (43%)<\/p>\n<p>\u00d3leo de peixe (3%)<\/td>\n<\/tr>\n<tr>\n<td>\u00a0 SFA (g\/100ml e % VCT)<\/td>\n<td>\u00a0\u00a0 0,21g \/ 1,9%<\/td>\n<\/tr>\n<tr>\n<td>\u00a0 MUFA (g\/100ml e %VCT)<\/td>\n<td>\u00a0\u00a0 3,3g \/ 29,7%<\/td>\n<\/tr>\n<tr>\n<td>\u00a0 PUFA (g\/100ml e % VCT)<\/td>\n<td>\u00a0\u00a0\u00a00,96g \/ 8,6%<\/td>\n<\/tr>\n<tr>\n<td>\u00a0 EPA + DHA (g\/l \/ %)<\/td>\n<td>\u00a0\u00a0 0,05g \/ 0,45%<\/td>\n<\/tr>\n<tr>\n<td>\u00a0 Rela\u00e7\u00e3o w3:w6<\/td>\n<td>\u00a0\u00a0\u00a03:1<\/td>\n<\/tr>\n<tr>\n<td>\u00a0 S\u00f3dio (mg\/100ml)<\/td>\n<td>\u00a0\u00a0 85<\/td>\n<\/tr>\n<tr>\n<td>\u00a0 Pot\u00e1ssio (mg\/100ml)<\/td>\n<td>\u00a0\u00a0 143<\/td>\n<\/tr>\n<tr>\n<td>\u00a0 Rel. Kcal n\u00e3o prot\u00e9icas\/gN<\/td>\n<td>\u00a0\u00a0 107,6:1<\/td>\n<\/tr>\n<tr>\n<td>\u00a0 Nutrientes especiais<\/td>\n<td>\u00a0\u00a0 EPA &amp; DHA, b-Caroteno<\/td>\n<\/tr>\n<tr>\n<td>\u00a0 Osmolaridade<\/td>\n<td>\u00a0\u00a0 345<\/td>\n<\/tr>\n<tr>\n<td>\u00a0 Apresenta\u00e7\u00e3o<\/td>\n<td>\u00a0\u00a0 EasyBag 1000 ml<\/td>\n<\/tr>\n<\/tbody>\n<\/table>\n<\/div>\n<p>&nbsp;<\/p>\n<\/div>\n<\/article>\n","protected":false},"excerpt":{"rendered":"<blockquote>\n<h3 style=\"text-align: center;\"><\/h3>\n<h3 style=\"text-align: center;\">Entre em contato com nosso televendas :<\/h3>\n<\/blockquote>\n<h3 style=\"text-align: center;\">(32) 3212-7735<br \/>\n<span style=\"font-size: 11px; margin-top: -50px;\">Segunda \u00e0 sexta de 8 at\u00e9 18:00 h.<\/span><\/h3>\n<p style=\"text-align: center;\">[whatsappsupport number=&#8221;5532984017860&#8243; text=&#8221;Consulte pelo WhatsApp &#8221; text-color=&#8221;#fff&#8221; bg-color=&#8221;#22c15e&#8221; message=&#8221;Diben 1.0&#8243; ]<\/p>\n","protected":false},"featured_media":401,"template":"","meta":[],"product_brand":[],"product_cat":[16],"product_tag":[68],"class_list":{"0":"post-326","1":"product","2":"type-product","3":"status-publish","4":"has-post-thumbnail","6":"product_cat-nutricao","7":"product_tag-diben-dieta-especial-diabetes","9":"first","10":"instock","11":"sold-individually","12":"product-type-simple","13":"czr-hentry"},"_links":{"self":[{"href":"https:\/\/hp.nutricionalfarma.com.br\/index.php?rest_route=\/wp\/v2\/product\/326","targetHints":{"allow":["GET"]}}],"collection":[{"href":"https:\/\/hp.nutricionalfarma.com.br\/index.php?rest_route=\/wp\/v2\/product"}],"about":[{"href":"https:\/\/hp.nutricionalfarma.com.br\/index.php?rest_route=\/wp\/v2\/types\/product"}],"wp:featuredmedia":[{"embeddable":true,"href":"https:\/\/hp.nutricionalfarma.com.br\/index.php?rest_route=\/wp\/v2\/media\/401"}],"wp:attachment":[{"href":"https:\/\/hp.nutricionalfarma.com.br\/index.php?rest_route=%2Fwp%2Fv2%2Fmedia&parent=326"}],"wp:term":[{"taxonomy":"product_brand","embeddable":true,"href":"https:\/\/hp.nutricionalfarma.com.br\/index.php?rest_route=%2Fwp%2Fv2%2Fproduct_brand&post=326"},{"taxonomy":"product_cat","embeddable":true,"href":"https:\/\/hp.nutricionalfarma.com.br\/index.php?rest_route=%2Fwp%2Fv2%2Fproduct_cat&post=326"},{"taxonomy":"product_tag","embeddable":true,"href":"https:\/\/hp.nutricionalfarma.com.br\/index.php?rest_route=%2Fwp%2Fv2%2Fproduct_tag&post=326"}],"curies":[{"name":"wp","href":"https:\/\/api.w.org\/{rel}","templated":true}]}}