{"id":324,"date":"2023-04-11T15:10:41","date_gmt":"2023-04-11T15:10:41","guid":{"rendered":"https:\/\/hp.nutricionalfarma.com.br\/?post_type=product&#038;p=324"},"modified":"2023-04-11T15:15:37","modified_gmt":"2023-04-11T15:15:37","slug":"fresubin-creme-sabores-variados","status":"publish","type":"product","link":"https:\/\/hp.nutricionalfarma.com.br\/?product=fresubin-creme-sabores-variados","title":{"rendered":"Fresubin Cr\u00e8me Sabores variados"},"content":{"rendered":"<h4>Detalhes do Produto:<\/h4>\n<p><img fetchpriority=\"high\" decoding=\"async\" class=\"aligncenter wp-image-1932 size-full\" src=\"https:\/\/nutricionalfarma.com.br\/wp-content\/uploads\/2016\/10\/Principais_Nutrientes_Fresubin-Creme.jpg\" width=\"540\" height=\"588\" \/><\/p>\n<p><a href=\"http:\/\/nutricionalfarma.com.br\/wp-content\/uploads\/2016\/10\/SF-Cr\u00e8me-Fresubin-Cr\u00e8me-sabores-variados-Vers\u00e3o-Port.-02set14.pdf\">Se deseja maiores detalhes pode descarregar todos os detalhes deste produto clicando aqui<\/a><\/p>\n<p>&nbsp;<\/p>\n","protected":false},"excerpt":{"rendered":"<p style=\"text-align: center;\">Consulte pre\u00e7o por caixa fechada!<\/p>\n<h3 style=\"text-align: center;\">Entre em contato com nosso televendas : (32) 3212-7735<br \/>\n<span style=\"font-size: 11px; margin-top: -50px;\">Segunda \u00e0 sexta de 8 at\u00e9 18:00h.<\/span><\/h3>\n","protected":false},"featured_media":398,"template":"","meta":[],"product_brand":[],"product_cat":[16],"product_tag":[67],"class_list":{"0":"post-324","1":"product","2":"type-product","3":"status-publish","4":"has-post-thumbnail","6":"product_cat-nutricao","7":"product_tag-complebyn-pocomplemento-alimentarnutricao-em-po","9":"first","10":"instock","11":"sold-individually","12":"product-type-simple","13":"czr-hentry"},"_links":{"self":[{"href":"https:\/\/hp.nutricionalfarma.com.br\/index.php?rest_route=\/wp\/v2\/product\/324","targetHints":{"allow":["GET"]}}],"collection":[{"href":"https:\/\/hp.nutricionalfarma.com.br\/index.php?rest_route=\/wp\/v2\/product"}],"about":[{"href":"https:\/\/hp.nutricionalfarma.com.br\/index.php?rest_route=\/wp\/v2\/types\/product"}],"wp:featuredmedia":[{"embeddable":true,"href":"https:\/\/hp.nutricionalfarma.com.br\/index.php?rest_route=\/wp\/v2\/media\/398"}],"wp:attachment":[{"href":"https:\/\/hp.nutricionalfarma.com.br\/index.php?rest_route=%2Fwp%2Fv2%2Fmedia&parent=324"}],"wp:term":[{"taxonomy":"product_brand","embeddable":true,"href":"https:\/\/hp.nutricionalfarma.com.br\/index.php?rest_route=%2Fwp%2Fv2%2Fproduct_brand&post=324"},{"taxonomy":"product_cat","embeddable":true,"href":"https:\/\/hp.nutricionalfarma.com.br\/index.php?rest_route=%2Fwp%2Fv2%2Fproduct_cat&post=324"},{"taxonomy":"product_tag","embeddable":true,"href":"https:\/\/hp.nutricionalfarma.com.br\/index.php?rest_route=%2Fwp%2Fv2%2Fproduct_tag&post=324"}],"curies":[{"name":"wp","href":"https:\/\/api.w.org\/{rel}","templated":true}]}}