{"id":321,"date":"2023-04-11T15:10:41","date_gmt":"2023-04-11T15:10:41","guid":{"rendered":"https:\/\/hp.nutricionalfarma.com.br\/?post_type=product&#038;p=321"},"modified":"2023-04-11T15:15:37","modified_gmt":"2023-04-11T15:15:37","slug":"frebini-energy-fiber-drink","status":"publish","type":"product","link":"https:\/\/hp.nutricionalfarma.com.br\/?product=frebini-energy-fiber-drink","title":{"rendered":"Frebini Energy Fiber Drink"},"content":{"rendered":"<h4>Detalhes do Produto:<\/h4>\n<p>&nbsp;<\/p>\n<p><img fetchpriority=\"high\" decoding=\"async\" class=\"alignleft size-full wp-image-177\" src=\"https:\/\/nutricionalfarma.com.br\/wp-content\/uploads\/2014\/08\/frebini-energy-fibre-drink1.png\" alt=\"frebini-energy-fibre-drink\" width=\"529\" height=\"637\" \/><\/p>\n<p>&nbsp;<\/p>\n","protected":false},"excerpt":{"rendered":"<p style=\"text-align: center;\">Comprando caixa fechada, o pre\u00e7o da unidade \u00e9 de R$15,36.<br \/>A caixa tem 24 unidades.<\/p>\n<h3 style=\"text-align: center;\">Entre em contato com nosso televendas : (32) 3212-7735 <span style=\"font-size: 11px; margin-top: -50px;\">Segunda \u00e0 sexta de 8 \u00e0 12h. e de 13:15 at\u00e9 18:00h.<\/span><\/h3>\n","protected":false},"featured_media":388,"template":"","meta":[],"product_brand":[],"product_cat":[16],"product_tag":[62],"class_list":{"0":"post-321","1":"product","2":"type-product","3":"status-publish","4":"has-post-thumbnail","6":"product_cat-nutricao","7":"product_tag-frebini-energy-drinkfrebini-energy-fiber-drinksuplemento-nutricionalsuplemento-pediatrico","9":"first","10":"instock","11":"sold-individually","12":"product-type-simple","13":"czr-hentry"},"_links":{"self":[{"href":"https:\/\/hp.nutricionalfarma.com.br\/index.php?rest_route=\/wp\/v2\/product\/321","targetHints":{"allow":["GET"]}}],"collection":[{"href":"https:\/\/hp.nutricionalfarma.com.br\/index.php?rest_route=\/wp\/v2\/product"}],"about":[{"href":"https:\/\/hp.nutricionalfarma.com.br\/index.php?rest_route=\/wp\/v2\/types\/product"}],"wp:featuredmedia":[{"embeddable":true,"href":"https:\/\/hp.nutricionalfarma.com.br\/index.php?rest_route=\/wp\/v2\/media\/388"}],"wp:attachment":[{"href":"https:\/\/hp.nutricionalfarma.com.br\/index.php?rest_route=%2Fwp%2Fv2%2Fmedia&parent=321"}],"wp:term":[{"taxonomy":"product_brand","embeddable":true,"href":"https:\/\/hp.nutricionalfarma.com.br\/index.php?rest_route=%2Fwp%2Fv2%2Fproduct_brand&post=321"},{"taxonomy":"product_cat","embeddable":true,"href":"https:\/\/hp.nutricionalfarma.com.br\/index.php?rest_route=%2Fwp%2Fv2%2Fproduct_cat&post=321"},{"taxonomy":"product_tag","embeddable":true,"href":"https:\/\/hp.nutricionalfarma.com.br\/index.php?rest_route=%2Fwp%2Fv2%2Fproduct_tag&post=321"}],"curies":[{"name":"wp","href":"https:\/\/api.w.org\/{rel}","templated":true}]}}