{"id":315,"date":"2023-04-11T15:10:41","date_gmt":"2023-04-11T15:10:41","guid":{"rendered":"https:\/\/hp.nutricionalfarma.com.br\/?post_type=product&#038;p=315"},"modified":"2023-04-11T15:15:37","modified_gmt":"2023-04-11T15:15:37","slug":"fresubin-protein-energy-drink","status":"publish","type":"product","link":"https:\/\/hp.nutricionalfarma.com.br\/?product=fresubin-protein-energy-drink","title":{"rendered":"Fresubin Protein Energy Drink"},"content":{"rendered":"<h4>Sabores<\/h4>\n<p>Fresubin Energy DRINK Vanilla<\/p>\n<p>Fresubin Energy DRINK Strawberry<\/p>\n<p>Fresubin Energy DRINK Chocolate<\/p>\n<p>Fresubin Energy DRINK Nut<\/p>\n<h4>Detalhes do Produto:<\/h4>\n<p>Sabores disponiveis: Baunilha,\u00a0Frutas Vermelhas, Avel\u00e3, Abacaxi, Chocolate e capuccino<\/p>\n<p><img fetchpriority=\"high\" decoding=\"async\" class=\"alignleft wp-image-146 size-full\" src=\"https:\/\/nutricionalfarma.com.br\/wp-content\/uploads\/2014\/08\/fresubin-protein-energy-drink.png\" alt=\"fresubin-protein-energy-drink\" width=\"529\" height=\"637\" \/><\/p>\n<p>&nbsp;<\/p>\n<p>&nbsp;<\/p>\n","protected":false},"excerpt":{"rendered":"<p style=\"text-align: center;\">Caixa Fechada com 24 unidades, consultar<\/p>\n<h4 style=\"text-align: center;\">Entre em contato com nosso televendas : (32) 3212-7735<\/h4>\n<p style=\"text-align: center;\">[whatsappsupport number=&#8221;911234567890&#8243; text=&#8221;Consulte-nos pelo WhatsApp!\u00a0 Clique aqui!&#8221; text-color=&#8221;#fff&#8221; bg-color=&#8221;#22c15e&#8221; message=&#8221;Ol\u00e1&#8230;&#8221; ]<br \/>\n<strong><span style=\"font-size: 11px; margin-top: -50px;\">Segunda \u00e0 sexta de 8 \u00e0 18:00h.<\/span><\/strong><\/p>\n<p style=\"text-align: center;\">Com a adi\u00e7\u00e3o de \u00f3leo de peixe em nossas dietas enterais, fornecemos o melhor perfil lip\u00eddico e garantimos o fornecimento de EPA &amp; DHA de forma mais eficiente.<\/p>\n","protected":false},"featured_media":369,"template":"","meta":[],"product_brand":[],"product_cat":[16],"product_tag":[57],"class_list":{"0":"post-315","1":"product","2":"type-product","3":"status-publish","4":"has-post-thumbnail","6":"product_cat-nutricao","7":"product_tag-fresubin-drinkfresubin-protein-energy-drinksuplemento-nutricionalsuplemento-nutricional-padrao","9":"first","10":"instock","11":"sold-individually","12":"product-type-simple","13":"czr-hentry"},"_links":{"self":[{"href":"https:\/\/hp.nutricionalfarma.com.br\/index.php?rest_route=\/wp\/v2\/product\/315","targetHints":{"allow":["GET"]}}],"collection":[{"href":"https:\/\/hp.nutricionalfarma.com.br\/index.php?rest_route=\/wp\/v2\/product"}],"about":[{"href":"https:\/\/hp.nutricionalfarma.com.br\/index.php?rest_route=\/wp\/v2\/types\/product"}],"wp:featuredmedia":[{"embeddable":true,"href":"https:\/\/hp.nutricionalfarma.com.br\/index.php?rest_route=\/wp\/v2\/media\/369"}],"wp:attachment":[{"href":"https:\/\/hp.nutricionalfarma.com.br\/index.php?rest_route=%2Fwp%2Fv2%2Fmedia&parent=315"}],"wp:term":[{"taxonomy":"product_brand","embeddable":true,"href":"https:\/\/hp.nutricionalfarma.com.br\/index.php?rest_route=%2Fwp%2Fv2%2Fproduct_brand&post=315"},{"taxonomy":"product_cat","embeddable":true,"href":"https:\/\/hp.nutricionalfarma.com.br\/index.php?rest_route=%2Fwp%2Fv2%2Fproduct_cat&post=315"},{"taxonomy":"product_tag","embeddable":true,"href":"https:\/\/hp.nutricionalfarma.com.br\/index.php?rest_route=%2Fwp%2Fv2%2Fproduct_tag&post=315"}],"curies":[{"name":"wp","href":"https:\/\/api.w.org\/{rel}","templated":true}]}}