{"id":307,"date":"2023-04-11T15:10:40","date_gmt":"2023-04-11T15:10:40","guid":{"rendered":"https:\/\/hp.nutricionalfarma.com.br\/?post_type=product&#038;p=307"},"modified":"2023-04-11T15:15:38","modified_gmt":"2023-04-11T15:15:38","slug":"fresubin-lipid-500ml-supportan","status":"publish","type":"product","link":"https:\/\/hp.nutricionalfarma.com.br\/?product=fresubin-lipid-500ml-supportan","title":{"rendered":"Fresubin Lipid 500ml (Supportan)"},"content":{"rendered":"<p>Com a adi\u00e7\u00e3o de \u00f3leo de peixe em nossas dietas enterais, fornecemos o melhor perfil lip\u00eddico e garantimos o fornecimento de EPA &amp; DHA de forma mais eficiente.<\/p>\n<h4>Detalhes do Produto:<\/h4>\n<p><a href=\"http:\/\/nutricionalfarma.com.br\/wp-content\/uploads\/2014\/08\/Fresubin-Lipid-Dieta-Enteral.png\"><img fetchpriority=\"high\" decoding=\"async\" class=\"alignleft size-full wp-image-117\" src=\"https:\/\/nutricionalfarma.com.br\/wp-content\/uploads\/2014\/08\/Fresubin-Lipid-Dieta-Enteral.png\" alt=\"Fresubin-Lipid-Dieta-Enteral\" width=\"466\" height=\"574\" \/><\/a><\/p>\n","protected":false},"excerpt":{"rendered":"<blockquote>\n<p style=\"text-align: center;\">Consulte o Pre\u00e7o da Caixa Fechada com 15 unidades.<\/p>\n<p style=\"text-align: center;\">Com a adi\u00e7\u00e3o de \u00f3leo de peixe em nossas dietas enterais, fornecemos o melhor perfil lip\u00eddico e garantimos o fornecimento de EPA &amp; DHA de forma mais eficiente.<\/p>\n<\/blockquote>\n<h3 style=\"text-align: center;\">Entre em contato com nosso televendas : (32) 3212-7735 <span style=\"font-size: 11px; margin-top: -50px;\">Segunda \u00e0 sexta de 8 \u00e0 12h. e de 13:15 at\u00e9 18:00h.<\/span><\/h3>\n","protected":false},"featured_media":350,"template":"","meta":[],"product_brand":[],"product_cat":[16],"product_tag":[47],"class_list":{"0":"post-307","1":"product","2":"type-product","3":"status-publish","4":"has-post-thumbnail","6":"product_cat-nutricao","7":"product_tag-dieta-enteraldieta-enteral-especializadafresubin-lipid","9":"first","10":"instock","11":"sold-individually","12":"product-type-simple","13":"czr-hentry"},"_links":{"self":[{"href":"https:\/\/hp.nutricionalfarma.com.br\/index.php?rest_route=\/wp\/v2\/product\/307","targetHints":{"allow":["GET"]}}],"collection":[{"href":"https:\/\/hp.nutricionalfarma.com.br\/index.php?rest_route=\/wp\/v2\/product"}],"about":[{"href":"https:\/\/hp.nutricionalfarma.com.br\/index.php?rest_route=\/wp\/v2\/types\/product"}],"wp:featuredmedia":[{"embeddable":true,"href":"https:\/\/hp.nutricionalfarma.com.br\/index.php?rest_route=\/wp\/v2\/media\/350"}],"wp:attachment":[{"href":"https:\/\/hp.nutricionalfarma.com.br\/index.php?rest_route=%2Fwp%2Fv2%2Fmedia&parent=307"}],"wp:term":[{"taxonomy":"product_brand","embeddable":true,"href":"https:\/\/hp.nutricionalfarma.com.br\/index.php?rest_route=%2Fwp%2Fv2%2Fproduct_brand&post=307"},{"taxonomy":"product_cat","embeddable":true,"href":"https:\/\/hp.nutricionalfarma.com.br\/index.php?rest_route=%2Fwp%2Fv2%2Fproduct_cat&post=307"},{"taxonomy":"product_tag","embeddable":true,"href":"https:\/\/hp.nutricionalfarma.com.br\/index.php?rest_route=%2Fwp%2Fv2%2Fproduct_tag&post=307"}],"curies":[{"name":"wp","href":"https:\/\/api.w.org\/{rel}","templated":true}]}}