{"id":176,"date":"2023-04-07T20:27:55","date_gmt":"2023-04-07T20:27:55","guid":{"rendered":"https:\/\/hp.nutricionalfarma.com.br\/?product=sonda-de-gastrostomia-botton-24fr"},"modified":"2023-04-07T20:57:08","modified_gmt":"2023-04-07T20:57:08","slug":"sonda-de-gastrostomia-botton-24fr","status":"publish","type":"product","link":"https:\/\/hp.nutricionalfarma.com.br\/?product=sonda-de-gastrostomia-botton-24fr","title":{"rendered":"Sonda de Gastrostomia Botton 24FR"},"content":{"rendered":"<h4>Bot\u00e3o para Gastrostomia.<\/h4>\n<p>\nConstru\u00eddo em silicone.<br \/>\nF\u00e1cil Coloca\u00e7\u00e3o.<br \/>\nPerfil baixo.<br \/>\nProjetado para administra\u00e7\u00e3o de alimentos na cavidade g\u00e1strica.<br \/>\nV\u00e1lvula antirrefluxo.<br \/>\nIndica\u00e7\u00e3o de calibre e comprimento.<br \/>\nVariedade de tamanhos.<br \/>\nMaterial: silicone grau m\u00e9dio<br \/> <br \/>\nForma de apresenta\u00e7\u00e3o: embalagem individual<br \/>\nCaracter\u00edsticas adicionais: bal\u00e3o de silicone  para fixa\u00e7\u00e3o  interna, v\u00e1lvula para enchimento do bal\u00e3o e dispositivo antirrefluxo. <br \/>\nSistema de trava para conex\u00e3o de sondas extensores para alimenta\u00e7\u00e3o. <\/p>\n<h4>Componentes:<\/h4>\n<p>\nBot\u00e3o de gastrostomia<br \/>\nAdaptador ENFit \/ LUER<br \/>\nSeringa de alimenta\u00e7\u00e3o de 50ml<br \/>\nSuporte de pl\u00e1stico para coloca\u00e7\u00e3o<br \/>\nENFit Conjunto de alimenta\u00e7\u00e3o de 2 vias com conector de \u00e2ngulo reto ENFit<br \/>\nConjunto de alimenta\u00e7\u00e3o de 1 via reto<br \/>\nSeringa com ponta deslizante para insufla\u00e7\u00e3o do bal\u00e3o<\/p>\n<h4>Tamanhos<\/h4>\n<p>0.8 cm<br \/>\n1.0 cm<br \/>\n1.2 cm<br \/>\n1.4 cm<br \/>\n1.5 cm<br \/>\n1.6 cm<br \/>\n1.8 cm<br \/>\n2.0 cm<br \/>\n2.3 cm<br \/>\n2.5 cm<br \/>\n2.7 cm<br \/>\n3.0 cm<br \/>\n3.5 cm<br \/>\n4.0 cm<br \/>\n4.5 cm<br \/>\n5.0 cm<\/p>\n<h4>Tire suas d\u00favidas <\/h4>\n<a id=\"sendbtn\" class=\"shortcode_wa_button\" href=\"https:\/\/web.whatsapp.com\/send?phone=5532984017860&#038;text=Gostaria%20tirar%20minhas%20d%C3%BAvidas%20relacionadas%20com%20o%20produto%20bot%C3%A3o%20de%20gastrostomia.&#038;app_absent=0\" target=&quot;_blank&quot;><span>Tire suas d\u00favidas<\/span><\/a>\n","protected":false},"excerpt":{"rendered":"<p>Kit bot\u00e3o para gastrostomia percut\u00e2nea confeccionado em silicone para maior durabilidade e conforto do paciente.<\/p>\n","protected":false},"featured_media":144,"template":"","meta":[],"product_brand":[],"product_cat":[17],"product_tag":[38],"class_list":{"0":"post-176","1":"product","2":"type-product","3":"status-publish","4":"has-post-thumbnail","6":"product_cat-sondas","7":"product_tag-gastrostomia","9":"first","10":"instock","11":"sold-individually","12":"shipping-taxable","13":"purchasable","14":"product-type-variable","15":"czr-hentry"},"_links":{"self":[{"href":"https:\/\/hp.nutricionalfarma.com.br\/index.php?rest_route=\/wp\/v2\/product\/176","targetHints":{"allow":["GET"]}}],"collection":[{"href":"https:\/\/hp.nutricionalfarma.com.br\/index.php?rest_route=\/wp\/v2\/product"}],"about":[{"href":"https:\/\/hp.nutricionalfarma.com.br\/index.php?rest_route=\/wp\/v2\/types\/product"}],"wp:featuredmedia":[{"embeddable":true,"href":"https:\/\/hp.nutricionalfarma.com.br\/index.php?rest_route=\/wp\/v2\/media\/144"}],"wp:attachment":[{"href":"https:\/\/hp.nutricionalfarma.com.br\/index.php?rest_route=%2Fwp%2Fv2%2Fmedia&parent=176"}],"wp:term":[{"taxonomy":"product_brand","embeddable":true,"href":"https:\/\/hp.nutricionalfarma.com.br\/index.php?rest_route=%2Fwp%2Fv2%2Fproduct_brand&post=176"},{"taxonomy":"product_cat","embeddable":true,"href":"https:\/\/hp.nutricionalfarma.com.br\/index.php?rest_route=%2Fwp%2Fv2%2Fproduct_cat&post=176"},{"taxonomy":"product_tag","embeddable":true,"href":"https:\/\/hp.nutricionalfarma.com.br\/index.php?rest_route=%2Fwp%2Fv2%2Fproduct_tag&post=176"}],"curies":[{"name":"wp","href":"https:\/\/api.w.org\/{rel}","templated":true}]}}