{"id":125,"date":"2023-03-12T17:08:25","date_gmt":"2023-03-12T17:08:25","guid":{"rendered":"https:\/\/hp.nutricionalfarma.com.br\/?product=trophic-1-5-1l-e-250ml"},"modified":"2023-03-30T18:07:29","modified_gmt":"2023-03-30T18:07:29","slug":"trophic-1-5-1l-e-250ml","status":"publish","type":"product","link":"https:\/\/hp.nutricionalfarma.com.br\/?product=trophic-1-5-1l-e-250ml","title":{"rendered":"Trophic 1.5 &#8211; 1L e 250ml"},"content":{"rendered":"<p><\/p>\n<div>\n<p>A DOSE EXTRA DE CALORIAS PARA UM ORGANISMO MAIS FORTE!<\/p>\n<p>Um litro de Trophic 1.5 cont\u00e9m 1.500 calorias: concentra\u00e7\u00e3o ideal para a recupera\u00e7\u00e3o ou manuten\u00e7\u00e3o do bom estado nutricional de pacientes com doen\u00e7as neurol\u00f3gicas ou desnutri\u00e7\u00e3o, cuja necessidade energ\u00e9tica \u00e9 elevada. A f\u00f3rmula deste produto \u00e9 nutricionalmente completa e possui um exclusivo mix de prote\u00ednas que oferecem mais for\u00e7a ao organismo.<\/p>\n<h2>INDICA\u00c7\u00c3O<\/h2>\n<p>Necessidade elevada de calorias associada ou n\u00e3o \u00e0 restri\u00e7\u00e3o h\u00eddrica.<\/p>\n<\/p><\/div>\n<p><script type=\"text\/javascript\">\n!function(f,b,e,v,n,t,s){if(f.fbq)return;n=f.fbq=function(){n.callMethod?\nn.callMethod.apply(n,arguments):n.queue.push(arguments)};if(!f._fbq)f._fbq=n;\nn.push=n;n.loaded=!0;n.version='2.0';n.queue=[];t=b.createElement(e);t.async=!0;\nt.src=v;s=b.getElementsByTagName(e)[0];s.parentNode.insertBefore(t,s)}(window,\ndocument,'script','https:\/\/connect.facebook.net\/en_US\/fbevents.js');\n<\/script><script>\n\t\t!function(f,b,e,v,n,t,s){if(f.fbq)return;n=f.fbq=function(){n.callMethod?\n\t\tn.callMethod.apply(n,arguments):n.queue.push(arguments)};if(!f._fbq)f._fbq=n;\n\t\tn.push=n;n.loaded=!0;n.version='2.0';n.queue=[];t=b.createElement(e);t.async=!0;\n\t\tt.src=v;s=b.getElementsByTagName(e)[0];s.parentNode.insertBefore(t,s)}(window,\n\t\tdocument,'script','\/\/connect.facebook.net\/en_US\/fbevents.js');<\/p>\n<p>\t\tfbq('init', '1646710888920897');\n\t\tfbq('track', \"PageView\");\n\t<\/script><script>\n\t(function(d, s, id) {\n\t\tvar js, fjs = d.getElementsByTagName(s)[0];\n\t\tif (d.getElementById(id)) return;\n\t\tjs = d.createElement(s); js.id = id;\n\t\tjs.src = \"\/\/connect.facebook.net\/en_US\/sdk.js#xfbml=1&version=v2.4\";\n\t\tfjs.parentNode.insertBefore(js, fjs);\n\t}(document, 'script', 'facebook-jssdk'));\n<\/script><\/p>\n","protected":false},"excerpt":{"rendered":"<p>A DOSE EXTRA DE CALORIAS PARA UM ORGANISMO MAIS FORTE! Um litro de Trophic 1.5 cont\u00e9m 1.500 calorias: concentra\u00e7\u00e3o ideal para a recupera\u00e7\u00e3o ou manuten\u00e7\u00e3o do bom estado nutricional de pacientes com doen\u00e7as neurol\u00f3gicas ou desnutri\u00e7\u00e3o, cuja necessidade energ\u00e9tica \u00e9 elevada. A f\u00f3rmula deste produto \u00e9 nutricionalmente completa e possui um exclusivo mix de prote\u00ednas [&hellip;]<\/p>\n","protected":false},"featured_media":126,"template":"","meta":[],"product_brand":[],"product_cat":[16],"product_tag":[],"class_list":{"0":"post-125","1":"product","2":"type-product","3":"status-publish","4":"has-post-thumbnail","6":"product_cat-nutricao","8":"first","9":"instock","10":"sold-individually","11":"shipping-taxable","12":"purchasable","13":"product-type-simple","14":"czr-hentry"},"_links":{"self":[{"href":"https:\/\/hp.nutricionalfarma.com.br\/index.php?rest_route=\/wp\/v2\/product\/125","targetHints":{"allow":["GET"]}}],"collection":[{"href":"https:\/\/hp.nutricionalfarma.com.br\/index.php?rest_route=\/wp\/v2\/product"}],"about":[{"href":"https:\/\/hp.nutricionalfarma.com.br\/index.php?rest_route=\/wp\/v2\/types\/product"}],"wp:featuredmedia":[{"embeddable":true,"href":"https:\/\/hp.nutricionalfarma.com.br\/index.php?rest_route=\/wp\/v2\/media\/126"}],"wp:attachment":[{"href":"https:\/\/hp.nutricionalfarma.com.br\/index.php?rest_route=%2Fwp%2Fv2%2Fmedia&parent=125"}],"wp:term":[{"taxonomy":"product_brand","embeddable":true,"href":"https:\/\/hp.nutricionalfarma.com.br\/index.php?rest_route=%2Fwp%2Fv2%2Fproduct_brand&post=125"},{"taxonomy":"product_cat","embeddable":true,"href":"https:\/\/hp.nutricionalfarma.com.br\/index.php?rest_route=%2Fwp%2Fv2%2Fproduct_cat&post=125"},{"taxonomy":"product_tag","embeddable":true,"href":"https:\/\/hp.nutricionalfarma.com.br\/index.php?rest_route=%2Fwp%2Fv2%2Fproduct_tag&post=125"}],"curies":[{"name":"wp","href":"https:\/\/api.w.org\/{rel}","templated":true}]}}