{"id":123,"date":"2023-03-12T11:55:32","date_gmt":"2023-03-12T11:55:32","guid":{"rendered":"https:\/\/hp.nutricionalfarma.com.br\/?product=trophic-basic-1-l"},"modified":"2023-03-30T19:20:56","modified_gmt":"2023-03-30T19:20:56","slug":"trophic-basic-1-l","status":"publish","type":"product","link":"https:\/\/hp.nutricionalfarma.com.br\/?product=trophic-basic-1-l","title":{"rendered":"Trophic Basic &#8211; 1 L"},"content":{"rendered":"<p>&nbsp;<\/p>\n<div>\n<p>O ESSENCIAL PARA UMA NUTRI\u00c7\u00c3O SAUD\u00c1VEL E COMPLETA!<\/p>\n<p>Trophic Basic \u00e9 indicado para a melhoria ou manuten\u00e7\u00e3o do estado nutricional de pacientes com dist\u00farbios alimentares, desnutri\u00e7\u00e3o, doen\u00e7as neurol\u00f3gicas ou em recupera\u00e7\u00e3o de enfermidades e cirurgias. Com um mix exclusivo de prote\u00ednas e baixo teor de gordura saturada, a sua f\u00f3rmula cont\u00e9m 1.200 calorias por litro e pode ser consumida por longos per\u00edodos.<\/p>\n<h2>INDICA\u00c7\u00c3O<\/h2>\n<p>Risco nutricional ou situac\u0327o\u0303es de nutric\u0327a\u0303o enteral prolongada.<\/p>\n","protected":false},"excerpt":{"rendered":"<p>&nbsp; O ESSENCIAL PARA UMA NUTRI\u00c7\u00c3O SAUD\u00c1VEL E COMPLETA! Trophic Basic \u00e9 indicado para a melhoria ou manuten\u00e7\u00e3o do estado nutricional de pacientes com dist\u00farbios alimentares, desnutri\u00e7\u00e3o, doen\u00e7as neurol\u00f3gicas ou em recupera\u00e7\u00e3o de enfermidades e cirurgias. Com um mix exclusivo de prote\u00ednas e baixo teor de gordura saturada, a sua f\u00f3rmula cont\u00e9m 1.200 calorias por [&hellip;]<\/p>\n","protected":false},"featured_media":124,"template":"","meta":[],"product_brand":[],"product_cat":[16],"product_tag":[],"class_list":{"0":"post-123","1":"product","2":"type-product","3":"status-publish","4":"has-post-thumbnail","6":"product_cat-nutricao","8":"first","9":"instock","10":"sold-individually","11":"shipping-taxable","12":"purchasable","13":"product-type-simple","14":"czr-hentry"},"_links":{"self":[{"href":"https:\/\/hp.nutricionalfarma.com.br\/index.php?rest_route=\/wp\/v2\/product\/123","targetHints":{"allow":["GET"]}}],"collection":[{"href":"https:\/\/hp.nutricionalfarma.com.br\/index.php?rest_route=\/wp\/v2\/product"}],"about":[{"href":"https:\/\/hp.nutricionalfarma.com.br\/index.php?rest_route=\/wp\/v2\/types\/product"}],"wp:featuredmedia":[{"embeddable":true,"href":"https:\/\/hp.nutricionalfarma.com.br\/index.php?rest_route=\/wp\/v2\/media\/124"}],"wp:attachment":[{"href":"https:\/\/hp.nutricionalfarma.com.br\/index.php?rest_route=%2Fwp%2Fv2%2Fmedia&parent=123"}],"wp:term":[{"taxonomy":"product_brand","embeddable":true,"href":"https:\/\/hp.nutricionalfarma.com.br\/index.php?rest_route=%2Fwp%2Fv2%2Fproduct_brand&post=123"},{"taxonomy":"product_cat","embeddable":true,"href":"https:\/\/hp.nutricionalfarma.com.br\/index.php?rest_route=%2Fwp%2Fv2%2Fproduct_cat&post=123"},{"taxonomy":"product_tag","embeddable":true,"href":"https:\/\/hp.nutricionalfarma.com.br\/index.php?rest_route=%2Fwp%2Fv2%2Fproduct_tag&post=123"}],"curies":[{"name":"wp","href":"https:\/\/api.w.org\/{rel}","templated":true}]}}