{"id":115,"date":"2023-03-12T00:32:44","date_gmt":"2023-03-12T00:32:44","guid":{"rendered":"https:\/\/hp.nutricionalfarma.com.br\/?product=trophic-infant-400g-e-800g"},"modified":"2023-03-30T17:36:58","modified_gmt":"2023-03-30T17:36:58","slug":"trophic-infant-400g-e-800g","status":"publish","type":"product","link":"https:\/\/hp.nutricionalfarma.com.br\/?product=trophic-infant-400g-e-800g","title":{"rendered":"Trophic Infant &#8211; 400g e 800g"},"content":{"rendered":"<p><\/p>\n<div>\n<p>PARA UMA INF\u00c2NCIA MAIS FORTE, COM NUTRI\u00c7\u00c3O E SABOR!<\/p>\n<p>Trophic Infant \u00e9 uma nutri\u00e7\u00e3o completa com tudo o que as crian\u00e7as precisam para ficarem mais fortes e bem nutridas. Excelente mix de prote\u00ednas que ajudam no crescimento e desenvolvimento, podendo ser a \u00fanica fonte de alimenta\u00e7\u00e3o via sonda ou misturado a diversos preparos.\u00a0\u00a0A vers\u00e3o em p\u00f3 \u00e9 vers\u00e1til e permite diferentes dilui\u00e7\u00f5es de 1,0 a 1,5 kcal\/ ml.<\/p>\n<h2>INDICA\u00c7\u00c3O<\/h2>\n<p>Crian\u00e7as com risco nutricional ou desnutridas, hospitalizadas ou em cuidado domiciliar, que necessitam de nutri\u00e7\u00e3o enteral prolongada.<\/p>\n<\/p><\/div>\n<p><script type=\"text\/javascript\">\n!function(f,b,e,v,n,t,s){if(f.fbq)return;n=f.fbq=function(){n.callMethod?\nn.callMethod.apply(n,arguments):n.queue.push(arguments)};if(!f._fbq)f._fbq=n;\nn.push=n;n.loaded=!0;n.version='2.0';n.queue=[];t=b.createElement(e);t.async=!0;\nt.src=v;s=b.getElementsByTagName(e)[0];s.parentNode.insertBefore(t,s)}(window,\ndocument,'script','https:\/\/connect.facebook.net\/en_US\/fbevents.js');\n<\/script><script>\n\t\t!function(f,b,e,v,n,t,s){if(f.fbq)return;n=f.fbq=function(){n.callMethod?\n\t\tn.callMethod.apply(n,arguments):n.queue.push(arguments)};if(!f._fbq)f._fbq=n;\n\t\tn.push=n;n.loaded=!0;n.version='2.0';n.queue=[];t=b.createElement(e);t.async=!0;\n\t\tt.src=v;s=b.getElementsByTagName(e)[0];s.parentNode.insertBefore(t,s)}(window,\n\t\tdocument,'script','\/\/connect.facebook.net\/en_US\/fbevents.js');<\/p>\n<p>\t\tfbq('init', '1646710888920897');\n\t\tfbq('track', \"PageView\");\n\t<\/script><script>\n\t(function(d, s, id) {\n\t\tvar js, fjs = d.getElementsByTagName(s)[0];\n\t\tif (d.getElementById(id)) return;\n\t\tjs = d.createElement(s); js.id = id;\n\t\tjs.src = \"\/\/connect.facebook.net\/en_US\/sdk.js#xfbml=1&version=v2.4\";\n\t\tfjs.parentNode.insertBefore(js, fjs);\n\t}(document, 'script', 'facebook-jssdk'));\n<\/script><\/p>\n","protected":false},"excerpt":{"rendered":"<p>PARA UMA INF\u00c2NCIA MAIS FORTE, COM NUTRI\u00c7\u00c3O E SABOR! Trophic Infant \u00e9 uma nutri\u00e7\u00e3o completa com tudo o que as crian\u00e7as precisam para ficarem mais fortes e bem nutridas. Excelente mix de prote\u00ednas que ajudam no crescimento e desenvolvimento, podendo ser a \u00fanica fonte de alimenta\u00e7\u00e3o via sonda ou misturado a diversos preparos.\u00a0\u00a0A vers\u00e3o em [&hellip;]<\/p>\n","protected":false},"featured_media":116,"template":"","meta":[],"product_brand":[],"product_cat":[16],"product_tag":[],"class_list":{"0":"post-115","1":"product","2":"type-product","3":"status-publish","4":"has-post-thumbnail","6":"product_cat-nutricao","8":"first","9":"instock","10":"sold-individually","11":"shipping-taxable","12":"purchasable","13":"product-type-simple","14":"czr-hentry"},"_links":{"self":[{"href":"https:\/\/hp.nutricionalfarma.com.br\/index.php?rest_route=\/wp\/v2\/product\/115","targetHints":{"allow":["GET"]}}],"collection":[{"href":"https:\/\/hp.nutricionalfarma.com.br\/index.php?rest_route=\/wp\/v2\/product"}],"about":[{"href":"https:\/\/hp.nutricionalfarma.com.br\/index.php?rest_route=\/wp\/v2\/types\/product"}],"wp:featuredmedia":[{"embeddable":true,"href":"https:\/\/hp.nutricionalfarma.com.br\/index.php?rest_route=\/wp\/v2\/media\/116"}],"wp:attachment":[{"href":"https:\/\/hp.nutricionalfarma.com.br\/index.php?rest_route=%2Fwp%2Fv2%2Fmedia&parent=115"}],"wp:term":[{"taxonomy":"product_brand","embeddable":true,"href":"https:\/\/hp.nutricionalfarma.com.br\/index.php?rest_route=%2Fwp%2Fv2%2Fproduct_brand&post=115"},{"taxonomy":"product_cat","embeddable":true,"href":"https:\/\/hp.nutricionalfarma.com.br\/index.php?rest_route=%2Fwp%2Fv2%2Fproduct_cat&post=115"},{"taxonomy":"product_tag","embeddable":true,"href":"https:\/\/hp.nutricionalfarma.com.br\/index.php?rest_route=%2Fwp%2Fv2%2Fproduct_tag&post=115"}],"curies":[{"name":"wp","href":"https:\/\/api.w.org\/{rel}","templated":true}]}}