{"id":113,"date":"2023-03-11T23:27:11","date_gmt":"2023-03-11T23:27:11","guid":{"rendered":"https:\/\/hp.nutricionalfarma.com.br\/?product=proteinpt-240g-prodiet-medical-nutrition"},"modified":"2023-03-30T17:36:58","modified_gmt":"2023-03-30T17:36:58","slug":"proteinpt-240g-prodiet-medical-nutrition","status":"publish","type":"product","link":"https:\/\/hp.nutricionalfarma.com.br\/?product=proteinpt-240g-prodiet-medical-nutrition","title":{"rendered":"ProteinPT &#8211; 240g &#8211; Prodiet Medical Nutrition"},"content":{"rendered":"<p><\/p>\n<div>\n<p>PURA PROTE\u00cdNA PARA UM ORGANISMO MAIS FORTE!<\/p>\n<p>Protein PT enriquece a alimenta\u00e7\u00e3o com prote\u00ednas de alto valor biol\u00f3gico, que ajudam na forma\u00e7\u00e3o e manuten\u00e7\u00e3o da massa muscular e no bom funcionamento do organismo.<br \/>Pode ser adicionado a diversos preparos sem alterar o sabor dos alimentos.<\/p>\n<h2>INDICA\u00c7\u00c3O<\/h2>\n<p>Necessidade elevada de prote\u00edna.<\/p>\n<p><a class=\"bt\" href=\"https:\/\/prodiet.pertinhodemim.com\/produto\/789892227258\" target=\"_blank\" rel=\"noopener\">Onde Encontrar<\/a><\/p>\n<\/p><\/div>\n<p><script type=\"text\/javascript\">\n!function(f,b,e,v,n,t,s){if(f.fbq)return;n=f.fbq=function(){n.callMethod?\nn.callMethod.apply(n,arguments):n.queue.push(arguments)};if(!f._fbq)f._fbq=n;\nn.push=n;n.loaded=!0;n.version='2.0';n.queue=[];t=b.createElement(e);t.async=!0;\nt.src=v;s=b.getElementsByTagName(e)[0];s.parentNode.insertBefore(t,s)}(window,\ndocument,'script','https:\/\/connect.facebook.net\/en_US\/fbevents.js');\n<\/script><script>\n\t\t!function(f,b,e,v,n,t,s){if(f.fbq)return;n=f.fbq=function(){n.callMethod?\n\t\tn.callMethod.apply(n,arguments):n.queue.push(arguments)};if(!f._fbq)f._fbq=n;\n\t\tn.push=n;n.loaded=!0;n.version='2.0';n.queue=[];t=b.createElement(e);t.async=!0;\n\t\tt.src=v;s=b.getElementsByTagName(e)[0];s.parentNode.insertBefore(t,s)}(window,\n\t\tdocument,'script','\/\/connect.facebook.net\/en_US\/fbevents.js');<\/p>\n<p>\t\tfbq('init', '1646710888920897');\n\t\tfbq('track', \"PageView\");\n\t<\/script><script>\n\t(function(d, s, id) {\n\t\tvar js, fjs = d.getElementsByTagName(s)[0];\n\t\tif (d.getElementById(id)) return;\n\t\tjs = d.createElement(s); js.id = id;\n\t\tjs.src = \"\/\/connect.facebook.net\/en_US\/sdk.js#xfbml=1&version=v2.4\";\n\t\tfjs.parentNode.insertBefore(js, fjs);\n\t}(document, 'script', 'facebook-jssdk'));\n<\/script><\/p>\n","protected":false},"excerpt":{"rendered":"<p>PURA PROTE\u00cdNA PARA UM ORGANISMO MAIS FORTE! Protein PT enriquece a alimenta\u00e7\u00e3o com prote\u00ednas de alto valor biol\u00f3gico, que ajudam na forma\u00e7\u00e3o e manuten\u00e7\u00e3o da massa muscular e no bom funcionamento do organismo.Pode ser adicionado a diversos preparos sem alterar o sabor dos alimentos. INDICA\u00c7\u00c3O Necessidade elevada de prote\u00edna. Onde Encontrar<\/p>\n","protected":false},"featured_media":114,"template":"","meta":[],"product_brand":[],"product_cat":[16],"product_tag":[],"class_list":{"0":"post-113","1":"product","2":"type-product","3":"status-publish","4":"has-post-thumbnail","6":"product_cat-nutricao","8":"first","9":"instock","10":"sold-individually","11":"shipping-taxable","12":"purchasable","13":"product-type-simple","14":"czr-hentry"},"_links":{"self":[{"href":"https:\/\/hp.nutricionalfarma.com.br\/index.php?rest_route=\/wp\/v2\/product\/113","targetHints":{"allow":["GET"]}}],"collection":[{"href":"https:\/\/hp.nutricionalfarma.com.br\/index.php?rest_route=\/wp\/v2\/product"}],"about":[{"href":"https:\/\/hp.nutricionalfarma.com.br\/index.php?rest_route=\/wp\/v2\/types\/product"}],"wp:featuredmedia":[{"embeddable":true,"href":"https:\/\/hp.nutricionalfarma.com.br\/index.php?rest_route=\/wp\/v2\/media\/114"}],"wp:attachment":[{"href":"https:\/\/hp.nutricionalfarma.com.br\/index.php?rest_route=%2Fwp%2Fv2%2Fmedia&parent=113"}],"wp:term":[{"taxonomy":"product_brand","embeddable":true,"href":"https:\/\/hp.nutricionalfarma.com.br\/index.php?rest_route=%2Fwp%2Fv2%2Fproduct_brand&post=113"},{"taxonomy":"product_cat","embeddable":true,"href":"https:\/\/hp.nutricionalfarma.com.br\/index.php?rest_route=%2Fwp%2Fv2%2Fproduct_cat&post=113"},{"taxonomy":"product_tag","embeddable":true,"href":"https:\/\/hp.nutricionalfarma.com.br\/index.php?rest_route=%2Fwp%2Fv2%2Fproduct_tag&post=113"}],"curies":[{"name":"wp","href":"https:\/\/api.w.org\/{rel}","templated":true}]}}