{"id":107,"date":"2023-03-11T12:04:51","date_gmt":"2023-03-11T12:04:51","guid":{"rendered":"https:\/\/hp.nutricionalfarma.com.br\/?product=trophic-soya-1l-e-250ml"},"modified":"2023-03-30T17:36:58","modified_gmt":"2023-03-30T17:36:58","slug":"trophic-soya-1l-e-250ml","status":"publish","type":"product","link":"https:\/\/hp.nutricionalfarma.com.br\/?product=trophic-soya-1l-e-250ml","title":{"rendered":"Trophic Soya \u2013 1L e 250ml"},"content":{"rendered":"<p><\/p>\n<h3>CONHE\u00c7A MAIS SOBRE O TROPHIC SOYA<\/h3>\n<p>A Prodiet Nutri\u00e7\u00e3o Cl\u00ednica busca sempre fazer muito mais pela sua sa\u00fade e bem-estar, com produtos que trazem benef\u00edcios adicionais a sua vida. Com dedica\u00e7\u00e3o, tecnologia e responsabilidade, promovemos a sa\u00fade. Acreditamos no poder que a nutri\u00e7\u00e3o tem de fomentar o bem-estar e atuar na recupera\u00e7\u00e3o de pacientes. Por isso desenvolvemos uma linha completa de produtos para nutri\u00e7\u00e3o cl\u00ednica destinados \u00e0s mais diversas necessidades.<\/p>\n<p>Com isso desenvolvemos a <a href=\"http:\/\/prodiet.com.br\/categorias\/padrao\/\">linha Trophic<\/a>, e dentro dela o produto Trophic Soya. O Trophic Soya cont\u00e9m uma formula nutricionalmente completa, normocal\u00f3rica, com 100% prote\u00edna de soja e baixo teor de gordura saturada. Este produto foi especialmente desenvolvido pensando em pessoas com risco nutricional ou em situa\u00e7\u00f5es de nutri\u00e7\u00e3o enteral prolongada.<\/p>\n<h4>Sobre a Nutri\u00e7\u00e3o Enteral:<\/h4>\n<p>A impossibilidade de fornecer nutrientes necess\u00e1rios para atender \u00e0s exig\u00eancias metab\u00f3licas \u00e9 uma preocupa\u00e7\u00e3o s\u00e9ria quando falamos em tratamento de pacientes cl\u00ednicos e cir\u00fargicos.<br \/>\nQuando o trato gastrintestinal est\u00e1 em funcionamento, a nutri\u00e7\u00e3o enteral \u00e9 uma forma de recuperar ou, em casos de danos repentinos, de manter um estado nutricional \u00f3timo.<\/p>\n<p>A nutri\u00e7\u00e3o enteral \u00e9 reconhecida como uma forma bastante segura e satisfat\u00f3ria de prover nutri\u00e7\u00e3o para pacientes que apresentam a capacidade de via oral parcial ou totalmente comprometida.<\/p>\n<p>Para a interven\u00e7\u00e3o nutricional, a via enteral \u00e9 o acesso de escolha devido \u00e0 manuten\u00e7\u00e3o dos efeitos fisiol\u00f3gicos de digest\u00e3o e absor\u00e7\u00e3o, capacidade imune a local e sist\u00eamica, seguran\u00e7a bacteriol\u00f3gica e econ\u00f4mica, al\u00e9m de ser facilmente manipulada em ambiente domiciliar, contribuindo para a melhora da qualidade de vida do paciente.<\/p>\n<h4>Sobre Risco Nutricional:<\/h4>\n<p>Estar com peso considerado adequado para a altura n\u00e3o \u00e9 suficiente para se classificar uma pessoa como tendo um bom estado nutricional.<\/p>\n<p>Por exemplo, a pessoa pode estar com o peso adequado por\u00e9m ter baixos estoques de ferro, o que acarreta em anemia ferropriva, fraqueza, diminui\u00e7\u00e3o da libido, sonol\u00eancia, dor de cabe\u00e7a ou enxaqueca, incapacidade de fixar a aten\u00e7\u00e3o ou aprender, al\u00e9m de preju\u00edzos no crescimento e desenvolvimento.<\/p>\n<p>V\u00e1rias outras vitaminas e minerais podem estar diminu\u00eddos quando o indiv\u00edduo n\u00e3o se alimenta corretamente trazendo preju\u00edzos nutricionais ao organismo.<\/p>\n<p>The post <a rel=\"nofollow\" href=\"https:\/\/prodiet.com.br\/produtos\/trophic-soya-1-l\/\">Trophic Soya &#8211; 1L e 250ml<\/a> appeared first on <a rel=\"nofollow\" href=\"https:\/\/prodiet.com.br\">Prodiet Medical Nutrition<\/a>.<\/p>\n","protected":false},"excerpt":{"rendered":"<p>CONHE\u00c7A MAIS SOBRE O TROPHIC SOYA A Prodiet Nutri\u00e7\u00e3o Cl\u00ednica busca sempre fazer muito mais pela sua sa\u00fade e bem-estar, com produtos que trazem benef\u00edcios adicionais a sua vida. Com dedica\u00e7\u00e3o, tecnologia e responsabilidade, promovemos a sa\u00fade. Acreditamos no poder que a nutri\u00e7\u00e3o tem de fomentar o bem-estar e atuar na recupera\u00e7\u00e3o de pacientes. Por [&hellip;]<\/p>\n","protected":false},"featured_media":108,"template":"","meta":[],"product_brand":[],"product_cat":[16],"product_tag":[],"class_list":{"0":"post-107","1":"product","2":"type-product","3":"status-publish","4":"has-post-thumbnail","6":"product_cat-nutricao","8":"first","9":"instock","10":"sold-individually","11":"shipping-taxable","12":"purchasable","13":"product-type-simple","14":"czr-hentry"},"_links":{"self":[{"href":"https:\/\/hp.nutricionalfarma.com.br\/index.php?rest_route=\/wp\/v2\/product\/107","targetHints":{"allow":["GET"]}}],"collection":[{"href":"https:\/\/hp.nutricionalfarma.com.br\/index.php?rest_route=\/wp\/v2\/product"}],"about":[{"href":"https:\/\/hp.nutricionalfarma.com.br\/index.php?rest_route=\/wp\/v2\/types\/product"}],"wp:featuredmedia":[{"embeddable":true,"href":"https:\/\/hp.nutricionalfarma.com.br\/index.php?rest_route=\/wp\/v2\/media\/108"}],"wp:attachment":[{"href":"https:\/\/hp.nutricionalfarma.com.br\/index.php?rest_route=%2Fwp%2Fv2%2Fmedia&parent=107"}],"wp:term":[{"taxonomy":"product_brand","embeddable":true,"href":"https:\/\/hp.nutricionalfarma.com.br\/index.php?rest_route=%2Fwp%2Fv2%2Fproduct_brand&post=107"},{"taxonomy":"product_cat","embeddable":true,"href":"https:\/\/hp.nutricionalfarma.com.br\/index.php?rest_route=%2Fwp%2Fv2%2Fproduct_cat&post=107"},{"taxonomy":"product_tag","embeddable":true,"href":"https:\/\/hp.nutricionalfarma.com.br\/index.php?rest_route=%2Fwp%2Fv2%2Fproduct_tag&post=107"}],"curies":[{"name":"wp","href":"https:\/\/api.w.org\/{rel}","templated":true}]}}