{"id":1068,"date":"2024-10-15T18:24:42","date_gmt":"2024-10-15T21:24:42","guid":{"rendered":"https:\/\/hp.nutricionalfarma.com.br\/?post_type=product&#038;p=1068"},"modified":"2024-10-15T18:27:19","modified_gmt":"2024-10-15T21:27:19","slug":"aminoven-10","status":"publish","type":"product","link":"https:\/\/hp.nutricionalfarma.com.br\/?product=aminoven-10","title":{"rendered":"Aminoven\u00ae 10%"},"content":{"rendered":"<p><strong><span style=\"color: #3366ff;\">Caracter\u00edsticas:<\/span><\/strong><\/p>\n<p>\u2022 Amino\u00e1cidos totais: 16;<br \/>\n\u2022 Prote\u00edna total: 100 g\/L;<br \/>\n\u2022 Nitrog\u00eanio total: 16,2 g\/L;<br \/>\n\u2022 Amino\u00e1cidos essenciais: 43%<br \/>\n\u2022 Amino\u00e1cidos n\u00e3o essenciais: 57%;<br \/>\n\u2022 N\u00e3o cont\u00e9m eletr\u00f3litos;<br \/>\n\u2022 N\u00e3o cont\u00e9m sulfitos;<br \/>\n\u2022 Osmolaridade te\u00f3rica: 990 mOsm\/L;<br \/>\n\u2022 pH: 5,5 &#8211; 6,3;<br \/>\n\u2022 Densidade: 1,031;<br \/>\n\u2022 Apresenta\u00e7\u00e3o: 500 e 1000 mL.<\/p>\n<p><span style=\"color: #3366ff;\"><strong>Contraindica\u00e7\u00f5es*:<\/strong><\/span><\/p>\n<p>Dist\u00farbio no metabolismo de amino\u00e1cidos.<\/p>\n<p><span style=\"color: #3366ff;\"><strong>Intera\u00e7\u00f5es Medicamentosas*:<\/strong><\/span><\/p>\n<p>At\u00e9 o momento n\u00e3o existem intera\u00e7\u00f5es conhecidas.<\/p>\n<p>(*) Demais contraindica\u00e7\u00f5es e intera\u00e7\u00f5es medicamentosas, consultar minibula completa dispon\u00edvel ao final do material.<\/p>\n","protected":false},"excerpt":{"rendered":"<p>Poliamino\u00e1cidos<\/p>\n<p>Solu\u00e7\u00e3o padr\u00e3o de amino\u00e1cidos para nutri\u00e7\u00e3o parenteral em<br \/>\nadultos, adolescentes e crian\u00e7as (acima de 2 anos). Cont\u00e9m<br \/>\ntaurina, amino\u00e1cido condicionalmente essencial na nutri\u00e7\u00e3o<br \/>\nparenteral de adultos.<\/p>\n[oneclick single=\"true\" phone=\"5532991487380\" product=\"current\" text=\"Informa\u00e7\u00f5es pelo Whatsapp\" fullwidth=\"false\"]\n","protected":false},"featured_media":1069,"template":"","meta":[],"product_brand":[],"product_cat":[130],"product_tag":[],"class_list":{"0":"post-1068","1":"product","2":"type-product","3":"status-publish","4":"has-post-thumbnail","6":"product_cat-nutricao-parenteral","8":"first","9":"instock","10":"sold-individually","11":"shipping-taxable","12":"product-type-simple","13":"czr-hentry"},"_links":{"self":[{"href":"https:\/\/hp.nutricionalfarma.com.br\/index.php?rest_route=\/wp\/v2\/product\/1068","targetHints":{"allow":["GET"]}}],"collection":[{"href":"https:\/\/hp.nutricionalfarma.com.br\/index.php?rest_route=\/wp\/v2\/product"}],"about":[{"href":"https:\/\/hp.nutricionalfarma.com.br\/index.php?rest_route=\/wp\/v2\/types\/product"}],"wp:featuredmedia":[{"embeddable":true,"href":"https:\/\/hp.nutricionalfarma.com.br\/index.php?rest_route=\/wp\/v2\/media\/1069"}],"wp:attachment":[{"href":"https:\/\/hp.nutricionalfarma.com.br\/index.php?rest_route=%2Fwp%2Fv2%2Fmedia&parent=1068"}],"wp:term":[{"taxonomy":"product_brand","embeddable":true,"href":"https:\/\/hp.nutricionalfarma.com.br\/index.php?rest_route=%2Fwp%2Fv2%2Fproduct_brand&post=1068"},{"taxonomy":"product_cat","embeddable":true,"href":"https:\/\/hp.nutricionalfarma.com.br\/index.php?rest_route=%2Fwp%2Fv2%2Fproduct_cat&post=1068"},{"taxonomy":"product_tag","embeddable":true,"href":"https:\/\/hp.nutricionalfarma.com.br\/index.php?rest_route=%2Fwp%2Fv2%2Fproduct_tag&post=1068"}],"curies":[{"name":"wp","href":"https:\/\/api.w.org\/{rel}","templated":true}]}}