{"id":1066,"date":"2024-10-15T18:20:38","date_gmt":"2024-10-15T21:20:38","guid":{"rendered":"https:\/\/hp.nutricionalfarma.com.br\/?post_type=product&#038;p=1066"},"modified":"2024-10-15T18:24:08","modified_gmt":"2024-10-15T21:24:08","slug":"nephrotect","status":"publish","type":"product","link":"https:\/\/hp.nutricionalfarma.com.br\/?product=nephrotect","title":{"rendered":"Nephrotect\u00ae"},"content":{"rendered":"<p><strong><span style=\"color: #3366ff;\">Caracter\u00edsticas:<\/span><\/strong><\/p>\n<p>\u2022 Solu\u00e7\u00e3o de amino\u00e1cidos a 10%;<br \/>\n\u2022 Indicado para pacientes com insufici\u00eancia<br \/>\nrenal;<br \/>\n\u2022 Alto conte\u00fado de amino\u00e1cidos essenciais<br \/>\n(56%) e semiessenciais (18%);<br \/>\n\u2022 Fornecimento de tirosina como<br \/>\ngliciltirosina, amino\u00e1cido<br \/>\ncondicionalmente essencial na doen\u00e7a<br \/>\nrenal;<br \/>\n\u2022 Osmolaridade te\u00f3rica: 960 mOsm\/L;<br \/>\n\u2022 pH: 5,5 &#8211; 6,5;<br \/>\n\u2022 Densidade: 1,032;<br \/>\n\u2022 Apresenta\u00e7\u00e3o: 500 mL.<\/p>\n<p><span style=\"color: #3366ff;\"><strong>Contraindica\u00e7\u00f5es*:<\/strong><\/span><\/p>\n<p>Dist\u00farbio no metabolismo de amino\u00e1cidos.<\/p>\n<p><span style=\"color: #3366ff;\"><strong>Intera\u00e7\u00f5es Medicamentosas*:<\/strong><\/span><\/p>\n<p>At\u00e9 o momento n\u00e3o existem intera\u00e7\u00f5es conhecidas.<\/p>\n<p>(*) Demais contraindica\u00e7\u00f5es e intera\u00e7\u00f5es medicamentosas, consultar minibula completa dispon\u00edvel ao final do material.<\/p>\n","protected":false},"excerpt":{"rendered":"<p>Poliamino\u00e1cidos<\/p>\n<p>Quantidades e propor\u00e7\u00f5es de amino\u00e1cidos compat\u00edveis com as<br \/>\naltera\u00e7\u00f5es metab\u00f3licas na insufici\u00eancia renal.<\/p>\n[oneclick single=\"true\" phone=\"5532991487380\" product=\"current\" text=\"Informa\u00e7\u00f5es pelo Whatsapp\" fullwidth=\"false\"]\n","protected":false},"featured_media":1067,"template":"","meta":[],"product_brand":[],"product_cat":[130],"product_tag":[],"class_list":{"0":"post-1066","1":"product","2":"type-product","3":"status-publish","4":"has-post-thumbnail","6":"product_cat-nutricao-parenteral","8":"first","9":"instock","10":"sold-individually","11":"shipping-taxable","12":"product-type-simple","13":"czr-hentry"},"_links":{"self":[{"href":"https:\/\/hp.nutricionalfarma.com.br\/index.php?rest_route=\/wp\/v2\/product\/1066","targetHints":{"allow":["GET"]}}],"collection":[{"href":"https:\/\/hp.nutricionalfarma.com.br\/index.php?rest_route=\/wp\/v2\/product"}],"about":[{"href":"https:\/\/hp.nutricionalfarma.com.br\/index.php?rest_route=\/wp\/v2\/types\/product"}],"wp:featuredmedia":[{"embeddable":true,"href":"https:\/\/hp.nutricionalfarma.com.br\/index.php?rest_route=\/wp\/v2\/media\/1067"}],"wp:attachment":[{"href":"https:\/\/hp.nutricionalfarma.com.br\/index.php?rest_route=%2Fwp%2Fv2%2Fmedia&parent=1066"}],"wp:term":[{"taxonomy":"product_brand","embeddable":true,"href":"https:\/\/hp.nutricionalfarma.com.br\/index.php?rest_route=%2Fwp%2Fv2%2Fproduct_brand&post=1066"},{"taxonomy":"product_cat","embeddable":true,"href":"https:\/\/hp.nutricionalfarma.com.br\/index.php?rest_route=%2Fwp%2Fv2%2Fproduct_cat&post=1066"},{"taxonomy":"product_tag","embeddable":true,"href":"https:\/\/hp.nutricionalfarma.com.br\/index.php?rest_route=%2Fwp%2Fv2%2Fproduct_tag&post=1066"}],"curies":[{"name":"wp","href":"https:\/\/api.w.org\/{rel}","templated":true}]}}