{"id":1064,"date":"2024-10-15T17:53:37","date_gmt":"2024-10-15T20:53:37","guid":{"rendered":"https:\/\/hp.nutricionalfarma.com.br\/?post_type=product&#038;p=1064"},"modified":"2024-10-15T18:20:21","modified_gmt":"2024-10-15T21:20:21","slug":"aminosteril-n-hepa-8","status":"publish","type":"product","link":"https:\/\/hp.nutricionalfarma.com.br\/?product=aminosteril-n-hepa-8","title":{"rendered":"Aminosteril\u00ae N-Hepa 8%"},"content":{"rendered":"<p><strong><span style=\"color: #3366ff;\">Caracter\u00edsticas:<\/span><\/strong><\/p>\n<p>\u2022 Alta concentra\u00e7\u00e3o de amino\u00e1cidos<br \/>\nde cadeia ramificada (42%) e baixa<br \/>\nconcentra\u00e7\u00e3o de amino\u00e1cidos arom\u00e1ticos<br \/>\n(2%) e metionina;<br \/>\n\u2022 Criado especialmente para corrigir<br \/>\no desequil\u00edbrio de amino\u00e1cidos na<br \/>\ninsufici\u00eancia hep\u00e1tica;<br \/>\n\u2022 Diminui\u00e7\u00e3o da am\u00f4nia s\u00e9rica devido a alta<br \/>\nconcentra\u00e7\u00e3o de arginina (13,4%);<br \/>\n\u2022 Osmolaridade te\u00f3rica: 770 mOsm\/L;<br \/>\n\u2022 pH: 5,7 &#8211; 6,3;<br \/>\n\u2022 Densidade: 1,023;<br \/>\n\u2022 Apresenta\u00e7\u00e3o: 500 mL.<\/p>\n<p><span style=\"color: #3366ff;\"><strong>Contraindica\u00e7\u00f5es*:<\/strong><\/span><\/p>\n<p>Dist\u00farbio no metabolismo de amino\u00e1cidos.<\/p>\n<p><span style=\"color: #3366ff;\"><strong>Intera\u00e7\u00f5es Medicamentosas*:<\/strong><\/span><\/p>\n<p>At\u00e9 o momento n\u00e3o existem intera\u00e7\u00f5es conhecidas.<\/p>\n<p>(*) Demais contraindica\u00e7\u00f5es e intera\u00e7\u00f5es medicamentosas, consultar minibula completa dispon\u00edvel ao final do material.<\/p>\n","protected":false},"excerpt":{"rendered":"<p>Poliamino\u00e1cidos<\/p>\n<p>Solu\u00e7\u00e3o de amino\u00e1cidos indicada para pacientes com hepatopatias,<br \/>\ncom ou sem encefalopatia hep\u00e1tica<\/p>\n[oneclick single=\"true\" phone=\"5532991487380\" product=\"current\" text=\"Informa\u00e7\u00f5es pelo Whatsapp\" fullwidth=\"false\"]\n","protected":false},"featured_media":1065,"template":"","meta":[],"product_brand":[],"product_cat":[130],"product_tag":[],"class_list":{"0":"post-1064","1":"product","2":"type-product","3":"status-publish","4":"has-post-thumbnail","6":"product_cat-nutricao-parenteral","8":"first","9":"instock","10":"sold-individually","11":"shipping-taxable","12":"product-type-simple","13":"czr-hentry"},"_links":{"self":[{"href":"https:\/\/hp.nutricionalfarma.com.br\/index.php?rest_route=\/wp\/v2\/product\/1064","targetHints":{"allow":["GET"]}}],"collection":[{"href":"https:\/\/hp.nutricionalfarma.com.br\/index.php?rest_route=\/wp\/v2\/product"}],"about":[{"href":"https:\/\/hp.nutricionalfarma.com.br\/index.php?rest_route=\/wp\/v2\/types\/product"}],"wp:featuredmedia":[{"embeddable":true,"href":"https:\/\/hp.nutricionalfarma.com.br\/index.php?rest_route=\/wp\/v2\/media\/1065"}],"wp:attachment":[{"href":"https:\/\/hp.nutricionalfarma.com.br\/index.php?rest_route=%2Fwp%2Fv2%2Fmedia&parent=1064"}],"wp:term":[{"taxonomy":"product_brand","embeddable":true,"href":"https:\/\/hp.nutricionalfarma.com.br\/index.php?rest_route=%2Fwp%2Fv2%2Fproduct_brand&post=1064"},{"taxonomy":"product_cat","embeddable":true,"href":"https:\/\/hp.nutricionalfarma.com.br\/index.php?rest_route=%2Fwp%2Fv2%2Fproduct_cat&post=1064"},{"taxonomy":"product_tag","embeddable":true,"href":"https:\/\/hp.nutricionalfarma.com.br\/index.php?rest_route=%2Fwp%2Fv2%2Fproduct_tag&post=1064"}],"curies":[{"name":"wp","href":"https:\/\/api.w.org\/{rel}","templated":true}]}}