{"id":1062,"date":"2024-10-15T17:47:13","date_gmt":"2024-10-15T20:47:13","guid":{"rendered":"https:\/\/hp.nutricionalfarma.com.br\/?post_type=product&#038;p=1062"},"modified":"2024-10-15T17:53:09","modified_gmt":"2024-10-15T20:53:09","slug":"dipeptiven","status":"publish","type":"product","link":"https:\/\/hp.nutricionalfarma.com.br\/?product=dipeptiven","title":{"rendered":"Dipeptiven\u00ae"},"content":{"rendered":"<p><strong><span style=\"color: #3366ff;\">Caracter\u00edsticas:<\/span><\/strong><\/p>\n<p>\u2022 Alanilglutamina a 20%:<br \/>\nalanina 8,2 g\/100 mL e<br \/>\nglutamina 13,46 g\/100 mL;<br \/>\n\u2022 3,87 g de N\/100 mL;<br \/>\n\u2022 97 kcal\/100 mL;<br \/>\n\u2022 Osmolaridade te\u00f3rica: 921 mOsm\/L;<br \/>\n\u2022 pH: 5,4 &#8211; 6,0;<br \/>\n\u2022 Densidade: 1,069;<br \/>\n\u2022 Apresenta\u00e7\u00e3o: 100 mL.<\/p>\n<p><span style=\"color: #3366ff;\"><strong>Contraindica\u00e7\u00f5es*:<\/strong><\/span><\/p>\n<p>Pacientes com insufici\u00eancia renal e hep\u00e1tica.<\/p>\n<p><span style=\"color: #3366ff;\"><strong>Intera\u00e7\u00f5es Medicamentosas*:<\/strong><\/span><\/p>\n<p>At\u00e9 o momento n\u00e3o existem intera\u00e7\u00f5es conhecidas.<\/p>\n<p>(*) Demais contraindica\u00e7\u00f5es e intera\u00e7\u00f5es medicamentosas, consultar minibula completa dispon\u00edvel ao final do material.<\/p>\n","protected":false},"excerpt":{"rendered":"<p>Alanilglutamina<\/p>\n<p>Suplemento de glutamina nos regimes de nutri\u00e7\u00e3o parenteral.<\/p>\n[oneclick single=\"true\" phone=\"5532991487380\" product=\"current\" text=\"Informa\u00e7\u00f5es pelo Whatsapp\" fullwidth=\"false\"]\n","protected":false},"featured_media":1063,"template":"","meta":[],"product_brand":[],"product_cat":[130],"product_tag":[],"class_list":{"0":"post-1062","1":"product","2":"type-product","3":"status-publish","4":"has-post-thumbnail","6":"product_cat-nutricao-parenteral","8":"first","9":"instock","10":"sold-individually","11":"shipping-taxable","12":"product-type-simple","13":"czr-hentry"},"_links":{"self":[{"href":"https:\/\/hp.nutricionalfarma.com.br\/index.php?rest_route=\/wp\/v2\/product\/1062","targetHints":{"allow":["GET"]}}],"collection":[{"href":"https:\/\/hp.nutricionalfarma.com.br\/index.php?rest_route=\/wp\/v2\/product"}],"about":[{"href":"https:\/\/hp.nutricionalfarma.com.br\/index.php?rest_route=\/wp\/v2\/types\/product"}],"wp:featuredmedia":[{"embeddable":true,"href":"https:\/\/hp.nutricionalfarma.com.br\/index.php?rest_route=\/wp\/v2\/media\/1063"}],"wp:attachment":[{"href":"https:\/\/hp.nutricionalfarma.com.br\/index.php?rest_route=%2Fwp%2Fv2%2Fmedia&parent=1062"}],"wp:term":[{"taxonomy":"product_brand","embeddable":true,"href":"https:\/\/hp.nutricionalfarma.com.br\/index.php?rest_route=%2Fwp%2Fv2%2Fproduct_brand&post=1062"},{"taxonomy":"product_cat","embeddable":true,"href":"https:\/\/hp.nutricionalfarma.com.br\/index.php?rest_route=%2Fwp%2Fv2%2Fproduct_cat&post=1062"},{"taxonomy":"product_tag","embeddable":true,"href":"https:\/\/hp.nutricionalfarma.com.br\/index.php?rest_route=%2Fwp%2Fv2%2Fproduct_tag&post=1062"}],"curies":[{"name":"wp","href":"https:\/\/api.w.org\/{rel}","templated":true}]}}