{"id":1059,"date":"2024-10-08T21:10:09","date_gmt":"2024-10-09T00:10:09","guid":{"rendered":"https:\/\/hp.nutricionalfarma.com.br\/?post_type=product&#038;p=1059"},"modified":"2024-10-08T21:10:09","modified_gmt":"2024-10-09T00:10:09","slug":"omegaven","status":"publish","type":"product","link":"https:\/\/hp.nutricionalfarma.com.br\/?product=omegaven","title":{"rendered":"Omegaven\u00ae"},"content":{"rendered":"<p><strong><span style=\"color: #3366ff;\">Caracter\u00edsticas:<\/span><\/strong><\/p>\n<p>\u2022 Emuls\u00e3o \u00e0 base de \u00f3leo de peixe, que possui alta concentra\u00e7\u00e3o de \u03c93;<br \/>\n\u2022 Suplemento \u03c93 nos regimes de nutri\u00e7\u00e3o parenteral;<br \/>\n\u2022 Lip\u00eddios totais: 100 g\/L;<br \/>\n\u2022 Energia total: 1120 kcal\/L;<br \/>\n\u2022 Osmolaridade te\u00f3rica: 273 mOsm\/L;<br \/>\n\u2022 pH: 7,5 &#8211; 8,7;<br \/>\n\u2022 Densidade: 0,996;<br \/>\n\u2022 Rela\u00e7\u00e3o \u03c96:\u03c93 = 1:7;<br \/>\n\u2022 Apresenta\u00e7\u00e3o: 100 mL.<\/p>\n<p><span style=\"color: #3366ff;\"><strong>Contraindica\u00e7\u00f5es*:<\/strong><\/span><\/p>\n<p>Dist\u00farbios hemorr\u00e1gicos graves.<\/p>\n<p><span style=\"color: #3366ff;\"><strong>Intera\u00e7\u00f5es Medicamentosas*:<\/strong><\/span><\/p>\n<p>A infus\u00e3o pode prolongar o tempo de sangramento e uma inibi\u00e7\u00e3o da agrega\u00e7\u00e3o plaquet\u00e1ria.<\/p>\n<p>(*) Demais contraindica\u00e7\u00f5es e intera\u00e7\u00f5es medicamentosas, consultar minibula completa dispon\u00edvel ao final do material.<\/p>\n<p>(#) Com base na composi\u00e7\u00e3o lip\u00eddica dos suplementos de nutri\u00e7\u00e3o parenteral dispon\u00edveis no mercado brasileiro.<\/p>\n","protected":false},"excerpt":{"rendered":"<p>\u00d3leo de Peixe<\/p>\n<p>O \u00fanico suplemento de emuls\u00e3o de \u00f3leo de peixe puro.#<\/p>\n[oneclick single=\"true\" phone=\"5532991487380\" product=\"current\" text=\"Informa\u00e7\u00f5es pelo Whatsapp\" fullwidth=\"false\"]\n","protected":false},"featured_media":1060,"template":"","meta":[],"product_brand":[],"product_cat":[130],"product_tag":[],"class_list":{"0":"post-1059","1":"product","2":"type-product","3":"status-publish","4":"has-post-thumbnail","6":"product_cat-nutricao-parenteral","8":"first","9":"instock","10":"sold-individually","11":"shipping-taxable","12":"product-type-simple","13":"czr-hentry"},"_links":{"self":[{"href":"https:\/\/hp.nutricionalfarma.com.br\/index.php?rest_route=\/wp\/v2\/product\/1059","targetHints":{"allow":["GET"]}}],"collection":[{"href":"https:\/\/hp.nutricionalfarma.com.br\/index.php?rest_route=\/wp\/v2\/product"}],"about":[{"href":"https:\/\/hp.nutricionalfarma.com.br\/index.php?rest_route=\/wp\/v2\/types\/product"}],"wp:featuredmedia":[{"embeddable":true,"href":"https:\/\/hp.nutricionalfarma.com.br\/index.php?rest_route=\/wp\/v2\/media\/1060"}],"wp:attachment":[{"href":"https:\/\/hp.nutricionalfarma.com.br\/index.php?rest_route=%2Fwp%2Fv2%2Fmedia&parent=1059"}],"wp:term":[{"taxonomy":"product_brand","embeddable":true,"href":"https:\/\/hp.nutricionalfarma.com.br\/index.php?rest_route=%2Fwp%2Fv2%2Fproduct_brand&post=1059"},{"taxonomy":"product_cat","embeddable":true,"href":"https:\/\/hp.nutricionalfarma.com.br\/index.php?rest_route=%2Fwp%2Fv2%2Fproduct_cat&post=1059"},{"taxonomy":"product_tag","embeddable":true,"href":"https:\/\/hp.nutricionalfarma.com.br\/index.php?rest_route=%2Fwp%2Fv2%2Fproduct_tag&post=1059"}],"curies":[{"name":"wp","href":"https:\/\/api.w.org\/{rel}","templated":true}]}}