{"id":1057,"date":"2024-10-08T20:58:33","date_gmt":"2024-10-08T23:58:33","guid":{"rendered":"https:\/\/hp.nutricionalfarma.com.br\/?post_type=product&#038;p=1057"},"modified":"2024-10-08T20:58:33","modified_gmt":"2024-10-08T23:58:33","slug":"smoflipid-20","status":"publish","type":"product","link":"https:\/\/hp.nutricionalfarma.com.br\/?product=smoflipid-20","title":{"rendered":"SMOFlipid\u00ae 20%"},"content":{"rendered":"<p><strong><span style=\"color: #3366ff;\">Caracter\u00edsticas:<\/span><\/strong><\/p>\n<ul>\n<li>Mistura f\u00edsica: TCL 30%\/ TCM 30%\/ \u00f3leo de oliva 25%\/ \u00f3leo de peixe 15%;<\/li>\n<li>Suplemento de \u00e1cidos graxos essenciais (AGE), TCM, \u03c99 e \u03c93;<\/li>\n<li>Fonte de lip\u00eddios: \u00f3leo de soja &#8211; TCL, \u00f3leo de coco &#8211; TCM, \u00f3leo de oliva &#8211; \u03c99 e \u00f3leo de peixe &#8211; \u03c93; Lip\u00eddios totais: 200 g\/L;<\/li>\n<li>Energia total: 2000 kcal\/L;<\/li>\n<li>Osmolaridade te\u00f3rica: 290 mOsm\/L;<\/li>\n<li>pH: 8,0;<\/li>\n<li>Densidade: 0,988;<\/li>\n<li>Fosfato: 15 mmol\/L;<\/li>\n<li>Vitamina E: 200 mg\/L;<\/li>\n<li>Rela\u00e7\u00e3o \u03c96:\u03c93 = 2,5:1;<\/li>\n<li>Apresenta\u00e7\u00e3o: 100 e 500 mL.<\/li>\n<\/ul>\n<p><strong><span style=\"color: #3366ff;\">Contraindica\u00e7\u00f5es*:<\/span><\/strong><\/p>\n<p>Em casos de hipersensibilidade conhecida \u00e0 prote\u00edna de peixe, ovo ou soja ou a qualquer uma das subst\u00e2ncias ativas ou excipientes.<\/p>\n<p><span style=\"color: #3366ff;\"><strong>Intera\u00e7\u00f5es Medicamentosas*:<\/strong><\/span><\/p>\n<p>Uso de heparina poder\u00e1 resultar inicialmente em um aumento da lip\u00f3lise plasm\u00e1tica, seguida por uma redu\u00e7\u00e3o transit\u00f3ria na elimina\u00e7\u00e3o de triglicer\u00eddeos.<\/p>\n<p>(*) Demais contraindica\u00e7\u00f5es e intera\u00e7\u00f5es medicamentosas, consultar minibula completa dispon\u00edvel ao final do material.<\/p>\n","protected":false},"excerpt":{"rendered":"<p>\u00d3leo de Soja + Triglicer\u00eddeo de Cadeia M\u00e9dia + \u00d3leo de Oliva + \u00d3leo De Peixe<\/p>\n<p>\u00danica emuls\u00e3o lip\u00eddica balanceada com 4 \u00f3leos.#<\/p>\n[oneclick single=\"true\" phone=\"5532991487380\" product=\"current\" text=\"Informa\u00e7\u00f5es pelo Whatsapp\" fullwidth=\"false\"]\n","protected":false},"featured_media":1058,"template":"","meta":[],"product_brand":[],"product_cat":[130],"product_tag":[],"class_list":{"0":"post-1057","1":"product","2":"type-product","3":"status-publish","4":"has-post-thumbnail","6":"product_cat-nutricao-parenteral","8":"first","9":"instock","10":"sold-individually","11":"shipping-taxable","12":"product-type-simple","13":"czr-hentry"},"_links":{"self":[{"href":"https:\/\/hp.nutricionalfarma.com.br\/index.php?rest_route=\/wp\/v2\/product\/1057","targetHints":{"allow":["GET"]}}],"collection":[{"href":"https:\/\/hp.nutricionalfarma.com.br\/index.php?rest_route=\/wp\/v2\/product"}],"about":[{"href":"https:\/\/hp.nutricionalfarma.com.br\/index.php?rest_route=\/wp\/v2\/types\/product"}],"wp:featuredmedia":[{"embeddable":true,"href":"https:\/\/hp.nutricionalfarma.com.br\/index.php?rest_route=\/wp\/v2\/media\/1058"}],"wp:attachment":[{"href":"https:\/\/hp.nutricionalfarma.com.br\/index.php?rest_route=%2Fwp%2Fv2%2Fmedia&parent=1057"}],"wp:term":[{"taxonomy":"product_brand","embeddable":true,"href":"https:\/\/hp.nutricionalfarma.com.br\/index.php?rest_route=%2Fwp%2Fv2%2Fproduct_brand&post=1057"},{"taxonomy":"product_cat","embeddable":true,"href":"https:\/\/hp.nutricionalfarma.com.br\/index.php?rest_route=%2Fwp%2Fv2%2Fproduct_cat&post=1057"},{"taxonomy":"product_tag","embeddable":true,"href":"https:\/\/hp.nutricionalfarma.com.br\/index.php?rest_route=%2Fwp%2Fv2%2Fproduct_tag&post=1057"}],"curies":[{"name":"wp","href":"https:\/\/api.w.org\/{rel}","templated":true}]}}