{"id":1055,"date":"2024-10-08T20:44:33","date_gmt":"2024-10-08T23:44:33","guid":{"rendered":"https:\/\/hp.nutricionalfarma.com.br\/?post_type=product&#038;p=1055"},"modified":"2024-10-08T20:44:33","modified_gmt":"2024-10-08T23:44:33","slug":"lipovenos-mct-20","status":"publish","type":"product","link":"https:\/\/hp.nutricionalfarma.com.br\/?product=lipovenos-mct-20","title":{"rendered":"Lipovenos\u00ae MCT 20%"},"content":{"rendered":"<p><span style=\"color: #3366ff;\"><strong>Caracter\u00edsticas:<\/strong><\/span><\/p>\n<ul>\n<li>Fonte de lip\u00eddios: \u00f3leo de soja &#8211; TCL e<br \/>\n\u00f3leo de coco &#8211; TCM;<\/li>\n<li>Lip\u00eddios totais: 200 g\/L;<\/li>\n<li>Energia total: 1950 kcal\/L;<\/li>\n<li>Osmolaridade te\u00f3rica: 273 mOsm\/L;<\/li>\n<li>pH: 6,5 &#8211; 8,7;<\/li>\n<li>Densidade: 0,977;<\/li>\n<li>Fosfato: 15 mmol\/L;<\/li>\n<li>Rela\u00e7\u00e3o \u03c96:\u03c93 = 7:1;<\/li>\n<li>Apresenta\u00e7\u00e3o: 500 mL.<\/li>\n<\/ul>\n<p><strong><span style=\"color: #3366ff;\"> Contraindica\u00e7\u00f5es*:<\/span><\/strong><\/p>\n<p>Em pacientes com dist\u00farbios severos de<br \/>\ncoagula\u00e7\u00e3o.<\/p>\n<p><em> (*) Demais contraindica\u00e7\u00f5es e intera\u00e7\u00f5es <\/em><br \/>\n<em>medicamentosas, consultar minibula completa <\/em><br \/>\n<em>dispon\u00edvel ao final do material.<\/em><\/p>\n<p><strong><span style=\"color: #3366ff;\"> Intera\u00e7\u00f5es Medicamentosas*:<\/span><\/strong><\/p>\n<p>Incompatibilidades podem ocorrer atrav\u00e9s da<br \/>\nadi\u00e7\u00e3o de c\u00e1tions polivalentes, especialmente<br \/>\nquando combinados com heparina.<\/p>\n","protected":false},"excerpt":{"rendered":"<p>\u00d3leo de Soja + Triglicer\u00eddeos de Cadeia M\u00e9dia + Lecitina de Ovo<br \/>\nEmuls\u00e3o lip\u00eddica TCL\/TCM (50%:50%).<\/p>\n","protected":false},"featured_media":1056,"template":"","meta":[],"product_brand":[],"product_cat":[130],"product_tag":[],"class_list":{"0":"post-1055","1":"product","2":"type-product","3":"status-publish","4":"has-post-thumbnail","6":"product_cat-nutricao-parenteral","8":"first","9":"instock","10":"sold-individually","11":"shipping-taxable","12":"product-type-simple","13":"czr-hentry"},"_links":{"self":[{"href":"https:\/\/hp.nutricionalfarma.com.br\/index.php?rest_route=\/wp\/v2\/product\/1055","targetHints":{"allow":["GET"]}}],"collection":[{"href":"https:\/\/hp.nutricionalfarma.com.br\/index.php?rest_route=\/wp\/v2\/product"}],"about":[{"href":"https:\/\/hp.nutricionalfarma.com.br\/index.php?rest_route=\/wp\/v2\/types\/product"}],"wp:featuredmedia":[{"embeddable":true,"href":"https:\/\/hp.nutricionalfarma.com.br\/index.php?rest_route=\/wp\/v2\/media\/1056"}],"wp:attachment":[{"href":"https:\/\/hp.nutricionalfarma.com.br\/index.php?rest_route=%2Fwp%2Fv2%2Fmedia&parent=1055"}],"wp:term":[{"taxonomy":"product_brand","embeddable":true,"href":"https:\/\/hp.nutricionalfarma.com.br\/index.php?rest_route=%2Fwp%2Fv2%2Fproduct_brand&post=1055"},{"taxonomy":"product_cat","embeddable":true,"href":"https:\/\/hp.nutricionalfarma.com.br\/index.php?rest_route=%2Fwp%2Fv2%2Fproduct_cat&post=1055"},{"taxonomy":"product_tag","embeddable":true,"href":"https:\/\/hp.nutricionalfarma.com.br\/index.php?rest_route=%2Fwp%2Fv2%2Fproduct_tag&post=1055"}],"curies":[{"name":"wp","href":"https:\/\/api.w.org\/{rel}","templated":true}]}}