{"id":1053,"date":"2024-10-08T20:38:54","date_gmt":"2024-10-08T23:38:54","guid":{"rendered":"https:\/\/hp.nutricionalfarma.com.br\/?post_type=product&#038;p=1053"},"modified":"2024-10-08T20:39:31","modified_gmt":"2024-10-08T23:39:31","slug":"glycophos","status":"publish","type":"product","link":"https:\/\/hp.nutricionalfarma.com.br\/?product=glycophos","title":{"rendered":"Glycophos\u00ae"},"content":{"rendered":"<p><span style=\"color: #3366ff;\"><strong>Caracter\u00edsticas:<\/strong><\/span><\/p>\n<ul>\n<li>Solu\u00e7\u00e3o concentrada de glicerofosfato de s\u00f3dio org\u00e2nico para infus\u00e3o intravenosa.<\/li>\n<li>1 mL cont\u00e9m: 306,1 mg glicerofosfato de s\u00f3dio pentaidratado (corresponde a 216 mg de glicerofosfato de s\u00f3dio), 1 mmol de fosfato e 2 mmol de s\u00f3dio;<\/li>\n<li>Farmacotecnicamente est\u00e1vel com \u00edons c\u00e1lcio;<\/li>\n<li>Acesso perif\u00e9rico: dilui\u00e7\u00e3o 1:6 em solu\u00e7\u00e3o de glicose 5% ou cloreto de s\u00f3dio 0,9%;<\/li>\n<li>Osmolaridade te\u00f3rica: 2570 mOsm\/L;<\/li>\n<li>pH: 7,4;<\/li>\n<li>Apresenta\u00e7\u00e3o: 20 mL.<\/li>\n<\/ul>\n<p><strong><span style=\"color: #3366ff;\">Contraindica\u00e7\u00f5es*:<\/span><\/strong><\/p>\n<p>Glycophos n\u00e3o deve ser administrado para<br \/>\npacientes em estado de desidrata\u00e7\u00e3o.<\/p>\n<p><em> (*) Demais contraindica\u00e7\u00f5es e intera\u00e7\u00f5es <\/em><br \/>\n<em>medicamentosas, consultar minibula completa <\/em><br \/>\n<em>dispon\u00edvel ao final do material.<\/em><\/p>\n<p><strong><span style=\"color: #3366ff;\"> Intera\u00e7\u00f5es Medicamentosas*:<\/span><\/strong><\/p>\n<p>Intera\u00e7\u00f5es medicamentosas n\u00e3o s\u00e3o conhecidas<br \/>\nat\u00e9 o momento.<\/p>\n","protected":false},"excerpt":{"rendered":"<p><span style=\"color: #3366ff;\">Glicerofosfato de S\u00f3dio<\/span><\/p>\n<p><em>Fonte de fosfato nos regimes de nutri\u00e7\u00e3o parenteral.5<\/em><\/p>\n[oneclick single=\"true\" phone=\"5532991487380\" product=\"current\" text=\"Informa\u00e7\u00f5es pelo Whatsapp\" fullwidth=\"false\"]\n","protected":false},"featured_media":1054,"template":"","meta":[],"product_brand":[],"product_cat":[130],"product_tag":[],"class_list":{"0":"post-1053","1":"product","2":"type-product","3":"status-publish","4":"has-post-thumbnail","6":"product_cat-nutricao-parenteral","8":"first","9":"instock","10":"sold-individually","11":"shipping-taxable","12":"product-type-simple","13":"czr-hentry"},"_links":{"self":[{"href":"https:\/\/hp.nutricionalfarma.com.br\/index.php?rest_route=\/wp\/v2\/product\/1053","targetHints":{"allow":["GET"]}}],"collection":[{"href":"https:\/\/hp.nutricionalfarma.com.br\/index.php?rest_route=\/wp\/v2\/product"}],"about":[{"href":"https:\/\/hp.nutricionalfarma.com.br\/index.php?rest_route=\/wp\/v2\/types\/product"}],"wp:featuredmedia":[{"embeddable":true,"href":"https:\/\/hp.nutricionalfarma.com.br\/index.php?rest_route=\/wp\/v2\/media\/1054"}],"wp:attachment":[{"href":"https:\/\/hp.nutricionalfarma.com.br\/index.php?rest_route=%2Fwp%2Fv2%2Fmedia&parent=1053"}],"wp:term":[{"taxonomy":"product_brand","embeddable":true,"href":"https:\/\/hp.nutricionalfarma.com.br\/index.php?rest_route=%2Fwp%2Fv2%2Fproduct_brand&post=1053"},{"taxonomy":"product_cat","embeddable":true,"href":"https:\/\/hp.nutricionalfarma.com.br\/index.php?rest_route=%2Fwp%2Fv2%2Fproduct_cat&post=1053"},{"taxonomy":"product_tag","embeddable":true,"href":"https:\/\/hp.nutricionalfarma.com.br\/index.php?rest_route=%2Fwp%2Fv2%2Fproduct_tag&post=1053"}],"curies":[{"name":"wp","href":"https:\/\/api.w.org\/{rel}","templated":true}]}}