{"id":1049,"date":"2024-10-08T20:26:13","date_gmt":"2024-10-08T23:26:13","guid":{"rendered":"https:\/\/hp.nutricionalfarma.com.br\/?post_type=product&#038;p=1049"},"modified":"2024-10-08T20:30:19","modified_gmt":"2024-10-08T23:30:19","slug":"addaven-poliminerais","status":"publish","type":"product","link":"https:\/\/hp.nutricionalfarma.com.br\/?product=addaven-poliminerais","title":{"rendered":"Addaven Poliminerais"},"content":{"rendered":"<p><strong><span style=\"color: #3366ff;\">Caracter\u00edsticas:<\/span><\/strong><\/p>\n<ul>\n<li>Solu\u00e7\u00e3o de poliminerais para infus\u00e3o intravenosa.<\/li>\n<li>Indicado para uso em pacientes a partir de 15 kg;<\/li>\n<li>Estabilidade de 24 horas.<br \/>\nEm fun\u00e7\u00e3o do pH \u00e1cido, recomenda-se uso por acesso central;<\/li>\n<li>Osmolaridade te\u00f3rica:<br \/>\n2500 mOsm\/L;<\/li>\n<li>pH: 2,5;<\/li>\n<li>Apresenta\u00e7\u00e3o: ampola de 10 mL.<\/li>\n<\/ul>\n<p><span style=\"color: #3366ff;\"><strong>Contraindica\u00e7\u00f5es*:<\/strong><\/span><\/p>\n<p>Hipersensibilidade ou alergia a qualquer um dos ingredientes deste medicamento.<br \/>\n*Demais contraindica\u00e7\u00f5es e intera\u00e7\u00f5es medicamentosas, consultar minibula completa dispon\u00edvel ao final do material.<\/p>\n<p><span style=\"color: #3366ff;\"><strong> Intera\u00e7\u00f5es Medicamentosas*:<\/strong><\/span><\/p>\n<p>Intera\u00e7\u00f5es medicamentosas n\u00e3o s\u00e3o conhecidas at\u00e9 o momento.<\/p>\n<p><img fetchpriority=\"high\" decoding=\"async\" class=\"size-medium wp-image-1051 aligncenter\" src=\"https:\/\/hp.nutricionalfarma.com.br\/wp-content\/uploads\/2024\/10\/Addaven-1-e1728429813893-600x308.jpg\" alt=\"\" width=\"600\" height=\"308\" srcset=\"https:\/\/hp.nutricionalfarma.com.br\/wp-content\/uploads\/2024\/10\/Addaven-1-e1728429813893-600x308.jpg 600w, https:\/\/hp.nutricionalfarma.com.br\/wp-content\/uploads\/2024\/10\/Addaven-1-e1728429813893-768x394.jpg 768w, https:\/\/hp.nutricionalfarma.com.br\/wp-content\/uploads\/2024\/10\/Addaven-1-e1728429813893.jpg 800w\" sizes=\"(max-width: 600px) 100vw, 600px\" \/><\/p>\n<p>&nbsp;<\/p>\n","protected":false},"excerpt":{"rendered":"<p><span style=\"color: #3366ff;\">Oligoelementos balanceados<\/span><\/p>\n[oneclick single=\"true\" phone=\"5532991487380\" product=\"current\" text=\"Informa\u00e7\u00f5es pelo Whatsapp\" fullwidth=\"false\"]\n","protected":false},"featured_media":1050,"template":"","meta":[],"product_brand":[],"product_cat":[130],"product_tag":[134],"class_list":{"0":"post-1049","1":"product","2":"type-product","3":"status-publish","4":"has-post-thumbnail","6":"product_cat-nutricao-parenteral","7":"product_tag-addaven","9":"first","10":"instock","11":"sold-individually","12":"shipping-taxable","13":"product-type-simple","14":"czr-hentry"},"_links":{"self":[{"href":"https:\/\/hp.nutricionalfarma.com.br\/index.php?rest_route=\/wp\/v2\/product\/1049","targetHints":{"allow":["GET"]}}],"collection":[{"href":"https:\/\/hp.nutricionalfarma.com.br\/index.php?rest_route=\/wp\/v2\/product"}],"about":[{"href":"https:\/\/hp.nutricionalfarma.com.br\/index.php?rest_route=\/wp\/v2\/types\/product"}],"wp:featuredmedia":[{"embeddable":true,"href":"https:\/\/hp.nutricionalfarma.com.br\/index.php?rest_route=\/wp\/v2\/media\/1050"}],"wp:attachment":[{"href":"https:\/\/hp.nutricionalfarma.com.br\/index.php?rest_route=%2Fwp%2Fv2%2Fmedia&parent=1049"}],"wp:term":[{"taxonomy":"product_brand","embeddable":true,"href":"https:\/\/hp.nutricionalfarma.com.br\/index.php?rest_route=%2Fwp%2Fv2%2Fproduct_brand&post=1049"},{"taxonomy":"product_cat","embeddable":true,"href":"https:\/\/hp.nutricionalfarma.com.br\/index.php?rest_route=%2Fwp%2Fv2%2Fproduct_cat&post=1049"},{"taxonomy":"product_tag","embeddable":true,"href":"https:\/\/hp.nutricionalfarma.com.br\/index.php?rest_route=%2Fwp%2Fv2%2Fproduct_tag&post=1049"}],"curies":[{"name":"wp","href":"https:\/\/api.w.org\/{rel}","templated":true}]}}