{"id":1045,"date":"2024-10-08T20:05:30","date_gmt":"2024-10-08T23:05:30","guid":{"rendered":"https:\/\/hp.nutricionalfarma.com.br\/?post_type=product&#038;p=1045"},"modified":"2024-10-08T20:06:11","modified_gmt":"2024-10-08T23:06:11","slug":"smofkabiven-extra-nitrogen","status":"publish","type":"product","link":"https:\/\/hp.nutricionalfarma.com.br\/?product=smofkabiven-extra-nitrogen","title":{"rendered":"SmofKabiven Extra Nitrogen"},"content":{"rendered":"<h4><span style=\"color: #008000;\">\u00danica bolsa pronta para uso que combina os benef\u00edcios da emuls\u00e3o lip\u00eddica com \u00f3leo de peixe e alto teor proteico.1<\/span><\/h4>\n<ul>\n<li>\u00a0Perfil proteico e cal\u00f3rico:<br \/>\n\u00bb 65,5 g\/L de AA (central)<br \/>\n\u00bb Cont\u00e9m Taurina, amino\u00e1cido essencial em situa\u00e7\u00f5es de catabolismo3<br \/>\n\u00bb Aproximadamente 889 kcal totais por litro<\/li>\n<li>Cont\u00e9m Zinco, que contribui com as defesas antioxidantes.3<\/li>\n<li>1,5 g de amino\u00e1cidos em 20 kcal.<\/li>\n<li>\u00a0Conte\u00fado moderado de glicose, contribuindo com o menor risco de hiperglicemia.1<\/li>\n<li>Emuls\u00e3o lip\u00eddica \u00fanica e balanceada com 4 \u00f3leos:<br \/>\n\u00bb\u00d3leo de peixe (principal fonte de \u03c93):<br \/>\ncontribui na redu\u00e7\u00e3o do tempo de interna\u00e7\u00e3o e de custos hospitalares. 1,4<br \/>\n\u00bbRela\u00e7\u00e3o \u03c96\/\u03c93 = 2,5:1<\/li>\n<li>Dispon\u00edvel em 1012 mL e 1518 mL.<\/li>\n<\/ul>\n<p><em>cl\u00ednicas causa um aumento transit\u00f3rio na libera\u00e7\u00e3o de lipoprote\u00edna lipase na circula\u00e7\u00e3o<\/em><\/p>\n","protected":false},"excerpt":{"rendered":"<p><span style=\"color: #008000;\">poliamino\u00e1cidos + glicose + emuls\u00e3o lip\u00eddica<\/span><\/p>\n<p><img decoding=\"async\" class=\"alignnone size-medium wp-image-1038\" src=\"https:\/\/hp.nutricionalfarma.com.br\/wp-content\/uploads\/2024\/10\/flor-epa-dha.jpg\" alt=\"\" width=\"160\" height=\"160\" srcset=\"https:\/\/hp.nutricionalfarma.com.br\/wp-content\/uploads\/2024\/10\/flor-epa-dha.jpg 160w, https:\/\/hp.nutricionalfarma.com.br\/wp-content\/uploads\/2024\/10\/flor-epa-dha-100x100.jpg 100w, https:\/\/hp.nutricionalfarma.com.br\/wp-content\/uploads\/2024\/10\/flor-epa-dha-150x150.jpg 150w\" sizes=\"(max-width: 160px) 100vw, 160px\" \/><\/p>\n[oneclick single=\"true\" phone=\"5532991487380\" product=\"current\" text=\"Informa\u00e7\u00f5es pelo Whatsapp\" fullwidth=\"false\"]\n","protected":false},"featured_media":1046,"template":"","meta":[],"product_brand":[],"product_cat":[130],"product_tag":[132,131],"class_list":{"0":"post-1045","1":"product","2":"type-product","3":"status-publish","4":"has-post-thumbnail","6":"product_cat-nutricao-parenteral","7":"product_tag-pediatrico","8":"product_tag-smofkabiven","10":"first","11":"instock","12":"sold-individually","13":"shipping-taxable","14":"product-type-simple","15":"czr-hentry"},"_links":{"self":[{"href":"https:\/\/hp.nutricionalfarma.com.br\/index.php?rest_route=\/wp\/v2\/product\/1045","targetHints":{"allow":["GET"]}}],"collection":[{"href":"https:\/\/hp.nutricionalfarma.com.br\/index.php?rest_route=\/wp\/v2\/product"}],"about":[{"href":"https:\/\/hp.nutricionalfarma.com.br\/index.php?rest_route=\/wp\/v2\/types\/product"}],"wp:featuredmedia":[{"embeddable":true,"href":"https:\/\/hp.nutricionalfarma.com.br\/index.php?rest_route=\/wp\/v2\/media\/1046"}],"wp:attachment":[{"href":"https:\/\/hp.nutricionalfarma.com.br\/index.php?rest_route=%2Fwp%2Fv2%2Fmedia&parent=1045"}],"wp:term":[{"taxonomy":"product_brand","embeddable":true,"href":"https:\/\/hp.nutricionalfarma.com.br\/index.php?rest_route=%2Fwp%2Fv2%2Fproduct_brand&post=1045"},{"taxonomy":"product_cat","embeddable":true,"href":"https:\/\/hp.nutricionalfarma.com.br\/index.php?rest_route=%2Fwp%2Fv2%2Fproduct_cat&post=1045"},{"taxonomy":"product_tag","embeddable":true,"href":"https:\/\/hp.nutricionalfarma.com.br\/index.php?rest_route=%2Fwp%2Fv2%2Fproduct_tag&post=1045"}],"curies":[{"name":"wp","href":"https:\/\/api.w.org\/{rel}","templated":true}]}}