{"id":1019,"date":"2024-07-03T20:08:36","date_gmt":"2024-07-03T20:08:36","guid":{"rendered":"https:\/\/hp.nutricionalfarma.com.br\/?post_type=product&#038;p=1019"},"modified":"2024-07-03T20:08:36","modified_gmt":"2024-07-03T20:08:36","slug":"sistema-de-endoscopia-hd-500","status":"publish","type":"product","link":"https:\/\/hp.nutricionalfarma.com.br\/?product=sistema-de-endoscopia-hd-500","title":{"rendered":"Sistema de Endoscopia HD-500"},"content":{"rendered":"<div class=\"elementor-element elementor-element-8dba6d5 elementor-widget elementor-widget-heading\" data-id=\"8dba6d5\" data-element_type=\"widget\" data-widget_type=\"heading.default\">\n<div class=\"elementor-widget-container\">\n<h2 class=\"elementor-heading-title elementor-size-default\" style=\"text-align: center;\">Especifica\u00e7\u00f5es<\/h2>\n<\/div>\n<\/div>\n<div class=\"elementor-element elementor-element-9099545 elementor-widget-divider--view-line elementor-widget elementor-widget-divider\" data-id=\"9099545\" data-element_type=\"widget\" data-widget_type=\"divider.default\">\n<div class=\"elementor-widget-container\">\n<div class=\"elementor-divider\"><\/div>\n<\/div>\n<\/div>\n<div class=\"elementor-element elementor-element-c032407 elementor-widget elementor-widget-shortcode\" data-id=\"c032407\" data-element_type=\"widget\" data-widget_type=\"shortcode.default\">\n<div class=\"elementor-widget-container\">\n<div class=\"elementor-shortcode\">\n<div id=\"footable_parent_3121\" class=\"footable_parent ninja_table_wrapper wp_table_data_press_parent semantic_ui colored_table\">\n<table id=\"footable_3121\" class=\"foo-table ninja_footable foo_table_3121 ninja_table_unique_id_2119632921_3121 ui table nt_type_legacy_table selectable celled vertical_centered ninja_custom_color inverted footable-paging-right ninja_table_search_disabled ninja_table_pro footable footable-1 footable-paging breakpoint-lg aligncenter\" style=\"height: 63px;\" width=\"824\" data-ninja_table_instance=\"ninja_table_instance_0\" data-footable_id=\"3121\" data-filter-delay=\"1000\" aria-label=\"Sistema de Endoscopia HD-500\" data-unique_identifier=\"ninja_table_unique_id_2119632921_3121\">\n<colgroup>\n<col class=\"ninja_column_0 \" \/>\n<col class=\"ninja_column_1 \" \/>\n<col class=\"ninja_column_2 \" \/>\n<col class=\"ninja_column_3 \" \/>\n<col class=\"ninja_column_4 \" \/><\/colgroup>\n<thead>\n<tr class=\"footable-header\">\n<th class=\"ninja_column_0 ninja_clmn_nm_modelo footable-first-visible\" scope=\"col\">MODELO<\/th>\n<th class=\"ninja_column_1 ninja_clmn_nm_resolucao\" scope=\"col\">RESOLU\u00c7\u00c3O<\/th>\n<th class=\"ninja_column_2 ninja_clmn_nm_saida_de_video\" scope=\"col\">SA\u00cdDA DE V\u00cdDEO<\/th>\n<th class=\"ninja_column_3 ninja_clmn_nm_gravacao_de_video\" scope=\"col\">GRAVA\u00c7\u00c3O DE V\u00cdDEO<\/th>\n<th class=\"ninja_column_4 ninja_clmn_nm_dimensao_l_x_w_x_h_peso footable-last-visible\" scope=\"col\">DIMENS\u00c3O (L X W X H \/ PESO )<\/th>\n<\/tr>\n<\/thead>\n<tbody>\n<tr class=\"ninja_table_row_0 nt_row_id_238\" data-row_id=\"238\">\n<td class=\"ninja_column_0 ninja_clmn_nm_modelo footable-first-visible\">HD-500<\/td>\n<td class=\"ninja_column_1 ninja_clmn_nm_resolucao\">1920 x 1080<\/td>\n<td class=\"ninja_column_2 ninja_clmn_nm_saida_de_video\">DVI, SDI, VGA<\/td>\n<td class=\"ninja_column_3 ninja_clmn_nm_gravacao_de_video\">ZOOM \/ PBP<\/td>\n<td class=\"ninja_column_4 ninja_clmn_nm_dimensao_l_x_w_x_h_peso footable-last-visible\" style=\"text-align: center;\">455mm x 370mm x 124mm \/ 9.5 kg<\/td>\n<\/tr>\n<\/tbody>\n<\/table>\n<div id=\"footable_parent_3123\" class=\"footable_parent ninja_table_wrapper wp_table_data_press_parent semantic_ui colored_table\">\n<table id=\"footable_3123\" class=\"foo-table ninja_footable foo_table_3123 ninja_table_unique_id_1604194753_3123 ui table nt_type_legacy_table selectable celled vertical_centered ninja_custom_color inverted footable-paging-right ninja_table_search_disabled ninja_table_pro footable footable-2 footable-paging breakpoint-lg\" data-ninja_table_instance=\"ninja_table_instance_1\" data-footable_id=\"3123\" data-filter-delay=\"1000\" aria-label=\"Sistema de Endoscopia HD-500 2\" data-unique_identifier=\"ninja_table_unique_id_1604194753_3123\">\n<colgroup>\n<col class=\"ninja_column_0 \" \/>\n<col class=\"ninja_column_1 \" \/>\n<col class=\"ninja_column_2 \" \/>\n<col class=\"ninja_column_3 \" \/>\n<col class=\"ninja_column_4 \" \/>\n<col class=\"ninja_column_5 \" \/>\n<col class=\"ninja_column_6 \" \/>\n<col class=\"ninja_column_7 \" \/>\n<col class=\"ninja_column_8 \" \/>\n<col class=\"ninja_column_9 \" \/> <\/colgroup>\n<thead>\n<tr class=\"footable-header\">\n<th class=\"ninja_column_0 ninja_clmn_nm_modelo footable-first-visible\" style=\"display: table-cell;\" scope=\"col\">MODELO<\/th>\n<th class=\"ninja_column_1 ninja_clmn_nm_campo_de_visao\" style=\"display: table-cell;\" scope=\"col\">CAMPO DE VIS\u00c3O<\/th>\n<th class=\"ninja_column_2 ninja_clmn_nm_comprimento_de_trabalho\" style=\"display: table-cell;\" scope=\"col\">COMPRIMENTO DE TRABALHO<\/th>\n<th class=\"ninja_column_3 ninja_clmn_nm_comprimento_total\" style=\"display: table-cell;\" scope=\"col\">COMPRIMENTO TOTAL<\/th>\n<th class=\"ninja_column_4 ninja_clmn_nm_diametro_final_distal\" style=\"display: table-cell;\" scope=\"col\">DI\u00c2METRO FINAL DISTAL<\/th>\n<th class=\"ninja_column_5 ninja_clmn_nm_diametro_do_tubo_de_insercao\" style=\"display: table-cell;\" scope=\"col\">DI\u00c2METRO DO TUBO DE INSER\u00c7\u00c3O<\/th>\n<th class=\"ninja_column_6 ninja_clmn_nm_diametro_do_canal_de_instrumentos\" style=\"display: table-cell;\" scope=\"col\">DI\u00c2METRO DO CANAL DE INSTRUMENTOS<\/th>\n<th class=\"ninja_column_7 ninja_clmn_nm_faixa_de_observacao\" style=\"display: table-cell;\" scope=\"col\">FAIXA DE OBSERVA\u00c7\u00c3O<\/th>\n<th class=\"ninja_column_8 ninja_clmn_nm_angulos_de_dobra_para_cima_para_baixo\" style=\"display: table-cell;\" scope=\"col\">\u00c2NGULOS DE DOBRA (PARA CIMA\/PARA BAIXO)<\/th>\n<th class=\"ninja_column_9 ninja_clmn_nm_angulos_de_dobra_esquerda_direita footable-last-visible\" style=\"display: table-cell;\" scope=\"col\">\u00c2NGULOS DE DOBRA (ESQUERDA\/DIREITA)<\/th>\n<\/tr>\n<\/thead>\n<tbody>\n<tr class=\"ninja_table_row_0 nt_row_id_241\" data-row_id=\"241\">\n<td class=\"ninja_column_0 ninja_clmn_nm_modelo footable-first-visible\" style=\"display: table-cell;\">EG-500<\/td>\n<td class=\"ninja_column_1 ninja_clmn_nm_campo_de_visao\" style=\"display: table-cell;\">140\u00b0<\/td>\n<td class=\"ninja_column_2 ninja_clmn_nm_comprimento_de_trabalho\" style=\"display: table-cell;\">1050mm<\/td>\n<td class=\"ninja_column_3 ninja_clmn_nm_comprimento_total\" style=\"display: table-cell;\">1350mm<\/td>\n<td class=\"ninja_column_4 ninja_clmn_nm_diametro_final_distal\" style=\"display: table-cell;\">9.3mm<\/td>\n<td class=\"ninja_column_5 ninja_clmn_nm_diametro_do_tubo_de_insercao\" style=\"display: table-cell;\">9.3mm<\/td>\n<td class=\"ninja_column_6 ninja_clmn_nm_diametro_do_canal_de_instrumentos\" style=\"display: table-cell;\">2.8mm<\/td>\n<td class=\"ninja_column_7 ninja_clmn_nm_faixa_de_observacao\" style=\"display: table-cell;\">3-1 00mm<\/td>\n<td class=\"ninja_column_8 ninja_clmn_nm_angulos_de_dobra_para_cima_para_baixo\" style=\"display: table-cell;\">210\u00b0 &#8211; 90\u00b0<\/td>\n<td class=\"ninja_column_9 ninja_clmn_nm_angulos_de_dobra_esquerda_direita footable-last-visible\" style=\"display: table-cell;\">100\u00b0 &#8211; 100\u00b0<\/td>\n<\/tr>\n<tr class=\"ninja_table_row_1 nt_row_id_239\" data-row_id=\"239\">\n<td class=\"ninja_column_0 ninja_clmn_nm_modelo footable-first-visible\" style=\"display: table-cell;\">EG-500L<\/td>\n<td class=\"ninja_column_1 ninja_clmn_nm_campo_de_visao\" style=\"display: table-cell;\">140\u00b0<\/td>\n<td class=\"ninja_column_2 ninja_clmn_nm_comprimento_de_trabalho\" style=\"display: table-cell;\">1050mm<\/td>\n<td class=\"ninja_column_3 ninja_clmn_nm_comprimento_total\" style=\"display: table-cell;\">1350mm<\/td>\n<td class=\"ninja_column_4 ninja_clmn_nm_diametro_final_distal\" style=\"display: table-cell;\">9.8mm<\/td>\n<td class=\"ninja_column_5 ninja_clmn_nm_diametro_do_tubo_de_insercao\" style=\"display: table-cell;\">9.8mm<\/td>\n<td class=\"ninja_column_6 ninja_clmn_nm_diametro_do_canal_de_instrumentos\" style=\"display: table-cell;\">3.2mm<\/td>\n<td class=\"ninja_column_7 ninja_clmn_nm_faixa_de_observacao\" style=\"display: table-cell;\">3-1 00mm<\/td>\n<td class=\"ninja_column_8 ninja_clmn_nm_angulos_de_dobra_para_cima_para_baixo\" style=\"display: table-cell;\">210\u00b0 &#8211; 90\u00b0<\/td>\n<td class=\"ninja_column_9 ninja_clmn_nm_angulos_de_dobra_esquerda_direita footable-last-visible\" style=\"display: table-cell;\">100\u00b0 &#8211; 100\u00b0<\/td>\n<\/tr>\n<tr class=\"ninja_table_row_2 nt_row_id_240\" data-row_id=\"240\">\n<td class=\"ninja_column_0 ninja_clmn_nm_modelo footable-first-visible\" style=\"display: table-cell;\">EC-500L\/T<\/td>\n<td class=\"ninja_column_1 ninja_clmn_nm_campo_de_visao\" style=\"display: table-cell;\">140\u00b0<\/td>\n<td class=\"ninja_column_2 ninja_clmn_nm_comprimento_de_trabalho\" style=\"display: table-cell;\">1350mm<\/td>\n<td class=\"ninja_column_3 ninja_clmn_nm_comprimento_total\" style=\"display: table-cell;\">1700mm<\/td>\n<td class=\"ninja_column_4 ninja_clmn_nm_diametro_final_distal\" style=\"display: table-cell;\">12.9mm<\/td>\n<td class=\"ninja_column_5 ninja_clmn_nm_diametro_do_tubo_de_insercao\" style=\"display: table-cell;\">12.9mm<\/td>\n<td class=\"ninja_column_6 ninja_clmn_nm_diametro_do_canal_de_instrumentos\" style=\"display: table-cell;\">4.2mm<\/td>\n<td class=\"ninja_column_7 ninja_clmn_nm_faixa_de_observacao\" style=\"display: table-cell;\">3-1 00mm<\/td>\n<td class=\"ninja_column_8 ninja_clmn_nm_angulos_de_dobra_para_cima_para_baixo\" style=\"display: table-cell;\">180\u00b0 &#8211; 180\u00b0<\/td>\n<td class=\"ninja_column_9 ninja_clmn_nm_angulos_de_dobra_esquerda_direita footable-last-visible\" style=\"display: table-cell;\">160\u00b0 &#8211; 160\u00b0<\/td>\n<\/tr>\n<tr class=\"ninja_table_row_3 nt_row_id_242\" data-row_id=\"242\">\n<td class=\"ninja_column_0 ninja_clmn_nm_modelo footable-first-visible\" style=\"display: table-cell;\">EC-500L\/T<\/td>\n<td class=\"ninja_column_1 ninja_clmn_nm_campo_de_visao\" style=\"display: table-cell;\">140\u00b0<\/td>\n<td class=\"ninja_column_2 ninja_clmn_nm_comprimento_de_trabalho\" style=\"display: table-cell;\">1700mm<\/td>\n<td class=\"ninja_column_3 ninja_clmn_nm_comprimento_total\" style=\"display: table-cell;\">1950mm<\/td>\n<td class=\"ninja_column_4 ninja_clmn_nm_diametro_final_distal\" style=\"display: table-cell;\">12.9mm<\/td>\n<td class=\"ninja_column_5 ninja_clmn_nm_diametro_do_tubo_de_insercao\" style=\"display: table-cell;\">12.9mm<\/td>\n<td class=\"ninja_column_6 ninja_clmn_nm_diametro_do_canal_de_instrumentos\" style=\"display: table-cell;\">4.2mm<\/td>\n<td class=\"ninja_column_7 ninja_clmn_nm_faixa_de_observacao\" style=\"display: table-cell;\">3-1 00mm<\/td>\n<td class=\"ninja_column_8 ninja_clmn_nm_angulos_de_dobra_para_cima_para_baixo\" style=\"display: table-cell;\">180\u00b0 &#8211; 180\u00b0<\/td>\n<td class=\"ninja_column_9 ninja_clmn_nm_angulos_de_dobra_esquerda_direita footable-last-visible\" style=\"display: table-cell;\">160\u00b0 &#8211; 160\u00b0<\/td>\n<\/tr>\n<tr class=\"ninja_table_row_4 nt_row_id_243\" data-row_id=\"243\">\n<td class=\"ninja_column_0 ninja_clmn_nm_modelo footable-first-visible\" style=\"display: table-cell;\">EC-500<\/td>\n<td class=\"ninja_column_1 ninja_clmn_nm_campo_de_visao\" style=\"display: table-cell;\">140\u00b0<\/td>\n<td class=\"ninja_column_2 ninja_clmn_nm_comprimento_de_trabalho\" style=\"display: table-cell;\">1350mm<\/td>\n<td class=\"ninja_column_3 ninja_clmn_nm_comprimento_total\" style=\"display: table-cell;\">1700mm<\/td>\n<td class=\"ninja_column_4 ninja_clmn_nm_diametro_final_distal\" style=\"display: table-cell;\">12mm<\/td>\n<td class=\"ninja_column_5 ninja_clmn_nm_diametro_do_tubo_de_insercao\" style=\"display: table-cell;\">12.5mm<\/td>\n<td class=\"ninja_column_6 ninja_clmn_nm_diametro_do_canal_de_instrumentos\" style=\"display: table-cell;\">3.8mm<\/td>\n<td class=\"ninja_column_7 ninja_clmn_nm_faixa_de_observacao\" style=\"display: table-cell;\">3-1 00mm<\/td>\n<td class=\"ninja_column_8 ninja_clmn_nm_angulos_de_dobra_para_cima_para_baixo\" style=\"display: table-cell;\">180\u00b0 &#8211; 180\u00b0<\/td>\n<td class=\"ninja_column_9 ninja_clmn_nm_angulos_de_dobra_esquerda_direita footable-last-visible\" style=\"display: table-cell;\">160\u00b0 &#8211; 160\u00b0<\/td>\n<\/tr>\n<tr class=\"ninja_table_row_5 nt_row_id_244\" data-row_id=\"244\">\n<td class=\"ninja_column_0 ninja_clmn_nm_modelo footable-first-visible\" style=\"display: table-cell;\">EC-500T<\/td>\n<td class=\"ninja_column_1 ninja_clmn_nm_campo_de_visao\" style=\"display: table-cell;\">140\u00b0<\/td>\n<td class=\"ninja_column_2 ninja_clmn_nm_comprimento_de_trabalho\" style=\"display: table-cell;\">1700mm<\/td>\n<td class=\"ninja_column_3 ninja_clmn_nm_comprimento_total\" style=\"display: table-cell;\">1900mm<\/td>\n<td class=\"ninja_column_4 ninja_clmn_nm_diametro_final_distal\" style=\"display: table-cell;\">12mm<\/td>\n<td class=\"ninja_column_5 ninja_clmn_nm_diametro_do_tubo_de_insercao\" style=\"display: table-cell;\">12.5mm<\/td>\n<td class=\"ninja_column_6 ninja_clmn_nm_diametro_do_canal_de_instrumentos\" style=\"display: table-cell;\">3.8mm<\/td>\n<td class=\"ninja_column_7 ninja_clmn_nm_faixa_de_observacao\" style=\"display: table-cell;\">3-1 00mm<\/td>\n<td class=\"ninja_column_8 ninja_clmn_nm_angulos_de_dobra_para_cima_para_baixo\" style=\"display: table-cell;\">180\u00b0 &#8211; 180\u00b0<\/td>\n<td class=\"ninja_column_9 ninja_clmn_nm_angulos_de_dobra_esquerda_direita footable-last-visible\" style=\"display: table-cell;\">160\u00b0 &#8211; 160\u00b0<\/td>\n<\/tr>\n<tr class=\"ninja_table_row_6 nt_row_id_245\" data-row_id=\"245\">\n<td class=\"ninja_column_0 ninja_clmn_nm_modelo footable-first-visible\" style=\"display: table-cell;\">EB-500<\/td>\n<td class=\"ninja_column_1 ninja_clmn_nm_campo_de_visao\" style=\"display: table-cell;\">120\u00b0<\/td>\n<td class=\"ninja_column_2 ninja_clmn_nm_comprimento_de_trabalho\" style=\"display: table-cell;\">600mm<\/td>\n<td class=\"ninja_column_3 ninja_clmn_nm_comprimento_total\" style=\"display: table-cell;\">870mm<\/td>\n<td class=\"ninja_column_4 ninja_clmn_nm_diametro_final_distal\" style=\"display: table-cell;\">5.5mm<\/td>\n<td class=\"ninja_column_5 ninja_clmn_nm_diametro_do_tubo_de_insercao\" style=\"display: table-cell;\">5.7mm<\/td>\n<td class=\"ninja_column_6 ninja_clmn_nm_diametro_do_canal_de_instrumentos\" style=\"display: table-cell;\">2mm<\/td>\n<td class=\"ninja_column_7 ninja_clmn_nm_faixa_de_observacao\" style=\"display: table-cell;\">3-1 00mm<\/td>\n<td class=\"ninja_column_8 ninja_clmn_nm_angulos_de_dobra_para_cima_para_baixo\" style=\"display: table-cell;\">180\u00b0 &#8211; 180\u00b0<\/td>\n<td class=\"ninja_column_9 ninja_clmn_nm_angulos_de_dobra_esquerda_direita footable-last-visible\" style=\"display: table-cell;\">130\u00b0 &#8211; 130\u00b0<\/td>\n<\/tr>\n<\/tbody>\n<p><!--ninja_tobody_rendering_done--><\/p>\n<tfoot><\/tfoot>\n<\/table>\n<style type=\"text\/css\" id=\"ninja_table_custom_css_3121\">\n#footable_3121  {<br \/>\nfont-family: inherit;<br \/>\nfont-size: 13px;<br \/>\n}<br \/>\n#footable_3121 tbody tr td span.fooicon-plus:before {<br \/>\nbackground-color:  !important;<br \/>\n}<br \/>\n#footable_3121 tbody tr td span.fooicon-minus:before {<br \/>\nbackground-color:  !important;<br \/>\n}<br \/>\n#footable_3121 tbody tr:hover td span.fooicon-plus:before {<br \/>\nbackground-color:  !important;<br \/>\n}<br \/>\n#footable_3121 tbody tr:hover td span.fooicon-minus:before {<br \/>\nbackground-color:  !important;<br \/>\n}<br \/>\n#footable_3121 thead tr.footable-header th span::before {<br \/>\nbackground-color: rgba(255, 255, 255, 1) !important;<br \/>\n}<br \/>\n#footable_3121,<br \/>\n#footable_3121 table {<br \/>\nbackground-color:  !important;<br \/>\ncolor:  !important;<br \/>\nborder-color:  !important;<br \/>\n}<br \/>\n#footable_3121 thead tr.footable-filtering th {<br \/>\nbackground-color:  !important;<br \/>\ncolor:  !important;<br \/>\n}<br \/>\n#footable_3121:not(.hide_all_borders) thead tr.footable-filtering th {<br \/>\nborder : 1px solid transparent !important;<br \/>\n}<br \/>\n#footable_3121 .input-group-btn:last-child > .btn:not(:last-child):not(.dropdown-toggle) {<br \/>\nbackground-color:  !important;<br \/>\ncolor:  !important;<br \/>\n}<br \/>\n#footable_3121 tr.footable-header, #footable_3121 tr.footable-header th, .colored_table #footable_3121 table.ninja_table_pro.inverted.table.footable-details tbody tr th {<br \/>\nbackground-color: rgba(0, 45, 96, 1) !important;<br \/>\ncolor: rgba(255, 255, 255, 1) !important;<br \/>\n}<br \/>\n#footable_3121:not(.hide_all_borders) tr.footable-header th, #footable_3121:not(.hide_all_borders) tbody tr th {<br \/>\nborder-color: rgba(255, 255, 255, 1) !important;<br \/>\n}<br \/>\n#footable_3121 tbody tr:hover {<br \/>\nbackground-color: rgba(186, 186, 186, 1) !important;<br \/>\ncolor:  !important;<br \/>\n}<br \/>\n#footable_3121 tbody tr:hover td {<br \/>\nborder-color:  !important;<br \/>\n}<br \/>\n#footable_3121 tbody tr:nth-child(even) {<br \/>\nbackground-color:  !important;<br \/>\ncolor:  !important;<br \/>\n}<br \/>\n#footable_3121 tbody tr:nth-child(odd) {<br \/>\nbackground-color:  !important;<br \/>\ncolor:  !important;<br \/>\n}<br \/>\n#footable_3121 tbody tr:nth-child(even):hover {<br \/>\nbackground-color:  !important;<br \/>\n}<br \/>\n#footable_3121 tbody tr:nth-child(odd):hover {<br \/>\nbackground-color:  !important;<br \/>\n}<br \/>\n#footable_3121 tbody tr:nth-child(even) td span.fooicon-plus:before {<br \/>\nbackground-color:  !important;<br \/>\n}<br \/>\n#footable_3121 tbody tr:nth-child(even) td span.fooicon-minus:before {<br \/>\nbackground-color:  !important;<br \/>\n}<br \/>\n#footable_3121 tbody tr:nth-child(odd) td span.fooicon-plus:before {<br \/>\nbackground-color:  !important;<br \/>\n}<br \/>\n#footable_3121 tbody tr:nth-child(odd) td span.fooicon-minus:before {<br \/>\nbackground-color:  !important;<br \/>\n}<br \/>\n#footable_3121 tbody tr:nth-child(even) tr:hover td span.fooicon-plus:before {<br \/>\nbackground-color:  !important;<br \/>\n}<br \/>\n#footable_3121 tbody tr:nth-child(even) tr:hover td span.fooicon-minus:before {<br \/>\nbackground-color:  !important;<br \/>\n}<br \/>\n#footable_3121 tbody tr:nth-child(odd) tr:hover td span.fooicon-plus:before {<br \/>\nbackground-color:  !important;<br \/>\n}<br \/>\n#footable_3121 tbody tr:nth-child(odd) tr:hover td span.fooicon-minus:before {<br \/>\nbackground-color:  !important;<br \/>\n}<br \/>\n#footable_3121 tfoot .footable-paging {<br \/>\nbackground-color:  !important;<br \/>\n}<br \/>\n#footable_3121 tfoot .footable-paging .footable-page.active a {<br \/>\nbackground-color:  !important;<br \/>\n}<br \/>\n#footable_3121:not(.hide_all_borders) tfoot tr.footable-paging td {<br \/>\nborder-color:  !important;<br \/>\n}<br \/>\n#footable_3121 td.ninja_column_0 { text-align: center; }#footable_3121 th.ninja_column_0 { text-align: center; }#footable_3121 td.ninja_column_1 { text-align: center; }#footable_3121 th.ninja_column_1 { text-align: center; }#footable_3121 td.ninja_column_2 { text-align: center; }#footable_3121 th.ninja_column_2 { text-align: center; }#footable_3121 td.ninja_column_3 { text-align: center; }#footable_3121 th.ninja_column_3 { text-align: center; }#footable_3121 td.ninja_column_4 { text-align: center; }#footable_3121 th.ninja_column_4 { text-align: center; }                <\/style>\n<style type=\"text\/css\" id=\"ninja_table_custom_css_3123\">\n#footable_3123  {<br \/>\nfont-family: inherit;<br \/>\nfont-size: 13px;<br \/>\n}<br \/>\n#footable_3123 tbody tr td span.fooicon-plus:before {<br \/>\nbackground-color:  !important;<br \/>\n}<br \/>\n#footable_3123 tbody tr td span.fooicon-minus:before {<br \/>\nbackground-color:  !important;<br \/>\n}<br \/>\n#footable_3123 tbody tr:hover td span.fooicon-plus:before {<br \/>\nbackground-color:  !important;<br \/>\n}<br \/>\n#footable_3123 tbody tr:hover td span.fooicon-minus:before {<br \/>\nbackground-color:  !important;<br \/>\n}<br \/>\n#footable_3123 thead tr.footable-header th span::before {<br \/>\nbackground-color: rgba(255, 255, 255, 1) !important;<br \/>\n}<br \/>\n#footable_3123,<br \/>\n#footable_3123 table {<br \/>\nbackground-color:  !important;<br \/>\ncolor:  !important;<br \/>\nborder-color:  !important;<br \/>\n}<br \/>\n#footable_3123 thead tr.footable-filtering th {<br \/>\nbackground-color:  !important;<br \/>\ncolor:  !important;<br \/>\n}<br \/>\n#footable_3123:not(.hide_all_borders) thead tr.footable-filtering th {<br \/>\nborder : 1px solid transparent !important;<br \/>\n}<br \/>\n#footable_3123 .input-group-btn:last-child > .btn:not(:last-child):not(.dropdown-toggle) {<br \/>\nbackground-color:  !important;<br \/>\ncolor:  !important;<br \/>\n}<br \/>\n#footable_3123 tr.footable-header, #footable_3123 tr.footable-header th, .colored_table #footable_3123 table.ninja_table_pro.inverted.table.footable-details tbody tr th {<br \/>\nbackground-color: rgba(0, 45, 96, 1) !important;<br \/>\ncolor: rgba(255, 255, 255, 1) !important;<br \/>\n}<br \/>\n#footable_3123:not(.hide_all_borders) tr.footable-header th, #footable_3123:not(.hide_all_borders) tbody tr th {<br \/>\nborder-color: rgba(255, 255, 255, 1) !important;<br \/>\n}<br \/>\n#footable_3123 tbody tr:hover {<br \/>\nbackground-color: rgba(186, 186, 186, 1) !important;<br \/>\ncolor:  !important;<br \/>\n}<br \/>\n#footable_3123 tbody tr:hover td {<br \/>\nborder-color:  !important;<br \/>\n}<br \/>\n#footable_3123 tbody tr:nth-child(even) {<br \/>\nbackground-color:  !important;<br \/>\ncolor:  !important;<br \/>\n}<br \/>\n#footable_3123 tbody tr:nth-child(odd) {<br \/>\nbackground-color:  !important;<br \/>\ncolor:  !important;<br \/>\n}<br \/>\n#footable_3123 tbody tr:nth-child(even):hover {<br \/>\nbackground-color:  !important;<br \/>\n}<br \/>\n#footable_3123 tbody tr:nth-child(odd):hover {<br \/>\nbackground-color:  !important;<br \/>\n}<br \/>\n#footable_3123 tbody tr:nth-child(even) td span.fooicon-plus:before {<br \/>\nbackground-color:  !important;<br \/>\n}<br \/>\n#footable_3123 tbody tr:nth-child(even) td span.fooicon-minus:before {<br \/>\nbackground-color:  !important;<br \/>\n}<br \/>\n#footable_3123 tbody tr:nth-child(odd) td span.fooicon-plus:before {<br \/>\nbackground-color:  !important;<br \/>\n}<br \/>\n#footable_3123 tbody tr:nth-child(odd) td span.fooicon-minus:before {<br \/>\nbackground-color:  !important;<br \/>\n}<br \/>\n#footable_3123 tbody tr:nth-child(even) tr:hover td span.fooicon-plus:before {<br \/>\nbackground-color:  !important;<br \/>\n}<br \/>\n#footable_3123 tbody tr:nth-child(even) tr:hover td span.fooicon-minus:before {<br \/>\nbackground-color:  !important;<br \/>\n}<br \/>\n#footable_3123 tbody tr:nth-child(odd) tr:hover td span.fooicon-plus:before {<br \/>\nbackground-color:  !important;<br \/>\n}<br \/>\n#footable_3123 tbody tr:nth-child(odd) tr:hover td span.fooicon-minus:before {<br \/>\nbackground-color:  !important;<br \/>\n}<br \/>\n#footable_3123 tfoot .footable-paging {<br \/>\nbackground-color:  !important;<br \/>\n}<br \/>\n#footable_3123 tfoot .footable-paging .footable-page.active a {<br \/>\nbackground-color:  !important;<br \/>\n}<br \/>\n#footable_3123:not(.hide_all_borders) tfoot tr.footable-paging td {<br \/>\nborder-color:  !important;<br \/>\n}<br \/>\n#footable_3123 td.ninja_column_0 { text-align: center; }#footable_3123 th.ninja_column_0 { text-align: center; }#footable_3123 td.ninja_column_1 { text-align: center; }#footable_3123 th.ninja_column_1 { text-align: center; }#footable_3123 td.ninja_column_2 { text-align: center; }#footable_3123 th.ninja_column_2 { text-align: center; }#footable_3123 td.ninja_column_3 { text-align: center; }#footable_3123 th.ninja_column_3 { text-align: center; }#footable_3123 td.ninja_column_4 { text-align: center; }#footable_3123 th.ninja_column_4 { text-align: center; }#footable_3123 td.ninja_column_5 { text-align: center; }#footable_3123 th.ninja_column_5 { text-align: center; }#footable_3123 td.ninja_column_6 { text-align: center; }#footable_3123 th.ninja_column_6 { text-align: center; }#footable_3123 td.ninja_column_7 { text-align: center; }#footable_3123 th.ninja_column_7 { text-align: center; }#footable_3123 td.ninja_column_8 { text-align: center; }#footable_3123 th.ninja_column_8 { text-align: center; }#footable_3123 td.ninja_column_9 { text-align: center; }#footable_3123 th.ninja_column_9 { text-align: center; }                <\/style>\n<\/div>\n<\/div>\n<\/div>\n<\/div>\n<\/div>\n","protected":false},"excerpt":{"rendered":"<p>O processador de imagem HD-500 adota a tecnologia de ponta para fornecer imagens endosc\u00f3picas de alta defini\u00e7\u00e3o, melhorando a efici\u00eancia e a precis\u00e3o em procedimentos de rotina e complexos.<\/p>\n","protected":false},"featured_media":1020,"template":"","meta":[],"product_brand":[],"product_cat":[126],"product_tag":[],"class_list":{"0":"post-1019","1":"product","2":"type-product","3":"status-publish","4":"has-post-thumbnail","6":"product_cat-endoscopia","8":"first","9":"instock","10":"sold-individually","11":"shipping-taxable","12":"product-type-simple","13":"czr-hentry"},"_links":{"self":[{"href":"https:\/\/hp.nutricionalfarma.com.br\/index.php?rest_route=\/wp\/v2\/product\/1019","targetHints":{"allow":["GET"]}}],"collection":[{"href":"https:\/\/hp.nutricionalfarma.com.br\/index.php?rest_route=\/wp\/v2\/product"}],"about":[{"href":"https:\/\/hp.nutricionalfarma.com.br\/index.php?rest_route=\/wp\/v2\/types\/product"}],"wp:featuredmedia":[{"embeddable":true,"href":"https:\/\/hp.nutricionalfarma.com.br\/index.php?rest_route=\/wp\/v2\/media\/1020"}],"wp:attachment":[{"href":"https:\/\/hp.nutricionalfarma.com.br\/index.php?rest_route=%2Fwp%2Fv2%2Fmedia&parent=1019"}],"wp:term":[{"taxonomy":"product_brand","embeddable":true,"href":"https:\/\/hp.nutricionalfarma.com.br\/index.php?rest_route=%2Fwp%2Fv2%2Fproduct_brand&post=1019"},{"taxonomy":"product_cat","embeddable":true,"href":"https:\/\/hp.nutricionalfarma.com.br\/index.php?rest_route=%2Fwp%2Fv2%2Fproduct_cat&post=1019"},{"taxonomy":"product_tag","embeddable":true,"href":"https:\/\/hp.nutricionalfarma.com.br\/index.php?rest_route=%2Fwp%2Fv2%2Fproduct_tag&post=1019"}],"curies":[{"name":"wp","href":"https:\/\/api.w.org\/{rel}","templated":true}]}}