{"id":1017,"date":"2024-07-03T20:00:34","date_gmt":"2024-07-03T20:00:34","guid":{"rendered":"https:\/\/hp.nutricionalfarma.com.br\/?post_type=product&#038;p=1017"},"modified":"2024-07-03T20:01:28","modified_gmt":"2024-07-03T20:01:28","slug":"sistema-de-endoscopia-hd-350","status":"publish","type":"product","link":"https:\/\/hp.nutricionalfarma.com.br\/?product=sistema-de-endoscopia-hd-350","title":{"rendered":"Sistema de Endoscopia HD-350"},"content":{"rendered":"<div class=\"elementor-element elementor-element-8dba6d5 elementor-widget elementor-widget-heading\" data-id=\"8dba6d5\" data-element_type=\"widget\" data-widget_type=\"heading.default\">\n<div class=\"elementor-widget-container\">\n<h2 class=\"elementor-heading-title elementor-size-default\" style=\"text-align: center;\">Especifica\u00e7\u00f5es<\/h2>\n<\/div>\n<\/div>\n<div class=\"elementor-element elementor-element-9099545 elementor-widget-divider--view-line elementor-widget elementor-widget-divider\" data-id=\"9099545\" data-element_type=\"widget\" data-widget_type=\"divider.default\">\n<div class=\"elementor-widget-container\">\n<div class=\"elementor-divider\" style=\"text-align: center;\"><\/div>\n<\/div>\n<\/div>\n<div class=\"elementor-element elementor-element-c032407 elementor-widget elementor-widget-shortcode\" data-id=\"c032407\" data-element_type=\"widget\" data-widget_type=\"shortcode.default\">\n<div class=\"elementor-widget-container\">\n<div class=\"elementor-shortcode\">\n<div id=\"footable_parent_3118\" class=\"footable_parent ninja_table_wrapper wp_table_data_press_parent semantic_ui colored_table\">\n<table id=\"footable_3118\" class=\"foo-table ninja_footable foo_table_3118 ninja_table_unique_id_1852785373_3118 ui table nt_type_legacy_table selectable celled vertical_centered ninja_custom_color inverted footable-paging-right ninja_table_search_disabled ninja_table_pro footable footable-1 footable-paging breakpoint-lg aligncenter\" style=\"height: 63px;\" width=\"827\" data-ninja_table_instance=\"ninja_table_instance_0\" data-footable_id=\"3118\" data-filter-delay=\"1000\" aria-label=\"Sistema de Endoscopia HD-350\" data-unique_identifier=\"ninja_table_unique_id_1852785373_3118\">\n<colgroup>\n<col class=\"ninja_column_0 \" \/>\n<col class=\"ninja_column_1 \" \/>\n<col class=\"ninja_column_2 \" \/>\n<col class=\"ninja_column_3 \" \/>\n<col class=\"ninja_column_4 \" \/><\/colgroup>\n<thead>\n<tr class=\"footable-header\">\n<th class=\"ninja_column_0 ninja_clmn_nm_modelo footable-first-visible\" scope=\"col\">MODELO<\/th>\n<th class=\"ninja_column_1 ninja_clmn_nm_resolucao\" scope=\"col\">RESOLU\u00c7\u00c3O<\/th>\n<th class=\"ninja_column_2 ninja_clmn_nm_saida_de_video\" scope=\"col\">SA\u00cdDA DE V\u00cdDEO<\/th>\n<th class=\"ninja_column_3 ninja_clmn_nm_gravacao_de_video\" scope=\"col\">GRAVA\u00c7\u00c3O DE V\u00cdDEO<\/th>\n<th class=\"ninja_column_4 ninja_clmn_nm_dimensao_l_x_w_x_h_peso footable-last-visible\" scope=\"col\">DIMENS\u00c3O (L X W X H \/ PESO )<\/th>\n<\/tr>\n<\/thead>\n<tbody>\n<tr class=\"ninja_table_row_0 nt_row_id_231\" data-row_id=\"231\">\n<td class=\"ninja_column_0 ninja_clmn_nm_modelo footable-first-visible\">HD-350<\/td>\n<td class=\"ninja_column_1 ninja_clmn_nm_resolucao\">1920 x 1080<\/td>\n<td class=\"ninja_column_2 ninja_clmn_nm_saida_de_video\">DVI, SDI, VGA<\/td>\n<td class=\"ninja_column_3 ninja_clmn_nm_gravacao_de_video\">ZOOM \/ PBP<\/td>\n<td class=\"ninja_column_4 ninja_clmn_nm_dimensao_l_x_w_x_h_peso footable-last-visible\" style=\"text-align: center;\">455mm x 370mm x 124mm \/ 9.5 kg<\/td>\n<\/tr>\n<\/tbody>\n<\/table>\n<\/div>\n<\/div>\n<\/div>\n<\/div>\n<div id=\"footable_parent_3119\" class=\"footable_parent ninja_table_wrapper wp_table_data_press_parent semantic_ui colored_table\">\n<p>&nbsp;<\/p>\n<table id=\"footable_3119\" class=\"foo-table ninja_footable foo_table_3119 ninja_table_unique_id_305499112_3119 ui table nt_type_legacy_table selectable celled vertical_centered ninja_custom_color inverted footable-paging-right ninja_table_search_disabled ninja_table_pro footable footable-2 footable-paging breakpoint-lg\" data-ninja_table_instance=\"ninja_table_instance_1\" data-footable_id=\"3119\" data-filter-delay=\"1000\" aria-label=\"Sistema de Endoscopia HD-350 2\" data-unique_identifier=\"ninja_table_unique_id_305499112_3119\">\n<colgroup>\n<col class=\"ninja_column_0 \" \/>\n<col class=\"ninja_column_1 \" \/>\n<col class=\"ninja_column_2 \" \/>\n<col class=\"ninja_column_3 \" \/>\n<col class=\"ninja_column_4 \" \/>\n<col class=\"ninja_column_5 \" \/>\n<col class=\"ninja_column_6 \" \/>\n<col class=\"ninja_column_7 \" \/>\n<col class=\"ninja_column_8 \" \/>\n<col class=\"ninja_column_9 \" \/> <\/colgroup>\n<thead>\n<tr class=\"footable-header\">\n<th class=\"ninja_column_0 ninja_clmn_nm_modelo footable-first-visible\" style=\"display: table-cell;\" scope=\"col\">MODELO<\/th>\n<th class=\"ninja_column_1 ninja_clmn_nm_campo_de_visao\" style=\"display: table-cell;\" scope=\"col\">CAMPO DE VIS\u00c3O<\/th>\n<th class=\"ninja_column_2 ninja_clmn_nm_comprimento_de_trabalho\" style=\"display: table-cell;\" scope=\"col\">COMPRIMENTO DE TRABALHO<\/th>\n<th class=\"ninja_column_3 ninja_clmn_nm_comprimento_total\" style=\"display: table-cell;\" scope=\"col\">COMPRIMENTO TOTAL<\/th>\n<th class=\"ninja_column_4 ninja_clmn_nm_diametro_final_distal\" style=\"display: table-cell;\" scope=\"col\">DI\u00c2METRO FINAL DISTAL<\/th>\n<th class=\"ninja_column_5 ninja_clmn_nm_diametro_do_tubo_de_insercao\" style=\"display: table-cell;\" scope=\"col\">DI\u00c2METRO DO TUBO DE INSER\u00c7\u00c3O<\/th>\n<th class=\"ninja_column_6 ninja_clmn_nm_diametro_do_canal_de_instrumentos\" style=\"display: table-cell;\" scope=\"col\">DI\u00c2METRO DO CANAL DE INSTRUMENTOS<\/th>\n<th class=\"ninja_column_7 ninja_clmn_nm_faixa_de_observacao\" style=\"display: table-cell;\" scope=\"col\">FAIXA DE OBSERVA\u00c7\u00c3O<\/th>\n<th class=\"ninja_column_8 ninja_clmn_nm_angulos_de_dobra_para_cima_para_baixo\" style=\"display: table-cell;\" scope=\"col\">\u00c2NGULOS DE DOBRA (PARA CIMA\/PARA BAIXO)<\/th>\n<th class=\"ninja_column_9 ninja_clmn_nm_angulos_de_dobra_esquerda_direita footable-last-visible\" style=\"display: table-cell;\" scope=\"col\">\u00c2NGULOS DE DOBRA (ESQUERDA\/DIREITA)<\/th>\n<\/tr>\n<\/thead>\n<tbody>\n<tr class=\"ninja_table_row_0 nt_row_id_232\" data-row_id=\"232\">\n<td class=\"ninja_column_0 ninja_clmn_nm_modelo footable-first-visible\" style=\"display: table-cell;\">EG-430<\/td>\n<td class=\"ninja_column_1 ninja_clmn_nm_campo_de_visao\" style=\"display: table-cell;\">140\u00b0<\/td>\n<td class=\"ninja_column_2 ninja_clmn_nm_comprimento_de_trabalho\" style=\"display: table-cell;\">1050mm<\/td>\n<td class=\"ninja_column_3 ninja_clmn_nm_comprimento_total\" style=\"display: table-cell;\">1350mm<\/td>\n<td class=\"ninja_column_4 ninja_clmn_nm_diametro_final_distal\" style=\"display: table-cell;\">9.3mm<\/td>\n<td class=\"ninja_column_5 ninja_clmn_nm_diametro_do_tubo_de_insercao\" style=\"display: table-cell;\">9.3mm<\/td>\n<td class=\"ninja_column_6 ninja_clmn_nm_diametro_do_canal_de_instrumentos\" style=\"display: table-cell;\">2.8mm<\/td>\n<td class=\"ninja_column_7 ninja_clmn_nm_faixa_de_observacao\" style=\"display: table-cell;\">3-1 00mm<\/td>\n<td class=\"ninja_column_8 ninja_clmn_nm_angulos_de_dobra_para_cima_para_baixo\" style=\"display: table-cell;\">210\u00b0 &#8211; 90\u00b0<\/td>\n<td class=\"ninja_column_9 ninja_clmn_nm_angulos_de_dobra_esquerda_direita footable-last-visible\" style=\"display: table-cell;\">100\u00b0 &#8211; 100\u00b0<\/td>\n<\/tr>\n<tr class=\"ninja_table_row_1 nt_row_id_233\" data-row_id=\"233\">\n<td class=\"ninja_column_0 ninja_clmn_nm_modelo footable-first-visible\" style=\"display: table-cell;\">EG-430L<\/td>\n<td class=\"ninja_column_1 ninja_clmn_nm_campo_de_visao\" style=\"display: table-cell;\">140\u00b0<\/td>\n<td class=\"ninja_column_2 ninja_clmn_nm_comprimento_de_trabalho\" style=\"display: table-cell;\">1050mm<\/td>\n<td class=\"ninja_column_3 ninja_clmn_nm_comprimento_total\" style=\"display: table-cell;\">1350mm<\/td>\n<td class=\"ninja_column_4 ninja_clmn_nm_diametro_final_distal\" style=\"display: table-cell;\">9.8mm<\/td>\n<td class=\"ninja_column_5 ninja_clmn_nm_diametro_do_tubo_de_insercao\" style=\"display: table-cell;\">9.8mm<\/td>\n<td class=\"ninja_column_6 ninja_clmn_nm_diametro_do_canal_de_instrumentos\" style=\"display: table-cell;\">3.2mm<\/td>\n<td class=\"ninja_column_7 ninja_clmn_nm_faixa_de_observacao\" style=\"display: table-cell;\">3-1 00mm<\/td>\n<td class=\"ninja_column_8 ninja_clmn_nm_angulos_de_dobra_para_cima_para_baixo\" style=\"display: table-cell;\">210\u00b0 &#8211; 90\u00b0<\/td>\n<td class=\"ninja_column_9 ninja_clmn_nm_angulos_de_dobra_esquerda_direita footable-last-visible\" style=\"display: table-cell;\">100\u00b0 &#8211; 100\u00b0<\/td>\n<\/tr>\n<tr class=\"ninja_table_row_2 nt_row_id_234\" data-row_id=\"234\">\n<td class=\"ninja_column_0 ninja_clmn_nm_modelo footable-first-visible\" style=\"display: table-cell;\">EC-430<\/td>\n<td class=\"ninja_column_1 ninja_clmn_nm_campo_de_visao\" style=\"display: table-cell;\">140\u00b0<\/td>\n<td class=\"ninja_column_2 ninja_clmn_nm_comprimento_de_trabalho\" style=\"display: table-cell;\">1350mm<\/td>\n<td class=\"ninja_column_3 ninja_clmn_nm_comprimento_total\" style=\"display: table-cell;\">1700mm<\/td>\n<td class=\"ninja_column_4 ninja_clmn_nm_diametro_final_distal\" style=\"display: table-cell;\">12mm<\/td>\n<td class=\"ninja_column_5 ninja_clmn_nm_diametro_do_tubo_de_insercao\" style=\"display: table-cell;\">12.5mm<\/td>\n<td class=\"ninja_column_6 ninja_clmn_nm_diametro_do_canal_de_instrumentos\" style=\"display: table-cell;\">3.8mm<\/td>\n<td class=\"ninja_column_7 ninja_clmn_nm_faixa_de_observacao\" style=\"display: table-cell;\">3-1 00mm<\/td>\n<td class=\"ninja_column_8 ninja_clmn_nm_angulos_de_dobra_para_cima_para_baixo\" style=\"display: table-cell;\">180\u00b0 &#8211; 180\u00b0<\/td>\n<td class=\"ninja_column_9 ninja_clmn_nm_angulos_de_dobra_esquerda_direita footable-last-visible\" style=\"display: table-cell;\">160\u00b0 &#8211; 160\u00b0<\/td>\n<\/tr>\n<tr class=\"ninja_table_row_3 nt_row_id_235\" data-row_id=\"235\">\n<td class=\"ninja_column_0 ninja_clmn_nm_modelo footable-first-visible\" style=\"display: table-cell;\">EC-430T<\/td>\n<td class=\"ninja_column_1 ninja_clmn_nm_campo_de_visao\" style=\"display: table-cell;\">140\u00b0<\/td>\n<td class=\"ninja_column_2 ninja_clmn_nm_comprimento_de_trabalho\" style=\"display: table-cell;\">1700mm<\/td>\n<td class=\"ninja_column_3 ninja_clmn_nm_comprimento_total\" style=\"display: table-cell;\">1900mm<\/td>\n<td class=\"ninja_column_4 ninja_clmn_nm_diametro_final_distal\" style=\"display: table-cell;\">12mm<\/td>\n<td class=\"ninja_column_5 ninja_clmn_nm_diametro_do_tubo_de_insercao\" style=\"display: table-cell;\">12.5mm<\/td>\n<td class=\"ninja_column_6 ninja_clmn_nm_diametro_do_canal_de_instrumentos\" style=\"display: table-cell;\">3.8mm<\/td>\n<td class=\"ninja_column_7 ninja_clmn_nm_faixa_de_observacao\" style=\"display: table-cell;\">3-1 00mm<\/td>\n<td class=\"ninja_column_8 ninja_clmn_nm_angulos_de_dobra_para_cima_para_baixo\" style=\"display: table-cell;\">180\u00b0 &#8211; 180\u00b0<\/td>\n<td class=\"ninja_column_9 ninja_clmn_nm_angulos_de_dobra_esquerda_direita footable-last-visible\" style=\"display: table-cell;\">160\u00b0 &#8211; 160\u00b0<\/td>\n<\/tr>\n<tr class=\"ninja_table_row_4 nt_row_id_236\" data-row_id=\"236\">\n<td class=\"ninja_column_0 ninja_clmn_nm_modelo footable-first-visible\" style=\"display: table-cell;\">EC-430L<\/td>\n<td class=\"ninja_column_1 ninja_clmn_nm_campo_de_visao\" style=\"display: table-cell;\">140\u00b0<\/td>\n<td class=\"ninja_column_2 ninja_clmn_nm_comprimento_de_trabalho\" style=\"display: table-cell;\">1350mm<\/td>\n<td class=\"ninja_column_3 ninja_clmn_nm_comprimento_total\" style=\"display: table-cell;\">1700mm<\/td>\n<td class=\"ninja_column_4 ninja_clmn_nm_diametro_final_distal\" style=\"display: table-cell;\">12.9mm<\/td>\n<td class=\"ninja_column_5 ninja_clmn_nm_diametro_do_tubo_de_insercao\" style=\"display: table-cell;\">12.9mm<\/td>\n<td class=\"ninja_column_6 ninja_clmn_nm_diametro_do_canal_de_instrumentos\" style=\"display: table-cell;\">4.2mm<\/td>\n<td class=\"ninja_column_7 ninja_clmn_nm_faixa_de_observacao\" style=\"display: table-cell;\">3-1 00mm<\/td>\n<td class=\"ninja_column_8 ninja_clmn_nm_angulos_de_dobra_para_cima_para_baixo\" style=\"display: table-cell;\">210\u00b0 &#8211; 90\u00b0<\/td>\n<td class=\"ninja_column_9 ninja_clmn_nm_angulos_de_dobra_esquerda_direita footable-last-visible\" style=\"display: table-cell;\">100\u00b0 &#8211; 100\u00b0<\/td>\n<\/tr>\n<tr class=\"ninja_table_row_5 nt_row_id_237\" data-row_id=\"237\">\n<td class=\"ninja_column_0 ninja_clmn_nm_modelo footable-first-visible\" style=\"display: table-cell;\">EC-430L\/T<\/td>\n<td class=\"ninja_column_1 ninja_clmn_nm_campo_de_visao\" style=\"display: table-cell;\">140\u00b0<\/td>\n<td class=\"ninja_column_2 ninja_clmn_nm_comprimento_de_trabalho\" style=\"display: table-cell;\">1700mm<\/td>\n<td class=\"ninja_column_3 ninja_clmn_nm_comprimento_total\" style=\"display: table-cell;\">1900mm<\/td>\n<td class=\"ninja_column_4 ninja_clmn_nm_diametro_final_distal\" style=\"display: table-cell;\">12.9mm<\/td>\n<td class=\"ninja_column_5 ninja_clmn_nm_diametro_do_tubo_de_insercao\" style=\"display: table-cell;\">12.9mm<\/td>\n<td class=\"ninja_column_6 ninja_clmn_nm_diametro_do_canal_de_instrumentos\" style=\"display: table-cell;\">4.2mm<\/td>\n<td class=\"ninja_column_7 ninja_clmn_nm_faixa_de_observacao\" style=\"display: table-cell;\">3-1 00mm<\/td>\n<td class=\"ninja_column_8 ninja_clmn_nm_angulos_de_dobra_para_cima_para_baixo\" style=\"display: table-cell;\">180\u00b0 &#8211; 180\u00b0<\/td>\n<td class=\"ninja_column_9 ninja_clmn_nm_angulos_de_dobra_esquerda_direita footable-last-visible\" style=\"display: table-cell;\">160\u00b0 &#8211; 160\u00b0<\/td>\n<\/tr>\n<\/tbody>\n<p><!--ninja_tobody_rendering_done--><\/p>\n<tfoot><\/tfoot>\n<\/table>\n<style type=\"text\/css\" id=\"ninja_table_custom_css_3118\">\n#footable_3118  {<br \/>font-family: inherit;<br \/>font-size: 13px;<br \/>}<br \/>#footable_3118 tbody tr td span.fooicon-plus:before {<br \/>background-color:  !important;<br \/>}<br \/>#footable_3118 tbody tr td span.fooicon-minus:before {<br \/>background-color:  !important;<br \/>}<br \/>#footable_3118 tbody tr:hover td span.fooicon-plus:before {<br \/>background-color:  !important;<br \/>}<br \/>#footable_3118 tbody tr:hover td span.fooicon-minus:before {<br \/>background-color:  !important;<br \/>}<br \/>#footable_3118 thead tr.footable-header th span::before {<br \/>background-color: rgba(255, 255, 255, 1) !important;<br \/>}<br \/>#footable_3118,<br \/>#footable_3118 table {<br \/>background-color:  !important;<br \/>color:  !important;<br \/>border-color:  !important;<br \/>}<br \/>#footable_3118 thead tr.footable-filtering th {<br \/>background-color:  !important;<br \/>color:  !important;<br \/>}<br \/>#footable_3118:not(.hide_all_borders) thead tr.footable-filtering th {<br \/>border : 1px solid transparent !important;<br \/>}<br \/>#footable_3118 .input-group-btn:last-child > .btn:not(:last-child):not(.dropdown-toggle) {<br \/>background-color:  !important;<br \/>color:  !important;<br \/>}<br \/>#footable_3118 tr.footable-header, #footable_3118 tr.footable-header th, .colored_table #footable_3118 table.ninja_table_pro.inverted.table.footable-details tbody tr th {<br \/>background-color: rgba(0, 45, 96, 1) !important;<br \/>color: rgba(255, 255, 255, 1) !important;<br \/>}<br \/>#footable_3118:not(.hide_all_borders) tr.footable-header th, #footable_3118:not(.hide_all_borders) tbody tr th {<br \/>border-color: rgba(255, 255, 255, 1) !important;<br \/>}<br \/>#footable_3118 tbody tr:hover {<br \/>background-color: rgba(186, 186, 186, 1) !important;<br \/>color:  !important;<br \/>}<br \/>#footable_3118 tbody tr:hover td {<br \/>border-color:  !important;<br \/>}<br \/>#footable_3118 tbody tr:nth-child(even) {<br \/>background-color:  !important;<br \/>color:  !important;<br \/>}<br \/>#footable_3118 tbody tr:nth-child(odd) {<br \/>background-color:  !important;<br \/>color:  !important;<br \/>}<br \/>#footable_3118 tbody tr:nth-child(even):hover {<br \/>background-color:  !important;<br \/>}<br \/>#footable_3118 tbody tr:nth-child(odd):hover {<br \/>background-color:  !important;<br \/>}<br \/>#footable_3118 tbody tr:nth-child(even) td span.fooicon-plus:before {<br \/>background-color:  !important;<br \/>}<br \/>#footable_3118 tbody tr:nth-child(even) td span.fooicon-minus:before {<br \/>background-color:  !important;<br \/>}<br \/>#footable_3118 tbody tr:nth-child(odd) td span.fooicon-plus:before {<br \/>background-color:  !important;<br \/>}<br \/>#footable_3118 tbody tr:nth-child(odd) td span.fooicon-minus:before {<br \/>background-color:  !important;<br \/>}<br \/>#footable_3118 tbody tr:nth-child(even) tr:hover td span.fooicon-plus:before {<br \/>background-color:  !important;<br \/>}<br \/>#footable_3118 tbody tr:nth-child(even) tr:hover td span.fooicon-minus:before {<br \/>background-color:  !important;<br \/>}<br \/>#footable_3118 tbody tr:nth-child(odd) tr:hover td span.fooicon-plus:before {<br \/>background-color:  !important;<br \/>}<br \/>#footable_3118 tbody tr:nth-child(odd) tr:hover td span.fooicon-minus:before {<br \/>background-color:  !important;<br \/>}<br \/>#footable_3118 tfoot .footable-paging {<br \/>background-color:  !important;<br \/>}<br \/>#footable_3118 tfoot .footable-paging .footable-page.active a {<br \/>background-color:  !important;<br \/>}<br \/>#footable_3118:not(.hide_all_borders) tfoot tr.footable-paging td {<br \/>border-color:  !important;<br \/>}<br \/>#footable_3118 td.ninja_column_0 { text-align: center; }#footable_3118 th.ninja_column_0 { text-align: center; }#footable_3118 td.ninja_column_1 { text-align: center; }#footable_3118 th.ninja_column_1 { text-align: center; }#footable_3118 td.ninja_column_2 { text-align: center; }#footable_3118 th.ninja_column_2 { text-align: center; }#footable_3118 td.ninja_column_3 { text-align: center; }#footable_3118 th.ninja_column_3 { text-align: center; }#footable_3118 td.ninja_column_4 { text-align: center; }#footable_3118 th.ninja_column_4 { text-align: center; }                <\/style>\n<style type=\"text\/css\" id=\"ninja_table_custom_css_3119\">\n#footable_3119  {<br \/>font-family: inherit;<br \/>font-size: 13px;<br \/>}<br \/>#footable_3119 tbody tr td span.fooicon-plus:before {<br \/>background-color:  !important;<br \/>}<br \/>#footable_3119 tbody tr td span.fooicon-minus:before {<br \/>background-color:  !important;<br \/>}<br \/>#footable_3119 tbody tr:hover td span.fooicon-plus:before {<br \/>background-color:  !important;<br \/>}<br \/>#footable_3119 tbody tr:hover td span.fooicon-minus:before {<br \/>background-color:  !important;<br \/>}<br \/>#footable_3119 thead tr.footable-header th span::before {<br \/>background-color: rgba(255, 255, 255, 1) !important;<br \/>}<br \/>#footable_3119,<br \/>#footable_3119 table {<br \/>background-color:  !important;<br \/>color:  !important;<br \/>border-color:  !important;<br \/>}<br \/>#footable_3119 thead tr.footable-filtering th {<br \/>background-color:  !important;<br \/>color:  !important;<br \/>}<br \/>#footable_3119:not(.hide_all_borders) thead tr.footable-filtering th {<br \/>border : 1px solid transparent !important;<br \/>}<br \/>#footable_3119 .input-group-btn:last-child > .btn:not(:last-child):not(.dropdown-toggle) {<br \/>background-color:  !important;<br \/>color:  !important;<br \/>}<br \/>#footable_3119 tr.footable-header, #footable_3119 tr.footable-header th, .colored_table #footable_3119 table.ninja_table_pro.inverted.table.footable-details tbody tr th {<br \/>background-color: rgba(0, 45, 96, 1) !important;<br \/>color: rgba(255, 255, 255, 1) !important;<br \/>}<br \/>#footable_3119:not(.hide_all_borders) tr.footable-header th, #footable_3119:not(.hide_all_borders) tbody tr th {<br \/>border-color: rgba(255, 255, 255, 1) !important;<br \/>}<br \/>#footable_3119 tbody tr:hover {<br \/>background-color: rgba(186, 186, 186, 1) !important;<br \/>color:  !important;<br \/>}<br \/>#footable_3119 tbody tr:hover td {<br \/>border-color:  !important;<br \/>}<br \/>#footable_3119 tbody tr:nth-child(even) {<br \/>background-color:  !important;<br \/>color:  !important;<br \/>}<br \/>#footable_3119 tbody tr:nth-child(odd) {<br \/>background-color:  !important;<br \/>color:  !important;<br \/>}<br \/>#footable_3119 tbody tr:nth-child(even):hover {<br \/>background-color:  !important;<br \/>}<br \/>#footable_3119 tbody tr:nth-child(odd):hover {<br \/>background-color:  !important;<br \/>}<br \/>#footable_3119 tbody tr:nth-child(even) td span.fooicon-plus:before {<br \/>background-color:  !important;<br \/>}<br \/>#footable_3119 tbody tr:nth-child(even) td span.fooicon-minus:before {<br \/>background-color:  !important;<br \/>}<br \/>#footable_3119 tbody tr:nth-child(odd) td span.fooicon-plus:before {<br \/>background-color:  !important;<br \/>}<br \/>#footable_3119 tbody tr:nth-child(odd) td span.fooicon-minus:before {<br \/>background-color:  !important;<br \/>}<br \/>#footable_3119 tbody tr:nth-child(even) tr:hover td span.fooicon-plus:before {<br \/>background-color:  !important;<br \/>}<br \/>#footable_3119 tbody tr:nth-child(even) tr:hover td span.fooicon-minus:before {<br \/>background-color:  !important;<br \/>}<br \/>#footable_3119 tbody tr:nth-child(odd) tr:hover td span.fooicon-plus:before {<br \/>background-color:  !important;<br \/>}<br \/>#footable_3119 tbody tr:nth-child(odd) tr:hover td span.fooicon-minus:before {<br \/>background-color:  !important;<br \/>}<br \/>#footable_3119 tfoot .footable-paging {<br \/>background-color:  !important;<br \/>}<br \/>#footable_3119 tfoot .footable-paging .footable-page.active a {<br \/>background-color:  !important;<br \/>}<br \/>#footable_3119:not(.hide_all_borders) tfoot tr.footable-paging td {<br \/>border-color:  !important;<br \/>}<br \/>#footable_3119 td.ninja_column_0 { text-align: center; }#footable_3119 th.ninja_column_0 { text-align: center; }#footable_3119 td.ninja_column_1 { text-align: center; }#footable_3119 th.ninja_column_1 { text-align: center; }#footable_3119 td.ninja_column_2 { text-align: center; }#footable_3119 th.ninja_column_2 { text-align: center; }#footable_3119 td.ninja_column_3 { text-align: center; }#footable_3119 th.ninja_column_3 { text-align: center; }#footable_3119 td.ninja_column_4 { text-align: center; }#footable_3119 th.ninja_column_4 { text-align: center; }#footable_3119 td.ninja_column_5 { text-align: center; }#footable_3119 th.ninja_column_5 { text-align: center; }#footable_3119 td.ninja_column_6 { text-align: center; }#footable_3119 th.ninja_column_6 { text-align: center; }#footable_3119 td.ninja_column_7 { text-align: center; }#footable_3119 th.ninja_column_7 { text-align: center; }#footable_3119 td.ninja_column_8 { text-align: center; }#footable_3119 th.ninja_column_8 { text-align: center; }#footable_3119 td.ninja_column_9 { text-align: center; }#footable_3119 th.ninja_column_9 { text-align: center; }                <\/style>\n<\/div>\n","protected":false},"excerpt":{"rendered":"<p>A inova\u00e7\u00e3o reescreve o padr\u00e3o. O HD-350 \u00e9 um processador de imagem de alta defini\u00e7\u00e3o para sistemas de endoscopia. Ele foi projetado especificamente para atender \u00e0s suas solicita\u00e7\u00f5es de alta qualidade de imagem, com um or\u00e7amento acess\u00edvel.<\/p>\n","protected":false},"featured_media":1018,"template":"","meta":[],"product_brand":[],"product_cat":[126],"product_tag":[],"class_list":{"0":"post-1017","1":"product","2":"type-product","3":"status-publish","4":"has-post-thumbnail","6":"product_cat-endoscopia","8":"first","9":"instock","10":"sold-individually","11":"shipping-taxable","12":"product-type-simple","13":"czr-hentry"},"_links":{"self":[{"href":"https:\/\/hp.nutricionalfarma.com.br\/index.php?rest_route=\/wp\/v2\/product\/1017","targetHints":{"allow":["GET"]}}],"collection":[{"href":"https:\/\/hp.nutricionalfarma.com.br\/index.php?rest_route=\/wp\/v2\/product"}],"about":[{"href":"https:\/\/hp.nutricionalfarma.com.br\/index.php?rest_route=\/wp\/v2\/types\/product"}],"wp:featuredmedia":[{"embeddable":true,"href":"https:\/\/hp.nutricionalfarma.com.br\/index.php?rest_route=\/wp\/v2\/media\/1018"}],"wp:attachment":[{"href":"https:\/\/hp.nutricionalfarma.com.br\/index.php?rest_route=%2Fwp%2Fv2%2Fmedia&parent=1017"}],"wp:term":[{"taxonomy":"product_brand","embeddable":true,"href":"https:\/\/hp.nutricionalfarma.com.br\/index.php?rest_route=%2Fwp%2Fv2%2Fproduct_brand&post=1017"},{"taxonomy":"product_cat","embeddable":true,"href":"https:\/\/hp.nutricionalfarma.com.br\/index.php?rest_route=%2Fwp%2Fv2%2Fproduct_cat&post=1017"},{"taxonomy":"product_tag","embeddable":true,"href":"https:\/\/hp.nutricionalfarma.com.br\/index.php?rest_route=%2Fwp%2Fv2%2Fproduct_tag&post=1017"}],"curies":[{"name":"wp","href":"https:\/\/api.w.org\/{rel}","templated":true}]}}