{"id":1014,"date":"2024-07-03T19:53:41","date_gmt":"2024-07-03T19:53:41","guid":{"rendered":"https:\/\/hp.nutricionalfarma.com.br\/?post_type=product&#038;p=1014"},"modified":"2024-07-03T19:53:42","modified_gmt":"2024-07-03T19:53:42","slug":"sistema-de-endoscopia-hd-550","status":"publish","type":"product","link":"https:\/\/hp.nutricionalfarma.com.br\/?product=sistema-de-endoscopia-hd-550","title":{"rendered":"Sistema de Endoscopia HD-550"},"content":{"rendered":"<div class=\"elementor-element elementor-element-8dba6d5 elementor-widget elementor-widget-heading\" data-id=\"8dba6d5\" data-element_type=\"widget\" data-widget_type=\"heading.default\">\n<div class=\"elementor-widget-container\">\n<h2 class=\"elementor-heading-title elementor-size-default\" style=\"text-align: center;\">Especifica\u00e7\u00f5es<\/h2>\n<\/div>\n<\/div>\n<div class=\"elementor-element elementor-element-9099545 elementor-widget-divider--view-line elementor-widget elementor-widget-divider\" data-id=\"9099545\" data-element_type=\"widget\" data-widget_type=\"divider.default\">\n<div class=\"elementor-widget-container\">\n<div class=\"elementor-divider\" style=\"text-align: center;\"><\/div>\n<\/div>\n<\/div>\n<div class=\"elementor-element elementor-element-c032407 elementor-widget elementor-widget-shortcode\" data-id=\"c032407\" data-element_type=\"widget\" data-widget_type=\"shortcode.default\">\n<div class=\"elementor-widget-container\">\n<div class=\"elementor-shortcode\">\n<div id=\"footable_parent_3124\" class=\"footable_parent ninja_table_wrapper wp_table_data_press_parent semantic_ui colored_table\">\n<table id=\"footable_3124\" class=\"foo-table ninja_footable foo_table_3124 ninja_table_unique_id_372665806_3124 ui table nt_type_legacy_table selectable celled vertical_centered ninja_custom_color inverted footable-paging-right ninja_table_search_disabled ninja_table_pro footable footable-1 footable-paging breakpoint-lg aligncenter\" style=\"height: 80px;\" width=\"820\" data-ninja_table_instance=\"ninja_table_instance_0\" data-footable_id=\"3124\" data-filter-delay=\"1000\" aria-label=\"Sistema de Endoscopia HD-550\" data-unique_identifier=\"ninja_table_unique_id_372665806_3124\">\n<colgroup>\n<col class=\"ninja_column_0 \" \/>\n<col class=\"ninja_column_1 \" \/>\n<col class=\"ninja_column_2 \" \/>\n<col class=\"ninja_column_3 \" \/>\n<col class=\"ninja_column_4 \" \/><\/colgroup>\n<thead>\n<tr class=\"footable-header\">\n<th class=\"ninja_column_0 ninja_clmn_nm_modelo footable-first-visible\" scope=\"col\">MODELO<\/th>\n<th class=\"ninja_column_1 ninja_clmn_nm_resolucao\" scope=\"col\">RESOLU\u00c7\u00c3O<\/th>\n<th class=\"ninja_column_2 ninja_clmn_nm_saida_de_video\" scope=\"col\">SA\u00cdDA DE V\u00cdDEO<\/th>\n<th class=\"ninja_column_3 ninja_clmn_nm_gravacao_de_video\" scope=\"col\">GRAVA\u00c7\u00c3O DE V\u00cdDEO<\/th>\n<th class=\"ninja_column_4 ninja_clmn_nm_dimensao_l_x_w_x_h_peso footable-last-visible\" scope=\"col\">DIMENS\u00c3O (L X W X H \/ PESO )<\/th>\n<\/tr>\n<\/thead>\n<tbody>\n<tr class=\"ninja_table_row_0 nt_row_id_246\" data-row_id=\"246\">\n<td class=\"ninja_column_0 ninja_clmn_nm_modelo footable-first-visible\">HD-550<\/td>\n<td class=\"ninja_column_1 ninja_clmn_nm_resolucao\">1920 x 1200<\/td>\n<td class=\"ninja_column_2 ninja_clmn_nm_saida_de_video\">DVI, SDI, VGA<\/td>\n<td class=\"ninja_column_3 ninja_clmn_nm_gravacao_de_video\">ZOOM \/ PBP<\/td>\n<td class=\"ninja_column_4 ninja_clmn_nm_dimensao_l_x_w_x_h_peso footable-last-visible\">480mm x 370mm x 125mm \/ 11 kg<\/td>\n<\/tr>\n<\/tbody>\n<\/table>\n<p>&nbsp;<\/p>\n<\/div>\n<\/div>\n<\/div>\n<\/div>\n<p>&nbsp;<\/p>\n<table id=\"footable_3125\" class=\"foo-table ninja_footable foo_table_3125 ninja_table_unique_id_1197806150_3125 ui table nt_type_legacy_table selectable celled vertical_centered ninja_custom_color inverted footable-paging-right ninja_table_search_disabled ninja_table_pro footable footable-2 footable-paging breakpoint-lg\" style=\"height: 331px;\" width=\"1047\" data-ninja_table_instance=\"ninja_table_instance_1\" data-footable_id=\"3125\" data-filter-delay=\"1000\" aria-label=\"Sistema de Endoscopia HD-550 2\" data-unique_identifier=\"ninja_table_unique_id_1197806150_3125\">\n<colgroup>\n<col class=\"ninja_column_0 \" \/>\n<col class=\"ninja_column_1 \" \/>\n<col class=\"ninja_column_2 \" \/>\n<col class=\"ninja_column_3 \" \/>\n<col class=\"ninja_column_4 \" \/>\n<col class=\"ninja_column_5 \" \/>\n<col class=\"ninja_column_6 \" \/>\n<col class=\"ninja_column_7 \" \/>\n<col class=\"ninja_column_8 \" \/>\n<col class=\"ninja_column_9 \" \/> <\/colgroup>\n<thead>\n<tr class=\"footable-header\">\n<th class=\"ninja_column_0 ninja_clmn_nm_modelo footable-first-visible\" style=\"display: table-cell;\" scope=\"col\">MODELO<\/th>\n<th class=\"ninja_column_1 ninja_clmn_nm_campo_de_visao\" style=\"display: table-cell;\" scope=\"col\">CAMPO DE VIS\u00c3O<\/th>\n<th class=\"ninja_column_2 ninja_clmn_nm_comprimento_de_trabalho\" style=\"display: table-cell;\" scope=\"col\">COMPRIMENTO DE TRABALHO<\/th>\n<th class=\"ninja_column_4 ninja_clmn_nm_diametro_final_distal\" style=\"display: table-cell;\" scope=\"col\">DI\u00c2METRO FINAL DISTAL<\/th>\n<th class=\"ninja_column_5 ninja_clmn_nm_diametro_do_tubo_de_insercao\" style=\"display: table-cell;\" scope=\"col\">DI\u00c2METRO DO TUBO DE INSER\u00c7\u00c3O<\/th>\n<th class=\"ninja_column_6 ninja_clmn_nm_diametro_do_canal_de_instrumentos\" style=\"display: table-cell;\" scope=\"col\">DI\u00c2METRO DO CANAL DE INSTRUMENTOS<\/th>\n<th class=\"ninja_column_7 ninja_clmn_nm_faixa_de_observacao\" style=\"display: table-cell;\" scope=\"col\">FAIXA DE OBSERVA\u00c7\u00c3O<\/th>\n<th class=\"ninja_column_8 ninja_clmn_nm_angulos_de_dobra_para_cima_para_baixo\" style=\"display: table-cell;\" scope=\"col\">\u00c2NGULOS DE DOBRA (PARA CIMA\/PARA BAIXO)<\/th>\n<th class=\"ninja_column_9 ninja_clmn_nm_angulos_de_dobra_esquerda_direita footable-last-visible\" style=\"display: table-cell;\" scope=\"col\">\u00c2NGULOS DE DOBRA (ESQUERDA\/DIREITA)<\/th>\n<\/tr>\n<\/thead>\n<tbody>\n<tr class=\"ninja_table_row_0 nt_row_id_249\" data-row_id=\"249\">\n<td class=\"ninja_column_0 ninja_clmn_nm_modelo footable-first-visible\" style=\"display: table-cell;\">EG-550<\/td>\n<td class=\"ninja_column_1 ninja_clmn_nm_campo_de_visao\" style=\"display: table-cell;\">140\u00b0<\/td>\n<td class=\"ninja_column_2 ninja_clmn_nm_comprimento_de_trabalho\" style=\"display: table-cell;\">1050mm<\/td>\n<td class=\"ninja_column_4 ninja_clmn_nm_diametro_final_distal\" style=\"display: table-cell;\">9.3mm<\/td>\n<td class=\"ninja_column_5 ninja_clmn_nm_diametro_do_tubo_de_insercao\" style=\"display: table-cell;\">9.3mm<\/td>\n<td class=\"ninja_column_6 ninja_clmn_nm_diametro_do_canal_de_instrumentos\" style=\"display: table-cell;\">2.8mm<\/td>\n<td class=\"ninja_column_7 ninja_clmn_nm_faixa_de_observacao\" style=\"display: table-cell;\">3-1 00mm<\/td>\n<td class=\"ninja_column_8 ninja_clmn_nm_angulos_de_dobra_para_cima_para_baixo\" style=\"display: table-cell;\">210\u00b0 &#8211; 90\u00b0<\/td>\n<td class=\"ninja_column_9 ninja_clmn_nm_angulos_de_dobra_esquerda_direita footable-last-visible\" style=\"display: table-cell;\">100\u00b0 &#8211; 100\u00b0<\/td>\n<\/tr>\n<tr class=\"ninja_table_row_1 nt_row_id_247\" data-row_id=\"247\">\n<td class=\"ninja_column_0 ninja_clmn_nm_modelo footable-first-visible\" style=\"display: table-cell;\">EG-550L<\/td>\n<td class=\"ninja_column_1 ninja_clmn_nm_campo_de_visao\" style=\"display: table-cell;\">140\u00b0<\/td>\n<td class=\"ninja_column_2 ninja_clmn_nm_comprimento_de_trabalho\" style=\"display: table-cell;\">1050mm<\/td>\n<td class=\"ninja_column_4 ninja_clmn_nm_diametro_final_distal\" style=\"display: table-cell;\">9.8mm<\/td>\n<td class=\"ninja_column_5 ninja_clmn_nm_diametro_do_tubo_de_insercao\" style=\"display: table-cell;\">9.8mm<\/td>\n<td class=\"ninja_column_6 ninja_clmn_nm_diametro_do_canal_de_instrumentos\" style=\"display: table-cell;\">3.2mm<\/td>\n<td class=\"ninja_column_7 ninja_clmn_nm_faixa_de_observacao\" style=\"display: table-cell;\">3-1 00mm<\/td>\n<td class=\"ninja_column_8 ninja_clmn_nm_angulos_de_dobra_para_cima_para_baixo\" style=\"display: table-cell;\">210\u00b0 &#8211; 90\u00b0<\/td>\n<td class=\"ninja_column_9 ninja_clmn_nm_angulos_de_dobra_esquerda_direita footable-last-visible\" style=\"display: table-cell;\">100\u00b0 &#8211; 100\u00b0<\/td>\n<\/tr>\n<tr class=\"ninja_table_row_2 nt_row_id_248\" data-row_id=\"248\">\n<td class=\"ninja_column_0 ninja_clmn_nm_modelo footable-first-visible\" style=\"display: table-cell;\">EC-550<\/td>\n<td class=\"ninja_column_1 ninja_clmn_nm_campo_de_visao\" style=\"display: table-cell;\">140\u00b0<\/td>\n<td class=\"ninja_column_2 ninja_clmn_nm_comprimento_de_trabalho\" style=\"display: table-cell;\">1350mm<\/td>\n<td class=\"ninja_column_4 ninja_clmn_nm_diametro_final_distal\" style=\"display: table-cell;\">12mm<\/td>\n<td class=\"ninja_column_5 ninja_clmn_nm_diametro_do_tubo_de_insercao\" style=\"display: table-cell;\">12.5mm<\/td>\n<td class=\"ninja_column_6 ninja_clmn_nm_diametro_do_canal_de_instrumentos\" style=\"display: table-cell;\">3.8mm<\/td>\n<td class=\"ninja_column_7 ninja_clmn_nm_faixa_de_observacao\" style=\"display: table-cell;\">3-1 00mm<\/td>\n<td class=\"ninja_column_8 ninja_clmn_nm_angulos_de_dobra_para_cima_para_baixo\" style=\"display: table-cell;\">180\u00b0 &#8211; 180\u00b0<\/td>\n<td class=\"ninja_column_9 ninja_clmn_nm_angulos_de_dobra_esquerda_direita footable-last-visible\" style=\"display: table-cell;\">160\u00b0 &#8211; 160\u00b0<\/td>\n<\/tr>\n<tr class=\"ninja_table_row_3 nt_row_id_250\" data-row_id=\"250\">\n<td class=\"ninja_column_0 ninja_clmn_nm_modelo footable-first-visible\" style=\"display: table-cell;\">EC-550L<\/td>\n<td class=\"ninja_column_1 ninja_clmn_nm_campo_de_visao\" style=\"display: table-cell;\">140\u00b0<\/td>\n<td class=\"ninja_column_2 ninja_clmn_nm_comprimento_de_trabalho\" style=\"display: table-cell;\">1700mm<\/td>\n<td class=\"ninja_column_4 ninja_clmn_nm_diametro_final_distal\" style=\"display: table-cell;\">12mm<\/td>\n<td class=\"ninja_column_5 ninja_clmn_nm_diametro_do_tubo_de_insercao\" style=\"display: table-cell;\">12.5mm<\/td>\n<td class=\"ninja_column_6 ninja_clmn_nm_diametro_do_canal_de_instrumentos\" style=\"display: table-cell;\">3.8mm<\/td>\n<td class=\"ninja_column_7 ninja_clmn_nm_faixa_de_observacao\" style=\"display: table-cell;\">3-1 00mm<\/td>\n<td class=\"ninja_column_8 ninja_clmn_nm_angulos_de_dobra_para_cima_para_baixo\" style=\"display: table-cell;\">180\u00b0 &#8211; 180\u00b0<\/td>\n<td class=\"ninja_column_9 ninja_clmn_nm_angulos_de_dobra_esquerda_direita footable-last-visible\" style=\"display: table-cell;\">160\u00b0 &#8211; 160\u00b0<\/td>\n<\/tr>\n<tr class=\"ninja_table_row_4 nt_row_id_251\" data-row_id=\"251\">\n<td class=\"ninja_column_0 ninja_clmn_nm_modelo footable-first-visible\" style=\"display: table-cell;\">EC-550T<\/td>\n<td class=\"ninja_column_1 ninja_clmn_nm_campo_de_visao\" style=\"display: table-cell;\">140\u00b0<\/td>\n<td class=\"ninja_column_2 ninja_clmn_nm_comprimento_de_trabalho\" style=\"display: table-cell;\">1350mm<\/td>\n<td class=\"ninja_column_4 ninja_clmn_nm_diametro_final_distal\" style=\"display: table-cell;\">12.9mm<\/td>\n<td class=\"ninja_column_5 ninja_clmn_nm_diametro_do_tubo_de_insercao\" style=\"display: table-cell;\">12.9mm<\/td>\n<td class=\"ninja_column_6 ninja_clmn_nm_diametro_do_canal_de_instrumentos\" style=\"display: table-cell;\">4.2mm<\/td>\n<td class=\"ninja_column_7 ninja_clmn_nm_faixa_de_observacao\" style=\"display: table-cell;\">3-1 00mm<\/td>\n<td class=\"ninja_column_8 ninja_clmn_nm_angulos_de_dobra_para_cima_para_baixo\" style=\"display: table-cell;\">180\u00b0 &#8211; 180\u00b0<\/td>\n<td class=\"ninja_column_9 ninja_clmn_nm_angulos_de_dobra_esquerda_direita footable-last-visible\" style=\"display: table-cell;\">160\u00b0 &#8211; 160\u00b0<\/td>\n<\/tr>\n<tr class=\"ninja_table_row_5 nt_row_id_252\" data-row_id=\"252\">\n<td class=\"ninja_column_0 ninja_clmn_nm_modelo footable-first-visible\" style=\"display: table-cell;\">EC-550L\/T<\/td>\n<td class=\"ninja_column_1 ninja_clmn_nm_campo_de_visao\" style=\"display: table-cell;\">140\u00b0<\/td>\n<td class=\"ninja_column_2 ninja_clmn_nm_comprimento_de_trabalho\" style=\"display: table-cell;\">1700mm<\/td>\n<td class=\"ninja_column_4 ninja_clmn_nm_diametro_final_distal\" style=\"display: table-cell;\">12.9mm<\/td>\n<td class=\"ninja_column_5 ninja_clmn_nm_diametro_do_tubo_de_insercao\" style=\"display: table-cell;\">12.9mm<\/td>\n<td class=\"ninja_column_6 ninja_clmn_nm_diametro_do_canal_de_instrumentos\" style=\"display: table-cell;\">4.2mm<\/td>\n<td class=\"ninja_column_7 ninja_clmn_nm_faixa_de_observacao\" style=\"display: table-cell;\">3-1 00mm<\/td>\n<td class=\"ninja_column_8 ninja_clmn_nm_angulos_de_dobra_para_cima_para_baixo\" style=\"display: table-cell;\">180\u00b0 &#8211; 180\u00b0<\/td>\n<td class=\"ninja_column_9 ninja_clmn_nm_angulos_de_dobra_esquerda_direita footable-last-visible\" style=\"display: table-cell;\">160\u00b0 &#8211; 160\u00b0<\/td>\n<\/tr>\n<\/tbody>\n<p><!--ninja_tobody_rendering_done--><\/p>\n<tfoot><\/tfoot>\n<\/table>\n","protected":false},"excerpt":{"rendered":"<p>O sistema de endoscopia de v\u00eddeo de alta defini\u00e7\u00e3o centralizado e econ\u00f4mico acaba de ficar melhor. O processador HD-550 da SonoScape evoluiu de muitas maneiras, destacando-se em uma variedade de procedimentos complexos e de rotina.<\/p>\n<p><strong>Mais vers\u00e1til com o novo VIST multimodo (Versatile Intelligent Staining Technology)<\/strong><\/p>\n<p>O multi-modo VIST \u00e9 intercambi\u00e1vel com o toque de um bot\u00e3o, sem qualquer demora que voc\u00ea possa notar.<\/p>\n<p><strong>Uma vis\u00e3o clara com sa\u00edda Full HD<\/strong><\/p>\n<p>Armado com um sensor CMOS de 2 megapixels, o HD-550 oferece suporte \u00e0 resolu\u00e7\u00e3o de 1080p.<\/p>\n<p><strong>Fluxo de trabalho brilhante<\/strong><\/p>\n<p>HD-550 herda a esta\u00e7\u00e3o de trabalho integrada com 500 GB de disco r\u00edgido. Ele permite que voc\u00ea acesse os dados do paciente, capture e registre imagens e v\u00eddeos, crie e edite relat\u00f3rios em um local sem a necessidade de qualquer software extra.<\/p>\n","protected":false},"featured_media":1016,"template":"","meta":[],"product_brand":[],"product_cat":[126],"product_tag":[],"class_list":{"0":"post-1014","1":"product","2":"type-product","3":"status-publish","4":"has-post-thumbnail","6":"product_cat-endoscopia","8":"first","9":"instock","10":"sold-individually","11":"shipping-taxable","12":"product-type-simple","13":"czr-hentry"},"_links":{"self":[{"href":"https:\/\/hp.nutricionalfarma.com.br\/index.php?rest_route=\/wp\/v2\/product\/1014","targetHints":{"allow":["GET"]}}],"collection":[{"href":"https:\/\/hp.nutricionalfarma.com.br\/index.php?rest_route=\/wp\/v2\/product"}],"about":[{"href":"https:\/\/hp.nutricionalfarma.com.br\/index.php?rest_route=\/wp\/v2\/types\/product"}],"wp:featuredmedia":[{"embeddable":true,"href":"https:\/\/hp.nutricionalfarma.com.br\/index.php?rest_route=\/wp\/v2\/media\/1016"}],"wp:attachment":[{"href":"https:\/\/hp.nutricionalfarma.com.br\/index.php?rest_route=%2Fwp%2Fv2%2Fmedia&parent=1014"}],"wp:term":[{"taxonomy":"product_brand","embeddable":true,"href":"https:\/\/hp.nutricionalfarma.com.br\/index.php?rest_route=%2Fwp%2Fv2%2Fproduct_brand&post=1014"},{"taxonomy":"product_cat","embeddable":true,"href":"https:\/\/hp.nutricionalfarma.com.br\/index.php?rest_route=%2Fwp%2Fv2%2Fproduct_cat&post=1014"},{"taxonomy":"product_tag","embeddable":true,"href":"https:\/\/hp.nutricionalfarma.com.br\/index.php?rest_route=%2Fwp%2Fv2%2Fproduct_tag&post=1014"}],"curies":[{"name":"wp","href":"https:\/\/api.w.org\/{rel}","templated":true}]}}