{"id":101,"date":"2023-03-11T00:40:15","date_gmt":"2023-03-11T00:40:15","guid":{"rendered":"https:\/\/hp.nutricionalfarma.com.br\/?product=proteinpt-whey-15-g"},"modified":"2023-03-30T17:36:58","modified_gmt":"2023-03-30T17:36:58","slug":"proteinpt-whey-15-g","status":"publish","type":"product","link":"https:\/\/hp.nutricionalfarma.com.br\/?product=proteinpt-whey-15-g","title":{"rendered":"ProteinPT Whey &#8211; 15 g"},"content":{"rendered":"<p><\/p>\n<div>\n<p>ProteinPT\u00ae Whey \u00e9 ideal para incluir mais prote\u00ednas no seu dia a dia e auxiliar na forma\u00e7\u00e3o dos m\u00fasculos e ossos. \u00c9 f\u00e1cil incluir ProteinPT\u00ae Whey na sua rotina, pois n\u00e3o altera o sabor dos alimentos. Pode ser adicionado a sucos, sopas, iogurtes e outros alimentos de sua prefer\u00eancia.<\/p>\n<h2>INDICA\u00c7\u00c3O<\/h2>\n<p>Necessidade elevada de prote\u00edna.<\/p>\n<p><a class=\"bt\" href=\"https:\/\/prodiet.pertinhodemim.com\/produto\/789892227290\" target=\"_blank\" rel=\"noopener\">Onde Encontrar<\/a><\/p>\n<\/p><\/div>\n<p><script type=\"text\/javascript\">\n!function(f,b,e,v,n,t,s){if(f.fbq)return;n=f.fbq=function(){n.callMethod?\nn.callMethod.apply(n,arguments):n.queue.push(arguments)};if(!f._fbq)f._fbq=n;\nn.push=n;n.loaded=!0;n.version='2.0';n.queue=[];t=b.createElement(e);t.async=!0;\nt.src=v;s=b.getElementsByTagName(e)[0];s.parentNode.insertBefore(t,s)}(window,\ndocument,'script','https:\/\/connect.facebook.net\/en_US\/fbevents.js');\n<\/script><script>\n\t\t!function(f,b,e,v,n,t,s){if(f.fbq)return;n=f.fbq=function(){n.callMethod?\n\t\tn.callMethod.apply(n,arguments):n.queue.push(arguments)};if(!f._fbq)f._fbq=n;\n\t\tn.push=n;n.loaded=!0;n.version='2.0';n.queue=[];t=b.createElement(e);t.async=!0;\n\t\tt.src=v;s=b.getElementsByTagName(e)[0];s.parentNode.insertBefore(t,s)}(window,\n\t\tdocument,'script','\/\/connect.facebook.net\/en_US\/fbevents.js');<\/p>\n<p>\t\tfbq('init', '1646710888920897');\n\t\tfbq('track', \"PageView\");\n\t<\/script><script>\n\t(function(d, s, id) {\n\t\tvar js, fjs = d.getElementsByTagName(s)[0];\n\t\tif (d.getElementById(id)) return;\n\t\tjs = d.createElement(s); js.id = id;\n\t\tjs.src = \"\/\/connect.facebook.net\/en_US\/sdk.js#xfbml=1&version=v2.4\";\n\t\tfjs.parentNode.insertBefore(js, fjs);\n\t}(document, 'script', 'facebook-jssdk'));\n<\/script><\/p>\n","protected":false},"excerpt":{"rendered":"<p>ProteinPT\u00ae Whey \u00e9 ideal para incluir mais prote\u00ednas no seu dia a dia e auxiliar na forma\u00e7\u00e3o dos m\u00fasculos e ossos. \u00c9 f\u00e1cil incluir ProteinPT\u00ae Whey na sua rotina, pois n\u00e3o altera o sabor dos alimentos. Pode ser adicionado a sucos, sopas, iogurtes e outros alimentos de sua prefer\u00eancia. INDICA\u00c7\u00c3O Necessidade elevada de prote\u00edna. Onde [&hellip;]<\/p>\n","protected":false},"featured_media":102,"template":"","meta":[],"product_brand":[],"product_cat":[16],"product_tag":[],"class_list":{"0":"post-101","1":"product","2":"type-product","3":"status-publish","4":"has-post-thumbnail","6":"product_cat-nutricao","8":"first","9":"instock","10":"sold-individually","11":"shipping-taxable","12":"purchasable","13":"product-type-simple","14":"czr-hentry"},"_links":{"self":[{"href":"https:\/\/hp.nutricionalfarma.com.br\/index.php?rest_route=\/wp\/v2\/product\/101","targetHints":{"allow":["GET"]}}],"collection":[{"href":"https:\/\/hp.nutricionalfarma.com.br\/index.php?rest_route=\/wp\/v2\/product"}],"about":[{"href":"https:\/\/hp.nutricionalfarma.com.br\/index.php?rest_route=\/wp\/v2\/types\/product"}],"wp:featuredmedia":[{"embeddable":true,"href":"https:\/\/hp.nutricionalfarma.com.br\/index.php?rest_route=\/wp\/v2\/media\/102"}],"wp:attachment":[{"href":"https:\/\/hp.nutricionalfarma.com.br\/index.php?rest_route=%2Fwp%2Fv2%2Fmedia&parent=101"}],"wp:term":[{"taxonomy":"product_brand","embeddable":true,"href":"https:\/\/hp.nutricionalfarma.com.br\/index.php?rest_route=%2Fwp%2Fv2%2Fproduct_brand&post=101"},{"taxonomy":"product_cat","embeddable":true,"href":"https:\/\/hp.nutricionalfarma.com.br\/index.php?rest_route=%2Fwp%2Fv2%2Fproduct_cat&post=101"},{"taxonomy":"product_tag","embeddable":true,"href":"https:\/\/hp.nutricionalfarma.com.br\/index.php?rest_route=%2Fwp%2Fv2%2Fproduct_tag&post=101"}],"curies":[{"name":"wp","href":"https:\/\/api.w.org\/{rel}","templated":true}]}}