{"id":1001,"date":"2024-06-26T21:05:16","date_gmt":"2024-06-26T21:05:16","guid":{"rendered":"https:\/\/hp.nutricionalfarma.com.br\/?post_type=product&#038;p=1001"},"modified":"2024-06-26T21:10:07","modified_gmt":"2024-06-26T21:10:07","slug":"easycollect-alca-de-retirada-de-corpo-estranho","status":"publish","type":"product","link":"https:\/\/hp.nutricionalfarma.com.br\/?product=easycollect-alca-de-retirada-de-corpo-estranho","title":{"rendered":"Easycollect\u00ae \u2013 Al\u00e7a de Retirada de Corpo Estranho"},"content":{"rendered":"<div class=\"elementor-element elementor-element-8dba6d5 elementor-widget elementor-widget-heading\" data-id=\"8dba6d5\" data-element_type=\"widget\" data-widget_type=\"heading.default\">\n<div class=\"elementor-widget-container\">\n<h2 class=\"elementor-heading-title elementor-size-default\" style=\"text-align: center;\">Especifica\u00e7\u00f5es<\/h2>\n<\/div>\n<\/div>\n<div class=\"elementor-element elementor-element-9099545 elementor-widget-divider--view-line elementor-widget elementor-widget-divider\" data-id=\"9099545\" data-element_type=\"widget\" data-widget_type=\"divider.default\">\n<div class=\"elementor-widget-container\">\n<div class=\"elementor-divider\"><\/div>\n<\/div>\n<\/div>\n<div class=\"elementor-element elementor-element-c032407 elementor-widget elementor-widget-shortcode\" data-id=\"c032407\" data-element_type=\"widget\" data-widget_type=\"shortcode.default\">\n<div class=\"elementor-widget-container\">\n<div class=\"elementor-shortcode\">\n<div id=\"footable_parent_3111\" class=\"footable_parent ninja_table_wrapper wp_table_data_press_parent semantic_ui colored_table\">\n<table id=\"footable_3111\" class=\"foo-table ninja_footable foo_table_3111 ninja_table_unique_id_1839193987_3111 ui table nt_type_legacy_table selectable celled vertical_centered ninja_custom_color inverted footable-paging-right ninja_table_search_disabled ninja_table_pro footable footable-1 footable-paging breakpoint-lg\" data-ninja_table_instance=\"ninja_table_instance_0\" data-footable_id=\"3111\" data-filter-delay=\"1000\" aria-label=\"Easycollect\u00ae \u2013 Al\u00e7a de Retirada de Corpo Estranho\" data-unique_identifier=\"ninja_table_unique_id_1839193987_3111\">\n<colgroup>\n<col class=\"ninja_column_0 \" \/>\n<col class=\"ninja_column_1 \" \/>\n<col class=\"ninja_column_2 \" \/>\n<col class=\"ninja_column_3 \" \/>\n<col class=\"ninja_column_4 \" \/>\n<col class=\"ninja_column_5 \" \/>\n<col class=\"ninja_column_6 \" \/>\n<col class=\"ninja_column_7 \" \/><\/colgroup>\n<thead>\n<tr class=\"footable-header\">\n<th class=\"ninja_column_0 ninja_clmn_nm_referencia footable-first-visible\" scope=\"col\">REFER\u00caNCIA<\/th>\n<th class=\"ninja_column_1 ninja_clmn_nm_comprimento\" scope=\"col\">COMPRIMENTO<\/th>\n<th class=\"ninja_column_2 ninja_clmn_nm_diametro\" scope=\"col\">DIA\u0302METRO<\/th>\n<th class=\"ninja_column_3 ninja_clmn_nm_comprimento_da_alca\" scope=\"col\">COMPRIMENTO DA ALC\u0327A<\/th>\n<th class=\"ninja_column_4 ninja_clmn_nm_abertura_da_alca\" scope=\"col\">ABERTURA DA ALC\u0327A<\/th>\n<th class=\"ninja_column_5 ninja_clmn_nm_descricao\" scope=\"col\">DESCRIC\u0327A\u0303O<\/th>\n<th class=\"ninja_column_6 ninja_clmn_nm_imagem\" scope=\"col\">IMAGEM<\/th>\n<th class=\"ninja_column_7 ninja_clmn_nm_imagem_2 footable-last-visible\" scope=\"col\">IMAGEM<\/th>\n<\/tr>\n<\/thead>\n<tbody>\n<tr class=\"ninja_table_row_0 nt_row_id_214\" data-row_id=\"214\">\n<td class=\"ninja_column_0 ninja_clmn_nm_referencia footable-first-visible\">NE1522-G35<\/td>\n<td class=\"ninja_column_1 ninja_clmn_nm_comprimento\">230 cm<\/td>\n<td class=\"ninja_column_2 ninja_clmn_nm_diametro\">2.3 mm<\/td>\n<td class=\"ninja_column_3 ninja_clmn_nm_comprimento_da_alca\">50 mm<\/td>\n<td class=\"ninja_column_4 ninja_clmn_nm_abertura_da_alca\">35 mm<\/td>\n<td class=\"ninja_column_5 ninja_clmn_nm_descricao\">Easycollect \/ Oval<\/td>\n<td class=\"ninja_column_6 ninja_clmn_nm_imagem\" data-json_values=\"{&quot;permalink&quot;:&quot;&quot;,&quot;image_thumb&quot;:&quot;https:\\\/\\\/gfedobrasil.com.br\\\/wp-content\\\/uploads\\\/2022\\\/10\\\/Captura-de-Tela-2018-05-17-a\\u0300s-16.06.06.png&quot;,&quot;image_full&quot;:&quot;https:\\\/\\\/gfedobrasil.com.br\\\/wp-content\\\/uploads\\\/2022\\\/10\\\/Captura-de-Tela-2018-05-17-a\\u0300s-16.06.06.png&quot;,&quot;alt_text&quot;:&quot;Captura-de-Tela-2018-05-17-a\\u0300s-16.06.06&quot;}\"><img decoding=\"async\" class=\"alignnone size-full wp-image-973 aligncenter\" src=\"https:\/\/hp.nutricionalfarma.com.br\/wp-content\/uploads\/2024\/06\/Captura-de-Tela-2018-05-17-as-09.59.41-1.png\" alt=\"\" width=\"44\" height=\"41\" \/><\/td>\n<td class=\"ninja_column_7 ninja_clmn_nm_imagem_2 footable-last-visible\" data-json_values=\"{&quot;permalink&quot;:&quot;&quot;,&quot;image_thumb&quot;:&quot;https:\\\/\\\/gfedobrasil.com.br\\\/wp-content\\\/uploads\\\/2022\\\/10\\\/Captura-de-Tela-2018-06-14-a\\u0300s-22.27.07.png&quot;,&quot;image_full&quot;:&quot;https:\\\/\\\/gfedobrasil.com.br\\\/wp-content\\\/uploads\\\/2022\\\/10\\\/Captura-de-Tela-2018-06-14-a\\u0300s-22.27.07.png&quot;,&quot;alt_text&quot;:&quot;Captura-de-Tela-2018-06-14-a\\u0300s-22.27.07&quot;}\"><img decoding=\"async\" class=\"alignnone size-full wp-image-974\" src=\"https:\/\/hp.nutricionalfarma.com.br\/wp-content\/uploads\/2024\/06\/Captura-de-Tela-2018-06-14-as-22.27.07.png\" alt=\"\" width=\"64\" height=\"67\" \/><\/td>\n<\/tr>\n<\/tbody>\n<\/table>\n<\/div>\n<\/div>\n<\/div>\n<\/div>\n","protected":false},"excerpt":{"rendered":"<p><strong>Easycollect\u00ae<\/strong><\/p>\n<p>A Easycollect\u00ae \u00e9 uma al\u00e7a para retirada de p\u00f3lipos e corpos estranhos desenvolvida pela Endo-Flex\u00a9 como uma tecnologia \u00fanica. Ela \u00e9 rotat\u00f3ria e de rede de pl\u00e1stico.<\/p>\n<p>&nbsp;<\/p>\n","protected":false},"featured_media":1002,"template":"","meta":[],"product_brand":[],"product_cat":[126],"product_tag":[],"class_list":{"0":"post-1001","1":"product","2":"type-product","3":"status-publish","4":"has-post-thumbnail","6":"product_cat-endoscopia","8":"first","9":"instock","10":"sold-individually","11":"shipping-taxable","12":"product-type-simple","13":"czr-hentry"},"_links":{"self":[{"href":"https:\/\/hp.nutricionalfarma.com.br\/index.php?rest_route=\/wp\/v2\/product\/1001","targetHints":{"allow":["GET"]}}],"collection":[{"href":"https:\/\/hp.nutricionalfarma.com.br\/index.php?rest_route=\/wp\/v2\/product"}],"about":[{"href":"https:\/\/hp.nutricionalfarma.com.br\/index.php?rest_route=\/wp\/v2\/types\/product"}],"wp:featuredmedia":[{"embeddable":true,"href":"https:\/\/hp.nutricionalfarma.com.br\/index.php?rest_route=\/wp\/v2\/media\/1002"}],"wp:attachment":[{"href":"https:\/\/hp.nutricionalfarma.com.br\/index.php?rest_route=%2Fwp%2Fv2%2Fmedia&parent=1001"}],"wp:term":[{"taxonomy":"product_brand","embeddable":true,"href":"https:\/\/hp.nutricionalfarma.com.br\/index.php?rest_route=%2Fwp%2Fv2%2Fproduct_brand&post=1001"},{"taxonomy":"product_cat","embeddable":true,"href":"https:\/\/hp.nutricionalfarma.com.br\/index.php?rest_route=%2Fwp%2Fv2%2Fproduct_cat&post=1001"},{"taxonomy":"product_tag","embeddable":true,"href":"https:\/\/hp.nutricionalfarma.com.br\/index.php?rest_route=%2Fwp%2Fv2%2Fproduct_tag&post=1001"}],"curies":[{"name":"wp","href":"https:\/\/api.w.org\/{rel}","templated":true}]}}